{"id":3404,"date":"2018-10-05T06:31:25","date_gmt":"2018-10-05T06:31:25","guid":{"rendered":"http:\/\/demo.roadthemes.com\/sneaker\/checkout\/"},"modified":"2021-03-20T18:03:06","modified_gmt":"2021-03-20T18:03:06","slug":"checkout-2","status":"publish","type":"page","link":"https:\/\/kazal.pl\/sklep\/checkout-2\/","title":{"rendered":"Z\u0142\u00f3\u017c zam\u00f3wienie"},"content":{"rendered":"<div class=\"woocommerce\"><\/div>\n","protected":false},"excerpt":{"rendered":"","protected":false},"author":1,"featured_media":0,"parent":0,"menu_order":0,"comment_status":"closed","ping_status":"closed","template":"","meta":{"footnotes":""},"class_list":["post-3404","page","type-page","status-publish","hentry"],"_links":{"self":[{"href":"https:\/\/kazal.pl\/sklep\/wp-json\/wp\/v2\/pages\/3404","targetHints":{"allow":["GET"]}}],"collection":[{"href":"https:\/\/kazal.pl\/sklep\/wp-json\/wp\/v2\/pages"}],"about":[{"href":"https:\/\/kazal.pl\/sklep\/wp-json\/wp\/v2\/types\/page"}],"author":[{"embeddable":true,"href":"https:\/\/kazal.pl\/sklep\/wp-json\/wp\/v2\/users\/1"}],"replies":[{"embeddable":true,"href":"https:\/\/kazal.pl\/sklep\/wp-json\/wp\/v2\/comments?post=3404"}],"version-history":[{"count":2,"href":"https:\/\/kazal.pl\/sklep\/wp-json\/wp\/v2\/pages\/3404\/revisions"}],"predecessor-version":[{"id":4046,"href":"https:\/\/kazal.pl\/sklep\/wp-json\/wp\/v2\/pages\/3404\/revisions\/4046"}],"wp:attachment":[{"href":"https:\/\/kazal.pl\/sklep\/wp-json\/wp\/v2\/media?parent=3404"}],"curies":[{"name":"wp","href":"https:\/\/api.w.org\/{rel}","templated":true}]}}