{"id":3802,"date":"2021-02-17T20:17:24","date_gmt":"2021-02-17T20:17:24","guid":{"rendered":"https:\/\/kazal.pl\/sklep\/?post_type=product&#038;p=3802"},"modified":"2022-01-04T13:43:22","modified_gmt":"2022-01-04T13:43:22","slug":"mesto-opryskiwacz-kompresyjny-przemyslowy-5l-ph-5-9-me3275pe","status":"publish","type":"product","link":"https:\/\/kazal.pl\/sklep\/product\/mesto-opryskiwacz-kompresyjny-przemyslowy-5l-ph-5-9-me3275pe\/","title":{"rendered":"MESTO Opryskiwacz kompresyjny przemys\u0142owy 5L pH 7-14 [ME3275PE]"},"content":{"rendered":"<div class=\"tab-header\"><span style=\"font-size: 18px;\"><strong>Opis produktu:<\/strong><\/span><\/div>\n<div><\/div>\n<div class=\"desc-text\">\n<blockquote><p><strong>Opryskiwacz przemys\u0142owy do dezynfekcji. Odporny na roztw\u00f3r alkoholu i ciecze na bazie acetonu.<\/strong><br \/>\n&#8211; pojemno\u015b\u0107 ca\u0142kowita 8 L<br \/>\n&#8211; pojemno\u015b\u0107 wype\u0142nienia 5 L<br \/>\n&#8211; zbiornik wykonany z tworzywa sztucznego<br \/>\n&#8211; ci\u015bnienie robocze 3 bar<br \/>\n&#8211; uszczelki EPDM<br \/>\n&#8211; pH 7-14<\/p>\n<p><strong>&#8211; nadaje si\u0119 do dezynfekcji<\/strong><\/p><\/blockquote>\n<\/div>\n<p><strong>Zastosowania<\/strong> &#8211; dezynfekcja alkoholem, ochrona przed korozj\u0105, impregnacja powierzchni.<\/p>\n","protected":false},"excerpt":{"rendered":"<p>Opryskiwacz przemys\u0142owy do <strong>dezynfekcji<\/strong>. Odporny na <strong>roztw\u00f3r alkoholu<\/strong> i <strong>ciecze na bazie acetonu<\/strong>.<\/p>\n","protected":false},"featured_media":4073,"comment_status":"open","ping_status":"closed","template":"","meta":[],"product_cat":[148,179,135,134],"product_tag":[132,305,133,306,304,303],"class_list":{"0":"post-3802","1":"product","2":"type-product","3":"status-publish","4":"has-post-thumbnail","6":"product_cat-mesto","7":"product_cat-przemyslowe","8":"product_cat-opryskiwacze","9":"product_cat-opryskiwacze-mesto","10":"product_tag-mesto","11":"product_tag-mesto-opryskiwacze-poznan","12":"product_tag-opryskiwacze","13":"product_tag-opryskiwacze-mesto","14":"product_tag-opryskiwacze-mesto-poznan","15":"product_tag-opryskiwacze-poznan","16":"product_shipping_class-wysylka-inpost","18":"first","19":"onbackorder","20":"featured","21":"taxable","22":"shipping-taxable","23":"purchasable","24":"product-type-simple"},"_links":{"self":[{"href":"https:\/\/kazal.pl\/sklep\/wp-json\/wp\/v2\/product\/3802","targetHints":{"allow":["GET"]}}],"collection":[{"href":"https:\/\/kazal.pl\/sklep\/wp-json\/wp\/v2\/product"}],"about":[{"href":"https:\/\/kazal.pl\/sklep\/wp-json\/wp\/v2\/types\/product"}],"replies":[{"embeddable":true,"href":"https:\/\/kazal.pl\/sklep\/wp-json\/wp\/v2\/comments?post=3802"}],"wp:featuredmedia":[{"embeddable":true,"href":"https:\/\/kazal.pl\/sklep\/wp-json\/wp\/v2\/media\/4073"}],"wp:attachment":[{"href":"https:\/\/kazal.pl\/sklep\/wp-json\/wp\/v2\/media?parent=3802"}],"wp:term":[{"taxonomy":"product_cat","embeddable":true,"href":"https:\/\/kazal.pl\/sklep\/wp-json\/wp\/v2\/product_cat?post=3802"},{"taxonomy":"product_tag","embeddable":true,"href":"https:\/\/kazal.pl\/sklep\/wp-json\/wp\/v2\/product_tag?post=3802"}],"curies":[{"name":"wp","href":"https:\/\/api.w.org\/{rel}","templated":true}]}}