{"id":3992,"date":"2021-03-15T17:43:05","date_gmt":"2021-03-15T17:43:05","guid":{"rendered":"https:\/\/kazal.pl\/sklep\/?post_type=product&#038;p=3992"},"modified":"2022-01-04T13:41:44","modified_gmt":"2022-01-04T13:41:44","slug":"mesto-opryskiwacz-do-dezynfekcji-18l-rs-185-plecakowy-6-bar-3558me","status":"publish","type":"product","link":"https:\/\/kazal.pl\/sklep\/product\/mesto-opryskiwacz-do-dezynfekcji-18l-rs-185-plecakowy-6-bar-3558me\/","title":{"rendered":"MESTO Opryskiwacz do dezynfekcji 18L RS 185, plecakowy, 6 bar  [3558ME]"},"content":{"rendered":"<blockquote><p>Profesjonalny<strong> opryskiwacz firmy MESTO\u00a0w wersji plecakowej do dezynfekcji alkoholem i czyszczenia pH7-14<\/strong>. Wyposa\u017cony w plastikow\u0105 pomp\u0119 i uszczelki EPDM<\/p>\n<p>&#8211; ca\u0142kowita pojemno\u015b\u0107: 20 l,<br \/>\n&#8211; pojemno\u015b\u0107 zawarto\u015bci: 18 l,<br \/>\n&#8211; ci\u015bnienie robocze: 6 bar<br \/>\n&#8211; dysza plastikowa PVDF, p\u0142aska 90-02<br \/>\n&#8211; ergonomiczny uchwyt pompy umo\u017cliwiaj\u0105cy pompowanie bez zdj\u0119cia spryskiwacza z plec\u00f3w. Dla prawo- i lewo-r\u0119cznych,<br \/>\n&#8211; lanca opryskowa plastikowa 50 cm, obrotowa 360\u00b0, mo\u017cliwo\u015b\u0107 przed\u0142u\u017cenia, ergonomiczny uchwyt z du\u017cym spustem oraz manometrem na r\u0119koje\u015bci,<br \/>\n&#8211; w\u0105\u017c 2,0 m,<br \/>\n&#8211; profesjonalna pompa<br \/>\n&#8211; \u0142atwe nape\u0142nianie przez du\u017cy otw\u00f3r wlewowy,<br \/>\n&#8211; szeroka podstawa zapewnia stabilno\u015b\u0107,<br \/>\n&#8211; uprz\u0105\u017c plecakowa z pe\u0142n\u0105 regulacj\u0105 d\u0142ugo\u015bci pas\u00f3w dla wygody pracy<br \/>\n&#8211; zbiornik: z tworzywa.<\/p><\/blockquote>\n<p><iframe loading=\"lazy\" src=\"\/\/www.youtube.com\/embed\/8Sh54PFEwJI\" width=\"560\" height=\"314\" allowfullscreen=\"allowfullscreen\"><\/iframe><\/p>\n","protected":false},"excerpt":{"rendered":"<p>Profesjonalny<strong>\u00a0opryskiwacz\u00a0<\/strong>Mesto<strong>\u00a0w wersji plecakowej do dezynfekcji alkoholem i czyszczenia pH7-14<\/strong>. Wyposa\u017cony w plastikow\u0105 pomp\u0119 i uszczelki EPDM.<\/p>\n","protected":false},"featured_media":3993,"comment_status":"open","ping_status":"closed","template":"","meta":[],"product_cat":[148,181,135,134],"product_tag":[132,305,133,306,304,303],"class_list":{"0":"post-3992","1":"product","2":"type-product","3":"status-publish","4":"has-post-thumbnail","6":"product_cat-mesto","7":"product_cat-ogrodowe","8":"product_cat-opryskiwacze","9":"product_cat-opryskiwacze-mesto","10":"product_tag-mesto","11":"product_tag-mesto-opryskiwacze-poznan","12":"product_tag-opryskiwacze","13":"product_tag-opryskiwacze-mesto","14":"product_tag-opryskiwacze-mesto-poznan","15":"product_tag-opryskiwacze-poznan","17":"first","18":"onbackorder","19":"taxable","20":"shipping-taxable","21":"purchasable","22":"product-type-simple"},"_links":{"self":[{"href":"https:\/\/kazal.pl\/sklep\/wp-json\/wp\/v2\/product\/3992","targetHints":{"allow":["GET"]}}],"collection":[{"href":"https:\/\/kazal.pl\/sklep\/wp-json\/wp\/v2\/product"}],"about":[{"href":"https:\/\/kazal.pl\/sklep\/wp-json\/wp\/v2\/types\/product"}],"replies":[{"embeddable":true,"href":"https:\/\/kazal.pl\/sklep\/wp-json\/wp\/v2\/comments?post=3992"}],"wp:featuredmedia":[{"embeddable":true,"href":"https:\/\/kazal.pl\/sklep\/wp-json\/wp\/v2\/media\/3993"}],"wp:attachment":[{"href":"https:\/\/kazal.pl\/sklep\/wp-json\/wp\/v2\/media?parent=3992"}],"wp:term":[{"taxonomy":"product_cat","embeddable":true,"href":"https:\/\/kazal.pl\/sklep\/wp-json\/wp\/v2\/product_cat?post=3992"},{"taxonomy":"product_tag","embeddable":true,"href":"https:\/\/kazal.pl\/sklep\/wp-json\/wp\/v2\/product_tag?post=3992"}],"curies":[{"name":"wp","href":"https:\/\/api.w.org\/{rel}","templated":true}]}}