{"id":4001,"date":"2021-03-15T18:57:07","date_gmt":"2021-03-15T18:57:07","guid":{"rendered":"https:\/\/kazal.pl\/sklep\/?post_type=product&#038;p=4001"},"modified":"2022-01-04T13:41:15","modified_gmt":"2022-01-04T13:41:15","slug":"mesto-opryskiwacz-budowlany-olejoodporny-ferrox-plus-6l-6-bar-z-zaworem-me3565f","status":"publish","type":"product","link":"https:\/\/kazal.pl\/sklep\/product\/mesto-opryskiwacz-budowlany-olejoodporny-ferrox-plus-6l-6-bar-z-zaworem-me3565f\/","title":{"rendered":"MESTO Opryskiwacz budowlany olejoodporny Ferrox Plus 6L, 6 bar, z zaworem [ME3565F]"},"content":{"rendered":"<blockquote>\n<h3><b>Olejoodporny do szalunk\u00f3w i konserwacji!<\/b><\/h3>\n<p><b>wersja z zaworem do pod\u0142\u0105czenia spr\u0119\u017carki.<\/b><\/p><\/blockquote>\n<p>&nbsp;<\/p>\n<p>Zbiornik stalowy, pokryty poliestrem. Uszczelki FPM (Viton\u00ae) odporne na: wysokie temperatury, oleje, smary mineralne, paliwa, kwasy, siarczany, amoniak, chlorki, \u0142ugi, w\u0119glowodory aromatyczne (w odpowiednich st\u0119\u017ceniach), ozon, warunki atmosferyczne.<\/p>\n<ul>\n<li>ca\u0142kowita pojemno\u015b\u0107: 9L<\/li>\n<li>pojemno\u015b\u0107 zawarto\u015bci: 6L<\/li>\n<li>ci\u015bnienie robocze: 6 bar<\/li>\n<li>specjalna p\u0142aska dysza mosi\u0119\u017cna z filtrem,<\/li>\n<li>lanca opryskowa mosi\u0119\u017cna 50 cm, obrotowa 360\u00b0, mo\u017cliwo\u015b\u0107 przed\u0142u\u017cenia,<\/li>\n<li>w\u0105\u017c spiralny 2,5 m z blokada zabezpieczaj\u0105c\u0105\u00a0 ,<\/li>\n<li>pokrywa lejka,<\/li>\n<li>profesjonalna pompa ze stalowym t\u0142okiem i ergonomicznym uchwytem,<\/li>\n<li>nowy ergonomiczny zaw\u00f3r bezpiecze\u0144stwa,<\/li>\n<li>mo\u017cliwo\u015b\u0107 noszenia na boku na pasku no\u015bnym,<\/li>\n<li>wziernik kontrolny nape\u0142nienia (na lancy),<\/li>\n<li>\u0142atwe nape\u0142nianie przez du\u017cy otw\u00f3r wlewowy,<\/li>\n<li>szeroka podstawa zapewnia stabilno\u015b\u0107.<\/li>\n<\/ul>\n","protected":false},"excerpt":{"rendered":"<h5><b>Olejoodporny do szalunk\u00f3w i konserwacji!<\/b><\/h5>\n<h5><b>wersja z zaworem do pod\u0142\u0105czenia spr\u0119\u017carki.<\/b><\/h5>\n<p>&nbsp;<\/p>\n<p>Zbiornik stalowy, pokryty poliestrem. Uszczelki FPM (Viton\u00ae) odporne na: wysokie temperatury, oleje, smary mineralne, paliwa, kwasy, siarczany, amoniak, chlorki, \u0142ugi, w\u0119glowodory aromatyczne (w odpowiednich st\u0119\u017ceniach), ozon, warunki atmosferyczne.<\/p>\n","protected":false},"featured_media":4003,"comment_status":"open","ping_status":"closed","template":"","meta":[],"product_cat":[182,148,135,134],"product_tag":[132,305,133,306,304,303],"class_list":{"0":"post-4001","1":"product","2":"type-product","3":"status-publish","4":"has-post-thumbnail","6":"product_cat-budowlane","7":"product_cat-mesto","8":"product_cat-opryskiwacze","9":"product_cat-opryskiwacze-mesto","10":"product_tag-mesto","11":"product_tag-mesto-opryskiwacze-poznan","12":"product_tag-opryskiwacze","13":"product_tag-opryskiwacze-mesto","14":"product_tag-opryskiwacze-mesto-poznan","15":"product_tag-opryskiwacze-poznan","17":"first","18":"onbackorder","19":"taxable","20":"shipping-taxable","21":"purchasable","22":"product-type-simple"},"_links":{"self":[{"href":"https:\/\/kazal.pl\/sklep\/wp-json\/wp\/v2\/product\/4001","targetHints":{"allow":["GET"]}}],"collection":[{"href":"https:\/\/kazal.pl\/sklep\/wp-json\/wp\/v2\/product"}],"about":[{"href":"https:\/\/kazal.pl\/sklep\/wp-json\/wp\/v2\/types\/product"}],"replies":[{"embeddable":true,"href":"https:\/\/kazal.pl\/sklep\/wp-json\/wp\/v2\/comments?post=4001"}],"wp:featuredmedia":[{"embeddable":true,"href":"https:\/\/kazal.pl\/sklep\/wp-json\/wp\/v2\/media\/4003"}],"wp:attachment":[{"href":"https:\/\/kazal.pl\/sklep\/wp-json\/wp\/v2\/media?parent=4001"}],"wp:term":[{"taxonomy":"product_cat","embeddable":true,"href":"https:\/\/kazal.pl\/sklep\/wp-json\/wp\/v2\/product_cat?post=4001"},{"taxonomy":"product_tag","embeddable":true,"href":"https:\/\/kazal.pl\/sklep\/wp-json\/wp\/v2\/product_tag?post=4001"}],"curies":[{"name":"wp","href":"https:\/\/api.w.org\/{rel}","templated":true}]}}