{"id":4101,"date":"2021-04-01T21:51:18","date_gmt":"2021-04-01T21:51:18","guid":{"rendered":"https:\/\/kazal.pl\/sklep\/?post_type=product&#038;p=4101"},"modified":"2023-10-11T12:07:24","modified_gmt":"2023-10-11T12:07:24","slug":"mesto-hydronetka-10l-do-wiertnic-i-przecinarek-zbiornik-pompa-me3270w","status":"publish","type":"product","link":"https:\/\/kazal.pl\/sklep\/product\/mesto-hydronetka-10l-do-wiertnic-i-przecinarek-zbiornik-pompa-me3270w\/","title":{"rendered":"MESTO Hydronetka 10L, do wiertnic i przecinarek (zbiornik, pompa) [3270W]"},"content":{"rendered":"<p><b>Hydronetka Profi 3270W<\/b> jest profesjonalnym opryskiwaczem wykonanym z odpornych i trwa\u0142ych materia\u0142\u00f3w. Zbiornik\u00a0 o pojemno\u015bci 10 litr\u00f3w. Urz\u0105dzenie jest gotowe do wsp\u00f3\u0142pracy z wiertnicami i przecinarkami. Hydronetka Profi wyposa\u017cona jest w z\u0142\u0105cze wtykowe 1\/2 cala z odci\u0119ciem wody. Produkt firmy Mesto spe\u0142nia najwy\u017csze wymagania bezpiecze\u0144stwa.<\/p>\n<p><b>Dane techniczne:<\/b><\/p>\n<ul>\n<li>Pojemno\u015b\u0107 ca\u0142kowita 12,5 l<\/li>\n<li>Pojemno\u015b\u0107 wype\u0142nienia 10 l<\/li>\n<li>Ci\u015bnienie robocze 3 bar<\/li>\n<li>D\u0142ugo\u015b\u0107 w\u0119\u017ca 4 m<\/li>\n<li>D\u0142ugo\u015b\u0107 lancy 0,5 m<\/li>\n<li>Typ uszczelnie\u0144 NBR<\/li>\n<li>Waga 3 kg<\/li>\n<\/ul>\n<p><b>Charakterystyka :<\/b><\/p>\n<ul>\n<li>Hydronetka Profi posiada przezroczysty w\u0105\u017c 4 m<\/li>\n<li>Szeroka podstawa zbiornika zapewnia stabilno\u015b\u0107<\/li>\n<li>Urz\u0105dzenie wyposa\u017cony jest w zaw\u00f3r bezpiecze\u0144stwa<\/li>\n<li>Uszczelki NBR odporne na oleje, smary mineralne, warunki atmosferyczne<\/li>\n<li>Zintegrowany filtr zanieczyszcze\u0144<\/li>\n<\/ul>\n<p><b>Zastosowanie :<\/b><\/p>\n<ul>\n<li>do pi\u0142 spalinowych tarczowych<\/li>\n<li>do wiertnic diamentowych<\/li>\n<li>wsz\u0119dzie tam gdzie potrzebna jest woda jako ch\u0142odziwo<\/li>\n<\/ul>\n","protected":false},"excerpt":{"rendered":"<p><b>Hydronetka Profi 3270W<\/b> jest profesjonalnym opryskiwaczem wykonanym z odpornych i trwa\u0142ych materia\u0142\u00f3w. Zbiornik\u00a0 o pojemno\u015bci 10 litr\u00f3w. Urz\u0105dzenie jest gotowe do wsp\u00f3\u0142pracy z wiertnicami i przecinarkami. #HydronetkiPozna\u0144 Hydronetki Pozna\u0144<\/p>\n","protected":false},"featured_media":4102,"comment_status":"open","ping_status":"closed","template":"","meta":[],"product_cat":[180,148,134],"product_tag":[724,727,200,726,328,132,725,305,133,306,304,303],"class_list":{"0":"post-4101","1":"product","2":"type-product","3":"status-publish","4":"has-post-thumbnail","6":"product_cat-hydronetki","7":"product_cat-mesto","8":"product_cat-opryskiwacze-mesto","9":"product_tag-3270w","10":"product_tag-hydronetka-zbiornik-pompa","11":"product_tag-hydronetki","12":"product_tag-hydronetki-mesto","13":"product_tag-hydronetki-poznan","14":"product_tag-mesto","15":"product_tag-mesto-3270w","16":"product_tag-mesto-opryskiwacze-poznan","17":"product_tag-opryskiwacze","18":"product_tag-opryskiwacze-mesto","19":"product_tag-opryskiwacze-mesto-poznan","20":"product_tag-opryskiwacze-poznan","21":"product_shipping_class-wysylka-inpost","23":"first","24":"instock","25":"featured","26":"taxable","27":"shipping-taxable","28":"purchasable","29":"product-type-simple"},"_links":{"self":[{"href":"https:\/\/kazal.pl\/sklep\/wp-json\/wp\/v2\/product\/4101","targetHints":{"allow":["GET"]}}],"collection":[{"href":"https:\/\/kazal.pl\/sklep\/wp-json\/wp\/v2\/product"}],"about":[{"href":"https:\/\/kazal.pl\/sklep\/wp-json\/wp\/v2\/types\/product"}],"replies":[{"embeddable":true,"href":"https:\/\/kazal.pl\/sklep\/wp-json\/wp\/v2\/comments?post=4101"}],"wp:featuredmedia":[{"embeddable":true,"href":"https:\/\/kazal.pl\/sklep\/wp-json\/wp\/v2\/media\/4102"}],"wp:attachment":[{"href":"https:\/\/kazal.pl\/sklep\/wp-json\/wp\/v2\/media?parent=4101"}],"wp:term":[{"taxonomy":"product_cat","embeddable":true,"href":"https:\/\/kazal.pl\/sklep\/wp-json\/wp\/v2\/product_cat?post=4101"},{"taxonomy":"product_tag","embeddable":true,"href":"https:\/\/kazal.pl\/sklep\/wp-json\/wp\/v2\/product_tag?post=4101"}],"curies":[{"name":"wp","href":"https:\/\/api.w.org\/{rel}","templated":true}]}}