{"id":4125,"date":"2021-04-20T13:10:12","date_gmt":"2021-04-20T13:10:12","guid":{"rendered":"https:\/\/kazal.pl\/sklep\/?post_type=product&#038;p=4125"},"modified":"2024-10-17T16:28:01","modified_gmt":"2024-10-17T16:28:01","slug":"jazon-chwytak-reczny-wzdluzny-chw-chwytak-wzdluzny-poznan-chwytaki-poznan-narzedzia-brukarskie","status":"publish","type":"product","link":"https:\/\/kazal.pl\/sklep\/product\/jazon-chwytak-reczny-wzdluzny-chw-chwytak-wzdluzny-poznan-chwytaki-poznan-narzedzia-brukarskie\/","title":{"rendered":"JAZON Chwytak r\u0119czny wzd\u0142u\u017cny CHW"},"content":{"rendered":"<h2>JAZON Chwytak r\u0119czny wzd\u0142u\u017cny CHW<\/h2>\n<p>Chwytak r\u0119czny wzd\u0142u\u017cny <strong>CHW<\/strong> marki\u00a0<strong>JAZON<\/strong> przeznaczony jest do r\u0119cznego przenoszenia i precyzyjnego ustawiania kraw\u0119\u017cnik\u00f3w betonowych.<\/p>\n<p>Narz\u0119dzie nadaje si\u0119 wsz\u0119dzie tam, gdzie liczy si\u0119 szybko\u015b\u0107. Obs\u0142uga dwuosobowa.<\/p>\n<p>Chwytak wykonany solidnie z mocnych materia\u0142\u00f3w, od wielu lat na rynku.<\/p>\n<div id=\"attachment_4136\" style=\"width: 310px\" class=\"wp-caption alignleft\"><img loading=\"lazy\" decoding=\"async\" aria-describedby=\"caption-attachment-4136\" class=\"size-medium wp-image-4136\" src=\"https:\/\/kazal.pl\/sklep\/wp-content\/uploads\/2021\/04\/chwytak-wzdluzny-1-300x300.jpg\" alt=\"FHU KAZAL Chwytak r\u0119czny wzd\u0142u\u017cny JAZON CHW Sklep Pozna\u0144 Chwytaki JAZON\" width=\"300\" height=\"300\" srcset=\"https:\/\/kazal.pl\/sklep\/wp-content\/uploads\/2021\/04\/chwytak-wzdluzny-1-300x300.jpg 300w, https:\/\/kazal.pl\/sklep\/wp-content\/uploads\/2021\/04\/chwytak-wzdluzny-1-150x150.jpg 150w, https:\/\/kazal.pl\/sklep\/wp-content\/uploads\/2021\/04\/chwytak-wzdluzny-1-90x90.jpg 90w, https:\/\/kazal.pl\/sklep\/wp-content\/uploads\/2021\/04\/chwytak-wzdluzny-1.jpg 500w\" sizes=\"auto, (max-width: 300px) 100vw, 300px\" \/><p id=\"caption-attachment-4136\" class=\"wp-caption-text\"><strong>FHU KAZAL<\/strong> &#8211; Chwytak r\u0119czny wzd\u0142u\u017cny <strong>JAZON<\/strong> <strong>CHW\u00a0<\/strong><\/p><\/div>\n<div id=\"attachment_4135\" style=\"width: 310px\" class=\"wp-caption alignleft\"><img loading=\"lazy\" decoding=\"async\" aria-describedby=\"caption-attachment-4135\" class=\"size-medium wp-image-4135\" src=\"https:\/\/kazal.pl\/sklep\/wp-content\/uploads\/2021\/04\/chwytak-wzdluzny-2-300x300.jpg\" alt=\"FHU KAZAL Chwytak r\u0119czny wzd\u0142u\u017cny JAZON CHW Sklep Pozna\u0144 Chwytaki JAZON\" width=\"300\" height=\"300\" srcset=\"https:\/\/kazal.pl\/sklep\/wp-content\/uploads\/2021\/04\/chwytak-wzdluzny-2-300x300.jpg 300w, https:\/\/kazal.pl\/sklep\/wp-content\/uploads\/2021\/04\/chwytak-wzdluzny-2-150x150.jpg 150w, https:\/\/kazal.pl\/sklep\/wp-content\/uploads\/2021\/04\/chwytak-wzdluzny-2-90x90.jpg 90w, https:\/\/kazal.pl\/sklep\/wp-content\/uploads\/2021\/04\/chwytak-wzdluzny-2.jpg 500w\" sizes=\"auto, (max-width: 300px) 100vw, 300px\" \/><p id=\"caption-attachment-4135\" class=\"wp-caption-text\"><strong>FHU KAZAL<\/strong> &#8211; Chwytak r\u0119czny wzd\u0142u\u017cny <strong>JAZON<\/strong> <strong>CHW\u00a0<\/strong><\/p><\/div>\n<p>&nbsp;<\/p>\n<p>&nbsp;<\/p>\n<p>&nbsp;<\/p>\n<p>&nbsp;<\/p>\n<p>&nbsp;<\/p>\n<p>&nbsp;<\/p>\n<p>&nbsp;<\/p>\n<p><span style=\"font-size: 10px;\">Wszystkie zdj\u0119cia produkt\u00f3w maj\u0105 charakter pogl\u0105dowy i producent zastrzega sobie prawo do lekkich modyfikacji nie maj\u0105cych wp\u0142ywu na funkcjonowanie produktu.<\/span><\/p>\n<h3 class=\"text-primary font-weight-bold h4 mb-3\">Dane techniczne<\/h3>\n<div class=\"table-responsive\">\n<table class=\"table\">\n<tbody>\n<tr>\n<td class=\"text-muted pl-0\">No\u015bno\u015b\u0107 dopuszczalna<\/td>\n<td class=\"text-right text-primary font-weight-bold pr-0\">100 kg<\/td>\n<\/tr>\n<tr>\n<td class=\"text-muted pl-0\">Masa w\u0142asna<\/td>\n<td class=\"text-right text-primary font-weight-bold pr-0\">11 kg<\/td>\n<\/tr>\n<tr>\n<td class=\"text-muted pl-0\">Regulacja chwytu<\/td>\n<td class=\"text-right text-primary font-weight-bold pr-0\">75; 80; 90; 100 cm<\/td>\n<\/tr>\n<\/tbody>\n<\/table>\n<\/div>\n","protected":false},"excerpt":{"rendered":"<p>Chwytak r\u0119czny wzd\u0142u\u017cny\u00a0<strong>CHW<\/strong> marki\u00a0<strong>JAZON<\/strong> przeznaczony jest do r\u0119cznego przenoszenia i precyzyjnego ustawiania kraw\u0119\u017cnik\u00f3w betonowych.<\/p>\n","protected":false},"featured_media":4126,"comment_status":"open","ping_status":"closed","template":"","meta":[],"product_cat":[219,327,217,218],"product_tag":[230,224,225,226,227,223,298,299,300],"class_list":{"0":"post-4125","1":"product","2":"type-product","3":"status-publish","4":"has-post-thumbnail","6":"product_cat-chwytaki-reczne-jazon","7":"product_cat-jazon","8":"product_cat-jazon-narzedzia-brukarskie","9":"product_cat-narzedzia-brukarskie","10":"product_tag-chw","11":"product_tag-chwytaki","12":"product_tag-chwytaki-reczne","13":"product_tag-do-przenoszenia-kostki-brukowej","14":"product_tag-do-przenoszenia-kraweznikow","15":"product_tag-jazon","16":"product_tag-narzedzia-brukarskie-jazon","17":"product_tag-narzedzia-brukarskie-jazon-poznan","18":"product_tag-poznan-narzedzia-brukarskie-jazon","19":"product_shipping_class-wysylka-inpost","21":"first","22":"onbackorder","23":"taxable","24":"shipping-taxable","25":"purchasable","26":"product-type-simple"},"_links":{"self":[{"href":"https:\/\/kazal.pl\/sklep\/wp-json\/wp\/v2\/product\/4125","targetHints":{"allow":["GET"]}}],"collection":[{"href":"https:\/\/kazal.pl\/sklep\/wp-json\/wp\/v2\/product"}],"about":[{"href":"https:\/\/kazal.pl\/sklep\/wp-json\/wp\/v2\/types\/product"}],"replies":[{"embeddable":true,"href":"https:\/\/kazal.pl\/sklep\/wp-json\/wp\/v2\/comments?post=4125"}],"wp:featuredmedia":[{"embeddable":true,"href":"https:\/\/kazal.pl\/sklep\/wp-json\/wp\/v2\/media\/4126"}],"wp:attachment":[{"href":"https:\/\/kazal.pl\/sklep\/wp-json\/wp\/v2\/media?parent=4125"}],"wp:term":[{"taxonomy":"product_cat","embeddable":true,"href":"https:\/\/kazal.pl\/sklep\/wp-json\/wp\/v2\/product_cat?post=4125"},{"taxonomy":"product_tag","embeddable":true,"href":"https:\/\/kazal.pl\/sklep\/wp-json\/wp\/v2\/product_tag?post=4125"}],"curies":[{"name":"wp","href":"https:\/\/api.w.org\/{rel}","templated":true}]}}