{"id":4148,"date":"2021-04-23T11:23:23","date_gmt":"2021-04-23T11:23:23","guid":{"rendered":"https:\/\/kazal.pl\/sklep\/?post_type=product&#038;p=4148"},"modified":"2024-10-17T16:29:39","modified_gmt":"2024-10-17T16:29:39","slug":"jazon-wywazak-lom-brukarski-wb1","status":"publish","type":"product","link":"https:\/\/kazal.pl\/sklep\/product\/jazon-wywazak-lom-brukarski-wb1\/","title":{"rendered":"JAZON Wywa\u017cak \u0142om brukarski WB1"},"content":{"rendered":"<h1 style=\"text-align: center;\"><span style=\"color: #000000;\">JAZON Wywa\u017cak \/ \u0142om brukarski WB1<\/span><\/h1>\n<hr \/>\n<p style=\"text-align: center;\">Wywa\u017cak brukarski do pozycjonowania m.in.: <strong>kostki brukowej, p\u0142yt chodnikowych<\/strong> oraz podwa\u017cania u\u0142o\u017conych kszta\u0142tek.<\/p>\n<p style=\"text-align: center;\">Dost\u0119pne s\u0105 wymienne, stalowe ostrza o\u00a0szeroko\u015bci\u00a0<strong>30 <\/strong>mm\u00a0oraz\u00a0<strong>45<\/strong>\u00a0mm.<\/p>\n<p style=\"text-align: center;\">Narz\u0119dzie nadaje si\u0119 wsz\u0119dzie tam, gdzie liczy si\u0119 szybko\u015b\u0107. Obs\u0142uga jednoosobowa.<\/p>\n<p style=\"text-align: center;\">Produkt wykonany solidnie z mocnych materia\u0142\u00f3w, od wielu lat na rynku.<\/p>\n<table>\n<tbody>\n<tr>\n<td>\n<div id=\"attachment_4150\" style=\"width: 310px\" class=\"wp-caption aligncenter\"><img loading=\"lazy\" decoding=\"async\" aria-describedby=\"caption-attachment-4150\" class=\"wp-image-4150 size-medium\" src=\"https:\/\/kazal.pl\/sklep\/wp-content\/uploads\/2021\/04\/wb1-jazon-poznan-wywazak-brukarski-lom-fhu-kazal-sklep-poznan-chwytaki-brukarskie-jazon-poznan--300x300.jpg\" alt=\"wb1-jazon-poznan-wywazak-brukarski-lom-fhu-kazal-sklep-poznan-chwytaki-brukarskie-jazon-poznan-\" width=\"300\" height=\"300\" srcset=\"https:\/\/kazal.pl\/sklep\/wp-content\/uploads\/2021\/04\/wb1-jazon-poznan-wywazak-brukarski-lom-fhu-kazal-sklep-poznan-chwytaki-brukarskie-jazon-poznan--300x300.jpg 300w, https:\/\/kazal.pl\/sklep\/wp-content\/uploads\/2021\/04\/wb1-jazon-poznan-wywazak-brukarski-lom-fhu-kazal-sklep-poznan-chwytaki-brukarskie-jazon-poznan--150x150.jpg 150w, https:\/\/kazal.pl\/sklep\/wp-content\/uploads\/2021\/04\/wb1-jazon-poznan-wywazak-brukarski-lom-fhu-kazal-sklep-poznan-chwytaki-brukarskie-jazon-poznan--90x90.jpg 90w, https:\/\/kazal.pl\/sklep\/wp-content\/uploads\/2021\/04\/wb1-jazon-poznan-wywazak-brukarski-lom-fhu-kazal-sklep-poznan-chwytaki-brukarskie-jazon-poznan-.jpg 500w\" sizes=\"auto, (max-width: 300px) 100vw, 300px\" \/><p id=\"caption-attachment-4150\" class=\"wp-caption-text\"><strong>FHU KAZAL\u00a0<\/strong>Wywa\u017cak \/ \u0142om brukarski\u00a0<strong>JAZON WB1<\/strong><\/p><\/div><\/td>\n<td>\n<div id=\"attachment_4149\" style=\"width: 310px\" class=\"wp-caption aligncenter\"><img loading=\"lazy\" decoding=\"async\" aria-describedby=\"caption-attachment-4149\" class=\"wp-image-4149 size-medium\" src=\"https:\/\/kazal.pl\/sklep\/wp-content\/uploads\/2021\/04\/wb1-jazon-poznan-wywazak-brukarski-lom-fhu-kazal-sklep-poznan-chwytaki-brukarskie-jazon-poznan-300x300.jpg\" alt=\"wb1-jazon-poznan-wywazak-brukarski-lom-fhu-kazal-sklep-poznan-chwytaki-brukarskie-jazon-poznan-\" width=\"300\" height=\"300\" srcset=\"https:\/\/kazal.pl\/sklep\/wp-content\/uploads\/2021\/04\/wb1-jazon-poznan-wywazak-brukarski-lom-fhu-kazal-sklep-poznan-chwytaki-brukarskie-jazon-poznan-300x300.jpg 300w, https:\/\/kazal.pl\/sklep\/wp-content\/uploads\/2021\/04\/wb1-jazon-poznan-wywazak-brukarski-lom-fhu-kazal-sklep-poznan-chwytaki-brukarskie-jazon-poznan-150x150.jpg 150w, https:\/\/kazal.pl\/sklep\/wp-content\/uploads\/2021\/04\/wb1-jazon-poznan-wywazak-brukarski-lom-fhu-kazal-sklep-poznan-chwytaki-brukarskie-jazon-poznan-90x90.jpg 90w, https:\/\/kazal.pl\/sklep\/wp-content\/uploads\/2021\/04\/wb1-jazon-poznan-wywazak-brukarski-lom-fhu-kazal-sklep-poznan-chwytaki-brukarskie-jazon-poznan.jpg 500w\" sizes=\"auto, (max-width: 300px) 100vw, 300px\" \/><p id=\"caption-attachment-4149\" class=\"wp-caption-text\"><strong>FHU KAZAL\u00a0<\/strong>Wywa\u017cak \/ \u0142om brukarski\u00a0<strong>JAZON WB1<\/strong><\/p><\/div><\/td>\n<\/tr>\n<\/tbody>\n<\/table>\n<p style=\"text-align: center;\"><span style=\"font-size: 10px;\"><br \/>\nWszystkie zdj\u0119cia produkt\u00f3w maj\u0105 charakter pogl\u0105dowy i producent zastrzega sobie prawo do lekkich modyfikacji nie maj\u0105cych wp\u0142ywu na funkcjonowanie produktu.<\/span><\/p>\n<hr \/>\n<div class=\"table-responsive\">\n<h3 class=\"text-primary font-weight-bold h4 mb-3\">Dane techniczne<\/h3>\n<div class=\"table-responsive\">\n<table class=\"table\">\n<tbody>\n<tr>\n<td class=\"text-muted pl-0\">Masa w\u0142asna<\/td>\n<td class=\"text-right text-primary font-weight-bold pr-0\">3,00 kg<\/td>\n<\/tr>\n<tr>\n<td class=\"text-muted pl-0\">Ostrza<\/td>\n<td class=\"text-right text-primary font-weight-bold pr-0\">wymienne, stalowe, szeroko\u015b\u0107 30 mm, 45mm<\/td>\n<\/tr>\n<\/tbody>\n<\/table>\n<\/div>\n<hr \/>\n<\/div>\n<p style=\"text-align: center;\"><iframe loading=\"lazy\" src=\"\/\/www.youtube.com\/embed\/FFC3dTAqGPE\" width=\"560\" height=\"314\" allowfullscreen=\"allowfullscreen\"><\/iframe><\/p>\n","protected":false},"excerpt":{"rendered":"<p>Wywa\u017cak brukarski do pozycjonowania m.in.: <strong>kostki brukowej, p\u0142yt chodnikowych<\/strong> oraz podwa\u017cania u\u0142o\u017conych kszta\u0142tek.<\/p>\n","protected":false},"featured_media":4150,"comment_status":"open","ping_status":"closed","template":"","meta":[],"product_cat":[240,327,217,218],"product_tag":[223,229,298,299,300,241,242],"class_list":{"0":"post-4148","1":"product","2":"type-product","3":"status-publish","4":"has-post-thumbnail","6":"product_cat-imaki-i-wywazaki","7":"product_cat-jazon","8":"product_cat-jazon-narzedzia-brukarskie","9":"product_cat-narzedzia-brukarskie","10":"product_tag-jazon","11":"product_tag-narzedzia-brukarskie","12":"product_tag-narzedzia-brukarskie-jazon","13":"product_tag-narzedzia-brukarskie-jazon-poznan","14":"product_tag-poznan-narzedzia-brukarskie-jazon","15":"product_tag-wb1","16":"product_tag-wywazak-brukarski","17":"product_shipping_class-wysylka-inpost","19":"first","20":"onbackorder","21":"taxable","22":"shipping-taxable","23":"purchasable","24":"product-type-simple"},"_links":{"self":[{"href":"https:\/\/kazal.pl\/sklep\/wp-json\/wp\/v2\/product\/4148","targetHints":{"allow":["GET"]}}],"collection":[{"href":"https:\/\/kazal.pl\/sklep\/wp-json\/wp\/v2\/product"}],"about":[{"href":"https:\/\/kazal.pl\/sklep\/wp-json\/wp\/v2\/types\/product"}],"replies":[{"embeddable":true,"href":"https:\/\/kazal.pl\/sklep\/wp-json\/wp\/v2\/comments?post=4148"}],"wp:featuredmedia":[{"embeddable":true,"href":"https:\/\/kazal.pl\/sklep\/wp-json\/wp\/v2\/media\/4150"}],"wp:attachment":[{"href":"https:\/\/kazal.pl\/sklep\/wp-json\/wp\/v2\/media?parent=4148"}],"wp:term":[{"taxonomy":"product_cat","embeddable":true,"href":"https:\/\/kazal.pl\/sklep\/wp-json\/wp\/v2\/product_cat?post=4148"},{"taxonomy":"product_tag","embeddable":true,"href":"https:\/\/kazal.pl\/sklep\/wp-json\/wp\/v2\/product_tag?post=4148"}],"curies":[{"name":"wp","href":"https:\/\/api.w.org\/{rel}","templated":true}]}}