{"id":4151,"date":"2021-04-23T11:52:00","date_gmt":"2021-04-23T11:52:00","guid":{"rendered":"https:\/\/kazal.pl\/sklep\/?post_type=product&#038;p=4151"},"modified":"2024-10-17T16:30:04","modified_gmt":"2024-10-17T16:30:04","slug":"jazon-imak-brukarski-ib25","status":"publish","type":"product","link":"https:\/\/kazal.pl\/sklep\/product\/jazon-imak-brukarski-ib25\/","title":{"rendered":"JAZON Imak brukarski IB25"},"content":{"rendered":"<h1 style=\"text-align: center;\"><span style=\"color: #000000;\">JAZON\u00a0Imak brukarski IB25<\/span><\/h1>\n<hr \/>\n<p style=\"text-align: center;\">Imak brukarski przeznaczony jest do wyci\u0105gania kostki brukowej z u\u0142o\u017conej nawierzchni. Posiada regulacj\u0119 szeroko\u015bci chwytu <strong>8 &#8211; 26 cm<\/strong> stopniowan\u0105 co <strong>6 mm<\/strong>.<\/p>\n<p style=\"text-align: center;\">Wyposa\u017cony w dwa wymienne ostrza.<\/p>\n<p style=\"text-align: center;\">Narz\u0119dzie nadaje si\u0119 wsz\u0119dzie tam, gdzie liczy si\u0119 szybko\u015b\u0107. Obs\u0142uga jednoosobowa.<\/p>\n<p style=\"text-align: center;\">Produkt wykonany solidnie z mocnych materia\u0142\u00f3w, od wielu lat na rynku.<\/p>\n<table>\n<tbody>\n<tr>\n<td>\n<div id=\"attachment_4816\" style=\"width: 560px\" class=\"wp-caption aligncenter\"><img loading=\"lazy\" decoding=\"async\" aria-describedby=\"caption-attachment-4816\" class=\"wp-image-4816\" src=\"https:\/\/kazal.pl\/sklep\/wp-content\/uploads\/2021\/04\/ib25-jazon-poznan-imak-brukarski-fhu-kazal-sklep-poznan-chwytaki-brukarskie-jazon-poznan-narzedzia-brukarskie-jazon-poznan--150x150.jpg\" alt=\"ib25-jazon-poznan-imak-brukarski-fhu-kazal-sklep-poznan-chwytaki-brukarskie-jazon-poznan-narzedzia-brukarskie-jazon-poznan-\" width=\"550\" height=\"550\" srcset=\"https:\/\/kazal.pl\/sklep\/wp-content\/uploads\/2021\/04\/ib25-jazon-poznan-imak-brukarski-fhu-kazal-sklep-poznan-chwytaki-brukarskie-jazon-poznan-narzedzia-brukarskie-jazon-poznan--150x150.jpg 150w, https:\/\/kazal.pl\/sklep\/wp-content\/uploads\/2021\/04\/ib25-jazon-poznan-imak-brukarski-fhu-kazal-sklep-poznan-chwytaki-brukarskie-jazon-poznan-narzedzia-brukarskie-jazon-poznan--300x300.jpg 300w, https:\/\/kazal.pl\/sklep\/wp-content\/uploads\/2021\/04\/ib25-jazon-poznan-imak-brukarski-fhu-kazal-sklep-poznan-chwytaki-brukarskie-jazon-poznan-narzedzia-brukarskie-jazon-poznan--1024x1024.jpg 1024w, https:\/\/kazal.pl\/sklep\/wp-content\/uploads\/2021\/04\/ib25-jazon-poznan-imak-brukarski-fhu-kazal-sklep-poznan-chwytaki-brukarskie-jazon-poznan-narzedzia-brukarskie-jazon-poznan--768x768.jpg 768w, https:\/\/kazal.pl\/sklep\/wp-content\/uploads\/2021\/04\/ib25-jazon-poznan-imak-brukarski-fhu-kazal-sklep-poznan-chwytaki-brukarskie-jazon-poznan-narzedzia-brukarskie-jazon-poznan--1170x1170.jpg 1170w, https:\/\/kazal.pl\/sklep\/wp-content\/uploads\/2021\/04\/ib25-jazon-poznan-imak-brukarski-fhu-kazal-sklep-poznan-chwytaki-brukarskie-jazon-poznan-narzedzia-brukarskie-jazon-poznan--600x600.jpg 600w, https:\/\/kazal.pl\/sklep\/wp-content\/uploads\/2021\/04\/ib25-jazon-poznan-imak-brukarski-fhu-kazal-sklep-poznan-chwytaki-brukarskie-jazon-poznan-narzedzia-brukarskie-jazon-poznan--90x90.jpg 90w, https:\/\/kazal.pl\/sklep\/wp-content\/uploads\/2021\/04\/ib25-jazon-poznan-imak-brukarski-fhu-kazal-sklep-poznan-chwytaki-brukarskie-jazon-poznan-narzedzia-brukarskie-jazon-poznan-.jpg 1200w\" sizes=\"auto, (max-width: 550px) 100vw, 550px\" \/><p id=\"caption-attachment-4816\" class=\"wp-caption-text\"><span style=\"color: #ffffff;\">Ib25 jazon poznan imak brukarski fhu kazal sklep poznan chwytaki-brukarskie-jazon-poznan-narzedzia-brukarskie-jazon-poznan-<\/span><\/p><\/div><\/td>\n<td>\n<div id=\"attachment_4817\" style=\"width: 560px\" class=\"wp-caption aligncenter\"><img loading=\"lazy\" decoding=\"async\" aria-describedby=\"caption-attachment-4817\" class=\"wp-image-4817\" src=\"https:\/\/kazal.pl\/sklep\/wp-content\/uploads\/2021\/04\/ib25-jazon-poznan-imak-brukarski-fhu-kazal-sklep-poznan-chwytaki-brukarskie-jazon-poznan-narzedzia-brukarskie-jazon-poznan-1-1-150x150.jpg\" alt=\"ib25-jazon-poznan-imak-brukarski-fhu-kazal-sklep-poznan-chwytaki-brukarskie-jazon-poznan-narzedzia-brukarskie-jazon-poznan--\" width=\"550\" height=\"550\" srcset=\"https:\/\/kazal.pl\/sklep\/wp-content\/uploads\/2021\/04\/ib25-jazon-poznan-imak-brukarski-fhu-kazal-sklep-poznan-chwytaki-brukarskie-jazon-poznan-narzedzia-brukarskie-jazon-poznan-1-1-150x150.jpg 150w, https:\/\/kazal.pl\/sklep\/wp-content\/uploads\/2021\/04\/ib25-jazon-poznan-imak-brukarski-fhu-kazal-sklep-poznan-chwytaki-brukarskie-jazon-poznan-narzedzia-brukarskie-jazon-poznan-1-1-300x300.jpg 300w, https:\/\/kazal.pl\/sklep\/wp-content\/uploads\/2021\/04\/ib25-jazon-poznan-imak-brukarski-fhu-kazal-sklep-poznan-chwytaki-brukarskie-jazon-poznan-narzedzia-brukarskie-jazon-poznan-1-1-1024x1024.jpg 1024w, https:\/\/kazal.pl\/sklep\/wp-content\/uploads\/2021\/04\/ib25-jazon-poznan-imak-brukarski-fhu-kazal-sklep-poznan-chwytaki-brukarskie-jazon-poznan-narzedzia-brukarskie-jazon-poznan-1-1-768x768.jpg 768w, https:\/\/kazal.pl\/sklep\/wp-content\/uploads\/2021\/04\/ib25-jazon-poznan-imak-brukarski-fhu-kazal-sklep-poznan-chwytaki-brukarskie-jazon-poznan-narzedzia-brukarskie-jazon-poznan-1-1-1170x1170.jpg 1170w, https:\/\/kazal.pl\/sklep\/wp-content\/uploads\/2021\/04\/ib25-jazon-poznan-imak-brukarski-fhu-kazal-sklep-poznan-chwytaki-brukarskie-jazon-poznan-narzedzia-brukarskie-jazon-poznan-1-1-600x600.jpg 600w, https:\/\/kazal.pl\/sklep\/wp-content\/uploads\/2021\/04\/ib25-jazon-poznan-imak-brukarski-fhu-kazal-sklep-poznan-chwytaki-brukarskie-jazon-poznan-narzedzia-brukarskie-jazon-poznan-1-1-90x90.jpg 90w, https:\/\/kazal.pl\/sklep\/wp-content\/uploads\/2021\/04\/ib25-jazon-poznan-imak-brukarski-fhu-kazal-sklep-poznan-chwytaki-brukarskie-jazon-poznan-narzedzia-brukarskie-jazon-poznan-1-1.jpg 1200w\" sizes=\"auto, (max-width: 550px) 100vw, 550px\" \/><p id=\"caption-attachment-4817\" class=\"wp-caption-text\"><span style=\"color: #ffffff;\">ib25-jazon-poznan-imak-brukarski-fhu-kazal-sklep-poznan-chwytaki-brukarskie-jazon-poznan-narzedzia-brukarskie-jazon-poznan&#8211;<\/span><\/p><\/div><\/td>\n<\/tr>\n<\/tbody>\n<\/table>\n<p style=\"text-align: center;\"><span style=\"font-size: 10px;\"><br \/>\nWszystkie zdj\u0119cia produkt\u00f3w maj\u0105 charakter pogl\u0105dowy i producent zastrzega sobie prawo do lekkich modyfikacji nie maj\u0105cych wp\u0142ywu na funkcjonowanie produktu.<\/span><\/p>\n<hr \/>\n<div class=\"table-responsive\">\n<h3 class=\"text-primary font-weight-bold h4 mb-3\">Dane techniczne<\/h3>\n<div class=\"table-responsive\">\n<table class=\"table\">\n<tbody>\n<tr>\n<td class=\"text-muted pl-0\">Regulacja szeroko\u015bci chwytu (co 6 mm)<\/td>\n<td class=\"text-right text-primary font-weight-bold pr-0\">8-26 cm<\/td>\n<\/tr>\n<tr>\n<td class=\"text-muted pl-0\">Masa w\u0142asna<\/td>\n<td class=\"text-right text-primary font-weight-bold pr-0\">5 kg<\/td>\n<\/tr>\n<tr>\n<td class=\"text-muted pl-0\">Ostrza<\/td>\n<td class=\"text-right text-primary font-weight-bold pr-0\">wymienne, stalowe, typ OWW<\/td>\n<\/tr>\n<\/tbody>\n<\/table>\n<\/div>\n<hr \/>\n<\/div>\n<p style=\"text-align: center;\"><iframe loading=\"lazy\" src=\"\/\/www.youtube.com\/embed\/FFC3dTAqGPE\" width=\"560\" height=\"314\" allowfullscreen=\"allowfullscreen\"><\/iframe><\/p>\n","protected":false},"excerpt":{"rendered":"<p>Imak JAZON s\u0142u\u017cy do wyci\u0105gania kostki z u\u0142o\u017conej powierzchni.<\/p>\n","protected":false},"featured_media":4816,"comment_status":"open","ping_status":"closed","template":"","meta":[],"product_cat":[240,327,217,218],"product_tag":[248,249,223,229,298,299,300,242],"class_list":{"0":"post-4151","1":"product","2":"type-product","3":"status-publish","4":"has-post-thumbnail","6":"product_cat-imaki-i-wywazaki","7":"product_cat-jazon","8":"product_cat-jazon-narzedzia-brukarskie","9":"product_cat-narzedzia-brukarskie","10":"product_tag-ib25","11":"product_tag-imaki-brukarskie","12":"product_tag-jazon","13":"product_tag-narzedzia-brukarskie","14":"product_tag-narzedzia-brukarskie-jazon","15":"product_tag-narzedzia-brukarskie-jazon-poznan","16":"product_tag-poznan-narzedzia-brukarskie-jazon","17":"product_tag-wywazak-brukarski","18":"product_shipping_class-wysylka-inpost","20":"first","21":"onbackorder","22":"taxable","23":"shipping-taxable","24":"purchasable","25":"product-type-simple"},"_links":{"self":[{"href":"https:\/\/kazal.pl\/sklep\/wp-json\/wp\/v2\/product\/4151","targetHints":{"allow":["GET"]}}],"collection":[{"href":"https:\/\/kazal.pl\/sklep\/wp-json\/wp\/v2\/product"}],"about":[{"href":"https:\/\/kazal.pl\/sklep\/wp-json\/wp\/v2\/types\/product"}],"replies":[{"embeddable":true,"href":"https:\/\/kazal.pl\/sklep\/wp-json\/wp\/v2\/comments?post=4151"}],"wp:featuredmedia":[{"embeddable":true,"href":"https:\/\/kazal.pl\/sklep\/wp-json\/wp\/v2\/media\/4816"}],"wp:attachment":[{"href":"https:\/\/kazal.pl\/sklep\/wp-json\/wp\/v2\/media?parent=4151"}],"wp:term":[{"taxonomy":"product_cat","embeddable":true,"href":"https:\/\/kazal.pl\/sklep\/wp-json\/wp\/v2\/product_cat?post=4151"},{"taxonomy":"product_tag","embeddable":true,"href":"https:\/\/kazal.pl\/sklep\/wp-json\/wp\/v2\/product_tag?post=4151"}],"curies":[{"name":"wp","href":"https:\/\/api.w.org\/{rel}","templated":true}]}}