{"id":4155,"date":"2021-04-23T12:03:05","date_gmt":"2021-04-23T12:03:05","guid":{"rendered":"https:\/\/kazal.pl\/sklep\/?post_type=product&#038;p=4155"},"modified":"2024-10-17T16:30:27","modified_gmt":"2024-10-17T16:30:27","slug":"jazon-imak-brukarski-ib50","status":"publish","type":"product","link":"https:\/\/kazal.pl\/sklep\/product\/jazon-imak-brukarski-ib50\/","title":{"rendered":"JAZON Imak brukarski IB50"},"content":{"rendered":"<h1 style=\"text-align: center;\"><span style=\"color: #000000;\">JAZON Imak brukarski IB50<\/span><\/h1>\n<hr \/>\n<p style=\"text-align: center;\">Imak brukarski przeznaczony jest do wyci\u0105gania p\u0142yt chodnikowych i kostki brukowej z u\u0142o\u017conej nawierzchni. Posiada regulacj\u0119 szeroko\u015bci chwytu <strong>26 &#8211; 51 cm<\/strong> stopniowan\u0105 co <strong>6 mm<\/strong>.<\/p>\n<p style=\"text-align: center;\">Wyposa\u017cony w trzy wymienne ostrza.<\/p>\n<p style=\"text-align: center;\">Narz\u0119dzie nadaje si\u0119 wsz\u0119dzie tam, gdzie liczy si\u0119 szybko\u015b\u0107. Obs\u0142uga jednoosobowa.<\/p>\n<p style=\"text-align: center;\">Produkt wykonany solidnie z mocnych materia\u0142\u00f3w, od wielu lat na rynku.<\/p>\n<table>\n<tbody>\n<tr>\n<td>\n<div id=\"attachment_4158\" style=\"width: 310px\" class=\"wp-caption aligncenter\"><img loading=\"lazy\" decoding=\"async\" aria-describedby=\"caption-attachment-4158\" class=\"wp-image-4158 size-medium\" src=\"https:\/\/kazal.pl\/sklep\/wp-content\/uploads\/2021\/04\/ib50-jazon-poznan-imak-brukarski-fhu-kazal-sklep-poznan-chwytaki-brukarskie-jazon-poznan-1-1-300x300.jpg\" alt=\"ib50-jazon-poznan-imak-brukarski-fhu-kazal-sklep-poznan-chwytaki-brukarskie-jazon-poznan--\" width=\"300\" height=\"300\" srcset=\"https:\/\/kazal.pl\/sklep\/wp-content\/uploads\/2021\/04\/ib50-jazon-poznan-imak-brukarski-fhu-kazal-sklep-poznan-chwytaki-brukarskie-jazon-poznan-1-1-300x300.jpg 300w, https:\/\/kazal.pl\/sklep\/wp-content\/uploads\/2021\/04\/ib50-jazon-poznan-imak-brukarski-fhu-kazal-sklep-poznan-chwytaki-brukarskie-jazon-poznan-1-1-150x150.jpg 150w, https:\/\/kazal.pl\/sklep\/wp-content\/uploads\/2021\/04\/ib50-jazon-poznan-imak-brukarski-fhu-kazal-sklep-poznan-chwytaki-brukarskie-jazon-poznan-1-1-90x90.jpg 90w, https:\/\/kazal.pl\/sklep\/wp-content\/uploads\/2021\/04\/ib50-jazon-poznan-imak-brukarski-fhu-kazal-sklep-poznan-chwytaki-brukarskie-jazon-poznan-1-1.jpg 500w\" sizes=\"auto, (max-width: 300px) 100vw, 300px\" \/><p id=\"caption-attachment-4158\" class=\"wp-caption-text\"><strong>FHU KAZAL\u00a0<\/strong>Imak brukarski\u00a0<strong>JAZON IB50<\/strong><\/p><\/div><\/td>\n<td>\n<div id=\"attachment_4157\" style=\"width: 310px\" class=\"wp-caption aligncenter\"><img loading=\"lazy\" decoding=\"async\" aria-describedby=\"caption-attachment-4157\" class=\"wp-image-4157 size-medium\" src=\"https:\/\/kazal.pl\/sklep\/wp-content\/uploads\/2021\/04\/ib50-jazon-poznan-imak-brukarski-fhu-kazal-sklep-poznan-chwytaki-brukarskie-jazon-poznan--300x300.jpg\" alt=\"ib50-jazon-poznan-imak-brukarski-fhu-kazal-sklep-poznan-chwytaki-brukarskie-jazon-poznan--\" width=\"300\" height=\"300\" srcset=\"https:\/\/kazal.pl\/sklep\/wp-content\/uploads\/2021\/04\/ib50-jazon-poznan-imak-brukarski-fhu-kazal-sklep-poznan-chwytaki-brukarskie-jazon-poznan--300x300.jpg 300w, https:\/\/kazal.pl\/sklep\/wp-content\/uploads\/2021\/04\/ib50-jazon-poznan-imak-brukarski-fhu-kazal-sklep-poznan-chwytaki-brukarskie-jazon-poznan--150x150.jpg 150w, https:\/\/kazal.pl\/sklep\/wp-content\/uploads\/2021\/04\/ib50-jazon-poznan-imak-brukarski-fhu-kazal-sklep-poznan-chwytaki-brukarskie-jazon-poznan--90x90.jpg 90w, https:\/\/kazal.pl\/sklep\/wp-content\/uploads\/2021\/04\/ib50-jazon-poznan-imak-brukarski-fhu-kazal-sklep-poznan-chwytaki-brukarskie-jazon-poznan-.jpg 500w\" sizes=\"auto, (max-width: 300px) 100vw, 300px\" \/><p id=\"caption-attachment-4157\" class=\"wp-caption-text\"><strong>FHU KAZAL\u00a0<\/strong>Imak brukarski\u00a0<strong>JAZON IB50<\/strong><\/p><\/div><\/td>\n<\/tr>\n<\/tbody>\n<\/table>\n<p style=\"text-align: center;\"><span style=\"font-size: 10px;\"><br \/>\nWszystkie zdj\u0119cia produkt\u00f3w maj\u0105 charakter pogl\u0105dowy i producent zastrzega sobie prawo do lekkich modyfikacji nie maj\u0105cych wp\u0142ywu na funkcjonowanie produktu.<\/span><\/p>\n<hr \/>\n<div class=\"table-responsive\">\n<h3 class=\"text-primary font-weight-bold h4 mb-3\">Dane techniczne<\/h3>\n<div class=\"table-responsive\">\n<table class=\"table\">\n<tbody>\n<tr>\n<td class=\"text-muted pl-0\">Masa w\u0142asna<\/td>\n<td class=\"text-right text-primary font-weight-bold pr-0\">6,5 kg<\/td>\n<\/tr>\n<tr>\n<td class=\"text-muted pl-0\">Regulacja chwytu<\/td>\n<td class=\"text-right text-primary font-weight-bold pr-0\">26-51cm, co 6 mm<\/td>\n<\/tr>\n<tr>\n<td class=\"text-muted pl-0\">Ostrza<\/td>\n<td class=\"text-right text-primary font-weight-bold pr-0\">wymienne, stalowe, typ OWW<\/td>\n<\/tr>\n<\/tbody>\n<\/table>\n<\/div>\n<hr \/>\n<\/div>\n<p style=\"text-align: center;\"><iframe loading=\"lazy\" src=\"\/\/www.youtube.com\/embed\/FFC3dTAqGPE\" width=\"560\" height=\"314\" allowfullscreen=\"allowfullscreen\"><\/iframe><\/p>\n","protected":false},"excerpt":{"rendered":"<p>Imak brukarski <strong>JAZON <\/strong>przeznaczony do wyci\u0105gania i transportu m.in.<strong> p\u0142ytki chodnikowej<\/strong> z u\u0142o\u017conej nawierzchni.<\/p>\n","protected":false},"featured_media":4153,"comment_status":"open","ping_status":"closed","template":"","meta":[],"product_cat":[240,327,217,218],"product_tag":[251,249,223,229,298,299,300,242],"class_list":{"0":"post-4155","1":"product","2":"type-product","3":"status-publish","4":"has-post-thumbnail","6":"product_cat-imaki-i-wywazaki","7":"product_cat-jazon","8":"product_cat-jazon-narzedzia-brukarskie","9":"product_cat-narzedzia-brukarskie","10":"product_tag-ib50","11":"product_tag-imaki-brukarskie","12":"product_tag-jazon","13":"product_tag-narzedzia-brukarskie","14":"product_tag-narzedzia-brukarskie-jazon","15":"product_tag-narzedzia-brukarskie-jazon-poznan","16":"product_tag-poznan-narzedzia-brukarskie-jazon","17":"product_tag-wywazak-brukarski","18":"product_shipping_class-wysylka-inpost","20":"first","21":"onbackorder","22":"taxable","23":"shipping-taxable","24":"purchasable","25":"product-type-simple"},"_links":{"self":[{"href":"https:\/\/kazal.pl\/sklep\/wp-json\/wp\/v2\/product\/4155","targetHints":{"allow":["GET"]}}],"collection":[{"href":"https:\/\/kazal.pl\/sklep\/wp-json\/wp\/v2\/product"}],"about":[{"href":"https:\/\/kazal.pl\/sklep\/wp-json\/wp\/v2\/types\/product"}],"replies":[{"embeddable":true,"href":"https:\/\/kazal.pl\/sklep\/wp-json\/wp\/v2\/comments?post=4155"}],"wp:featuredmedia":[{"embeddable":true,"href":"https:\/\/kazal.pl\/sklep\/wp-json\/wp\/v2\/media\/4153"}],"wp:attachment":[{"href":"https:\/\/kazal.pl\/sklep\/wp-json\/wp\/v2\/media?parent=4155"}],"wp:term":[{"taxonomy":"product_cat","embeddable":true,"href":"https:\/\/kazal.pl\/sklep\/wp-json\/wp\/v2\/product_cat?post=4155"},{"taxonomy":"product_tag","embeddable":true,"href":"https:\/\/kazal.pl\/sklep\/wp-json\/wp\/v2\/product_tag?post=4155"}],"curies":[{"name":"wp","href":"https:\/\/api.w.org\/{rel}","templated":true}]}}