{"id":4159,"date":"2021-04-23T12:17:41","date_gmt":"2021-04-23T12:17:41","guid":{"rendered":"https:\/\/kazal.pl\/sklep\/?post_type=product&#038;p=4159"},"modified":"2023-02-13T10:08:02","modified_gmt":"2023-02-13T10:08:02","slug":"jazon-przymiar-brukarski-pbo","status":"publish","type":"product","link":"https:\/\/kazal.pl\/sklep\/product\/jazon-przymiar-brukarski-pbo\/","title":{"rendered":"JAZON Przymiar brukarski PBO"},"content":{"rendered":"<h1 style=\"text-align: center;\">JAZON Przymiar brukarski do odwzorowywania PBO<\/h1>\n<hr \/>\n<p style=\"text-align: center;\">Przymiar brukarski <strong>JAZON <\/strong>u\u0142atwia precyzyjne okre\u015blenie k\u0105ta i d\u0142ugo\u015bci docinanej kostki.<\/p>\n<p style=\"text-align: center;\">Narz\u0119dzie nadaje si\u0119 wsz\u0119dzie tam, gdzie liczy si\u0119 szybko\u015b\u0107. Obs\u0142uga jednoosobowa.<\/p>\n<p style=\"text-align: center;\">Produkt wykonany solidnie z mocnych materia\u0142\u00f3w, od wielu lat na rynku.<\/p>\n<table>\n<tbody>\n<tr>\n<td>\n<div id=\"attachment_4160\" style=\"width: 310px\" class=\"wp-caption aligncenter\"><img loading=\"lazy\" decoding=\"async\" aria-describedby=\"caption-attachment-4160\" class=\"wp-image-4160 size-medium\" src=\"https:\/\/kazal.pl\/sklep\/wp-content\/uploads\/2021\/04\/pbo-jazon-poznan-przymiar-brukarski-do-odwzorowywania-fhu-kazal-sklep-poznan-chwytaki-brukarskie-jazon-poznan--300x300.jpg\" alt=\"pbo-jazon-poznan-przymiar-brukarski-do-odwzorowywania-fhu-kazal-sklep-poznan-chwytaki-brukarskie-jazon-poznan\" width=\"300\" height=\"300\" srcset=\"https:\/\/kazal.pl\/sklep\/wp-content\/uploads\/2021\/04\/pbo-jazon-poznan-przymiar-brukarski-do-odwzorowywania-fhu-kazal-sklep-poznan-chwytaki-brukarskie-jazon-poznan--300x300.jpg 300w, https:\/\/kazal.pl\/sklep\/wp-content\/uploads\/2021\/04\/pbo-jazon-poznan-przymiar-brukarski-do-odwzorowywania-fhu-kazal-sklep-poznan-chwytaki-brukarskie-jazon-poznan--150x150.jpg 150w, https:\/\/kazal.pl\/sklep\/wp-content\/uploads\/2021\/04\/pbo-jazon-poznan-przymiar-brukarski-do-odwzorowywania-fhu-kazal-sklep-poznan-chwytaki-brukarskie-jazon-poznan--90x90.jpg 90w, https:\/\/kazal.pl\/sklep\/wp-content\/uploads\/2021\/04\/pbo-jazon-poznan-przymiar-brukarski-do-odwzorowywania-fhu-kazal-sklep-poznan-chwytaki-brukarskie-jazon-poznan-.jpg 500w\" sizes=\"auto, (max-width: 300px) 100vw, 300px\" \/><p id=\"caption-attachment-4160\" class=\"wp-caption-text\"><strong>FHU KAZAL\u00a0<\/strong>Przymiar brukarski\u00a0<strong>JAZON PBO<\/strong><\/p><\/div><\/td>\n<td>\n<div id=\"attachment_4161\" style=\"width: 310px\" class=\"wp-caption aligncenter\"><img loading=\"lazy\" decoding=\"async\" aria-describedby=\"caption-attachment-4161\" class=\"wp-image-4161 size-medium\" src=\"https:\/\/kazal.pl\/sklep\/wp-content\/uploads\/2021\/04\/pbo-jazon-poznan-przymiar-brukarski-do-odwzorowywania-fhu-kazal-sklep-poznan-chwytaki-brukarskie-jazon-poznan-1-1-300x300.jpg\" alt=\"pbo-jazon-poznan-przymiar-brukarski-do-odwzorowywania-fhu-kazal-sklep-poznan-chwytaki-brukarskie-jazon-poznan\" width=\"300\" height=\"300\" srcset=\"https:\/\/kazal.pl\/sklep\/wp-content\/uploads\/2021\/04\/pbo-jazon-poznan-przymiar-brukarski-do-odwzorowywania-fhu-kazal-sklep-poznan-chwytaki-brukarskie-jazon-poznan-1-1-300x300.jpg 300w, https:\/\/kazal.pl\/sklep\/wp-content\/uploads\/2021\/04\/pbo-jazon-poznan-przymiar-brukarski-do-odwzorowywania-fhu-kazal-sklep-poznan-chwytaki-brukarskie-jazon-poznan-1-1-150x150.jpg 150w, https:\/\/kazal.pl\/sklep\/wp-content\/uploads\/2021\/04\/pbo-jazon-poznan-przymiar-brukarski-do-odwzorowywania-fhu-kazal-sklep-poznan-chwytaki-brukarskie-jazon-poznan-1-1-90x90.jpg 90w, https:\/\/kazal.pl\/sklep\/wp-content\/uploads\/2021\/04\/pbo-jazon-poznan-przymiar-brukarski-do-odwzorowywania-fhu-kazal-sklep-poznan-chwytaki-brukarskie-jazon-poznan-1-1.jpg 500w\" sizes=\"auto, (max-width: 300px) 100vw, 300px\" \/><p id=\"caption-attachment-4161\" class=\"wp-caption-text\"><strong>FHU KAZAL\u00a0<\/strong>Przymiar brukarski\u00a0<strong>JAZON PBO<\/strong><\/p><\/div><\/td>\n<\/tr>\n<\/tbody>\n<\/table>\n<p style=\"text-align: center;\"><span style=\"font-size: 10px;\"><br \/>\nWszystkie zdj\u0119cia produkt\u00f3w maj\u0105 charakter pogl\u0105dowy i producent zastrzega sobie prawo do lekkich modyfikacji nie maj\u0105cych wp\u0142ywu na funkcjonowanie produktu.<\/span><\/p>\n<hr \/>\n<div class=\"table-responsive\">\n<h3 class=\"text-primary font-weight-bold h4 mb-3\">Dane techniczne<\/h3>\n<div class=\"table-responsive\">\n<table class=\"table\">\n<tbody>\n<tr>\n<td class=\"text-muted pl-0\">Masa w\u0142asna<\/td>\n<td class=\"text-right text-primary font-weight-bold pr-0\">0,5 kg<\/td>\n<\/tr>\n<tr>\n<td class=\"text-muted pl-0\"><\/td>\n<td class=\"text-right text-primary font-weight-bold pr-0\"><\/td>\n<\/tr>\n<tr>\n<td class=\"text-muted pl-0\"><\/td>\n<td class=\"text-right text-primary font-weight-bold pr-0\"><\/td>\n<\/tr>\n<\/tbody>\n<\/table>\n<\/div>\n<hr \/>\n<\/div>\n<p style=\"text-align: center;\"><iframe loading=\"lazy\" src=\"\/\/www.youtube.com\/embed\/FFC3dTAqGPE\" width=\"560\" height=\"314\" allowfullscreen=\"allowfullscreen\"><\/iframe><\/p>\n","protected":false},"excerpt":{"rendered":"<p>Przymiar brukarski <strong>JAZON <\/strong>do\u00a0precyzyjnego docinania kostki.<\/p>\n<p>&nbsp;<\/p>\n","protected":false},"featured_media":4162,"comment_status":"open","ping_status":"closed","template":"","meta":[],"product_cat":[327,217,218,252],"product_tag":[223,229,298,299,257,300,256],"class_list":{"0":"post-4159","1":"product","2":"type-product","3":"status-publish","4":"has-post-thumbnail","6":"product_cat-jazon","7":"product_cat-jazon-narzedzia-brukarskie","8":"product_cat-narzedzia-brukarskie","9":"product_cat-pozostale-narzedzia-jazon","10":"product_tag-jazon","11":"product_tag-narzedzia-brukarskie","12":"product_tag-narzedzia-brukarskie-jazon","13":"product_tag-narzedzia-brukarskie-jazon-poznan","14":"product_tag-pbo","15":"product_tag-poznan-narzedzia-brukarskie-jazon","16":"product_tag-przymiar-brukarski","17":"product_shipping_class-wysylka-inpost","19":"first","20":"instock","21":"taxable","22":"shipping-taxable","23":"purchasable","24":"product-type-simple"},"_links":{"self":[{"href":"https:\/\/kazal.pl\/sklep\/wp-json\/wp\/v2\/product\/4159","targetHints":{"allow":["GET"]}}],"collection":[{"href":"https:\/\/kazal.pl\/sklep\/wp-json\/wp\/v2\/product"}],"about":[{"href":"https:\/\/kazal.pl\/sklep\/wp-json\/wp\/v2\/types\/product"}],"replies":[{"embeddable":true,"href":"https:\/\/kazal.pl\/sklep\/wp-json\/wp\/v2\/comments?post=4159"}],"wp:featuredmedia":[{"embeddable":true,"href":"https:\/\/kazal.pl\/sklep\/wp-json\/wp\/v2\/media\/4162"}],"wp:attachment":[{"href":"https:\/\/kazal.pl\/sklep\/wp-json\/wp\/v2\/media?parent=4159"}],"wp:term":[{"taxonomy":"product_cat","embeddable":true,"href":"https:\/\/kazal.pl\/sklep\/wp-json\/wp\/v2\/product_cat?post=4159"},{"taxonomy":"product_tag","embeddable":true,"href":"https:\/\/kazal.pl\/sklep\/wp-json\/wp\/v2\/product_tag?post=4159"}],"curies":[{"name":"wp","href":"https:\/\/api.w.org\/{rel}","templated":true}]}}