{"id":4170,"date":"2021-05-04T14:52:48","date_gmt":"2021-05-04T14:52:48","guid":{"rendered":"https:\/\/kazal.pl\/sklep\/?post_type=product&#038;p=4170"},"modified":"2024-02-13T16:18:27","modified_gmt":"2024-02-13T16:18:27","slug":"mesto-hydronetka-10l-do-wiertnic-i-przecinarek-zbiornik-pompa-me3585w","status":"publish","type":"product","link":"https:\/\/kazal.pl\/sklep\/product\/mesto-hydronetka-10l-do-wiertnic-i-przecinarek-zbiornik-pompa-me3585w\/","title":{"rendered":"MESTO Hydronetka 10L, do wiertnic i przecinarek (zbiornik, pompa) [ME3585W]"},"content":{"rendered":"<p><b>Hydronetka MESTO<\/b> jest profesjonalnym opryskiwaczem wykonanym z odpornych i trwa\u0142ych materia\u0142\u00f3w. Zbiornik\u00a0 o pojemno\u015bci 10 litr\u00f3w. Urz\u0105dzenie jest gotowe do wsp\u00f3\u0142pracy z wiertnicami i przecinarkami. Hydronetka\u00a0 wyposa\u017cona jest w z\u0142\u0105cze wtykowe 1\/2 cala z odci\u0119ciem wody. Produkt firmy Mesto spe\u0142nia najwy\u017csze wymagania bezpiecze\u0144stwa.<\/p>\n<p><b>Dane techniczne:<\/b><\/p>\n<ul>\n<li>Pojemno\u015b\u0107 ca\u0142kowita 13 l<\/li>\n<li>Pojemno\u015b\u0107 wype\u0142nienia 10 l<\/li>\n<li>Ci\u015bnienie robocze 6 bar<\/li>\n<li>D\u0142ugo\u015b\u0107 w\u0119\u017ca 2,5 m<\/li>\n<li>D\u0142ugo\u015b\u0107 lancy 0,5 m<\/li>\n<li>Waga 5,4 kg<\/li>\n<\/ul>\n<p><b>Charakterystyka :<\/b><\/p>\n<ul>\n<li>Hydronetka\u00a0 posiada przezroczysty w\u0105\u017c 2,5 m<\/li>\n<li>Szeroka podstawa zbiornika zapewnia stabilno\u015b\u0107<\/li>\n<li>Urz\u0105dzenie wyposa\u017cony jest w zaw\u00f3r bezpiecze\u0144stwa<\/li>\n<li>Zintegrowany filtr zanieczyszcze\u0144<\/li>\n<\/ul>\n<p><b>Zastosowanie :<\/b><\/p>\n<ul>\n<li>do pi\u0142 spalinowych tarczowych<\/li>\n<li>do wiertnic diamentowych<\/li>\n<li>wsz\u0119dzie tam gdzie potrzebna jest woda jako ch\u0142odziwo<\/li>\n<\/ul>\n","protected":false},"excerpt":{"rendered":"<p><b>Hydronetka MESTO<\/b>\u00a0jest profesjonalnym opryskiwaczem wykonanym z odpornych i trwa\u0142ych materia\u0142\u00f3w. Zbiornik\u00a0 o pojemno\u015bci 10 litr\u00f3w. Urz\u0105dzenie jest gotowe do wsp\u00f3\u0142pracy z wiertnicami i przecinarkami. Hydronetka Profi wyposa\u017cona jest w z\u0142\u0105cze wtykowe 1\/2 cala z odci\u0119ciem wody. Produkt firmy Mesto spe\u0142nia najwy\u017csze wymagania bezpiecze\u0144stwa.<\/p>\n","protected":false},"featured_media":4172,"comment_status":"open","ping_status":"closed","template":"","meta":[],"product_cat":[180,148,135,134],"product_tag":[200,328,132,305,133,306,304,303],"class_list":{"0":"post-4170","1":"product","2":"type-product","3":"status-publish","4":"has-post-thumbnail","6":"product_cat-hydronetki","7":"product_cat-mesto","8":"product_cat-opryskiwacze","9":"product_cat-opryskiwacze-mesto","10":"product_tag-hydronetki","11":"product_tag-hydronetki-poznan","12":"product_tag-mesto","13":"product_tag-mesto-opryskiwacze-poznan","14":"product_tag-opryskiwacze","15":"product_tag-opryskiwacze-mesto","16":"product_tag-opryskiwacze-mesto-poznan","17":"product_tag-opryskiwacze-poznan","18":"product_shipping_class-wysylka-inpost","20":"first","21":"onbackorder","22":"taxable","23":"shipping-taxable","24":"purchasable","25":"product-type-simple"},"_links":{"self":[{"href":"https:\/\/kazal.pl\/sklep\/wp-json\/wp\/v2\/product\/4170","targetHints":{"allow":["GET"]}}],"collection":[{"href":"https:\/\/kazal.pl\/sklep\/wp-json\/wp\/v2\/product"}],"about":[{"href":"https:\/\/kazal.pl\/sklep\/wp-json\/wp\/v2\/types\/product"}],"replies":[{"embeddable":true,"href":"https:\/\/kazal.pl\/sklep\/wp-json\/wp\/v2\/comments?post=4170"}],"wp:featuredmedia":[{"embeddable":true,"href":"https:\/\/kazal.pl\/sklep\/wp-json\/wp\/v2\/media\/4172"}],"wp:attachment":[{"href":"https:\/\/kazal.pl\/sklep\/wp-json\/wp\/v2\/media?parent=4170"}],"wp:term":[{"taxonomy":"product_cat","embeddable":true,"href":"https:\/\/kazal.pl\/sklep\/wp-json\/wp\/v2\/product_cat?post=4170"},{"taxonomy":"product_tag","embeddable":true,"href":"https:\/\/kazal.pl\/sklep\/wp-json\/wp\/v2\/product_tag?post=4170"}],"curies":[{"name":"wp","href":"https:\/\/api.w.org\/{rel}","templated":true}]}}