{"id":4195,"date":"2021-05-11T10:41:18","date_gmt":"2021-05-11T10:41:18","guid":{"rendered":"https:\/\/kazal.pl\/sklep\/?post_type=product&#038;p=4195"},"modified":"2022-01-04T13:37:50","modified_gmt":"2022-01-04T13:37:50","slug":"mesto-opryskiwacz-budowlany-5l-3-bar-do-olejowania-szalunkow-gruntowania-i-impregnacji-me3275p-opryskiwacze-budowlane-poznan","status":"publish","type":"product","link":"https:\/\/kazal.pl\/sklep\/product\/mesto-opryskiwacz-budowlany-5l-3-bar-do-olejowania-szalunkow-gruntowania-i-impregnacji-me3275p-opryskiwacze-budowlane-poznan\/","title":{"rendered":"MESTO Opryskiwacz budowlany 5L, 3 bar do olejowania szalunk\u00f3w, gruntowania i impregnacji [ME3275P]"},"content":{"rendered":"<h1 style=\"text-align: center;\">MESTO Opryskiwacz budowlany 5L, 3 bar do olejowania szalunk\u00f3w, gruntowania i impregnacji [ME3275P]<\/h1>\n<hr \/>\n<p style=\"text-align: left;\">Profesjonalny<strong>\u00a0opryskiwacz budowalny\u00a0MESTO<\/strong> ze stalowym t\u0142oczyskiem. Przeznaczony do olejowania szalunk\u00f3w, gruntowania i impregnacji.<\/p>\n<p>&#8211; uszczelki FPM (Viton\u00ae) odporne na: wysokie temperatury, oleje, smary mineralne, paliwa, kwasy, siarczany, amoniak, chlorki, \u0142ugi, w\u0119glowodory aromatyczne (w odpowiednich st\u0119\u017ceniach), ozon, warunki atmosferyczne,<br \/>\n&#8211; ca\u0142kowita pojemno\u015b\u0107: 8 l,<br \/>\n&#8211; pojemno\u015b\u0107 zawarto\u015bci: 5 l,<br \/>\n&#8211; mo\u017cliwo\u015b\u0107 noszenia na boku na pasku no\u015bnym,<br \/>\n&#8211; specjalna p\u0142aska dysza mosi\u0119\u017cna,<br \/>\n&#8211; lanca opryskowa mosi\u0119\u017cna 50 cm, obrotowa 360\u00b0,<br \/>\n&#8211; waz spiralny 2,5 m ze zintegrowanym filtrem dla \u0142atwego i dok\u0142adnego czyszczenia,<br \/>\n&#8211; pokrywa lejka,<br \/>\n&#8211; profesjonalna pompa ze stalowym t\u0142okiem,<br \/>\n&#8211; nowy ergonomiczny zaw\u00f3r bezpiecze\u0144stwa,<br \/>\n&#8211; zbiornik ci\u015bnieniowy z tworzywa sztucznego.<\/p>\n<table style=\"width: 102%;\">\n<tbody>\n<tr>\n<td style=\"width: 49.9218%;\">&nbsp;<\/p>\n<p>&nbsp;<\/p>\n<p>&nbsp;<\/p>\n<div id=\"attachment_4196\" style=\"width: 235px\" class=\"wp-caption aligncenter\"><img loading=\"lazy\" decoding=\"async\" aria-describedby=\"caption-attachment-4196\" class=\"wp-image-4196 size-medium\" src=\"https:\/\/kazal.pl\/sklep\/wp-content\/uploads\/2021\/05\/MESTO-3275P-Opryskiwacz-budowlany-5L-opryskiwacz-do-olejowania-szalunkow-poznan-opryskiwacz-do-impregnacji-poznan-opryskiwacz-do-gruntowania-poznan-sklep-opryskiwacze-budowlane-ogrodowe-poznan-225x300.jpg\" alt=\"MESTO-3275P-Opryskiwacz-budowlany-5L-opryskiwacz-do-olejowania-szalunkow-poznan-opryskiwacz-do-impregnacji-poznan-opryskiwacz-do-gruntowania-poznan-sklep-opryskiwacze-budowlane-ogrodowe-poznan\" width=\"225\" height=\"300\" srcset=\"https:\/\/kazal.pl\/sklep\/wp-content\/uploads\/2021\/05\/MESTO-3275P-Opryskiwacz-budowlany-5L-opryskiwacz-do-olejowania-szalunkow-poznan-opryskiwacz-do-impregnacji-poznan-opryskiwacz-do-gruntowania-poznan-sklep-opryskiwacze-budowlane-ogrodowe-poznan-225x300.jpg 225w, https:\/\/kazal.pl\/sklep\/wp-content\/uploads\/2021\/05\/MESTO-3275P-Opryskiwacz-budowlany-5L-opryskiwacz-do-olejowania-szalunkow-poznan-opryskiwacz-do-impregnacji-poznan-opryskiwacz-do-gruntowania-poznan-sklep-opryskiwacze-budowlane-ogrodowe-poznan.jpg 600w\" sizes=\"auto, (max-width: 225px) 100vw, 225px\" \/><p id=\"caption-attachment-4196\" class=\"wp-caption-text\">MESTO Opryskiwacz budowlany 5L, 3 bar do olejowania szalunk\u00f3w, gruntowania i impregnacji [ME3275P] <span style=\"color: #ffffff;\">MESTO-3275P-Opryskiwacz-budowlany-5L-opryskiwacz-do-olejowania-szalunkow-poznan-opryskiwacz-do-impregnacji-poznan-opryskiwacz-do-gruntowania-poznan-sklep-opryskiwacze-budowlane-ogrodowe-poznan<\/span><\/p><\/div><\/td>\n<td style=\"width: 49.9218%;\">&nbsp;<\/p>\n<p>&nbsp;<\/p>\n<div id=\"attachment_4197\" style=\"width: 235px\" class=\"wp-caption aligncenter\"><img loading=\"lazy\" decoding=\"async\" aria-describedby=\"caption-attachment-4197\" class=\"wp-image-4197 size-medium\" src=\"https:\/\/kazal.pl\/sklep\/wp-content\/uploads\/2021\/05\/MESTO-3275P-Opryskiwacz-budowlany-5L-opryskiwacz-olejowania-szalunkow-poznan-opryskiwacz-do-impregnacji-poznan-opryskiwacz-do-gruntowania-poznan-sklep-opryskiwacze-budowlan-225x300.jpg\" alt=\"MESTO-3275P-Opryskiwacz-budowlany-5L-opryskiwacz-olejowania-szalunkow-poznan-opryskiwacz-do-impregnacji-poznan-opryskiwacz-do-gruntowania-poznan-sklep-opryskiwacze-budowlan\" width=\"225\" height=\"300\" srcset=\"https:\/\/kazal.pl\/sklep\/wp-content\/uploads\/2021\/05\/MESTO-3275P-Opryskiwacz-budowlany-5L-opryskiwacz-olejowania-szalunkow-poznan-opryskiwacz-do-impregnacji-poznan-opryskiwacz-do-gruntowania-poznan-sklep-opryskiwacze-budowlan-225x300.jpg 225w, https:\/\/kazal.pl\/sklep\/wp-content\/uploads\/2021\/05\/MESTO-3275P-Opryskiwacz-budowlany-5L-opryskiwacz-olejowania-szalunkow-poznan-opryskiwacz-do-impregnacji-poznan-opryskiwacz-do-gruntowania-poznan-sklep-opryskiwacze-budowlan.jpg 600w\" sizes=\"auto, (max-width: 225px) 100vw, 225px\" \/><p id=\"caption-attachment-4197\" class=\"wp-caption-text\">MESTO Opryskiwacz budowlany 5L, 3 bar do olejowania szalunk\u00f3w, gruntowania i impregnacji [ME3275P] <span style=\"color: #ffffff;\">MESTO-3275P-Opryskiwacz-budowlany-5L-opryskiwacz-olejowania-szalunkow-poznan-opryskiwacz-do-impregnacji-poznan-opryskiwacz-do-gruntowania-poznan-sklep-opryskiwacze-budowlan<\/span><\/p><\/div><\/td>\n<\/tr>\n<\/tbody>\n<\/table>\n<p style=\"text-align: center;\"><span style=\"font-size: 10px;\"><br \/>\nWszystkie zdj\u0119cia produkt\u00f3w maj\u0105 charakter pogl\u0105dowy i producent zastrzega sobie prawo do lekkich modyfikacji nie maj\u0105cych wp\u0142ywu na funkcjonowanie produktu.<\/span><\/p>\n<hr \/>\n<div class=\"table-responsive\">\n<div class=\"table-responsive\"><\/div>\n<hr \/>\n<\/div>\n<p style=\"text-align: center;\">\n","protected":false},"excerpt":{"rendered":"<p>Profesjonalny<strong>\u00a0opryskiwacz budowalny\u00a0MESTO<\/strong> ze stalowym t\u0142oczyskiem. Przeznaczony do olejowania szalunk\u00f3w, gruntowania i impregnacji.<\/p>\n<p>&nbsp;<\/p>\n","protected":false},"featured_media":4198,"comment_status":"open","ping_status":"closed","template":"","meta":[],"product_cat":[182,148,135,134],"product_tag":[291,289,132,290,305,282,285,283,284,133,288,306,304,287,303,286],"class_list":{"0":"post-4195","1":"product","2":"type-product","3":"status-publish","4":"has-post-thumbnail","6":"product_cat-budowlane","7":"product_cat-mesto","8":"product_cat-opryskiwacze","9":"product_cat-opryskiwacze-mesto","10":"product_tag-3275p","11":"product_tag-me3275p","12":"product_tag-mesto","13":"product_tag-mesto-3275p","14":"product_tag-mesto-opryskiwacze-poznan","15":"product_tag-opryskiwacz-budowlany","16":"product_tag-opryskiwacz-do-gruntowania-poznan","17":"product_tag-opryskiwacz-do-impregnacji-poznan","18":"product_tag-opryskiwacz-do-olejowania-szalunkow-poznan","19":"product_tag-opryskiwacze","20":"product_tag-opryskiwacze-budowlane-poznan","21":"product_tag-opryskiwacze-mesto","22":"product_tag-opryskiwacze-mesto-poznan","23":"product_tag-opryskiwacze-ogrodowe-poznan","24":"product_tag-opryskiwacze-poznan","25":"product_tag-sklep-z-opryskiwaczami-poznan","26":"product_shipping_class-wysylka-inpost","28":"first","29":"instock","30":"taxable","31":"shipping-taxable","32":"purchasable","33":"product-type-simple"},"_links":{"self":[{"href":"https:\/\/kazal.pl\/sklep\/wp-json\/wp\/v2\/product\/4195","targetHints":{"allow":["GET"]}}],"collection":[{"href":"https:\/\/kazal.pl\/sklep\/wp-json\/wp\/v2\/product"}],"about":[{"href":"https:\/\/kazal.pl\/sklep\/wp-json\/wp\/v2\/types\/product"}],"replies":[{"embeddable":true,"href":"https:\/\/kazal.pl\/sklep\/wp-json\/wp\/v2\/comments?post=4195"}],"wp:featuredmedia":[{"embeddable":true,"href":"https:\/\/kazal.pl\/sklep\/wp-json\/wp\/v2\/media\/4198"}],"wp:attachment":[{"href":"https:\/\/kazal.pl\/sklep\/wp-json\/wp\/v2\/media?parent=4195"}],"wp:term":[{"taxonomy":"product_cat","embeddable":true,"href":"https:\/\/kazal.pl\/sklep\/wp-json\/wp\/v2\/product_cat?post=4195"},{"taxonomy":"product_tag","embeddable":true,"href":"https:\/\/kazal.pl\/sklep\/wp-json\/wp\/v2\/product_tag?post=4195"}],"curies":[{"name":"wp","href":"https:\/\/api.w.org\/{rel}","templated":true}]}}