{"id":4217,"date":"2021-05-14T11:54:00","date_gmt":"2021-05-14T11:54:00","guid":{"rendered":"https:\/\/kazal.pl\/sklep\/?post_type=product&#038;p=4217"},"modified":"2024-10-17T16:32:41","modified_gmt":"2024-10-17T16:32:41","slug":"jazon-mlotek-brukarski-krotki-mgk-poznan-narzedzia-brukarskie-jazon-chwytaki-brukarskie-kleszcze-mlotki","status":"publish","type":"product","link":"https:\/\/kazal.pl\/sklep\/product\/jazon-mlotek-brukarski-krotki-mgk-poznan-narzedzia-brukarskie-jazon-chwytaki-brukarskie-kleszcze-mlotki\/","title":{"rendered":"JAZON M\u0142otek brukarski kr\u00f3tki MGK"},"content":{"rendered":"<h1 style=\"text-align: center;\">JAZON M\u0142otek brukarski kr\u00f3tki MGK<\/h1>\n<hr \/>\n<p style=\"text-align: center;\"><strong>M\u0142otek brukarski<\/strong>\u00a0z wymienn\u0105 gum\u0105 z drewnianym trzonkiem o d\u0142ugo\u015bci 20 cm.<\/p>\n<p style=\"text-align: center;\">Ci\u0119\u017car m\u0142otka 2,4 kg<\/p>\n<table style=\"width: 102%;\">\n<tbody>\n<tr>\n<td style=\"width: 49.9218%;\">&nbsp;<\/p>\n<p>&nbsp;<\/p>\n<p>&nbsp;<\/p>\n<p>&nbsp;<\/p>\n<div id=\"attachment_4218\" style=\"width: 310px\" class=\"wp-caption aligncenter\"><img loading=\"lazy\" decoding=\"async\" aria-describedby=\"caption-attachment-4218\" class=\"wp-image-4218 size-medium\" src=\"https:\/\/kazal.pl\/sklep\/wp-content\/uploads\/2021\/05\/JAZON-Poznan-mlotek-brukarski-krotki-mgk-mgd-narzedzia-brukarskie-Poznan-chwytaki-do-kostki-Poznan-FHU-KAZAL-Poznan-02-MIMAL-PROBST-BELLE-Poznan-MGK-MGD-IB25-WB1-CHP1-CHJZ2-CHW-CHPJ-CHU-2-300x300.jpg\" alt=\"JAZON-Poznan-mlotek-brukarski-krotki-mgk-mgd-narzedzia-brukarskie-Poznan-chwytaki-do-kostki-Poznan-FHU-KAZAL-Poznan-02-MIMAL-PROBST-BELLE-Poznan-MGK-MGD-IB25-WB1-CHP1-CHJZ2-CHW-CHPJ-CHU\" width=\"300\" height=\"300\" srcset=\"https:\/\/kazal.pl\/sklep\/wp-content\/uploads\/2021\/05\/JAZON-Poznan-mlotek-brukarski-krotki-mgk-mgd-narzedzia-brukarskie-Poznan-chwytaki-do-kostki-Poznan-FHU-KAZAL-Poznan-02-MIMAL-PROBST-BELLE-Poznan-MGK-MGD-IB25-WB1-CHP1-CHJZ2-CHW-CHPJ-CHU-2-300x300.jpg 300w, https:\/\/kazal.pl\/sklep\/wp-content\/uploads\/2021\/05\/JAZON-Poznan-mlotek-brukarski-krotki-mgk-mgd-narzedzia-brukarskie-Poznan-chwytaki-do-kostki-Poznan-FHU-KAZAL-Poznan-02-MIMAL-PROBST-BELLE-Poznan-MGK-MGD-IB25-WB1-CHP1-CHJZ2-CHW-CHPJ-CHU-2-150x150.jpg 150w, https:\/\/kazal.pl\/sklep\/wp-content\/uploads\/2021\/05\/JAZON-Poznan-mlotek-brukarski-krotki-mgk-mgd-narzedzia-brukarskie-Poznan-chwytaki-do-kostki-Poznan-FHU-KAZAL-Poznan-02-MIMAL-PROBST-BELLE-Poznan-MGK-MGD-IB25-WB1-CHP1-CHJZ2-CHW-CHPJ-CHU-2-90x90.jpg 90w, https:\/\/kazal.pl\/sklep\/wp-content\/uploads\/2021\/05\/JAZON-Poznan-mlotek-brukarski-krotki-mgk-mgd-narzedzia-brukarskie-Poznan-chwytaki-do-kostki-Poznan-FHU-KAZAL-Poznan-02-MIMAL-PROBST-BELLE-Poznan-MGK-MGD-IB25-WB1-CHP1-CHJZ2-CHW-CHPJ-CHU-2.jpg 500w\" sizes=\"auto, (max-width: 300px) 100vw, 300px\" \/><p id=\"caption-attachment-4218\" class=\"wp-caption-text\"><span style=\"color: #ffffff;\"><strong><span style=\"color: #000000;\">JAZON M\u0142otek brukarski kr\u00f3tki MGK<\/span><\/strong> JAZON M\u0142otek brukarski kr\u00f3tki MGKJAZON-Poznan-mlotek-brukarski-krotki-mgk-mgd-narzedzia-brukarskie-Poznan-chwytaki-do-kostki-Poznan-FHU-KAZAL-Poznan-02-MIMAL-PROBST-BELLE-Poznan-MGK-MGD-IB25-WB1-CHP1-CHJZ2-CHW-CHPJ-CHU<\/span><\/p><\/div>\n<p>&nbsp;<\/td>\n<td style=\"width: 49.9218%;\">&nbsp;<\/p>\n<p>&nbsp;<\/p>\n<div id=\"attachment_4219\" style=\"width: 310px\" class=\"wp-caption aligncenter\"><img loading=\"lazy\" decoding=\"async\" aria-describedby=\"caption-attachment-4219\" class=\"wp-image-4219 size-medium\" src=\"https:\/\/kazal.pl\/sklep\/wp-content\/uploads\/2021\/05\/JAZON-Poznan-mlotek-brukarski-krotki-mgk-mgd-narzedzia-brukarskie-Poznan-chwytaki-do-kostki-Poznan-FHU-KAZAL-Poznan-02-MIMAL-PROBST-BELLE-Poznan-MGK-MGD-IB25-WB1-CHP1-CHJZ2-CHW-CHPJ-CHU-300x300.jpg\" alt=\"JAZON-Poznan-mlotek-brukarski-krotki-mgk-mgd-narzedzia-brukarskie-Poznan-chwytaki-do-kostki-Poznan-FHU-KAZAL-Poznan-02-MIMAL-PROBST-BELLE-Poznan-MGK-MGD-IB25-WB1-CHP1-CHJZ2-CHW-CHPJ-CHU\" width=\"300\" height=\"300\" srcset=\"https:\/\/kazal.pl\/sklep\/wp-content\/uploads\/2021\/05\/JAZON-Poznan-mlotek-brukarski-krotki-mgk-mgd-narzedzia-brukarskie-Poznan-chwytaki-do-kostki-Poznan-FHU-KAZAL-Poznan-02-MIMAL-PROBST-BELLE-Poznan-MGK-MGD-IB25-WB1-CHP1-CHJZ2-CHW-CHPJ-CHU-300x300.jpg 300w, https:\/\/kazal.pl\/sklep\/wp-content\/uploads\/2021\/05\/JAZON-Poznan-mlotek-brukarski-krotki-mgk-mgd-narzedzia-brukarskie-Poznan-chwytaki-do-kostki-Poznan-FHU-KAZAL-Poznan-02-MIMAL-PROBST-BELLE-Poznan-MGK-MGD-IB25-WB1-CHP1-CHJZ2-CHW-CHPJ-CHU-150x150.jpg 150w, https:\/\/kazal.pl\/sklep\/wp-content\/uploads\/2021\/05\/JAZON-Poznan-mlotek-brukarski-krotki-mgk-mgd-narzedzia-brukarskie-Poznan-chwytaki-do-kostki-Poznan-FHU-KAZAL-Poznan-02-MIMAL-PROBST-BELLE-Poznan-MGK-MGD-IB25-WB1-CHP1-CHJZ2-CHW-CHPJ-CHU-90x90.jpg 90w, https:\/\/kazal.pl\/sklep\/wp-content\/uploads\/2021\/05\/JAZON-Poznan-mlotek-brukarski-krotki-mgk-mgd-narzedzia-brukarskie-Poznan-chwytaki-do-kostki-Poznan-FHU-KAZAL-Poznan-02-MIMAL-PROBST-BELLE-Poznan-MGK-MGD-IB25-WB1-CHP1-CHJZ2-CHW-CHPJ-CHU.jpg 500w\" sizes=\"auto, (max-width: 300px) 100vw, 300px\" \/><p id=\"caption-attachment-4219\" class=\"wp-caption-text\"><span style=\"color: #ffffff;\"><strong><span style=\"color: #000000;\">JAZON M\u0142otek brukarski kr\u00f3tki MGK <\/span><\/strong>JAZON-Poznan-mlotek-brukarski-krotki-mgk-mgd-narzedzia-brukarskie-Poznan-chwytaki-do-kostki-Poznan-FHU-KAZAL-Poznan-02-MIMAL-PROBST-BELLE-Poznan-MGK-MGD-IB25-WB1-CHP1-CHJZ2-CHW-CHPJ-CHU<\/span><\/p><\/div><\/td>\n<\/tr>\n<\/tbody>\n<\/table>\n<p style=\"text-align: center;\"><span style=\"font-size: 10px;\"><br \/>\nWszystkie zdj\u0119cia produkt\u00f3w maj\u0105 charakter pogl\u0105dowy i producent zastrzega sobie prawo do lekkich modyfikacji nie maj\u0105cych wp\u0142ywu na funkcjonowanie produktu.<\/span><\/p>\n<hr \/>\n<div class=\"table-responsive\">\n<h3 class=\"text-primary font-weight-bold h4 mb-3\">Dane techniczne<\/h3>\n<div class=\"table-responsive\">\n<table class=\"table\">\n<tbody>\n<tr>\n<td class=\"text-muted pl-0\">D\u0142ugo\u015b\u0107 trzonka<\/td>\n<td class=\"text-right text-primary font-weight-bold pr-0\">20 cm<\/td>\n<\/tr>\n<tr>\n<td class=\"text-muted pl-0\">Masa w\u0142asna<\/td>\n<td class=\"text-right text-primary font-weight-bold pr-0\">2,4 kg<\/td>\n<\/tr>\n<\/tbody>\n<\/table>\n<\/div>\n<hr \/>\n<\/div>\n<p style=\"text-align: center;\"><iframe loading=\"lazy\" src=\"\/\/www.youtube.com\/embed\/FFC3dTAqGPE?feature=emb_logo\" width=\"560\" height=\"314\" allowfullscreen=\"allowfullscreen\"><\/iframe><\/p>\n","protected":false},"excerpt":{"rendered":"<p><strong>M\u0142otek brukarski<\/strong> firmy <strong>JAZON<\/strong> z wymienn\u0105 gum\u0105 z drewnianym trzonkiem o d\u0142ugo\u015bci 20 cm.<\/p>\n<p>&nbsp;<\/p>\n","protected":false},"featured_media":4219,"comment_status":"open","ping_status":"closed","template":"","meta":[],"product_cat":[217,327,218,252],"product_tag":[235,223,273,295,294,229,298,299,266,300,274],"class_list":{"0":"post-4217","1":"product","2":"type-product","3":"status-publish","4":"has-post-thumbnail","6":"product_cat-jazon-narzedzia-brukarskie","7":"product_cat-jazon","8":"product_cat-narzedzia-brukarskie","9":"product_cat-pozostale-narzedzia-jazon","10":"product_tag-chwytaki-brukarskie-poznan","11":"product_tag-jazon","12":"product_tag-kleszcze-brukarskie-poznan","13":"product_tag-mlotek-brukarski-jazon-mimal-probst-belle","14":"product_tag-mlotki-brukarskie-poznan","15":"product_tag-narzedzia-brukarskie","16":"product_tag-narzedzia-brukarskie-jazon","17":"product_tag-narzedzia-brukarskie-jazon-poznan","18":"product_tag-narzedzia-brukarskie-poznan","19":"product_tag-poznan-narzedzia-brukarskie-jazon","20":"product_tag-sprzet-brukarski-poznan","21":"product_shipping_class-wysylka-inpost","23":"first","24":"instock","25":"taxable","26":"shipping-taxable","27":"purchasable","28":"product-type-simple"},"_links":{"self":[{"href":"https:\/\/kazal.pl\/sklep\/wp-json\/wp\/v2\/product\/4217","targetHints":{"allow":["GET"]}}],"collection":[{"href":"https:\/\/kazal.pl\/sklep\/wp-json\/wp\/v2\/product"}],"about":[{"href":"https:\/\/kazal.pl\/sklep\/wp-json\/wp\/v2\/types\/product"}],"replies":[{"embeddable":true,"href":"https:\/\/kazal.pl\/sklep\/wp-json\/wp\/v2\/comments?post=4217"}],"wp:featuredmedia":[{"embeddable":true,"href":"https:\/\/kazal.pl\/sklep\/wp-json\/wp\/v2\/media\/4219"}],"wp:attachment":[{"href":"https:\/\/kazal.pl\/sklep\/wp-json\/wp\/v2\/media?parent=4217"}],"wp:term":[{"taxonomy":"product_cat","embeddable":true,"href":"https:\/\/kazal.pl\/sklep\/wp-json\/wp\/v2\/product_cat?post=4217"},{"taxonomy":"product_tag","embeddable":true,"href":"https:\/\/kazal.pl\/sklep\/wp-json\/wp\/v2\/product_tag?post=4217"}],"curies":[{"name":"wp","href":"https:\/\/api.w.org\/{rel}","templated":true}]}}