{"id":4220,"date":"2021-05-14T13:35:22","date_gmt":"2021-05-14T13:35:22","guid":{"rendered":"https:\/\/kazal.pl\/sklep\/?post_type=product&#038;p=4220"},"modified":"2024-10-17T16:33:22","modified_gmt":"2024-10-17T16:33:22","slug":"jazon-mlotek-brukarski-dlugi-mgd","status":"publish","type":"product","link":"https:\/\/kazal.pl\/sklep\/product\/jazon-mlotek-brukarski-dlugi-mgd\/","title":{"rendered":"JAZON M\u0142otek brukarski d\u0142ugi MGD"},"content":{"rendered":"<h1 style=\"text-align: center;\">JAZON M\u0142otek brukarski d\u0142ugi MGD<\/h1>\n<hr \/>\n<p style=\"text-align: center;\"><strong>M\u0142otek brukarski<\/strong> z wymienn\u0105 gum\u0105 z drewnianym trzonkiem o d\u0142ugo\u015bci <strong>90 cm<\/strong>.<\/p>\n<p style=\"text-align: center;\">Ci\u0119\u017car m\u0142otka 3,2 kg<\/p>\n<table style=\"width: 102%;\">\n<tbody>\n<tr>\n<td style=\"width: 49.9218%;\">&nbsp;<\/p>\n<p>&nbsp;<\/p>\n<p>&nbsp;<\/p>\n<p>&nbsp;<\/p>\n<div id=\"attachment_4223\" style=\"width: 310px\" class=\"wp-caption aligncenter\"><img loading=\"lazy\" decoding=\"async\" aria-describedby=\"caption-attachment-4223\" class=\"wp-image-4223 size-medium\" src=\"https:\/\/kazal.pl\/sklep\/wp-content\/uploads\/2021\/05\/mlotek-brukarski-dlugi-300x300.jpg\" alt=\"JAZON-Poznan-mlotek-brukarski-krotki-mgk-d\u0142ugi-mgd-narzedzia-brukarskie-Poznan-chwytaki-do-kostki-Poznan-FHU-KAZAL-Poznan-02-MIMAL-PROBST-BELLE-Poznan-MGK-MGD-IB25-WB1-CHP1-CHJZ2-CHW-CHPJ-CHU (2)\" width=\"300\" height=\"300\" srcset=\"https:\/\/kazal.pl\/sklep\/wp-content\/uploads\/2021\/05\/mlotek-brukarski-dlugi-300x300.jpg 300w, https:\/\/kazal.pl\/sklep\/wp-content\/uploads\/2021\/05\/mlotek-brukarski-dlugi-150x150.jpg 150w, https:\/\/kazal.pl\/sklep\/wp-content\/uploads\/2021\/05\/mlotek-brukarski-dlugi-90x90.jpg 90w, https:\/\/kazal.pl\/sklep\/wp-content\/uploads\/2021\/05\/mlotek-brukarski-dlugi.jpg 500w\" sizes=\"auto, (max-width: 300px) 100vw, 300px\" \/><p id=\"caption-attachment-4223\" class=\"wp-caption-text\"><span style=\"color: #ffffff;\"><span style=\"color: #333333;\"><strong>JAZON M\u0142otek brukarski d\u0142ugi MGD<\/strong><\/span> JAZON-Poznan-mlotek-brukarski-krotki-mgk-d\u0142ugi-mgd-narzedzia-brukarskie-Poznan-chwytaki-do-kostki-Poznan-FHU-KAZAL-Poznan-02-MIMAL-PROBST-BELLE-Poznan-MGK-MGD-IB25-WB1-CHP1-CHJZ2-CHW-CHPJ-CHU (2)<\/span><\/p><\/div>\n<p>&nbsp;<\/td>\n<td style=\"width: 49.9218%;\">&nbsp;<\/p>\n<p>&nbsp;<\/p>\n<div id=\"attachment_4222\" style=\"width: 310px\" class=\"wp-caption aligncenter\"><img loading=\"lazy\" decoding=\"async\" aria-describedby=\"caption-attachment-4222\" class=\"wp-image-4222 size-medium\" src=\"https:\/\/kazal.pl\/sklep\/wp-content\/uploads\/2021\/05\/mlotek-brukarski-dlugi-1-300x300.jpg\" alt=\"JAZON-Poznan-mlotek-brukarski-krotki-mgk-d\u0142ugi-mgd-narzedzia-brukarskie-Poznan-chwytaki-do-kostki-Poznan-FHU-KAZAL-Poznan-02-MIMAL-PROBST-BELLE-Poznan-MGK-MGD-IB25-WB1-CHP1-CHJZ2-CHW-CHPJ-CHU (2)\" width=\"300\" height=\"300\" srcset=\"https:\/\/kazal.pl\/sklep\/wp-content\/uploads\/2021\/05\/mlotek-brukarski-dlugi-1-300x300.jpg 300w, https:\/\/kazal.pl\/sklep\/wp-content\/uploads\/2021\/05\/mlotek-brukarski-dlugi-1-150x150.jpg 150w, https:\/\/kazal.pl\/sklep\/wp-content\/uploads\/2021\/05\/mlotek-brukarski-dlugi-1-90x90.jpg 90w, https:\/\/kazal.pl\/sklep\/wp-content\/uploads\/2021\/05\/mlotek-brukarski-dlugi-1.jpg 500w\" sizes=\"auto, (max-width: 300px) 100vw, 300px\" \/><p id=\"caption-attachment-4222\" class=\"wp-caption-text\"><span style=\"color: #ffffff;\"><span style=\"color: #333333;\"><strong>JAZON M\u0142otek brukarski d\u0142ugi MGD<\/strong><\/span> JAZON-Poznan-mlotek-brukarski-krotki-mgk-d\u0142ugi-mgd-narzedzia-brukarskie-Poznan-chwytaki-do-kostki-Poznan-FHU-KAZAL-Poznan-02-MIMAL-PROBST-BELLE-Poznan-MGK-MGD-IB25-WB1-CHP1-CHJZ2-CHW-CHPJ-CHU (2)<\/span><\/p><\/div><\/td>\n<\/tr>\n<\/tbody>\n<\/table>\n<p style=\"text-align: center;\"><span style=\"font-size: 10px;\"><br \/>\nWszystkie zdj\u0119cia produkt\u00f3w maj\u0105 charakter pogl\u0105dowy i producent zastrzega sobie prawo do lekkich modyfikacji nie maj\u0105cych wp\u0142ywu na funkcjonowanie produktu.<\/span><\/p>\n<hr \/>\n<div class=\"table-responsive\">\n<h3 class=\"text-primary font-weight-bold h4 mb-3\">Dane techniczne<\/h3>\n<div class=\"table-responsive\">\n<table class=\"table\">\n<tbody>\n<tr>\n<td class=\"text-muted pl-0\">D\u0142ugo\u015b\u0107 trzonka<\/td>\n<td class=\"text-right text-primary font-weight-bold pr-0\">90 cm<\/td>\n<\/tr>\n<tr>\n<td class=\"text-muted pl-0\">Masa w\u0142asna<\/td>\n<td class=\"text-right text-primary font-weight-bold pr-0\">3,2 kg<\/td>\n<\/tr>\n<\/tbody>\n<\/table>\n<\/div>\n<hr \/>\n<\/div>\n<p style=\"text-align: center;\"><iframe loading=\"lazy\" src=\"\/\/www.youtube.com\/embed\/FFC3dTAqGPE?feature=emb_logo\" width=\"560\" height=\"314\" allowfullscreen=\"allowfullscreen\"><\/iframe><\/p>\n","protected":false},"excerpt":{"rendered":"<p><strong>M\u0142otek brukarski<\/strong> firmy <strong>JAZON<\/strong> z wymienn\u0105 gum\u0105 z drewnianym trzonkiem o d\u0142ugo\u015bci 90 cm.<\/p>\n<p>&nbsp;<\/p>\n","protected":false},"featured_media":4221,"comment_status":"open","ping_status":"closed","template":"","meta":[],"product_cat":[217,327,218,252],"product_tag":[235,223,273,295,297,294,229,298,299,266,300,274],"class_list":{"0":"post-4220","1":"product","2":"type-product","3":"status-publish","4":"has-post-thumbnail","6":"product_cat-jazon-narzedzia-brukarskie","7":"product_cat-jazon","8":"product_cat-narzedzia-brukarskie","9":"product_cat-pozostale-narzedzia-jazon","10":"product_tag-chwytaki-brukarskie-poznan","11":"product_tag-jazon","12":"product_tag-kleszcze-brukarskie-poznan","13":"product_tag-mlotek-brukarski-jazon-mimal-probst-belle","14":"product_tag-mlotek-brukarski-mgd","15":"product_tag-mlotki-brukarskie-poznan","16":"product_tag-narzedzia-brukarskie","17":"product_tag-narzedzia-brukarskie-jazon","18":"product_tag-narzedzia-brukarskie-jazon-poznan","19":"product_tag-narzedzia-brukarskie-poznan","20":"product_tag-poznan-narzedzia-brukarskie-jazon","21":"product_tag-sprzet-brukarski-poznan","22":"product_shipping_class-wysylka-inpost","24":"first","25":"instock","26":"taxable","27":"shipping-taxable","28":"purchasable","29":"product-type-simple"},"_links":{"self":[{"href":"https:\/\/kazal.pl\/sklep\/wp-json\/wp\/v2\/product\/4220","targetHints":{"allow":["GET"]}}],"collection":[{"href":"https:\/\/kazal.pl\/sklep\/wp-json\/wp\/v2\/product"}],"about":[{"href":"https:\/\/kazal.pl\/sklep\/wp-json\/wp\/v2\/types\/product"}],"replies":[{"embeddable":true,"href":"https:\/\/kazal.pl\/sklep\/wp-json\/wp\/v2\/comments?post=4220"}],"wp:featuredmedia":[{"embeddable":true,"href":"https:\/\/kazal.pl\/sklep\/wp-json\/wp\/v2\/media\/4221"}],"wp:attachment":[{"href":"https:\/\/kazal.pl\/sklep\/wp-json\/wp\/v2\/media?parent=4220"}],"wp:term":[{"taxonomy":"product_cat","embeddable":true,"href":"https:\/\/kazal.pl\/sklep\/wp-json\/wp\/v2\/product_cat?post=4220"},{"taxonomy":"product_tag","embeddable":true,"href":"https:\/\/kazal.pl\/sklep\/wp-json\/wp\/v2\/product_tag?post=4220"}],"curies":[{"name":"wp","href":"https:\/\/api.w.org\/{rel}","templated":true}]}}