{"id":4224,"date":"2021-05-17T11:24:22","date_gmt":"2021-05-17T11:24:22","guid":{"rendered":"https:\/\/kazal.pl\/sklep\/?post_type=product&#038;p=4224"},"modified":"2022-04-06T09:39:31","modified_gmt":"2022-04-06T09:39:31","slug":"mesto-opryskiwacz-cisnieniowy-budowlany-me3132p","status":"publish","type":"product","link":"https:\/\/kazal.pl\/sklep\/product\/mesto-opryskiwacz-cisnieniowy-budowlany-me3132p\/","title":{"rendered":"MESTO Opryskiwacz ci\u015bnieniowy budowlany [ME3132P]"},"content":{"rendered":"<h1><strong>Opryskiwacz ci\u015bnieniowy budowlany MESTO 3132P 1,5l<\/strong><\/h1>\n<p><b>Opryskiwacz 3132P MESTO<\/b> Opryskiwacz budowlany odporny na oleje i ciecze na bazie nafty.<\/p>\n<p>Charakterystyka produktu:<\/p>\n<ul>\n<li>Wysokiej jako\u015bci opryskiwacz budowlany firmy Mesto odporny na oleje i ciecze na bazie nafty.<\/li>\n<li>Zbiornik wykonany z tworzywa sztucznego.<\/li>\n<li>Uszczelki FPM (Viton\u00ae) odporne na: wysokie temperatury, oleje, smary mineralne, paliwa, kwasy, siarczany, amoniak, chlorki, w\u0119glowodory aromatyczne (w odpowiednich st\u0119\u017ceniach), ozon, warunki atmosferyczne.<\/li>\n<li>Bardzo du\u017cy otw\u00f3r nape\u0142nienia.<\/li>\n<li>Szeroka podstawa, dzi\u0119ki kt\u00f3rej opryskiwacz stoi stabilnie na nier\u00f3wnej powierzchni.<\/li>\n<li>Dysza p\u0142aska 80-01<\/li>\n<\/ul>\n<p><strong>Dane techniczne:<\/strong><\/p>\n<ul>\n<li>Pojemno\u015b\u0107 ca\u0142kowita: 1,8 l<\/li>\n<li>Pojemno\u015b\u0107 robocza: 1,5 l<\/li>\n<li>Ci\u015bnienie robocze: 3 bar<\/li>\n<li>Masa przy pustym zbiorniku: 550 g<\/li>\n<li>Zastosowanie: pH 1 &#8211; 9<\/li>\n<li>Pompa: Nylon, PA<\/li>\n<\/ul>\n<p>&nbsp;<\/p>\n<p style=\"text-align: center;\"><iframe loading=\"lazy\" src=\"\/\/www.youtube.com\/embed\/f81cDfEx1oM\" width=\"560\" height=\"314\" allowfullscreen=\"allowfullscreen\"><\/iframe><\/p>\n","protected":false},"excerpt":{"rendered":"<p><b>Opryskiwacz 3132P MESTO<\/b> Opryskiwacz budowlany odporny na oleje i ciecze na bazie nafty.<\/p>\n","protected":false},"featured_media":4227,"comment_status":"open","ping_status":"closed","template":"","meta":[],"product_cat":[182,148,135,134],"product_tag":[302,301,132,305,133,306,304,303],"class_list":{"0":"post-4224","1":"product","2":"type-product","3":"status-publish","4":"has-post-thumbnail","6":"product_cat-budowlane","7":"product_cat-mesto","8":"product_cat-opryskiwacze","9":"product_cat-opryskiwacze-mesto","10":"product_tag-3132p","11":"product_tag-me3132p","12":"product_tag-mesto","13":"product_tag-mesto-opryskiwacze-poznan","14":"product_tag-opryskiwacze","15":"product_tag-opryskiwacze-mesto","16":"product_tag-opryskiwacze-mesto-poznan","17":"product_tag-opryskiwacze-poznan","18":"product_shipping_class-wysylka-inpost","20":"first","21":"instock","22":"taxable","23":"shipping-taxable","24":"purchasable","25":"product-type-simple"},"_links":{"self":[{"href":"https:\/\/kazal.pl\/sklep\/wp-json\/wp\/v2\/product\/4224","targetHints":{"allow":["GET"]}}],"collection":[{"href":"https:\/\/kazal.pl\/sklep\/wp-json\/wp\/v2\/product"}],"about":[{"href":"https:\/\/kazal.pl\/sklep\/wp-json\/wp\/v2\/types\/product"}],"replies":[{"embeddable":true,"href":"https:\/\/kazal.pl\/sklep\/wp-json\/wp\/v2\/comments?post=4224"}],"wp:featuredmedia":[{"embeddable":true,"href":"https:\/\/kazal.pl\/sklep\/wp-json\/wp\/v2\/media\/4227"}],"wp:attachment":[{"href":"https:\/\/kazal.pl\/sklep\/wp-json\/wp\/v2\/media?parent=4224"}],"wp:term":[{"taxonomy":"product_cat","embeddable":true,"href":"https:\/\/kazal.pl\/sklep\/wp-json\/wp\/v2\/product_cat?post=4224"},{"taxonomy":"product_tag","embeddable":true,"href":"https:\/\/kazal.pl\/sklep\/wp-json\/wp\/v2\/product_tag?post=4224"}],"curies":[{"name":"wp","href":"https:\/\/api.w.org\/{rel}","templated":true}]}}