{"id":4243,"date":"2021-05-20T13:52:25","date_gmt":"2021-05-20T13:52:25","guid":{"rendered":"https:\/\/kazal.pl\/sklep\/?post_type=product&#038;p=4243"},"modified":"2023-01-03T10:40:29","modified_gmt":"2023-01-03T10:40:29","slug":"probst-chwytak-uniwersalny-brukarski-do-kraweznikow-plyt-easygrip-exg-maxi-53100370","status":"publish","type":"product","link":"https:\/\/kazal.pl\/sklep\/product\/probst-chwytak-uniwersalny-brukarski-do-kraweznikow-plyt-easygrip-exg-maxi-53100370\/","title":{"rendered":"PROBST Chwytak uniwersalny brukarski do kraw\u0119\u017cnik\u00f3w p\u0142yt EASYGRIP EXG-MAXI [53100392]"},"content":{"rendered":"<h1 style=\"text-align: center;\">PROBST Chwytak uniwersalny brukarski do kraw\u0119\u017cnik\u00f3w p\u0142yt EASYGRIP EXG-MAXI<\/h1>\n<hr \/>\n<p style=\"text-align: center;\">Chwytak <strong>EXG<\/strong> firmy <strong>PROBST <\/strong>to lekki i por\u0119czny chwytak do przenoszenia szerokiej gamy prostok\u0105tnych oraz p\u0142askich prefabrykat\u00f3w betonowych oraz element\u00f3w z kamienia naturalnego o regularnych kszta\u0142tach.<br \/>\nPrzeznaczony zar\u00f3wno do pracy r\u0119cznej jak mechanicznej.<br \/>\nUniwersalny &#8211; pasuje do wielu prefabrykat\u00f3w betonowych stosowanych w brukarstwie, budownictwie drogowym i og\u00f3lnym<br \/>\nDu\u017cy, regulowany zakres szeroko\u015bci i g\u0142\u0119boko\u015bci roboczej od 0-400mm.<br \/>\nDwie r\u0105czki do pracy r\u0119cznej lub zaczep oczkowy do podwieszenia chwytaka pod kopark\u0119, \u0142adowark\u0119 itp. &#8211; dzi\u0119ki temu do pracy potrzebne s\u0105 dwie lub tylko jedna osoba.<br \/>\nWymienne gumowe ok\u0142adziny zacisku.<\/p>\n<p style=\"text-align: center;\">Ca\u0142o\u015b\u0107 zabezpieczona przed korozj\u0105 poprzez galwanizacj\u0119<\/p>\n<p style=\"text-align: center;\"><strong>NOWY &#8211; Dost\u0119pny od r\u0119ki &#8211; w sklepie stacjonarnym lub wysy\u0142ka.<\/strong><\/p>\n<table style=\"width: 102%;\">\n<tbody>\n<tr>\n<td style=\"width: 49.9218%;\">&nbsp;<\/p>\n<p>&nbsp;<\/p>\n<p>&nbsp;<\/p>\n<p>&nbsp;<\/p>\n<div id=\"attachment_4244\" style=\"width: 235px\" class=\"wp-caption aligncenter\"><img loading=\"lazy\" decoding=\"async\" aria-describedby=\"caption-attachment-4244\" class=\"wp-image-4244 size-medium\" src=\"https:\/\/kazal.pl\/sklep\/wp-content\/uploads\/2021\/05\/PROBST-Poznan-Chwytak-uniwersalny-EASYGRIP-EXG-Probst-53100370-narzedzia-brukarskie-Poznan-chwytaki-do-kostki-Poznan-FHU-KAZAL-Poznan-MIMAL-PROBST-BELLE-Poznan-225x300.jpg\" alt=\"PROBST-Poznan-Chwytak-uniwersalny-EASYGRIP-EXG-Probst-53100370-narzedzia-brukarskie-Poznan-chwytaki-do-kostki-Poznan-FHU-KAZAL-Poznan-MIMAL-PROBST-BELLE-Poznan\" width=\"225\" height=\"300\" srcset=\"https:\/\/kazal.pl\/sklep\/wp-content\/uploads\/2021\/05\/PROBST-Poznan-Chwytak-uniwersalny-EASYGRIP-EXG-Probst-53100370-narzedzia-brukarskie-Poznan-chwytaki-do-kostki-Poznan-FHU-KAZAL-Poznan-MIMAL-PROBST-BELLE-Poznan-225x300.jpg 225w, https:\/\/kazal.pl\/sklep\/wp-content\/uploads\/2021\/05\/PROBST-Poznan-Chwytak-uniwersalny-EASYGRIP-EXG-Probst-53100370-narzedzia-brukarskie-Poznan-chwytaki-do-kostki-Poznan-FHU-KAZAL-Poznan-MIMAL-PROBST-BELLE-Poznan.jpg 600w\" sizes=\"auto, (max-width: 225px) 100vw, 225px\" \/><p id=\"caption-attachment-4244\" class=\"wp-caption-text\"><strong>PROBST Chwytak uniwersalny brukarski do kraw\u0119\u017cnik\u00f3w p\u0142yt EASYGRIP EXG-MAXI<\/strong> <span style=\"color: #ffffff;\">PROBST-Poznan-Chwytak-uniwersalny-EASYGRIP-EXG-Probst-53100370-narzedzia-brukarskie-Poznan-chwytaki-do-kostki-Poznan-FHU-KAZAL-Poznan-MIMAL-PROBST-BELLE-Poznan<\/span><\/p><\/div>\n<p>&nbsp;<\/td>\n<td style=\"width: 49.9218%;\">&nbsp;<\/p>\n<p>&nbsp;<\/p>\n<div id=\"attachment_4245\" style=\"width: 249px\" class=\"wp-caption aligncenter\"><img loading=\"lazy\" decoding=\"async\" aria-describedby=\"caption-attachment-4245\" class=\"wp-image-4245 size-medium\" src=\"https:\/\/kazal.pl\/sklep\/wp-content\/uploads\/2021\/05\/PROBST-Poznan-Chwytak-uniwersalny-EASYGRIP-EXG-Probst-53100370-narzedzia-brukarskie-Poznan-chwytaki-do-kostki-Poznan-FHU-KAZAL-Poznan-MIMAL-PROBST-BELLE-Poznan_-239x300.jpg\" alt=\"PROBST-Poznan-Chwytak-uniwersalny-EASYGRIP-EXG-Probst-53100370-narzedzia-brukarskie-Poznan-chwytaki-do-kostki-Poznan-FHU-KAZAL-Poznan-MIMAL-PROBST-BELLE-Poznan_\" width=\"239\" height=\"300\" srcset=\"https:\/\/kazal.pl\/sklep\/wp-content\/uploads\/2021\/05\/PROBST-Poznan-Chwytak-uniwersalny-EASYGRIP-EXG-Probst-53100370-narzedzia-brukarskie-Poznan-chwytaki-do-kostki-Poznan-FHU-KAZAL-Poznan-MIMAL-PROBST-BELLE-Poznan_-239x300.jpg 239w, https:\/\/kazal.pl\/sklep\/wp-content\/uploads\/2021\/05\/PROBST-Poznan-Chwytak-uniwersalny-EASYGRIP-EXG-Probst-53100370-narzedzia-brukarskie-Poznan-chwytaki-do-kostki-Poznan-FHU-KAZAL-Poznan-MIMAL-PROBST-BELLE-Poznan_.jpg 600w\" sizes=\"auto, (max-width: 239px) 100vw, 239px\" \/><p id=\"caption-attachment-4245\" class=\"wp-caption-text\"><strong>PROBST Chwytak uniwersalny brukarski do kraw\u0119\u017cnik\u00f3w p\u0142yt EASYGRIP EXG-MAXI <\/strong><span style=\"color: #ffffff;\">PROBST-Poznan-Chwytak-uniwersalny-EASYGRIP-EXG-Probst-53100370-narzedzia-brukarskie-Poznan-chwytaki-do-kostki-Poznan-FHU-KAZAL-Poznan-MIMAL-PROBST-BELLE-Poznan_<\/span><\/p><\/div><\/td>\n<\/tr>\n<\/tbody>\n<\/table>\n<p style=\"text-align: center;\"><span style=\"font-size: 10px;\"><br \/>\nWszystkie zdj\u0119cia produkt\u00f3w maj\u0105 charakter pogl\u0105dowy i producent zastrzega sobie prawo do lekkich modyfikacji nie maj\u0105cych wp\u0142ywu na funkcjonowanie produktu.<\/span><\/p>\n<hr \/>\n<div class=\"table-responsive\">\n<h3 class=\"text-primary font-weight-bold h4 mb-3\">Dane techniczne<\/h3>\n<div class=\"table-responsive\">\n<table class=\"table\">\n<tbody>\n<tr>\n<td>SZEROKO\u015a\u0106 CHWYTU<\/td>\n<td>0 \u2013 400 mm<\/td>\n<\/tr>\n<tr>\n<td>\n<div>D\u0141UGO\u015a\u0106 CHWYTU<\/div>\n<\/td>\n<td>235 mm<\/td>\n<\/tr>\n<tr>\n<td>\n<div>WYSOKO\u015a\u0106 WEWN\u0104TRZ<\/div>\n<\/td>\n<td>165 \u2013 215 mm<\/td>\n<\/tr>\n<tr>\n<td>\n<div>UD\u0179WIG<\/div>\n<\/td>\n<td>600 kg<\/td>\n<\/tr>\n<tr>\n<td>MASA W\u0141ASNA<\/td>\n<td>15 kg<\/td>\n<\/tr>\n<\/tbody>\n<\/table>\n<\/div>\n<hr \/>\n<\/div>\n<p style=\"text-align: center;\"><iframe loading=\"lazy\" src=\"\/\/www.youtube.com\/embed\/IHlA9E_XNCQ\" width=\"560\" height=\"314\" allowfullscreen=\"allowfullscreen\"><\/iframe><\/p>\n","protected":false},"excerpt":{"rendered":"<p>Chwytak <strong>EXG <\/strong>firmy <strong>PROBST<\/strong>\u00a0to lekki i por\u0119czny chwytak do przenoszenia szerokiej gamy prostok\u0105tnych oraz p\u0142askich prefabrykat\u00f3w betonowych oraz element\u00f3w z kamienia naturalnego o regularnych kszta\u0142tach.<\/p>\n<p>&nbsp;<\/p>\n","protected":false},"featured_media":4244,"comment_status":"open","ping_status":"closed","template":"","meta":[],"product_cat":[313,218,312,311],"product_tag":[235,320,318,323,322,273,295,294,229,266,317,321,324,319,274],"class_list":{"0":"post-4243","1":"product","2":"type-product","3":"status-publish","4":"has-post-thumbnail","6":"product_cat-chwytaki-uniwersalne-probst","7":"product_cat-narzedzia-brukarskie","8":"product_cat-probst-narzedzia-brukarskie","9":"product_cat-probst","10":"product_tag-chwytaki-brukarskie-poznan","11":"product_tag-chwytaki-probst-poznan","12":"product_tag-chwytaki-uniwersalne-probst","13":"product_tag-easygrip-exg","14":"product_tag-exg","15":"product_tag-kleszcze-brukarskie-poznan","16":"product_tag-mlotek-brukarski-jazon-mimal-probst-belle","17":"product_tag-mlotki-brukarskie-poznan","18":"product_tag-narzedzia-brukarskie","19":"product_tag-narzedzia-brukarskie-poznan","20":"product_tag-narzedzia-brukarskie-proobst","21":"product_tag-poznan-narzedzia-brukarskie-probst-poznan","22":"product_tag-probst-exg","23":"product_tag-probst-poznan","24":"product_tag-sprzet-brukarski-poznan","25":"product_shipping_class-wysylka-inpost","27":"first","28":"instock","29":"taxable","30":"shipping-taxable","31":"purchasable","32":"product-type-simple"},"_links":{"self":[{"href":"https:\/\/kazal.pl\/sklep\/wp-json\/wp\/v2\/product\/4243","targetHints":{"allow":["GET"]}}],"collection":[{"href":"https:\/\/kazal.pl\/sklep\/wp-json\/wp\/v2\/product"}],"about":[{"href":"https:\/\/kazal.pl\/sklep\/wp-json\/wp\/v2\/types\/product"}],"replies":[{"embeddable":true,"href":"https:\/\/kazal.pl\/sklep\/wp-json\/wp\/v2\/comments?post=4243"}],"wp:featuredmedia":[{"embeddable":true,"href":"https:\/\/kazal.pl\/sklep\/wp-json\/wp\/v2\/media\/4244"}],"wp:attachment":[{"href":"https:\/\/kazal.pl\/sklep\/wp-json\/wp\/v2\/media?parent=4243"}],"wp:term":[{"taxonomy":"product_cat","embeddable":true,"href":"https:\/\/kazal.pl\/sklep\/wp-json\/wp\/v2\/product_cat?post=4243"},{"taxonomy":"product_tag","embeddable":true,"href":"https:\/\/kazal.pl\/sklep\/wp-json\/wp\/v2\/product_tag?post=4243"}],"curies":[{"name":"wp","href":"https:\/\/api.w.org\/{rel}","templated":true}]}}