{"id":4300,"date":"2021-05-27T07:39:33","date_gmt":"2021-05-27T07:39:33","guid":{"rendered":"https:\/\/kazal.pl\/sklep\/?post_type=product&#038;p=4300"},"modified":"2022-03-07T12:10:00","modified_gmt":"2022-03-07T12:10:00","slug":"bomag-zageszczarka-jednokierunkowa-91kg-bvp-18-45","status":"publish","type":"product","link":"https:\/\/kazal.pl\/sklep\/product\/bomag-zageszczarka-jednokierunkowa-91kg-bvp-18-45\/","title":{"rendered":"BOMAG Zag\u0119szczarka jednokierunkowa 91kg BVP 18\/45"},"content":{"rendered":"<table style=\"width: 100%; border-collapse: collapse; background-color: #cccccc;\">\n<tbody>\n<tr>\n<td style=\"width: 100%;\"><span style=\"font-size: 20px;\"><strong>BOMAG Zag\u0119szczarka jednokierunkowa 91kg BVP 18\/45<\/strong><\/span><\/td>\n<\/tr>\n<\/tbody>\n<\/table>\n<table style=\"border-collapse: collapse; width: 100%;\">\n<tbody>\n<tr>\n<td style=\"width: 50%;\">\n<h5>Zag\u0119szczarki jednokierunkowe p\u0142ytowe <strong>BOMAG<\/strong> przeznaczone s\u0105 do stosowania we wszystkich pracach ziemnych, asfaltowych i\u00a0brukarskich. Gama oferuj\u0105ca w\u0142a\u015bciwe rozwi\u0105zanie do ka\u017cdego zastosowania oraz niezawodno\u015b\u0107 i\u00a0wydajno\u015b\u0107 zag\u0119szczania firmy <strong>BOMAG<\/strong>.<\/h5>\n<\/td>\n<\/tr>\n<\/tbody>\n<\/table>\n<table style=\"width: 100%; border-collapse: collapse; background-color: #cccccc;\">\n<tbody>\n<tr>\n<td style=\"width: 100%;\"><span style=\"font-size: 20px;\"><strong>Charakterystyka:<\/strong><\/span><\/td>\n<\/tr>\n<\/tbody>\n<\/table>\n<table style=\"border-collapse: collapse; width: 100%;\">\n<tbody>\n<tr>\n<td style=\"width: 50%;\">\n<div class=\"m-containerseemore__container\">\n<div class=\"m-containerseemore__content\">\n<div class=\"m-containerseemore__coloumn\">\n<div class=\"m-containerseemore__coloumn\">\n<h4 class=\"e-headline e-headline--h4 \">Funkcje:<\/h4>\n<ul class=\"e-list--ul \">\n<li class=\"e-list__item\">Uchwyt steruj\u0105cy nieprzenosz\u0105cy drga\u0144, sk\u0142adany<\/li>\n<li class=\"e-list__item\">Od\u0142\u0105czany uchwyt steruj\u0105cy<\/li>\n<li class=\"e-list__item\">P\u0142yta podstawy o\u00a0wysokiej wytrzyma\u0142o\u015bci na zu\u017cycie<\/li>\n<li class=\"e-list__item\">Automatyczne wy\u0142\u0105czenie przy niskim poziomie oleju (BVP18\/45)<\/li>\n<li class=\"e-list__item\">Rozrusznik szarpany<\/li>\n<li class=\"e-list__item\">Podno\u015bnik jednopunktowy<\/li>\n<li class=\"e-list__item\">Pas klinowy z\u00a0pe\u0142n\u0105 ochron\u0105<\/li>\n<li class=\"e-list__item\">Uchwyty transportowe<\/li>\n<li class=\"e-list__item\">Gwarancja 3-2-1<\/li>\n<li class=\"e-list__item\">Rama ochronna silnika (BVP18\/45D)<\/li>\n<li class=\"e-list__item\">Automatyczna dekompresja (BVP18\/45D)<\/li>\n<\/ul>\n<\/div>\n<div class=\"m-containerseemore__coloumn\">\n<h4 class=\"e-headline e-headline--h4 \">Opcje dodatkowe:<\/h4>\n<ul class=\"e-list--ul \">\n<li class=\"e-list__item\">Uk\u0142ad spryskiwaczy (+7\u00a0kg)<\/li>\n<li class=\"e-list__item\">K\u00f3\u0142ka transportowe (+4\u00a0kg)<\/li>\n<li class=\"e-list__item\">Mata z\u00a0tworzywa sztucznego<\/li>\n<li class=\"e-list__item\">Zestaw narz\u0119dzi<\/li>\n<li class=\"e-list__item\">Zestaw serwisowy<\/li>\n<li class=\"e-list__item\">TWARDA GWARANCJA<\/li>\n<li class=\"e-list__item\">Komfortowy uchwyt prowadz\u0105cy<\/li>\n<li class=\"e-list__item\">Lakier specjalny<\/li>\n<li class=\"e-list__item\">Rama ochronna silnika (BVP18\/45)<\/li>\n<\/ul>\n<\/div>\n<\/div>\n<\/div>\n<\/div>\n<div class=\"m-containerseemore__link\"><\/div>\n<\/td>\n<td style=\"width: 50%;\">\n<div class=\"m-containerexpander__head\">\n<div class=\"m-containerexpander__head\">\n<div class=\"mceTemp\"><\/div>\n<\/div>\n<\/div>\n<p><img loading=\"lazy\" decoding=\"async\" class=\"aligncenter wp-image-4308 size-full\" style=\"margin-top: 0.857143rem; margin-bottom: 0.857143rem;\" src=\"https:\/\/kazal.pl\/sklep\/wp-content\/uploads\/2021\/05\/BOMAG-Poznan-dystrybutor-logo-FHU-KAZALjpeg.jpeg\" alt=\"BOMAG-Poznan-dystrybutor-Bomag-ubijaki-bomag-Poznan-zageszczarki-bomag-Poznan-walce-do-prac-wykopowych-Bomag-Poznan-FHU-KAZAL-dystrybutor-Poznan-Bomag_zageszczarki\" width=\"474\" height=\"331\" srcset=\"https:\/\/kazal.pl\/sklep\/wp-content\/uploads\/2021\/05\/BOMAG-Poznan-dystrybutor-logo-FHU-KAZALjpeg.jpeg 474w, https:\/\/kazal.pl\/sklep\/wp-content\/uploads\/2021\/05\/BOMAG-Poznan-dystrybutor-logo-FHU-KAZALjpeg-300x209.jpeg 300w, https:\/\/kazal.pl\/sklep\/wp-content\/uploads\/2021\/05\/BOMAG-Poznan-dystrybutor-logo-FHU-KAZALjpeg-220x154.jpeg 220w\" sizes=\"auto, (max-width: 474px) 100vw, 474px\" \/><\/p>\n<div class=\"m-containerexpander__head\">\n<div class=\"mceTemp\"><\/div>\n<h4 class=\"e-headline e-headline--h3 m-containerexpander__headline\">Technologie<\/h4>\n<div class=\"m-containerexpander__collapseicon\"><\/div>\n<\/div>\n<div class=\"m-containerexpander__content\">\n<div class=\"m-containerexpander__innercontent\">\n<div class=\"m-textparagraph m-textparagraph--types c-richtext\">\n<p>Od ubijak\u00f3w po wielozadaniowe zag\u0119szczarki: ka\u017cda maszyna to owoc blisko 60-letniego do\u015bwiadczenia w\u00a0dziedzinie zag\u0119szczania oraz wychodzenia naprzeciw potrzebom naszych klient\u00f3w. Dzi\u0119ki rozmowom z\u00a0nimi my stajemy si\u0119 m\u0105drzejsi, a\u00a0nasze maszyny coraz lepsze. Dzi\u0119kujemy za zaufanie!<\/p>\n<\/div>\n<\/div>\n<\/div>\n<\/td>\n<\/tr>\n<\/tbody>\n<\/table>\n<table style=\"width: 100%; border-collapse: collapse; background-color: #cccccc;\">\n<tbody>\n<tr>\n<td style=\"width: 100%;\"><span style=\"font-size: 20px;\"><strong>Parametry techniczne:<\/strong><\/span><\/td>\n<\/tr>\n<\/tbody>\n<\/table>\n<table style=\"border-collapse: collapse; width: 100%;\">\n<tbody>\n<tr>\n<td style=\"width: 30%;\"><strong>CZ\u0118STOTLIWO\u015a\u0106<\/strong><br \/>\n<strong>SI\u0141A OD\u015aRODKOWA<\/strong><br \/>\n<strong>PALIWO<\/strong><br \/>\n<strong>RODZAJ NAP\u0118DU<\/strong><br \/>\n<strong>CH\u0141ODZENIE<\/strong><br \/>\n<strong>TYP SILNIKA<\/strong><br \/>\n<strong>MOC SILNIKA<\/strong><br \/>\n<strong>SZEROKO\u015a\u0106 P\u0141YTY ROBOCZEJ<\/strong><br \/>\n<strong>MAKSYMALNA ZDOLNO\u015a\u0106 POKONYWANIA WZNIESIE\u0143<\/strong><br \/>\n<strong>CI\u0118\u017bAR<\/strong><br \/>\n<strong>PRODUCENT I MODEL SILNIKA<\/strong><br \/>\n<strong>OBROTY<\/strong><br \/>\n<strong>PR\u0118DKO\u015a\u0106 ROBOCZA<\/strong><br \/>\n<strong>ROZRUCH<\/strong><br \/>\n<strong>POJEMNO\u015a\u0106 ZBIORNIKA PALIWA<\/strong><br \/>\n<strong>POJEMNO\u015a\u0106 ZBIORNIKA WODY<\/strong><\/td>\n<td style=\"width: 70%;\">90 Hz<br \/>\n18 kN<br \/>\nBenzyna<br \/>\nMechaniczny<br \/>\nPowietrze<br \/>\nSpalinowy (benzyna)<br \/>\n3,6 kW \/ 4,9 KM<br \/>\n450 mm<br \/>\n30%<br \/>\n91 kg<br \/>\nHonda GX160<br \/>\n3600\/min<br \/>\n25 m\/min<br \/>\nR\u0119czny<br \/>\n3,1 l<br \/>\n7 l<\/td>\n<\/tr>\n<\/tbody>\n<\/table>\n<table style=\"width: 100%; border-collapse: collapse; background-color: #cccccc;\">\n<tbody>\n<tr>\n<td style=\"width: 100%;\"><span style=\"font-size: 20px;\"><strong>BOMAG Sprz\u0119t lekki &#8211; WIDEO:<\/strong><\/span><\/td>\n<\/tr>\n<\/tbody>\n<\/table>\n<table style=\"border-collapse: collapse; width: 100%;\">\n<tbody>\n<tr>\n<td style=\"width: 30%; text-align: center;\"><iframe loading=\"lazy\" src=\"\/\/www.youtube.com\/embed\/Oc7qC3N9fj8\" width=\"560\" height=\"314\" allowfullscreen=\"allowfullscreen\"><\/iframe><\/td>\n<\/tr>\n<\/tbody>\n<\/table>\n<table style=\"width: 100%; border-collapse: collapse; background-color: #cccccc;\">\n<tbody>\n<tr>\n<td style=\"width: 100%;\"><span style=\"font-size: 20px;\"><strong>Karty techniczne:<\/strong><\/span><\/td>\n<\/tr>\n<\/tbody>\n<\/table>\n<p><a href=\"https:\/\/kazal.pl\/sklep\/?attachment_id=4304\"><img loading=\"lazy\" decoding=\"async\" class=\"alignleft wp-image-4304 size-large\" src=\"https:\/\/kazal.pl\/sklep\/wp-content\/uploads\/2021\/05\/Datasheet_BVP1845_BVP1845D_PRE83412010_SA05_Strona_2-724x1024.jpg\" alt=\"\" width=\"724\" height=\"1024\" srcset=\"https:\/\/kazal.pl\/sklep\/wp-content\/uploads\/2021\/05\/Datasheet_BVP1845_BVP1845D_PRE83412010_SA05_Strona_2-724x1024.jpg 724w, https:\/\/kazal.pl\/sklep\/wp-content\/uploads\/2021\/05\/Datasheet_BVP1845_BVP1845D_PRE83412010_SA05_Strona_2-212x300.jpg 212w, https:\/\/kazal.pl\/sklep\/wp-content\/uploads\/2021\/05\/Datasheet_BVP1845_BVP1845D_PRE83412010_SA05_Strona_2-768x1086.jpg 768w, https:\/\/kazal.pl\/sklep\/wp-content\/uploads\/2021\/05\/Datasheet_BVP1845_BVP1845D_PRE83412010_SA05_Strona_2-1086x1536.jpg 1086w, https:\/\/kazal.pl\/sklep\/wp-content\/uploads\/2021\/05\/Datasheet_BVP1845_BVP1845D_PRE83412010_SA05_Strona_2-1448x2048.jpg 1448w, https:\/\/kazal.pl\/sklep\/wp-content\/uploads\/2021\/05\/Datasheet_BVP1845_BVP1845D_PRE83412010_SA05_Strona_2-1170x1655.jpg 1170w, https:\/\/kazal.pl\/sklep\/wp-content\/uploads\/2021\/05\/Datasheet_BVP1845_BVP1845D_PRE83412010_SA05_Strona_2-600x849.jpg 600w, https:\/\/kazal.pl\/sklep\/wp-content\/uploads\/2021\/05\/Datasheet_BVP1845_BVP1845D_PRE83412010_SA05_Strona_2-scaled.jpg 1810w\" sizes=\"auto, (max-width: 724px) 100vw, 724px\" \/><\/a><\/p>\n","protected":false},"excerpt":{"rendered":"<h5 class=\"e-headline e-headline--h2 e-headline--product\">Zag\u0119szczarki jednokierunkowe p\u0142ytowe: jako\u015b\u0107 i\u00a0wydajno\u015b\u0107 we wszystkich ma\u0142ych pracach na budowie.<\/h5>\n<p>Te kompaktowe, wszechstronne urz\u0105dzenia s\u0105 niezast\u0105pione w\u00a0codziennych najcz\u0119stszych pracach remontowo-konserwacyjnych, ziemnych, asfaltowych i\u00a0brukarskich. Stworzone dla wykonawc\u00f3w, kt\u00f3rzy wymagaj\u0105 jako\u015bci BOMAG!<\/p>\n","protected":false},"featured_media":4307,"comment_status":"open","ping_status":"closed","template":"","meta":[],"product_cat":[325,331,336],"product_tag":[334,332,335,333],"class_list":{"0":"post-4300","1":"product","2":"type-product","3":"status-publish","4":"has-post-thumbnail","6":"product_cat-bomag-zageszczarki-poznan-ubijaki-poznan-bomag","7":"product_cat-zageszczarki-poznan","8":"product_cat-zageszczarki-bomag-poznan-zageszczarki-plytowe-bomag-poznan","9":"product_tag-bomag-zageszczarki-poznan","10":"product_tag-zageszczarki-bomag","11":"product_tag-zageszczarki-jednokierunkowe","12":"product_tag-zageszczarki-poznan","13":"product_shipping_class-wysylka-kurier-paleta-180x80-cm","15":"first","16":"instock","17":"featured","18":"sold-individually","19":"taxable","20":"shipping-taxable","21":"purchasable","22":"product-type-simple"},"_links":{"self":[{"href":"https:\/\/kazal.pl\/sklep\/wp-json\/wp\/v2\/product\/4300","targetHints":{"allow":["GET"]}}],"collection":[{"href":"https:\/\/kazal.pl\/sklep\/wp-json\/wp\/v2\/product"}],"about":[{"href":"https:\/\/kazal.pl\/sklep\/wp-json\/wp\/v2\/types\/product"}],"replies":[{"embeddable":true,"href":"https:\/\/kazal.pl\/sklep\/wp-json\/wp\/v2\/comments?post=4300"}],"wp:featuredmedia":[{"embeddable":true,"href":"https:\/\/kazal.pl\/sklep\/wp-json\/wp\/v2\/media\/4307"}],"wp:attachment":[{"href":"https:\/\/kazal.pl\/sklep\/wp-json\/wp\/v2\/media?parent=4300"}],"wp:term":[{"taxonomy":"product_cat","embeddable":true,"href":"https:\/\/kazal.pl\/sklep\/wp-json\/wp\/v2\/product_cat?post=4300"},{"taxonomy":"product_tag","embeddable":true,"href":"https:\/\/kazal.pl\/sklep\/wp-json\/wp\/v2\/product_tag?post=4300"}],"curies":[{"name":"wp","href":"https:\/\/api.w.org\/{rel}","templated":true}]}}