{"id":4369,"date":"2021-06-01T12:04:40","date_gmt":"2021-06-01T12:04:40","guid":{"rendered":"https:\/\/kazal.pl\/sklep\/?post_type=product&#038;p=4369"},"modified":"2024-10-17T16:33:51","modified_gmt":"2024-10-17T16:33:51","slug":"jazon-poznan-chwytak-brukarski-jazon-poznan-chwz-chwytak-wzdluzny-zawieszany-chwz-jazon-dystrybutor-jazon-poznan-narzedzia-brukarskie-poznan-chwytaki-do-kostki-poznan-fhu-kazal-poznan-mimal-probst-bel","status":"publish","type":"product","link":"https:\/\/kazal.pl\/sklep\/product\/jazon-poznan-chwytak-brukarski-jazon-poznan-chwz-chwytak-wzdluzny-zawieszany-chwz-jazon-dystrybutor-jazon-poznan-narzedzia-brukarskie-poznan-chwytaki-do-kostki-poznan-fhu-kazal-poznan-mimal-probst-bel\/","title":{"rendered":"JAZON Chwytak wzd\u0142u\u017cny zawieszany do kraw\u0119\u017cnik\u00f3w CHWZ"},"content":{"rendered":"<table style=\"width: 100%; border-collapse: collapse; background-color: #cccccc;\">\n<tbody>\n<tr>\n<td style=\"width: 100%;\"><span style=\"font-size: 20px;\"><strong>JAZON Chwytak wzd\u0142u\u017cny zawieszany do kraw\u0119\u017cnik\u00f3w CHWZ<\/strong><\/span><\/td>\n<\/tr>\n<\/tbody>\n<\/table>\n<table style=\"border-collapse: collapse; width: 100%;\">\n<tbody>\n<tr>\n<td style=\"width: 50%;\">\n<h5>Chwytak <strong>CHWZ<\/strong> firmy <strong>JAZON<\/strong> przeznaczony do monta\u017cu na wi\u0119kszo\u015bci maszyn z funkcj\u0105 podnoszenia.<br \/>\nChwytak charakteryzuje si\u0119 wygodn\u0105 i prost\u0105 jednoosobow\u0105 obs\u0142ug\u0105. <strong>CHWZ<\/strong> wykonany jest z wysokiej jako\u015bci materia\u0142\u00f3w co pozwala na d\u0142ug\u0105 \u017cywotno\u015b\u0107 urz\u0105dzenia.<\/h5>\n<\/td>\n<\/tr>\n<\/tbody>\n<\/table>\n<table style=\"width: 100%; border-collapse: collapse; background-color: #cccccc;\">\n<tbody>\n<tr>\n<td style=\"width: 100%;\"><span style=\"font-size: 20px;\"><strong>Charakterystyka:<\/strong><\/span><\/td>\n<\/tr>\n<\/tbody>\n<\/table>\n<table style=\"border-collapse: collapse; width: 100%;\">\n<tbody>\n<tr>\n<td style=\"width: 50%;\">\n<div class=\"m-containerseemore__container\">\n<div class=\"m-containerseemore__content\">\n<div class=\"m-containerseemore__coloumn\">\n<div class=\"m-containerseemore__coloumn\">\n<h4 class=\"e-headline e-headline--h4 \">Funkcje:<\/h4>\n<ul class=\"e-list--ul \">\n<li class=\"e-list__item\">Chwytak zawieszany<\/li>\n<li class=\"e-list__item\">Jednoosobowa obs\u0142uga<\/li>\n<li>Wysokiej jako\u015bci materia\u0142y<\/li>\n<li>Produkt zabezpieczony malowaniem<\/li>\n<\/ul>\n<\/div>\n<div class=\"m-containerseemore__coloumn\">\n<h4 class=\"e-headline e-headline--h4 \">Opcje dodatkowe:<\/h4>\n<ul class=\"e-list--ul \">\n<li class=\"e-list__item\">Chwytak sprzedawany bez \u0142a\u0144cucha.<\/li>\n<\/ul>\n<\/div>\n<\/div>\n<\/div>\n<\/div>\n<div class=\"m-containerseemore__link\"><\/div>\n<\/td>\n<td style=\"width: 50%;\">\n<div class=\"m-containerexpander__head\">\n<div class=\"m-containerexpander__head\">\n<div class=\"mceTemp\"><\/div>\n<\/div>\n<\/div>\n<p><a href=\"https:\/\/kazal.pl\/sklep\/product-category\/narzedzia-brukarskie\/jazon-narzedzia-brukarskie\/\"><img loading=\"lazy\" decoding=\"async\" class=\"alignnone wp-image-4325 size-full\" style=\"margin-top: 0.857143rem; margin-bottom: 0.857143rem;\" src=\"https:\/\/kazal.pl\/sklep\/wp-content\/uploads\/2021\/05\/JAZON-Poznan-wozek-brukarski-krab-1200-narzedzia-brukarskie-Poznan-chwytaki-do-kostki-Poznan-FHU-KAZAL-Poznan-02-MIMAL-PROBST-BELLE-Poznan-MGK-MGD-IB25-WB1-CHP1-CHJZ2-CHW-CHPJ-CHU_.jpg\" alt=\"JAZON-Poznan-wozek-brukarski-narzedzia-brukarskie-Poznan-chwytaki-do-kostki-Poznan-FHU-KAZAL-Poznan-02-MIMAL-PROBST-BELLE-Poznan-MGK-MGD-IB25-WB1-CHP1-CHJZ2-CHW-CHPJ-CHU_\" width=\"200\" height=\"200\" srcset=\"https:\/\/kazal.pl\/sklep\/wp-content\/uploads\/2021\/05\/JAZON-Poznan-wozek-brukarski-krab-1200-narzedzia-brukarskie-Poznan-chwytaki-do-kostki-Poznan-FHU-KAZAL-Poznan-02-MIMAL-PROBST-BELLE-Poznan-MGK-MGD-IB25-WB1-CHP1-CHJZ2-CHW-CHPJ-CHU_.jpg 200w, https:\/\/kazal.pl\/sklep\/wp-content\/uploads\/2021\/05\/JAZON-Poznan-wozek-brukarski-krab-1200-narzedzia-brukarskie-Poznan-chwytaki-do-kostki-Poznan-FHU-KAZAL-Poznan-02-MIMAL-PROBST-BELLE-Poznan-MGK-MGD-IB25-WB1-CHP1-CHJZ2-CHW-CHPJ-CHU_-150x150.jpg 150w, https:\/\/kazal.pl\/sklep\/wp-content\/uploads\/2021\/05\/JAZON-Poznan-wozek-brukarski-krab-1200-narzedzia-brukarskie-Poznan-chwytaki-do-kostki-Poznan-FHU-KAZAL-Poznan-02-MIMAL-PROBST-BELLE-Poznan-MGK-MGD-IB25-WB1-CHP1-CHJZ2-CHW-CHPJ-CHU_-90x90.jpg 90w\" sizes=\"auto, (max-width: 200px) 100vw, 200px\" \/><\/a><\/p>\n<div class=\"m-containerexpander__head\">\n<div class=\"mceTemp\"><\/div>\n<h4 class=\"e-headline e-headline--h3 m-containerexpander__headline\"><a href=\"https:\/\/kazal.pl\/sklep\/product-category\/narzedzia-brukarskie\/jazon-narzedzia-brukarskie\/\">JAZON Sp. z o.o.<\/a><\/h4>\n<div class=\"m-containerexpander__collapseicon\"><\/div>\n<\/div>\n<div class=\"m-containerexpander__content\">\n<div class=\"m-containerexpander__innercontent\">\n<div class=\"m-textparagraph m-textparagraph--types c-richtext\">\n<p>Narz\u0119dzia brukarskie JAZON Pozna\u0144. JAZON jest producentem profesjonalnych narz\u0119dzi oraz maszyn do prac drogowych i brukarskich. Gwarantuje wysok\u0105 jako\u015b\u0107 oraz dost\u0119pno\u015b\u0107 cz\u0119\u015bci zamiennych i akcesori\u00f3w. Wszystkie produkty posiadaj\u0105 niezb\u0119dne atesty i certyfikaty.<\/p>\n<p style=\"text-align: center;\"><iframe loading=\"lazy\" src=\"\/\/www.youtube.com\/embed\/OSxj_Sv2ro8\" width=\"400\" height=\"224\" allowfullscreen=\"allowfullscreen\"><\/iframe><\/p>\n<\/div>\n<\/div>\n<\/div>\n<\/td>\n<\/tr>\n<\/tbody>\n<\/table>\n<table style=\"width: 100%; border-collapse: collapse; background-color: #cccccc;\">\n<tbody>\n<tr>\n<td style=\"width: 100%;\"><span style=\"font-size: 20px;\"><strong>Parametry techniczne:<\/strong><\/span><\/td>\n<\/tr>\n<\/tbody>\n<\/table>\n<table style=\"width: 100%; height: 114px;\">\n<tbody>\n<tr style=\"height: 114px;\">\n<td style=\"width: 31.68%; height: 114px;\"><strong>PRODUCENT<\/strong><br \/>\n<strong>KOD PRODUKTU<\/strong><br \/>\n<strong>SZEROKO\u015a\u0106 UCHWYTU<\/strong><br \/>\n<strong>MASA W\u0141ASNA<\/strong><br \/>\n<strong>NO\u015aNO\u015a\u0106 DOPUSZCZALNA<\/strong><\/td>\n<td style=\"width: 68.16%; height: 114px;\"><strong>JAZON<\/strong><br \/>\nCHWZ<br \/>\n75; 80; 100 CM<br \/>\n15 KG<br \/>\n150 KG<\/td>\n<\/tr>\n<\/tbody>\n<\/table>\n<table style=\"width: 100%; border-collapse: collapse; background-color: #cccccc;\">\n<tbody>\n<tr>\n<td style=\"width: 100%;\"><span style=\"font-size: 20px;\"><strong>Zdj\u0119cia produktu:<\/strong><\/span><\/td>\n<\/tr>\n<\/tbody>\n<\/table>\n<div class=\"mceTemp\"><\/div>\n<table style=\"border-collapse: collapse; width: 100%;\">\n<tbody>\n<tr>\n<td style=\"width: 50%;\">\n<div id=\"attachment_4372\" style=\"width: 550px\" class=\"wp-caption aligncenter\"><img loading=\"lazy\" decoding=\"async\" aria-describedby=\"caption-attachment-4372\" class=\"wp-image-4372\" src=\"https:\/\/kazal.pl\/sklep\/wp-content\/uploads\/2021\/06\/JAZON-Poznan-chwytak-brukarski-chwz-chwytak-wzdluzny-zawieszany-chwz-jazon-dystrybutor-jazon-poznan-narzedzia-brukarskie-Poznan-chwytaki-do-kostki-Poznan-FHU-KAZAL-Poznan-MIMAL-PROBST-BELLE-Poznan-1-300x300.jpg\" alt=\"JAZON-Poznan-chwytak-brukarski-chwz-chwytak-wzdluzny-zawieszany-chwz-jazon-dystrybutor-jazon-poznan-narzedzia-brukarskie-Poznan-chwytaki-do-kostki-Poznan-FHU-KAZAL-Poznan-MIMAL-PROBST-BELLE-Poznan\" width=\"540\" height=\"540\" srcset=\"https:\/\/kazal.pl\/sklep\/wp-content\/uploads\/2021\/06\/JAZON-Poznan-chwytak-brukarski-chwz-chwytak-wzdluzny-zawieszany-chwz-jazon-dystrybutor-jazon-poznan-narzedzia-brukarskie-Poznan-chwytaki-do-kostki-Poznan-FHU-KAZAL-Poznan-MIMAL-PROBST-BELLE-Poznan-1-300x300.jpg 300w, https:\/\/kazal.pl\/sklep\/wp-content\/uploads\/2021\/06\/JAZON-Poznan-chwytak-brukarski-chwz-chwytak-wzdluzny-zawieszany-chwz-jazon-dystrybutor-jazon-poznan-narzedzia-brukarskie-Poznan-chwytaki-do-kostki-Poznan-FHU-KAZAL-Poznan-MIMAL-PROBST-BELLE-Poznan-1-150x150.jpg 150w, https:\/\/kazal.pl\/sklep\/wp-content\/uploads\/2021\/06\/JAZON-Poznan-chwytak-brukarski-chwz-chwytak-wzdluzny-zawieszany-chwz-jazon-dystrybutor-jazon-poznan-narzedzia-brukarskie-Poznan-chwytaki-do-kostki-Poznan-FHU-KAZAL-Poznan-MIMAL-PROBST-BELLE-Poznan-1-768x768.jpg 768w, https:\/\/kazal.pl\/sklep\/wp-content\/uploads\/2021\/06\/JAZON-Poznan-chwytak-brukarski-chwz-chwytak-wzdluzny-zawieszany-chwz-jazon-dystrybutor-jazon-poznan-narzedzia-brukarskie-Poznan-chwytaki-do-kostki-Poznan-FHU-KAZAL-Poznan-MIMAL-PROBST-BELLE-Poznan-1-600x600.jpg 600w, https:\/\/kazal.pl\/sklep\/wp-content\/uploads\/2021\/06\/JAZON-Poznan-chwytak-brukarski-chwz-chwytak-wzdluzny-zawieszany-chwz-jazon-dystrybutor-jazon-poznan-narzedzia-brukarskie-Poznan-chwytaki-do-kostki-Poznan-FHU-KAZAL-Poznan-MIMAL-PROBST-BELLE-Poznan-1-90x90.jpg 90w, https:\/\/kazal.pl\/sklep\/wp-content\/uploads\/2021\/06\/JAZON-Poznan-chwytak-brukarski-chwz-chwytak-wzdluzny-zawieszany-chwz-jazon-dystrybutor-jazon-poznan-narzedzia-brukarskie-Poznan-chwytaki-do-kostki-Poznan-FHU-KAZAL-Poznan-MIMAL-PROBST-BELLE-Poznan-1.jpg 1000w\" sizes=\"auto, (max-width: 540px) 100vw, 540px\" \/><p id=\"caption-attachment-4372\" class=\"wp-caption-text\"><span style=\"color: #ffffff;\">JAZON-Poznan-chwytak-brukarski-chwz-chwytak-wzdluzny-zawieszany-chwz-jazon-dystrybutor-jazon-poznan-narzedzia-brukarskie-Poznan-chwytaki-do-kostki-Poznan-FHU-KAZAL-Poznan-MIMAL-PROBST-BELLE-Poznan<\/span><\/p><\/div><\/td>\n<td style=\"width: 50%;\">\n<div id=\"attachment_4371\" style=\"width: 550px\" class=\"wp-caption aligncenter\"><img loading=\"lazy\" decoding=\"async\" aria-describedby=\"caption-attachment-4371\" class=\"wp-image-4371\" src=\"https:\/\/kazal.pl\/sklep\/wp-content\/uploads\/2021\/06\/JAZON-Poznan-chwytak-brukarski-chwz-chwytak-wzdluzny-zawieszany-chwz-jazon-dystrybutor-jazon-poznan-narzedzia-brukarskie-Poznan-chwytaki-do-kostki-Poznan-FHU-KAZAL-Poznan-MIMAL-PROBST-BELLE-Poznan_2-300x300.jpg\" alt=\"JAZON-Poznan-chwytak-brukarski-chwz-chwytak-wzdluzny-zawieszany-jazon-dystrybutor-jazon-poznan-narzedzia-brukarskie-Poznan-chwytaki-do-kostki-Poznan-FHU-KAZAL-Poznan-MIMAL-PROBST-BELLE-Poznan\" width=\"540\" height=\"540\" srcset=\"https:\/\/kazal.pl\/sklep\/wp-content\/uploads\/2021\/06\/JAZON-Poznan-chwytak-brukarski-chwz-chwytak-wzdluzny-zawieszany-chwz-jazon-dystrybutor-jazon-poznan-narzedzia-brukarskie-Poznan-chwytaki-do-kostki-Poznan-FHU-KAZAL-Poznan-MIMAL-PROBST-BELLE-Poznan_2-300x300.jpg 300w, https:\/\/kazal.pl\/sklep\/wp-content\/uploads\/2021\/06\/JAZON-Poznan-chwytak-brukarski-chwz-chwytak-wzdluzny-zawieszany-chwz-jazon-dystrybutor-jazon-poznan-narzedzia-brukarskie-Poznan-chwytaki-do-kostki-Poznan-FHU-KAZAL-Poznan-MIMAL-PROBST-BELLE-Poznan_2-150x150.jpg 150w, https:\/\/kazal.pl\/sklep\/wp-content\/uploads\/2021\/06\/JAZON-Poznan-chwytak-brukarski-chwz-chwytak-wzdluzny-zawieszany-chwz-jazon-dystrybutor-jazon-poznan-narzedzia-brukarskie-Poznan-chwytaki-do-kostki-Poznan-FHU-KAZAL-Poznan-MIMAL-PROBST-BELLE-Poznan_2-768x768.jpg 768w, https:\/\/kazal.pl\/sklep\/wp-content\/uploads\/2021\/06\/JAZON-Poznan-chwytak-brukarski-chwz-chwytak-wzdluzny-zawieszany-chwz-jazon-dystrybutor-jazon-poznan-narzedzia-brukarskie-Poznan-chwytaki-do-kostki-Poznan-FHU-KAZAL-Poznan-MIMAL-PROBST-BELLE-Poznan_2-600x600.jpg 600w, https:\/\/kazal.pl\/sklep\/wp-content\/uploads\/2021\/06\/JAZON-Poznan-chwytak-brukarski-chwz-chwytak-wzdluzny-zawieszany-chwz-jazon-dystrybutor-jazon-poznan-narzedzia-brukarskie-Poznan-chwytaki-do-kostki-Poznan-FHU-KAZAL-Poznan-MIMAL-PROBST-BELLE-Poznan_2-90x90.jpg 90w, https:\/\/kazal.pl\/sklep\/wp-content\/uploads\/2021\/06\/JAZON-Poznan-chwytak-brukarski-chwz-chwytak-wzdluzny-zawieszany-chwz-jazon-dystrybutor-jazon-poznan-narzedzia-brukarskie-Poznan-chwytaki-do-kostki-Poznan-FHU-KAZAL-Poznan-MIMAL-PROBST-BELLE-Poznan_2.jpg 1000w\" sizes=\"auto, (max-width: 540px) 100vw, 540px\" \/><p id=\"caption-attachment-4371\" class=\"wp-caption-text\"><span style=\"color: #ffffff;\">JAZON-Poznan-chwytak-brukarski-chwz-chwytak-wzdluzny-zawieszany-jazon-dystrybutor-jazon-poznan-narzedzia-brukarskie-Poznan-chwytaki-do-kostki-Poznan-FHU-KAZAL-Poznan-MIMAL-PROBST-BELLE-Poznan<\/span><\/p><\/div><\/td>\n<\/tr>\n<\/tbody>\n<\/table>\n<p>&nbsp;<\/p>\n<table style=\"width: 100%; border-collapse: collapse; background-color: #cccccc;\">\n<tbody>\n<tr>\n<td style=\"width: 100%;\"><span style=\"font-size: 20px;\"><strong>JAZON Narz\u0119dzia brukarskie &#8211; WIDEO:<\/strong><\/span><\/td>\n<\/tr>\n<\/tbody>\n<\/table>\n<table style=\"border-collapse: collapse; width: 100%;\">\n<tbody>\n<tr>\n<td style=\"width: 30%; text-align: center;\">&nbsp;<\/p>\n<table style=\"border-collapse: collapse; width: 100%; height: 347px;\">\n<tbody>\n<tr style=\"height: 24px;\">\n<td style=\"width: 50%; height: 24px;\"><iframe loading=\"lazy\" src=\"\/\/www.youtube.com\/embed\/dfx3YOj2Ehw\" width=\"400\" height=\"224\" allowfullscreen=\"allowfullscreen\"><\/iframe><\/td>\n<td style=\"width: 50%; height: 24px;\"><iframe loading=\"lazy\" src=\"\/\/www.youtube.com\/embed\/I3FtaWQwdVg\" width=\"400\" height=\"224\" allowfullscreen=\"allowfullscreen\"><\/iframe><\/td>\n<\/tr>\n<tr style=\"height: 323px;\">\n<td style=\"width: 50%; height: 323px;\"><iframe loading=\"lazy\" src=\"\/\/www.youtube.com\/embed\/SR9O3__rJIg\" width=\"400\" height=\"224\" allowfullscreen=\"allowfullscreen\"><\/iframe><\/td>\n<td style=\"width: 50%; height: 323px;\"><iframe loading=\"lazy\" src=\"\/\/www.youtube.com\/embed\/dIuuKldcQSY\" width=\"400\" height=\"224\" allowfullscreen=\"allowfullscreen\"><\/iframe><\/td>\n<\/tr>\n<\/tbody>\n<\/table>\n<\/td>\n<\/tr>\n<\/tbody>\n<\/table>\n<table style=\"width: 100%; border-collapse: collapse; background-color: #cccccc;\">\n<tbody>\n<tr>\n<td style=\"width: 100%;\"><span style=\"font-size: 20px;\"><strong>Karty techniczne:<\/strong><\/span><\/td>\n<\/tr>\n<\/tbody>\n<\/table>\n<p><img loading=\"lazy\" decoding=\"async\" class=\"aligncenter wp-image-4373\" src=\"https:\/\/kazal.pl\/sklep\/wp-content\/uploads\/2021\/06\/JAZON-Katalog-narzedzi-i-urzadzen_Strona_01-730x1024.jpg\" alt=\"\" width=\"450\" height=\"631\" srcset=\"https:\/\/kazal.pl\/sklep\/wp-content\/uploads\/2021\/06\/JAZON-Katalog-narzedzi-i-urzadzen_Strona_01-730x1024.jpg 730w, https:\/\/kazal.pl\/sklep\/wp-content\/uploads\/2021\/06\/JAZON-Katalog-narzedzi-i-urzadzen_Strona_01-214x300.jpg 214w, https:\/\/kazal.pl\/sklep\/wp-content\/uploads\/2021\/06\/JAZON-Katalog-narzedzi-i-urzadzen_Strona_01-768x1077.jpg 768w, https:\/\/kazal.pl\/sklep\/wp-content\/uploads\/2021\/06\/JAZON-Katalog-narzedzi-i-urzadzen_Strona_01-600x841.jpg 600w, https:\/\/kazal.pl\/sklep\/wp-content\/uploads\/2021\/06\/JAZON-Katalog-narzedzi-i-urzadzen_Strona_01.jpg 910w\" sizes=\"auto, (max-width: 450px) 100vw, 450px\" \/><\/p>\n","protected":false},"excerpt":{"rendered":"<table style=\"border-collapse: collapse; width: 100%;\">\n<tbody>\n<tr>\n<td style=\"width: 100%;\">\n<h5 class=\"e-headline e-headline--h2 e-headline--product\">Chwytak CHWZ firmy Jazon przeznaczony do monta\u017cu na wi\u0119kszo\u015bci maszyn z funkcj\u0105 podnoszenia.<\/h5>\n<\/td>\n<\/tr>\n<\/tbody>\n<\/table>\n<table style=\"border-collapse: collapse; width: 100%;\">\n<tbody>\n<tr>\n<td style=\"width: 65.36%;\">Chwytak charakteryzuje si\u0119 wygodn\u0105 i prost\u0105 jednoosobow\u0105 obs\u0142ug\u0105. CHWZ wykonany jest z wysokiej jako\u015bci materia\u0142\u00f3w co pozwala na d\u0142ug\u0105 \u017cywotno\u015b\u0107 urz\u0105dzenia.<\/td>\n<td style=\"width: 34.64%;\"><a href=\"https:\/\/kazal.pl\/sklep\/product-category\/narzedzia-brukarskie\/jazon-narzedzia-brukarskie\/\"><img loading=\"lazy\" decoding=\"async\" class=\"aligncenter wp-image-4325\" style=\"margin-top: 0.857143rem; margin-bottom: 0.857143rem;\" src=\"https:\/\/kazal.pl\/sklep\/wp-content\/uploads\/2021\/05\/JAZON-Poznan-wozek-brukarski-krab-1200-narzedzia-brukarskie-Poznan-chwytaki-do-kostki-Poznan-FHU-KAZAL-Poznan-02-MIMAL-PROBST-BELLE-Poznan-MGK-MGD-IB25-WB1-CHP1-CHJZ2-CHW-CHPJ-CHU_.jpg\" alt=\"JAZON-Poznan-wozek-brukarski-narzedzia-brukarskie-Poznan-chwytaki-do-kostki-Poznan-FHU-KAZAL-Poznan-02-MIMAL-PROBST-BELLE-Poznan-MGK-MGD-IB25-WB1-CHP1-CHJZ2-CHW-CHPJ-CHU_\" width=\"100\" height=\"100\" srcset=\"https:\/\/kazal.pl\/sklep\/wp-content\/uploads\/2021\/05\/JAZON-Poznan-wozek-brukarski-krab-1200-narzedzia-brukarskie-Poznan-chwytaki-do-kostki-Poznan-FHU-KAZAL-Poznan-02-MIMAL-PROBST-BELLE-Poznan-MGK-MGD-IB25-WB1-CHP1-CHJZ2-CHW-CHPJ-CHU_.jpg 200w, https:\/\/kazal.pl\/sklep\/wp-content\/uploads\/2021\/05\/JAZON-Poznan-wozek-brukarski-krab-1200-narzedzia-brukarskie-Poznan-chwytaki-do-kostki-Poznan-FHU-KAZAL-Poznan-02-MIMAL-PROBST-BELLE-Poznan-MGK-MGD-IB25-WB1-CHP1-CHJZ2-CHW-CHPJ-CHU_-150x150.jpg 150w, https:\/\/kazal.pl\/sklep\/wp-content\/uploads\/2021\/05\/JAZON-Poznan-wozek-brukarski-krab-1200-narzedzia-brukarskie-Poznan-chwytaki-do-kostki-Poznan-FHU-KAZAL-Poznan-02-MIMAL-PROBST-BELLE-Poznan-MGK-MGD-IB25-WB1-CHP1-CHJZ2-CHW-CHPJ-CHU_-90x90.jpg 90w\" sizes=\"auto, (max-width: 100px) 100vw, 100px\" \/><\/a><\/td>\n<\/tr>\n<\/tbody>\n<\/table>\n<table style=\"border-collapse: collapse; width: 100%;\">\n<tbody>\n<tr>\n<td style=\"width: 100%;\">\n<h6><span style=\"text-decoration: underline;\"><strong><span style=\"color: #ff0000; text-decoration: underline;\">NOWY<\/span><\/strong><\/span><span style=\"color: #ff0000;\"> &#8211; <span style=\"text-decoration: underline;\"><strong>Dost\u0119pny od r\u0119ki<\/strong> <\/span><\/span>&#8211; w sklepie stacjonarnym lub wysy\u0142ka.<\/h6>\n<\/td>\n<\/tr>\n<\/tbody>\n<\/table>\n","protected":false},"featured_media":4370,"comment_status":"open","ping_status":"closed","template":"","meta":[],"product_cat":[338,327,217],"product_tag":[341,224,235,342,340,223,273,229,298,299,266,300],"class_list":{"0":"post-4369","1":"product","2":"type-product","3":"status-publish","4":"has-post-thumbnail","6":"product_cat-chwytaki-zawieszane-jazon","7":"product_cat-jazon","8":"product_cat-jazon-narzedzia-brukarskie","9":"product_tag-chwytak-wzdluzny-zawieszany","10":"product_tag-chwytaki","11":"product_tag-chwytaki-brukarskie-poznan","12":"product_tag-chwytaki-zawieszane","13":"product_tag-chwz","14":"product_tag-jazon","15":"product_tag-kleszcze-brukarskie-poznan","16":"product_tag-narzedzia-brukarskie","17":"product_tag-narzedzia-brukarskie-jazon","18":"product_tag-narzedzia-brukarskie-jazon-poznan","19":"product_tag-narzedzia-brukarskie-poznan","20":"product_tag-poznan-narzedzia-brukarskie-jazon","21":"product_shipping_class-wysylka-inpost","23":"first","24":"onbackorder","25":"featured","26":"taxable","27":"shipping-taxable","28":"purchasable","29":"product-type-simple"},"_links":{"self":[{"href":"https:\/\/kazal.pl\/sklep\/wp-json\/wp\/v2\/product\/4369","targetHints":{"allow":["GET"]}}],"collection":[{"href":"https:\/\/kazal.pl\/sklep\/wp-json\/wp\/v2\/product"}],"about":[{"href":"https:\/\/kazal.pl\/sklep\/wp-json\/wp\/v2\/types\/product"}],"replies":[{"embeddable":true,"href":"https:\/\/kazal.pl\/sklep\/wp-json\/wp\/v2\/comments?post=4369"}],"wp:featuredmedia":[{"embeddable":true,"href":"https:\/\/kazal.pl\/sklep\/wp-json\/wp\/v2\/media\/4370"}],"wp:attachment":[{"href":"https:\/\/kazal.pl\/sklep\/wp-json\/wp\/v2\/media?parent=4369"}],"wp:term":[{"taxonomy":"product_cat","embeddable":true,"href":"https:\/\/kazal.pl\/sklep\/wp-json\/wp\/v2\/product_cat?post=4369"},{"taxonomy":"product_tag","embeddable":true,"href":"https:\/\/kazal.pl\/sklep\/wp-json\/wp\/v2\/product_tag?post=4369"}],"curies":[{"name":"wp","href":"https:\/\/api.w.org\/{rel}","templated":true}]}}