{"id":4422,"date":"2021-06-08T09:16:41","date_gmt":"2021-06-08T09:16:41","guid":{"rendered":"https:\/\/kazal.pl\/sklep\/?post_type=product&#038;p=4422"},"modified":"2023-02-13T10:06:30","modified_gmt":"2023-02-13T10:06:30","slug":"jazon-guma-do-mlotek-brukarski-krotki-dlugi-gumowy-jazon-mgk-mgd-gdm-dostepna-poznan","status":"publish","type":"product","link":"https:\/\/kazal.pl\/sklep\/product\/jazon-guma-do-mlotek-brukarski-krotki-dlugi-gumowy-jazon-mgk-mgd-gdm-dostepna-poznan\/","title":{"rendered":"JAZON GUMA do m\u0142otek brukarski kr\u00f3tki \/ d\u0142ugi gumowy Jazon MGK \/ MGD &#8211; GDM &#8211; DOST\u0118PNA &#8211;"},"content":{"rendered":"<table style=\"width: 100%; border-collapse: collapse; background-color: #cccccc;\">\n<tbody>\n<tr>\n<td style=\"width: 100%;\"><span style=\"font-size: 20px;\"><strong>JAZON GUMA do m\u0142otek brukarski kr\u00f3tki \/ d\u0142ugi gumowy Jazon MGK \/ MGD &#8211; GDM &#8211; DOST\u0118PNA &#8211;<\/strong><\/span><\/td>\n<\/tr>\n<\/tbody>\n<\/table>\n<table style=\"border-collapse: collapse; width: 100%;\">\n<tbody>\n<tr>\n<td style=\"width: 50%;\">\n<h5>Wymienna guma do m\u0142otk\u00f3w JAZON z drewnianym trzonkiem do wyr\u00f3wnywania kostki i kraw\u0119\u017cnik\u00f3w przy uk\u0142adaniu.<\/h5>\n<\/td>\n<\/tr>\n<\/tbody>\n<\/table>\n<table style=\"width: 100%; border-collapse: collapse; background-color: #cccccc;\">\n<tbody>\n<tr>\n<td style=\"width: 100%;\"><span style=\"font-size: 20px;\"><strong>Charakterystyka:<\/strong><\/span><\/td>\n<\/tr>\n<\/tbody>\n<\/table>\n<table style=\"border-collapse: collapse; width: 100%;\">\n<tbody>\n<tr>\n<td style=\"width: 50%;\">\n<div class=\"m-containerseemore__container\">\n<div class=\"m-containerseemore__content\">\n<div class=\"m-containerseemore__coloumn\">\n<div class=\"m-containerseemore__coloumn\">\n<p>M\u0142otki JAZON charakteryzuj\u0105 si\u0119 wygodn\u0105 obs\u0142ug\u0105 dzi\u0119ki drewnianemu trzonkowi. MGK \/ MGD zosta\u0142 wykonany z wysokiej jako\u015bci materia\u0142\u00f3w co pozwala mu na jego d\u0142ug\u0105 \u017cywotno\u015b\u0107.<\/p>\n<p>&nbsp;<\/p>\n<h4 class=\"e-headline e-headline--h4 \">Funkcje:<\/h4>\n<ul class=\"e-list--ul \">\n<li class=\"e-list__item\">Guma zapasowa<\/li>\n<li>Wysokiej jako\u015bci materia\u0142y<\/li>\n<\/ul>\n<\/div>\n<div class=\"m-containerseemore__coloumn\">\n<h4 class=\"e-headline e-headline--h4 \">Opcje dodatkowe:<\/h4>\n<ul class=\"e-list--ul \">\n<li class=\"e-list__item\">Brak<\/li>\n<\/ul>\n<\/div>\n<\/div>\n<\/div>\n<\/div>\n<div class=\"m-containerseemore__link\"><\/div>\n<\/td>\n<td style=\"width: 50%;\">\n<div class=\"m-containerexpander__head\">\n<div class=\"m-containerexpander__head\">\n<div class=\"mceTemp\"><\/div>\n<\/div>\n<\/div>\n<p><a href=\"https:\/\/kazal.pl\/sklep\/product-category\/narzedzia-brukarskie\/jazon-narzedzia-brukarskie\/\"><img loading=\"lazy\" decoding=\"async\" class=\"alignnone wp-image-4325 size-full\" style=\"margin-top: 0.857143rem; margin-bottom: 0.857143rem;\" src=\"https:\/\/kazal.pl\/sklep\/wp-content\/uploads\/2021\/05\/JAZON-Poznan-wozek-brukarski-krab-1200-narzedzia-brukarskie-Poznan-chwytaki-do-kostki-Poznan-FHU-KAZAL-Poznan-02-MIMAL-PROBST-BELLE-Poznan-MGK-MGD-IB25-WB1-CHP1-CHJZ2-CHW-CHPJ-CHU_.jpg\" alt=\"JAZON-Poznan-wozek-brukarski-narzedzia-brukarskie-Poznan-chwytaki-do-kostki-Poznan-FHU-KAZAL-Poznan-02-MIMAL-PROBST-BELLE-Poznan-MGK-MGD-IB25-WB1-CHP1-CHJZ2-CHW-CHPJ-CHU_\" width=\"200\" height=\"200\" srcset=\"https:\/\/kazal.pl\/sklep\/wp-content\/uploads\/2021\/05\/JAZON-Poznan-wozek-brukarski-krab-1200-narzedzia-brukarskie-Poznan-chwytaki-do-kostki-Poznan-FHU-KAZAL-Poznan-02-MIMAL-PROBST-BELLE-Poznan-MGK-MGD-IB25-WB1-CHP1-CHJZ2-CHW-CHPJ-CHU_.jpg 200w, https:\/\/kazal.pl\/sklep\/wp-content\/uploads\/2021\/05\/JAZON-Poznan-wozek-brukarski-krab-1200-narzedzia-brukarskie-Poznan-chwytaki-do-kostki-Poznan-FHU-KAZAL-Poznan-02-MIMAL-PROBST-BELLE-Poznan-MGK-MGD-IB25-WB1-CHP1-CHJZ2-CHW-CHPJ-CHU_-150x150.jpg 150w, https:\/\/kazal.pl\/sklep\/wp-content\/uploads\/2021\/05\/JAZON-Poznan-wozek-brukarski-krab-1200-narzedzia-brukarskie-Poznan-chwytaki-do-kostki-Poznan-FHU-KAZAL-Poznan-02-MIMAL-PROBST-BELLE-Poznan-MGK-MGD-IB25-WB1-CHP1-CHJZ2-CHW-CHPJ-CHU_-90x90.jpg 90w\" sizes=\"auto, (max-width: 200px) 100vw, 200px\" \/><\/a><\/p>\n<div class=\"m-containerexpander__head\">\n<div class=\"mceTemp\"><\/div>\n<h4 class=\"e-headline e-headline--h3 m-containerexpander__headline\"><a href=\"https:\/\/kazal.pl\/sklep\/product-category\/narzedzia-brukarskie\/jazon-narzedzia-brukarskie\/\">JAZON Sp. z o.o.<\/a><\/h4>\n<div class=\"m-containerexpander__collapseicon\"><\/div>\n<\/div>\n<div class=\"m-containerexpander__content\">\n<div class=\"m-containerexpander__innercontent\">\n<div class=\"m-textparagraph m-textparagraph--types c-richtext\">\n<p>Narz\u0119dzia brukarskie JAZON Pozna\u0144. JAZON jest producentem profesjonalnych narz\u0119dzi oraz maszyn do prac drogowych i brukarskich. Gwarantuje wysok\u0105 jako\u015b\u0107 oraz dost\u0119pno\u015b\u0107 cz\u0119\u015bci zamiennych i akcesori\u00f3w. Wszystkie produkty posiadaj\u0105 niezb\u0119dne atesty i certyfikaty.<\/p>\n<p style=\"text-align: center;\"><iframe loading=\"lazy\" src=\"\/\/www.youtube.com\/embed\/OSxj_Sv2ro8\" width=\"400\" height=\"224\" allowfullscreen=\"allowfullscreen\"><\/iframe><\/p>\n<\/div>\n<\/div>\n<\/div>\n<\/td>\n<\/tr>\n<\/tbody>\n<\/table>\n<table style=\"width: 100%; border-collapse: collapse; background-color: #cccccc;\">\n<tbody>\n<tr>\n<td style=\"width: 100%;\"><span style=\"font-size: 20px;\"><strong>Parametry techniczne:<\/strong><\/span><\/td>\n<\/tr>\n<\/tbody>\n<\/table>\n<table style=\"width: 100%; height: 114px;\">\n<tbody>\n<tr style=\"height: 114px;\">\n<td style=\"width: 31.68%; height: 114px;\"><strong>PRODUCENT<\/strong><br \/>\n<strong>KOD PRODUKTU<\/strong><br \/>\n<strong>D\u0141UGO\u015a\u0106 TRZONKA<\/strong><br \/>\n<strong>MASA W\u0141ASNA<\/strong><br \/>\n<strong>OBUCH<\/strong><\/td>\n<td style=\"width: 68.16%; height: 114px;\"><strong>JAZON<\/strong><br \/>\nGDM<br \/>\n&#8211;<br \/>\n0,5 KG<br \/>\nGUMOWY, WYMIENNY<\/td>\n<\/tr>\n<\/tbody>\n<\/table>\n<table style=\"width: 100%; border-collapse: collapse; background-color: #cccccc;\">\n<tbody>\n<tr>\n<td style=\"width: 100%;\"><span style=\"font-size: 20px;\"><strong>Zdj\u0119cia produktu:<\/strong><\/span><\/td>\n<\/tr>\n<\/tbody>\n<\/table>\n<div class=\"mceTemp\"><\/div>\n<table style=\"border-collapse: collapse; width: 100%;\">\n<tbody>\n<tr>\n<td style=\"width: 50%;\"><img loading=\"lazy\" decoding=\"async\" class=\"aligncenter wp-image-4427\" src=\"https:\/\/kazal.pl\/sklep\/wp-content\/uploads\/2021\/06\/JAZON-Poznan-mlotek-brukarski-krotki-mgk-mgd-narzedzia-brukarskie-Poznan-chwytaki-do-kostki-Poznan-FHU-KAZAL-Poznan-02-MIMAL-PROBST-BELLE-Poznan-MGK-MGD-IB25-WB1-CHP1-CHJZ2-CHW-CHPJ-CHU-9-225x300.jpg\" alt=\"JAZON-Poznan-mlotek-brukarski-krotki-mgk-mgd-narzedzia-brukarskie-Poznan-chwytaki-do-kostki-Poznan-FHU-KAZAL-Poznan-02-MIMAL-PROBST-BELLE-Poznan-MGK-MGD-IB25-WB1-CHP1-CHJZ2-CHW-CHPJ-CHU (9)\" width=\"500\" height=\"667\" srcset=\"https:\/\/kazal.pl\/sklep\/wp-content\/uploads\/2021\/06\/JAZON-Poznan-mlotek-brukarski-krotki-mgk-mgd-narzedzia-brukarskie-Poznan-chwytaki-do-kostki-Poznan-FHU-KAZAL-Poznan-02-MIMAL-PROBST-BELLE-Poznan-MGK-MGD-IB25-WB1-CHP1-CHJZ2-CHW-CHPJ-CHU-9-225x300.jpg 225w, https:\/\/kazal.pl\/sklep\/wp-content\/uploads\/2021\/06\/JAZON-Poznan-mlotek-brukarski-krotki-mgk-mgd-narzedzia-brukarskie-Poznan-chwytaki-do-kostki-Poznan-FHU-KAZAL-Poznan-02-MIMAL-PROBST-BELLE-Poznan-MGK-MGD-IB25-WB1-CHP1-CHJZ2-CHW-CHPJ-CHU-9.jpg 600w\" sizes=\"auto, (max-width: 500px) 100vw, 500px\" \/><\/td>\n<td style=\"width: 50%;\"><img loading=\"lazy\" decoding=\"async\" class=\"aligncenter wp-image-4428\" src=\"https:\/\/kazal.pl\/sklep\/wp-content\/uploads\/2021\/06\/JAZON-Poznan-mlotek-brukarski-krotki-mgk-mgd-narzedzia-brukarskie-Poznan-chwytaki-do-kostki-Poznan-FHU-KAZAL-Poznan-02-MIMAL-PROBST-BELLE-Poznan-MGK-MGD-IB25-WB1-CHP1-CHJZ2-CHW-CHPJ-CHU-8-225x300.jpg\" alt=\"JAZON-Poznan-mlotek-brukarski-krotki-mgk-mgd-narzedzia-brukarskie-Poznan-chwytaki-do-kostki-Poznan-FHU-KAZAL-Poznan-02-MIMAL-PROBST-BELLE-Poznan-MGK-MGD-IB25-WB1-CHP1-CHJZ2-CHW-CHPJ-CHU (9)\" width=\"500\" height=\"667\" srcset=\"https:\/\/kazal.pl\/sklep\/wp-content\/uploads\/2021\/06\/JAZON-Poznan-mlotek-brukarski-krotki-mgk-mgd-narzedzia-brukarskie-Poznan-chwytaki-do-kostki-Poznan-FHU-KAZAL-Poznan-02-MIMAL-PROBST-BELLE-Poznan-MGK-MGD-IB25-WB1-CHP1-CHJZ2-CHW-CHPJ-CHU-8-225x300.jpg 225w, https:\/\/kazal.pl\/sklep\/wp-content\/uploads\/2021\/06\/JAZON-Poznan-mlotek-brukarski-krotki-mgk-mgd-narzedzia-brukarskie-Poznan-chwytaki-do-kostki-Poznan-FHU-KAZAL-Poznan-02-MIMAL-PROBST-BELLE-Poznan-MGK-MGD-IB25-WB1-CHP1-CHJZ2-CHW-CHPJ-CHU-8.jpg 600w\" sizes=\"auto, (max-width: 500px) 100vw, 500px\" \/><\/td>\n<\/tr>\n<\/tbody>\n<\/table>\n<p>&nbsp;<\/p>\n<table style=\"width: 100%; border-collapse: collapse; background-color: #cccccc;\">\n<tbody>\n<tr>\n<td style=\"width: 100%;\"><span style=\"font-size: 20px;\"><strong>JAZON Narz\u0119dzia brukarskie &#8211; WIDEO:<\/strong><\/span><\/td>\n<\/tr>\n<\/tbody>\n<\/table>\n<table style=\"border-collapse: collapse; width: 100%;\">\n<tbody>\n<tr>\n<td style=\"width: 30%; text-align: center;\">&nbsp;<\/p>\n<table style=\"border-collapse: collapse; width: 100%; height: 347px;\">\n<tbody>\n<tr style=\"height: 24px;\">\n<td style=\"width: 50%; height: 24px;\"><iframe loading=\"lazy\" src=\"\/\/www.youtube.com\/embed\/dfx3YOj2Ehw\" width=\"400\" height=\"224\" allowfullscreen=\"allowfullscreen\"><\/iframe><\/td>\n<td style=\"width: 50%; height: 24px;\"><iframe loading=\"lazy\" src=\"\/\/www.youtube.com\/embed\/I3FtaWQwdVg\" width=\"400\" height=\"224\" allowfullscreen=\"allowfullscreen\"><\/iframe><\/td>\n<\/tr>\n<tr style=\"height: 323px;\">\n<td style=\"width: 50%; height: 323px;\"><iframe loading=\"lazy\" src=\"\/\/www.youtube.com\/embed\/SR9O3__rJIg\" width=\"400\" height=\"224\" allowfullscreen=\"allowfullscreen\"><\/iframe><\/td>\n<td style=\"width: 50%; height: 323px;\"><iframe loading=\"lazy\" src=\"\/\/www.youtube.com\/embed\/dIuuKldcQSY\" width=\"400\" height=\"224\" allowfullscreen=\"allowfullscreen\"><\/iframe><\/td>\n<\/tr>\n<\/tbody>\n<\/table>\n<\/td>\n<\/tr>\n<\/tbody>\n<\/table>\n<table style=\"width: 100%; border-collapse: collapse; background-color: #cccccc;\">\n<tbody>\n<tr>\n<td style=\"width: 100%;\"><span style=\"font-size: 20px;\"><strong>Karty techniczne:<\/strong><\/span><\/td>\n<\/tr>\n<\/tbody>\n<\/table>\n<p><img loading=\"lazy\" decoding=\"async\" class=\"aligncenter wp-image-4373\" src=\"https:\/\/kazal.pl\/sklep\/wp-content\/uploads\/2021\/06\/JAZON-Katalog-narzedzi-i-urzadzen_Strona_01-730x1024.jpg\" alt=\"\" width=\"450\" height=\"631\" srcset=\"https:\/\/kazal.pl\/sklep\/wp-content\/uploads\/2021\/06\/JAZON-Katalog-narzedzi-i-urzadzen_Strona_01-730x1024.jpg 730w, https:\/\/kazal.pl\/sklep\/wp-content\/uploads\/2021\/06\/JAZON-Katalog-narzedzi-i-urzadzen_Strona_01-214x300.jpg 214w, https:\/\/kazal.pl\/sklep\/wp-content\/uploads\/2021\/06\/JAZON-Katalog-narzedzi-i-urzadzen_Strona_01-768x1077.jpg 768w, https:\/\/kazal.pl\/sklep\/wp-content\/uploads\/2021\/06\/JAZON-Katalog-narzedzi-i-urzadzen_Strona_01-600x841.jpg 600w, https:\/\/kazal.pl\/sklep\/wp-content\/uploads\/2021\/06\/JAZON-Katalog-narzedzi-i-urzadzen_Strona_01.jpg 910w\" sizes=\"auto, (max-width: 450px) 100vw, 450px\" \/><\/p>\n","protected":false},"excerpt":{"rendered":"<table style=\"border-collapse: collapse; width: 100%;\">\n<tbody>\n<tr>\n<td style=\"width: 100%;\">\n<h5>Wymienna guma do m\u0142otk\u00f3w JAZON z drewnianym trzonkiem do wyr\u00f3wnywania kostki i kraw\u0119\u017cnik\u00f3w przy uk\u0142adaniu.<\/h5>\n<\/td>\n<\/tr>\n<\/tbody>\n<\/table>\n<table style=\"border-collapse: collapse; width: 100%;\">\n<tbody>\n<tr>\n<td style=\"width: 50%;\">\n<div class=\"m-containerseemore__container\">\n<div class=\"m-containerseemore__content\">\n<div class=\"m-containerseemore__coloumn\">\n<div class=\"m-containerseemore__coloumn\">\n<p>M\u0142otki JAZON charakteryzuj\u0105 si\u0119 wygodn\u0105 obs\u0142ug\u0105 dzi\u0119ki drewnianemu trzonkowi. MGK \/ MGD zosta\u0142 wykonany z wysokiej jako\u015bci materia\u0142\u00f3w co pozwala mu na jego d\u0142ug\u0105 \u017cywotno\u015b\u0107.<\/p>\n<\/div>\n<\/div>\n<\/div>\n<\/div>\n<\/td>\n<td style=\"width: 34.64%;\"><a href=\"https:\/\/kazal.pl\/sklep\/product-category\/narzedzia-brukarskie\/jazon-narzedzia-brukarskie\/\"><img loading=\"lazy\" decoding=\"async\" class=\"aligncenter wp-image-4325\" style=\"margin-top: 0.857143rem; margin-bottom: 0.857143rem;\" src=\"https:\/\/kazal.pl\/sklep\/wp-content\/uploads\/2021\/05\/JAZON-Poznan-wozek-brukarski-krab-1200-narzedzia-brukarskie-Poznan-chwytaki-do-kostki-Poznan-FHU-KAZAL-Poznan-02-MIMAL-PROBST-BELLE-Poznan-MGK-MGD-IB25-WB1-CHP1-CHJZ2-CHW-CHPJ-CHU_.jpg\" alt=\"JAZON-Poznan-wozek-brukarski-narzedzia-brukarskie-Poznan-chwytaki-do-kostki-Poznan-FHU-KAZAL-Poznan-02-MIMAL-PROBST-BELLE-Poznan-MGK-MGD-IB25-WB1-CHP1-CHJZ2-CHW-CHPJ-CHU_\" width=\"100\" height=\"100\" srcset=\"https:\/\/kazal.pl\/sklep\/wp-content\/uploads\/2021\/05\/JAZON-Poznan-wozek-brukarski-krab-1200-narzedzia-brukarskie-Poznan-chwytaki-do-kostki-Poznan-FHU-KAZAL-Poznan-02-MIMAL-PROBST-BELLE-Poznan-MGK-MGD-IB25-WB1-CHP1-CHJZ2-CHW-CHPJ-CHU_.jpg 200w, https:\/\/kazal.pl\/sklep\/wp-content\/uploads\/2021\/05\/JAZON-Poznan-wozek-brukarski-krab-1200-narzedzia-brukarskie-Poznan-chwytaki-do-kostki-Poznan-FHU-KAZAL-Poznan-02-MIMAL-PROBST-BELLE-Poznan-MGK-MGD-IB25-WB1-CHP1-CHJZ2-CHW-CHPJ-CHU_-150x150.jpg 150w, https:\/\/kazal.pl\/sklep\/wp-content\/uploads\/2021\/05\/JAZON-Poznan-wozek-brukarski-krab-1200-narzedzia-brukarskie-Poznan-chwytaki-do-kostki-Poznan-FHU-KAZAL-Poznan-02-MIMAL-PROBST-BELLE-Poznan-MGK-MGD-IB25-WB1-CHP1-CHJZ2-CHW-CHPJ-CHU_-90x90.jpg 90w\" sizes=\"auto, (max-width: 100px) 100vw, 100px\" \/><\/a><\/td>\n<\/tr>\n<\/tbody>\n<\/table>\n<table style=\"border-collapse: collapse; width: 100%;\">\n<tbody>\n<tr>\n<td style=\"width: 100%;\">\n<h6><span style=\"text-decoration: underline;\"><strong><span style=\"color: #ff0000; text-decoration: underline;\">NOWY<\/span><\/strong><\/span><span style=\"color: #ff0000;\"> &#8211; <span style=\"text-decoration: underline;\"><strong>Dost\u0119pny od r\u0119ki<\/strong> <\/span><\/span>&#8211; w sklepie stacjonarnym lub wysy\u0142ka.<\/h6>\n<\/td>\n<\/tr>\n<\/tbody>\n<\/table>\n","protected":false},"featured_media":4427,"comment_status":"open","ping_status":"closed","template":"","meta":[],"product_cat":[217,327,252,144],"product_tag":[357,223,295,294,229,298,299,266,300,145,274],"class_list":{"0":"post-4422","1":"product","2":"type-product","3":"status-publish","4":"has-post-thumbnail","6":"product_cat-jazon-narzedzia-brukarskie","7":"product_cat-jazon","8":"product_cat-pozostale-narzedzia-jazon","9":"product_cat-promocja","10":"product_tag-gdm","11":"product_tag-jazon","12":"product_tag-mlotek-brukarski-jazon-mimal-probst-belle","13":"product_tag-mlotki-brukarskie-poznan","14":"product_tag-narzedzia-brukarskie","15":"product_tag-narzedzia-brukarskie-jazon","16":"product_tag-narzedzia-brukarskie-jazon-poznan","17":"product_tag-narzedzia-brukarskie-poznan","18":"product_tag-poznan-narzedzia-brukarskie-jazon","19":"product_tag-promocja","20":"product_tag-sprzet-brukarski-poznan","21":"product_shipping_class-wysylka-inpost","23":"first","24":"instock","25":"featured","26":"taxable","27":"shipping-taxable","28":"purchasable","29":"product-type-simple"},"_links":{"self":[{"href":"https:\/\/kazal.pl\/sklep\/wp-json\/wp\/v2\/product\/4422","targetHints":{"allow":["GET"]}}],"collection":[{"href":"https:\/\/kazal.pl\/sklep\/wp-json\/wp\/v2\/product"}],"about":[{"href":"https:\/\/kazal.pl\/sklep\/wp-json\/wp\/v2\/types\/product"}],"replies":[{"embeddable":true,"href":"https:\/\/kazal.pl\/sklep\/wp-json\/wp\/v2\/comments?post=4422"}],"wp:featuredmedia":[{"embeddable":true,"href":"https:\/\/kazal.pl\/sklep\/wp-json\/wp\/v2\/media\/4427"}],"wp:attachment":[{"href":"https:\/\/kazal.pl\/sklep\/wp-json\/wp\/v2\/media?parent=4422"}],"wp:term":[{"taxonomy":"product_cat","embeddable":true,"href":"https:\/\/kazal.pl\/sklep\/wp-json\/wp\/v2\/product_cat?post=4422"},{"taxonomy":"product_tag","embeddable":true,"href":"https:\/\/kazal.pl\/sklep\/wp-json\/wp\/v2\/product_tag?post=4422"}],"curies":[{"name":"wp","href":"https:\/\/api.w.org\/{rel}","templated":true}]}}