{"id":4432,"date":"2021-06-14T18:30:01","date_gmt":"2021-06-14T18:30:01","guid":{"rendered":"https:\/\/kazal.pl\/sklep\/?post_type=product&#038;p=4432"},"modified":"2023-02-13T10:24:25","modified_gmt":"2023-02-13T10:24:25","slug":"podkolannik-ochronny-pojedynczy-ze-skory","status":"publish","type":"product","link":"https:\/\/kazal.pl\/sklep\/product\/podkolannik-ochronny-pojedynczy-ze-skory\/","title":{"rendered":"Podkolannik ochronny pojedynczy ze sk\u00f3ry"},"content":{"rendered":"<h1 style=\"text-align: center;\">Podkolannik ochronny pojedynczy ze sk\u00f3ry (1 szt.)<\/h1>\n<hr \/>\n<p style=\"text-align: center;\"><strong>Profesjonalny podkolannik roboczy sk\u00f3rzany. Wy\u015bcie\u0142any wewn\u0105trz.<\/strong><\/p>\n<p style=\"text-align: center;\"><strong>PRZEZNACZENIE:<\/strong><br \/>\nwszechstronne u\u017cytkowanie przy lekkich pracach technicznych, niezast\u0105piony w pracach brukarskich, kafelkarskich, posadzkarskich, spawalniczych, szlifierskich oraz wsz\u0119dzie tam gdzie zapinane os\u0142ony na kolana si\u0119 nie sprawdzaj\u0105<\/p>\n<p style=\"text-align: center;\"><strong>CECHY:<\/strong><br \/>\n* pojedynczy podkolannik roboczy ze sk\u00f3ry bydl\u0119cej z wewn\u0119trzn\u0105 cz\u0119\u015bci\u0105 wy\u015bcie\u0142an\u0105 filcem<br \/>\n* wygodna i skuteczna ochrona, podkolannik po rzuceniu na pod\u0142o\u017ce uk\u0142ada si\u0119 samoczynnie tak, \u017ce w ka\u017cdej chwili mo\u017cna skorzysta\u0107 i ukl\u0119kn\u0105\u0107 p\u00f3\u017aniej dowolnie przesun\u0105\u0107 i ponownie kl\u0119kn\u0105\u0107<br \/>\n* brak zapi\u0119\u0107 na os\u0142onie pozwala na swobod\u0119 w poruszaniu i dowolne ustawienie<br \/>\n* gruba, naturalna sk\u00f3ra wy\u015bcie\u0142ana grub\u0105 warstw\u0105 filcu zapewnia ochron\u0119, wygod\u0119 i wytrzyma\u0142o\u015b\u0107<br \/>\n* regulowane zapi\u0119cia na os\u0142onie zapewniaj\u0105 swobod\u0119 w poruszaniu oraz dowoln\u0105 regulacj\u0119<br \/>\n* grubo\u015b\u0107 materia\u0142u ok. 2,5-2,7 mm (grubo\u015b\u0107 ze wzgl\u0119du na naturaln\u0105 sk\u00f3r\u0119 mo\u017ce si\u0119 miejscowo r\u00f3\u017cni\u0107)<br \/>\n* uniwersalny rozmiar<\/p>\n<p style=\"text-align: center;\"><strong>cena dotyczy zakupu 1 szt.<\/strong><\/p>\n<table style=\"width: 102%;\">\n<tbody>\n<tr>\n<td style=\"width: 49.9218%;\">&nbsp;<\/p>\n<p>&nbsp;<\/p>\n<p>&nbsp;<\/p>\n<p>&nbsp;<\/p>\n<p><img loading=\"lazy\" decoding=\"async\" class=\"aligncenter wp-image-4561\" src=\"https:\/\/kazal.pl\/sklep\/wp-content\/uploads\/2021\/06\/MON-O002-0010-PODKOLANNIK-OCHRONNY-POJEDYNCZY-ZE-SKORY-MONTERO-O002-0010-200x300.jpg\" alt=\"\" width=\"400\" height=\"601\" srcset=\"https:\/\/kazal.pl\/sklep\/wp-content\/uploads\/2021\/06\/MON-O002-0010-PODKOLANNIK-OCHRONNY-POJEDYNCZY-ZE-SKORY-MONTERO-O002-0010-200x300.jpg 200w, https:\/\/kazal.pl\/sklep\/wp-content\/uploads\/2021\/06\/MON-O002-0010-PODKOLANNIK-OCHRONNY-POJEDYNCZY-ZE-SKORY-MONTERO-O002-0010.jpg 511w\" sizes=\"auto, (max-width: 400px) 100vw, 400px\" \/><\/p>\n<p>&nbsp;<\/td>\n<td style=\"width: 49.9218%;\">&nbsp;<\/p>\n<p>&nbsp;<\/p>\n<div id=\"attachment_4562\" style=\"width: 410px\" class=\"wp-caption aligncenter\"><img loading=\"lazy\" decoding=\"async\" aria-describedby=\"caption-attachment-4562\" class=\"wp-image-4562\" src=\"https:\/\/kazal.pl\/sklep\/wp-content\/uploads\/2021\/06\/Podkolannik-ochronny-pojedynczy-ze-skory-FHU-KAZAL-Sklep-dla-brukarzy-Poznan-300x300.jpg\" alt=\"Podkolannik ochronny pojedynczy ze sk\u00f3ry - FHU KAZAL Sklep dla brukarzy Pozna\u0144\" width=\"400\" height=\"400\" srcset=\"https:\/\/kazal.pl\/sklep\/wp-content\/uploads\/2021\/06\/Podkolannik-ochronny-pojedynczy-ze-skory-FHU-KAZAL-Sklep-dla-brukarzy-Poznan-300x300.jpg 300w, https:\/\/kazal.pl\/sklep\/wp-content\/uploads\/2021\/06\/Podkolannik-ochronny-pojedynczy-ze-skory-FHU-KAZAL-Sklep-dla-brukarzy-Poznan-150x150.jpg 150w, https:\/\/kazal.pl\/sklep\/wp-content\/uploads\/2021\/06\/Podkolannik-ochronny-pojedynczy-ze-skory-FHU-KAZAL-Sklep-dla-brukarzy-Poznan-768x768.jpg 768w, https:\/\/kazal.pl\/sklep\/wp-content\/uploads\/2021\/06\/Podkolannik-ochronny-pojedynczy-ze-skory-FHU-KAZAL-Sklep-dla-brukarzy-Poznan-600x600.jpg 600w, https:\/\/kazal.pl\/sklep\/wp-content\/uploads\/2021\/06\/Podkolannik-ochronny-pojedynczy-ze-skory-FHU-KAZAL-Sklep-dla-brukarzy-Poznan-90x90.jpg 90w, https:\/\/kazal.pl\/sklep\/wp-content\/uploads\/2021\/06\/Podkolannik-ochronny-pojedynczy-ze-skory-FHU-KAZAL-Sklep-dla-brukarzy-Poznan.jpg 1000w\" sizes=\"auto, (max-width: 400px) 100vw, 400px\" \/><p id=\"caption-attachment-4562\" class=\"wp-caption-text\">Podkolannik ochronny pojedynczy ze sk\u00f3ry &#8211; FHU KAZAL Sklep dla brukarzy Pozna\u0144<\/p><\/div><\/td>\n<\/tr>\n<\/tbody>\n<\/table>\n<p style=\"text-align: center;\"><span style=\"font-size: 10px;\"><br \/>\nWszystkie zdj\u0119cia produkt\u00f3w maj\u0105 charakter pogl\u0105dowy i producent zastrzega sobie prawo do lekkich modyfikacji nie maj\u0105cych wp\u0142ywu na funkcjonowanie produktu.<\/span><\/p>\n<hr \/>\n<div class=\"table-responsive\">\n<h3 class=\"text-primary font-weight-bold h4 mb-3\">Dane techniczne<\/h3>\n<div class=\"table-responsive\">\n<table class=\"table\">\n<tbody>\n<tr>\n<td class=\"text-muted pl-0\">Rodzaj<\/td>\n<td class=\"text-right text-primary font-weight-bold pr-0\">Sk\u00f3ra<\/td>\n<\/tr>\n<tr>\n<td class=\"text-muted pl-0\">Masa w\u0142asna<\/td>\n<td class=\"text-right text-primary font-weight-bold pr-0\">0,200 KG<\/td>\n<\/tr>\n<\/tbody>\n<\/table>\n<\/div>\n<hr \/>\n<\/div>\n<p style=\"text-align: center;\">\n","protected":false},"excerpt":{"rendered":"<p><strong>Profesjonalny podkolannik roboczy sk\u00f3rzany. Wy\u015bcie\u0142any wewn\u0105trz.<\/strong><\/p>\n<p>&nbsp;<\/p>\n","protected":false},"featured_media":4561,"comment_status":"open","ping_status":"closed","template":"","meta":[],"product_cat":[218,429],"product_tag":[229,266,428,274],"class_list":{"0":"post-4432","1":"product","2":"type-product","3":"status-publish","4":"has-post-thumbnail","6":"product_cat-narzedzia-brukarskie","7":"product_cat-pozostale-narzedzia-brukarskie","8":"product_tag-narzedzia-brukarskie","9":"product_tag-narzedzia-brukarskie-poznan","10":"product_tag-podkolannik","11":"product_tag-sprzet-brukarski-poznan","12":"product_shipping_class-kurier-zestaw-mlotki","14":"first","15":"instock","16":"sale","17":"taxable","18":"shipping-taxable","19":"purchasable","20":"product-type-simple"},"_links":{"self":[{"href":"https:\/\/kazal.pl\/sklep\/wp-json\/wp\/v2\/product\/4432","targetHints":{"allow":["GET"]}}],"collection":[{"href":"https:\/\/kazal.pl\/sklep\/wp-json\/wp\/v2\/product"}],"about":[{"href":"https:\/\/kazal.pl\/sklep\/wp-json\/wp\/v2\/types\/product"}],"replies":[{"embeddable":true,"href":"https:\/\/kazal.pl\/sklep\/wp-json\/wp\/v2\/comments?post=4432"}],"wp:featuredmedia":[{"embeddable":true,"href":"https:\/\/kazal.pl\/sklep\/wp-json\/wp\/v2\/media\/4561"}],"wp:attachment":[{"href":"https:\/\/kazal.pl\/sklep\/wp-json\/wp\/v2\/media?parent=4432"}],"wp:term":[{"taxonomy":"product_cat","embeddable":true,"href":"https:\/\/kazal.pl\/sklep\/wp-json\/wp\/v2\/product_cat?post=4432"},{"taxonomy":"product_tag","embeddable":true,"href":"https:\/\/kazal.pl\/sklep\/wp-json\/wp\/v2\/product_tag?post=4432"}],"curies":[{"name":"wp","href":"https:\/\/api.w.org\/{rel}","templated":true}]}}