{"id":4441,"date":"2021-06-18T08:55:59","date_gmt":"2021-06-18T08:55:59","guid":{"rendered":"https:\/\/kazal.pl\/sklep\/?post_type=product&#038;p=4441"},"modified":"2023-01-09T13:58:57","modified_gmt":"2023-01-09T13:58:57","slug":"catchshift-chwytak-prozniowy-mickey-255-do-ukladania-plyt-tarasowych-wielkogabarytowych-wynajem","status":"publish","type":"product","link":"https:\/\/kazal.pl\/sklep\/product\/catchshift-chwytak-prozniowy-mickey-255-do-ukladania-plyt-tarasowych-wielkogabarytowych-wynajem\/","title":{"rendered":"CATCHSHIFT Chwytak pr\u00f3\u017cniowy 255 kg MICKEY 255 do uk\u0142adania p\u0142yt tarasowych wielkogabarytowych [WYNAJEM]"},"content":{"rendered":"<table style=\"width: 100%; border-collapse: collapse; background-color: #cccccc;\">\n<tbody>\n<tr>\n<td style=\"width: 100%;\"><span style=\"font-size: 20px;\"><strong>CATCHSHIFT Chwytak pr\u00f3\u017cniowy MICKEY 255 do uk\u0142adania p\u0142yt tarasowych wielkogabarytowych [WYNAJEM]<\/strong><\/span><\/td>\n<\/tr>\n<\/tbody>\n<\/table>\n<table style=\"border-collapse: collapse; width: 100%;\">\n<tbody>\n<tr>\n<td style=\"width: 50%;\">\n<h5><b>MICKEY 255<\/b><\/h5>\n<p>Maszyna Mickey 255 doskonale sprawdzi si\u0119 przy pracach brukarskich o maksymalnej<br \/>\nwadze element\u00f3w do 255 kg. Maszyna jest przystosowana do zawieszenia na urz\u0105dzeniu<br \/>\nd\u017awigowym. Przysysa i przenosi elementy bruku w wyznaczone miejsce, eliminuj\u0105c potrzeb\u0119<br \/>\nnachylania si\u0119 czy pracy na kolanach oraz d\u017awigania \u0142adunku przez operatora . Urz\u0105dzenie zasilane<br \/>\njest z sieci 230 V.<\/p>\n<p><strong>Najwa\u017cniejsze zalety MICKEY 255:<\/strong><\/p>\n<ul>\n<li>Mo\u017cliwo\u015b\u0107 podnoszenia nawet do 255kg,<\/li>\n<li>Bardzo ma\u0142e wymiary oraz lekko\u015b\u0107 (25kg)<\/li>\n<li>Ergonomiczny uk\u0142ad sterowania,<\/li>\n<li>Dwie opcje: monta\u017c r\u0119czny do 155kg przez dwie osoby lub monta\u017c przy pomocy podno\u015bnika przez<br \/>\njedn\u0105 osob\u0119 do 255 kg ,<\/li>\n<li>Mo\u017cliwo\u015b\u0107 zamontowania r\u00f3\u017cnego rodzaju ssawek.<\/li>\n<\/ul>\n<p><strong>Co zyskujesz dzi\u0119ki MICKEY255:<\/strong><\/p>\n<ul>\n<li>B\u0142yskawiczne podwieszanie transportowanych element\u00f3w (1 sek. na przyssanie),<\/li>\n<li>\u015acis\u0142e, bezfugowe uk\u0142adanie element\u00f3w (wszystkie kraw\u0119dzie boczne wolne),<\/li>\n<li>Wielozadaniowo\u015b\u0107 monta\u017c r\u00f3\u017cnych element\u00f3w betonowych np. kwadratowych p\u0142ytek, jak i<br \/>\nw\u0105skich kraw\u0119\u017cnik\u00f3w,<\/li>\n<li>Najwy\u017cszy standard bezpiecze\u0144stwa pracy zgodny z norm\u0105 EN 13155,<\/li>\n<li>Bez ryzyka uszkodzenia cia\u0142a, z ochron\u0105 kr\u0119gos\u0142upa.<\/li>\n<\/ul>\n<\/td>\n<\/tr>\n<\/tbody>\n<\/table>\n<table style=\"width: 100%; border-collapse: collapse; background-color: #cccccc;\">\n<tbody>\n<tr>\n<td style=\"width: 100%;\"><span style=\"font-size: 20px;\"><strong>Charakterystyka:<\/strong><\/span><\/td>\n<\/tr>\n<\/tbody>\n<\/table>\n<table style=\"border-collapse: collapse; width: 100%;\">\n<tbody>\n<tr>\n<td style=\"width: 50%;\">\n<div class=\"m-containerseemore__container\">\n<div class=\"m-containerseemore__content\">\n<div class=\"m-containerseemore__coloumn\">\n<div class=\"m-containerseemore__coloumn\">\n<h4 class=\"e-headline e-headline--h4 \">Funkcje:<\/h4>\n<ul>\n<li>Prosty monta\u017c dzi\u0119ki kompaktowej budowie (monta\u017c<span class=\"Apple-converted-space\">\u00a0\u00a0<\/span>przez 1 osob\u0119) oraz wygodny transport.<\/li>\n<li>B\u0142yskawiczne podwieszanie transportowanych element\u00f3w (1 s na przyssanie do materia\u0142u).<\/li>\n<li>\u0141atwe, bezfugowe uk\u0142adanie element\u00f3w betonowych (wszystkie kraw\u0119dzie boczne pozostaj\u0105 wolne).<\/li>\n<li>Najwy\u017cszy standard bezpiecze\u0144stwa pracy dzi\u0119ki monta\u017cowi zgodnemu z norm\u0105 EN 13155 (bez ryzyka uszkodzenia cia\u0142a, z ochron\u0105 kr\u0119gos\u0142upa).<\/li>\n<\/ul>\n<\/div>\n<div class=\"m-containerseemore__coloumn\">\n<h4><\/h4>\n<h4 class=\"e-headline e-headline--h4 \">Zastosowanie:<\/h4>\n<p>Mickey 255 sprawdzi si\u0119 w bran\u017cach:<\/p>\n<ul>\n<li style=\"list-style-type: none;\">\n<ul>\n<li>Brukarskiej (p\u0142yty, p\u0142yty betonowe, p\u0142yty chodnikowe, nietypowa kostka brukowa, kraw\u0119\u017cniki itp.).<\/li>\n<\/ul>\n<\/li>\n<\/ul>\n<\/div>\n<\/div>\n<\/div>\n<\/div>\n<div class=\"m-containerseemore__link\">\n<h4><\/h4>\n<h4 class=\"e-headline e-headline--h4 \">OPIS ZESTAWU:<\/h4>\n<p>Mickey 255 wraz z p\u0142yt\u0105 ss\u0105c\u0105:<\/p>\n<ul>\n<li style=\"list-style-type: none;\">\n<ul>\n<li>Przyssawka MICKEY do 255 KG (50&#215;65)<\/li>\n<\/ul>\n<\/li>\n<\/ul>\n<\/div>\n<\/td>\n<td style=\"width: 50%;\">\n<div class=\"m-containerexpander__head\">\n<div class=\"m-containerexpander__head\">\n<div class=\"mceTemp\"><\/div>\n<\/div>\n<\/div>\n<p><a href=\"https:\/\/kazal.pl\/sklep\/product-category\/catchshift-podnosniki-prozniowe-poznan\/\"><img loading=\"lazy\" decoding=\"async\" class=\"aligncenter wp-image-4442 size-medium\" style=\"margin-top: 0.857143rem; margin-bottom: 0.857143rem;\" src=\"https:\/\/kazal.pl\/sklep\/wp-content\/uploads\/2021\/06\/50186_catchshift-logo-300x300.jpg\" alt=\"\" width=\"300\" height=\"300\" srcset=\"https:\/\/kazal.pl\/sklep\/wp-content\/uploads\/2021\/06\/50186_catchshift-logo-300x300.jpg 300w, https:\/\/kazal.pl\/sklep\/wp-content\/uploads\/2021\/06\/50186_catchshift-logo-150x150.jpg 150w, https:\/\/kazal.pl\/sklep\/wp-content\/uploads\/2021\/06\/50186_catchshift-logo-90x90.jpg 90w, https:\/\/kazal.pl\/sklep\/wp-content\/uploads\/2021\/06\/50186_catchshift-logo.jpg 600w\" sizes=\"auto, (max-width: 300px) 100vw, 300px\" \/><\/a><\/p>\n<div class=\"m-containerexpander__head\">\n<div class=\"mceTemp\"><\/div>\n<h4 class=\"e-headline e-headline--h3 m-containerexpander__headline\"><a href=\"https:\/\/kazal.pl\/sklep\/product-category\/catchshift-podnosniki-prozniowe-poznan\/\">CATCHSHIFT<\/a><\/h4>\n<div class=\"m-containerexpander__collapseicon\"><\/div>\n<\/div>\n<div class=\"m-containerexpander__content\">\n<div class=\"m-containerexpander__innercontent\">\n<div class=\"m-textparagraph m-textparagraph--types c-richtext\">\n<p><strong>CATCHSHIFT \u2013 technologie podnoszenia betonu. Stawiamy na nowe technologie.\u00a0<\/strong>Najnowocze\u015bniejsze technologie to nasza pasja. Aktywnie przyczyniamy si\u0119 do rozwoju bran\u017cy urz\u0105dze\u0144 podnosz\u0105cych, umo\u017cliwiaj\u0105c zainstalowanie prefabrykat\u00f3w betonowych, kamiennych lub r\u00f3\u017cnych element\u00f3w brukarskich w spos\u00f3b efektywny i bezpieczny dla u\u017cytkownika.<\/p>\n<p style=\"text-align: center;\"><iframe loading=\"lazy\" src=\"\/\/www.youtube.com\/embed\/FqJYZ6VJi6A\" width=\"560\" height=\"314\" allowfullscreen=\"allowfullscreen\"><\/iframe><\/p>\n<\/div>\n<\/div>\n<\/div>\n<\/td>\n<\/tr>\n<\/tbody>\n<\/table>\n<table style=\"width: 100%; border-collapse: collapse; background-color: #cccccc;\">\n<tbody>\n<tr>\n<td style=\"width: 100%;\"><span style=\"font-size: 20px;\"><strong>Cennik wynajmu:<\/strong><\/span><\/td>\n<\/tr>\n<\/tbody>\n<\/table>\n<table style=\"width: 100%; height: 505px;\">\n<tbody>\n<tr style=\"height: 34px;\">\n<th style=\"width: 30.4%; height: 34px;\">Stawka dobowa:<\/th>\n<td style=\"width: 69.44%; height: 34px;\">203,25 z\u0142 netto \/ doba<\/td>\n<\/tr>\n<tr style=\"height: 48px;\">\n<th style=\"width: 30.4%; height: 48px;\">+ KOSZTY TRANSPORTU NA BUDOW\u0118:<\/th>\n<td style=\"width: 69.44%; height: 48px;\">WED\u0141UG KALKULACJI<\/td>\n<\/tr>\n<tr>\n<th style=\"width: 30.4%;\">KAUCJA ZA SPRZ\u0118T:<\/th>\n<td style=\"width: 69.44%;\">1500 Z\u0141<\/td>\n<\/tr>\n<\/tbody>\n<\/table>\n<table style=\"width: 100%; border-collapse: collapse; background-color: #cccccc;\">\n<tbody>\n<tr>\n<td style=\"width: 100%;\"><span style=\"font-size: 20px;\"><strong>Zdj\u0119cia produktu:<\/strong><\/span><\/td>\n<\/tr>\n<\/tbody>\n<\/table>\n<div class=\"mceTemp\"><\/div>\n<table style=\"border-collapse: collapse; width: 100%;\">\n<tbody>\n<tr>\n<td style=\"width: 50%; text-align: center;\"><img loading=\"lazy\" decoding=\"async\" class=\"aligncenter wp-image-4443 size-medium\" src=\"https:\/\/kazal.pl\/sklep\/wp-content\/uploads\/2021\/06\/m255-v2_z-raczkami-300x169.png\" alt=\"\" width=\"300\" height=\"169\" srcset=\"https:\/\/kazal.pl\/sklep\/wp-content\/uploads\/2021\/06\/m255-v2_z-raczkami-300x169.png 300w, https:\/\/kazal.pl\/sklep\/wp-content\/uploads\/2021\/06\/m255-v2_z-raczkami-1024x576.png 1024w, https:\/\/kazal.pl\/sklep\/wp-content\/uploads\/2021\/06\/m255-v2_z-raczkami-768x432.png 768w, https:\/\/kazal.pl\/sklep\/wp-content\/uploads\/2021\/06\/m255-v2_z-raczkami-1536x864.png 1536w, https:\/\/kazal.pl\/sklep\/wp-content\/uploads\/2021\/06\/m255-v2_z-raczkami-1170x658.png 1170w, https:\/\/kazal.pl\/sklep\/wp-content\/uploads\/2021\/06\/m255-v2_z-raczkami-600x338.png 600w, https:\/\/kazal.pl\/sklep\/wp-content\/uploads\/2021\/06\/m255-v2_z-raczkami.png 1920w\" sizes=\"auto, (max-width: 300px) 100vw, 300px\" \/><\/td>\n<td style=\"width: 50%; text-align: center;\"><img loading=\"lazy\" decoding=\"async\" class=\"aligncenter wp-image-4442 size-medium\" src=\"https:\/\/kazal.pl\/sklep\/wp-content\/uploads\/2021\/06\/50186_catchshift-logo-300x300.jpg\" alt=\"\" width=\"300\" height=\"300\" srcset=\"https:\/\/kazal.pl\/sklep\/wp-content\/uploads\/2021\/06\/50186_catchshift-logo-300x300.jpg 300w, https:\/\/kazal.pl\/sklep\/wp-content\/uploads\/2021\/06\/50186_catchshift-logo-150x150.jpg 150w, https:\/\/kazal.pl\/sklep\/wp-content\/uploads\/2021\/06\/50186_catchshift-logo-90x90.jpg 90w, https:\/\/kazal.pl\/sklep\/wp-content\/uploads\/2021\/06\/50186_catchshift-logo.jpg 600w\" sizes=\"auto, (max-width: 300px) 100vw, 300px\" \/><\/td>\n<\/tr>\n<\/tbody>\n<\/table>\n<p>&nbsp;<\/p>\n<table style=\"width: 100%; border-collapse: collapse; background-color: #cccccc;\">\n<tbody>\n<tr>\n<td style=\"width: 100%;\"><span style=\"font-size: 20px;\"><strong>CATCHSHIFT Polska &#8211; Chwytaki pr\u00f3\u017cniowe &#8211; WIDEO:<\/strong><\/span><\/td>\n<\/tr>\n<\/tbody>\n<\/table>\n<table style=\"border-collapse: collapse; width: 100%;\">\n<tbody>\n<tr>\n<td style=\"width: 30%; text-align: center;\">&nbsp;<\/p>\n<table style=\"border-collapse: collapse; width: 100%;\">\n<tbody>\n<tr>\n<td style=\"width: 100%;\"><iframe loading=\"lazy\" src=\"\/\/www.youtube.com\/embed\/zq5_7Ay-Rt8\" width=\"560\" height=\"314\" allowfullscreen=\"allowfullscreen\"><\/iframe><\/td>\n<\/tr>\n<tr>\n<td style=\"width: 100%;\"><iframe loading=\"lazy\" src=\"\/\/www.youtube.com\/embed\/GId7av9FVNs\" width=\"560\" height=\"314\" allowfullscreen=\"allowfullscreen\"><\/iframe><\/td>\n<\/tr>\n<\/tbody>\n<\/table>\n<\/td>\n<\/tr>\n<\/tbody>\n<\/table>\n<table style=\"width: 100%; border-collapse: collapse; background-color: #cccccc;\">\n<tbody>\n<tr>\n<td style=\"width: 100%;\"><span style=\"font-size: 20px;\"><strong>Karty techniczne:<\/strong><\/span><\/td>\n<\/tr>\n<\/tbody>\n<\/table>\n<p>&nbsp;<\/p>\n","protected":false},"excerpt":{"rendered":"<table style=\"border-collapse: collapse; width: 100%;\">\n<tbody>\n<tr>\n<td style=\"width: 100%;\">\n<h6 class=\"e-headline e-headline--h2 e-headline--product\">Maszyna Mickey 255 doskonale sprawdzi si\u0119 przy pracach brukarskich o maksymalnej<br \/>\nwadze element\u00f3w do 255 kg. Maszyna jest przystosowana do zawieszenia na urz\u0105dzeniu<br \/>\nd\u017awigowym. Przysysa i przenosi elementy bruku w wyznaczone miejsce, eliminuj\u0105c potrzeb\u0119<br \/>\nnachylania si\u0119 czy pracy na kolanach oraz d\u017awigania \u0142adunku przez operatora . Urz\u0105dzenie zasilane<br \/>\njest z sieci 230 V.<\/h6>\n<\/td>\n<\/tr>\n<\/tbody>\n<\/table>\n<table style=\"border-collapse: collapse; width: 100%;\">\n<tbody>\n<tr>\n<td style=\"width: 65.36%;\"><strong>Najwa\u017cniejsze zalety MICKEY 255:<\/strong><\/p>\n<ul>\n<li>Mo\u017cliwo\u015b\u0107 podnoszenia nawet do 255kg,<\/li>\n<li>Bardzo ma\u0142e wymiary oraz lekko\u015b\u0107 (25kg)<\/li>\n<li>Ergonomiczny uk\u0142ad sterowania,<\/li>\n<li>Dwie opcje: monta\u017c r\u0119czny do 155kg przez dwie osoby lub monta\u017c przy pomocy podno\u015bnika przez<br \/>\njedn\u0105 osob\u0119 do 255 kg ,<\/li>\n<li>Mo\u017cliwo\u015b\u0107 zamontowania r\u00f3\u017cnego rodzaju ssawek.<\/li>\n<\/ul>\n<\/td>\n<td style=\"width: 34.64%;\"><a href=\"https:\/\/kazal.pl\/sklep\/product-category\/catchshift-podnosniki-prozniowe-poznan\/\"><img loading=\"lazy\" decoding=\"async\" class=\"aligncenter wp-image-4442\" style=\"margin-top: 0.857143rem; margin-bottom: 0.857143rem;\" src=\"https:\/\/kazal.pl\/sklep\/wp-content\/uploads\/2021\/06\/50186_catchshift-logo-300x300.jpg\" alt=\"\" width=\"100\" height=\"100\" srcset=\"https:\/\/kazal.pl\/sklep\/wp-content\/uploads\/2021\/06\/50186_catchshift-logo-300x300.jpg 300w, https:\/\/kazal.pl\/sklep\/wp-content\/uploads\/2021\/06\/50186_catchshift-logo-150x150.jpg 150w, https:\/\/kazal.pl\/sklep\/wp-content\/uploads\/2021\/06\/50186_catchshift-logo-90x90.jpg 90w, https:\/\/kazal.pl\/sklep\/wp-content\/uploads\/2021\/06\/50186_catchshift-logo.jpg 600w\" sizes=\"auto, (max-width: 100px) 100vw, 100px\" \/><\/a><\/td>\n<\/tr>\n<\/tbody>\n<\/table>\n<table style=\"border-collapse: collapse; width: 100%;\">\n<tbody>\n<tr>\n<td style=\"width: 100%;\">\n<h6><span style=\"text-decoration: underline;\"><strong><span style=\"color: #ff0000; text-decoration: underline;\">WYNAJEM<\/span><\/strong><\/span><span style=\"color: #ff0000;\">\u00a0&#8211; <span style=\"text-decoration: underline;\"><strong>Dost\u0119pny<\/strong>\u00a0<\/span><\/span>&#8211; w sklepie stacjonarnym lub wysy\u0142ka (obowi\u0105zuje kolejno\u015b\u0107 rezerwacji).<\/h6>\n<\/td>\n<\/tr>\n<\/tbody>\n<\/table>\n","protected":false},"featured_media":4443,"comment_status":"open","ping_status":"closed","template":"","meta":[],"product_cat":[360,359],"product_tag":[364,363,367,365,366],"class_list":{"0":"post-4441","1":"product","2":"type-product","3":"status-publish","4":"has-post-thumbnail","6":"product_cat-wynajem-poznan-chwytaki-prozniowe-do-plyt-tarasowych-poznan","7":"product_cat-wynajem-poznan-wypozyczalnia-maszyn-budowlanych-poznan-wypozyczalnia-chwytakow","8":"product_tag-catchshift","9":"product_tag-chwytaki-prozniowe","10":"product_tag-wypozyczalnia-chwytakow","11":"product_tag-wypozyczalnia-sprzetu-budowlanego","12":"product_tag-wypozyczalnia-sprzetu-budowlanego-poznan","13":"product_shipping_class-wynajem-chwytaki-prozniowe-kurier-kaucja","15":"first","16":"outofstock","17":"featured","18":"taxable","19":"shipping-taxable","20":"purchasable","21":"product-type-variable","22":"has-default-attributes"},"_links":{"self":[{"href":"https:\/\/kazal.pl\/sklep\/wp-json\/wp\/v2\/product\/4441","targetHints":{"allow":["GET"]}}],"collection":[{"href":"https:\/\/kazal.pl\/sklep\/wp-json\/wp\/v2\/product"}],"about":[{"href":"https:\/\/kazal.pl\/sklep\/wp-json\/wp\/v2\/types\/product"}],"replies":[{"embeddable":true,"href":"https:\/\/kazal.pl\/sklep\/wp-json\/wp\/v2\/comments?post=4441"}],"wp:featuredmedia":[{"embeddable":true,"href":"https:\/\/kazal.pl\/sklep\/wp-json\/wp\/v2\/media\/4443"}],"wp:attachment":[{"href":"https:\/\/kazal.pl\/sklep\/wp-json\/wp\/v2\/media?parent=4441"}],"wp:term":[{"taxonomy":"product_cat","embeddable":true,"href":"https:\/\/kazal.pl\/sklep\/wp-json\/wp\/v2\/product_cat?post=4441"},{"taxonomy":"product_tag","embeddable":true,"href":"https:\/\/kazal.pl\/sklep\/wp-json\/wp\/v2\/product_tag?post=4441"}],"curies":[{"name":"wp","href":"https:\/\/api.w.org\/{rel}","templated":true}]}}