{"id":4475,"date":"2021-07-05T12:46:51","date_gmt":"2021-07-05T12:46:51","guid":{"rendered":"https:\/\/kazal.pl\/sklep\/?post_type=product&#038;p=4475"},"modified":"2023-11-21T17:27:57","modified_gmt":"2023-11-21T17:27:57","slug":"optimas-mlotek-brukarski-dlugi-guma-guma","status":"publish","type":"product","link":"https:\/\/kazal.pl\/sklep\/product\/optimas-mlotek-brukarski-dlugi-guma-guma\/","title":{"rendered":"OPTIMAS M\u0142otek brukarski d\u0142ugi GUMA-GUMA"},"content":{"rendered":"<h1 style=\"text-align: center;\">OPTIMAS M\u0142otek brukarski d\u0142ugi GUMA-GUMA<\/h1>\n<hr \/>\n<p style=\"text-align: center;\"><strong>M\u0142otek brukarski<\/strong> z wymienn\u0105 gum\u0105 z drewnianym trzonkiem o d\u0142ugo\u015bci 80 cm.<\/p>\n<p style=\"text-align: center;\">Solidny m\u0142otek brukarski, lubiany przez brukarzy za swoj\u0105 d\u0142ugo\u015b\u0107 i wag\u0119, dzi\u0119ki czemu dobrze dobija kostk\u0119 brukow\u0105 przy uk\u0142adaniu.<\/p>\n<p style=\"text-align: center;\">Waga m\u0142otka: 3KG<\/p>\n<p style=\"text-align: center;\">Zestaw zawiera:<br \/>\n&#8211; m\u0142otek Optimas GUMA-GUMA, drewniany trzonek<\/p>\n<p style=\"text-align: center;\"><strong>NOWY &#8211; Dost\u0119pny od r\u0119ki.<\/strong> Sklep stacjonarny (POZNA\u0143) lub wysy\u0142ka kurierem.<\/p>\n<table style=\"width: 102%;\">\n<tbody>\n<tr>\n<td style=\"width: 97.0176%;\">&nbsp;<\/p>\n<p>&nbsp;<\/p>\n<p>&nbsp;<\/p>\n<p>&nbsp;<\/p>\n<div id=\"attachment_4476\" style=\"width: 1010px\" class=\"wp-caption aligncenter\"><img loading=\"lazy\" decoding=\"async\" aria-describedby=\"caption-attachment-4476\" class=\"wp-image-4476 size-full\" src=\"https:\/\/kazal.pl\/sklep\/wp-content\/uploads\/2021\/07\/OPTIMAS-Poznan-Mlotek-brukarski-dlugi-guma-guma-Optimas-JAZON-narzedzia-brukarskie-Poznan-chwytaki-do-kostki-Poznan-FHU-KAZAL-Poznan-MIMAL-PROBST-BELLE-OPTIMAS-Poznan.jpg\" alt=\"OPTIMAS-Poznan-Mlotek-brukarski-dlugi-guma-guma-Optimas-JAZON-narzedzia-brukarskie-Poznan-chwytaki-do-kostki-Poznan-FHU-KAZAL-Poznan-MIMAL-PROBST-BELLE-OPTIMAS-Poznan\" width=\"1000\" height=\"1000\" srcset=\"https:\/\/kazal.pl\/sklep\/wp-content\/uploads\/2021\/07\/OPTIMAS-Poznan-Mlotek-brukarski-dlugi-guma-guma-Optimas-JAZON-narzedzia-brukarskie-Poznan-chwytaki-do-kostki-Poznan-FHU-KAZAL-Poznan-MIMAL-PROBST-BELLE-OPTIMAS-Poznan.jpg 1000w, https:\/\/kazal.pl\/sklep\/wp-content\/uploads\/2021\/07\/OPTIMAS-Poznan-Mlotek-brukarski-dlugi-guma-guma-Optimas-JAZON-narzedzia-brukarskie-Poznan-chwytaki-do-kostki-Poznan-FHU-KAZAL-Poznan-MIMAL-PROBST-BELLE-OPTIMAS-Poznan-300x300.jpg 300w, https:\/\/kazal.pl\/sklep\/wp-content\/uploads\/2021\/07\/OPTIMAS-Poznan-Mlotek-brukarski-dlugi-guma-guma-Optimas-JAZON-narzedzia-brukarskie-Poznan-chwytaki-do-kostki-Poznan-FHU-KAZAL-Poznan-MIMAL-PROBST-BELLE-OPTIMAS-Poznan-150x150.jpg 150w, https:\/\/kazal.pl\/sklep\/wp-content\/uploads\/2021\/07\/OPTIMAS-Poznan-Mlotek-brukarski-dlugi-guma-guma-Optimas-JAZON-narzedzia-brukarskie-Poznan-chwytaki-do-kostki-Poznan-FHU-KAZAL-Poznan-MIMAL-PROBST-BELLE-OPTIMAS-Poznan-768x768.jpg 768w, https:\/\/kazal.pl\/sklep\/wp-content\/uploads\/2021\/07\/OPTIMAS-Poznan-Mlotek-brukarski-dlugi-guma-guma-Optimas-JAZON-narzedzia-brukarskie-Poznan-chwytaki-do-kostki-Poznan-FHU-KAZAL-Poznan-MIMAL-PROBST-BELLE-OPTIMAS-Poznan-600x600.jpg 600w, https:\/\/kazal.pl\/sklep\/wp-content\/uploads\/2021\/07\/OPTIMAS-Poznan-Mlotek-brukarski-dlugi-guma-guma-Optimas-JAZON-narzedzia-brukarskie-Poznan-chwytaki-do-kostki-Poznan-FHU-KAZAL-Poznan-MIMAL-PROBST-BELLE-OPTIMAS-Poznan-90x90.jpg 90w\" sizes=\"auto, (max-width: 1000px) 100vw, 1000px\" \/><p id=\"caption-attachment-4476\" class=\"wp-caption-text\"><span style=\"color: #ffffff;\">OPTIMAS-Poznan-Mlotek-brukarski-dlugi-guma-guma-Optimas-JAZON-narzedzia-brukarskie-Poznan-chwytaki-do-kostki-Poznan-FHU-KAZAL-Poznan-MIMAL-PROBST-BELLE-OPTIMAS-Poznan<\/span><\/p><\/div>\n<p>&nbsp;<\/td>\n<td style=\"width: 2.82604%;\">&nbsp;<\/p>\n<p>&nbsp;<\/td>\n<\/tr>\n<\/tbody>\n<\/table>\n<p style=\"text-align: center;\"><span style=\"font-size: 10px;\"><br \/>\nWszystkie zdj\u0119cia produkt\u00f3w maj\u0105 charakter pogl\u0105dowy i producent zastrzega sobie prawo do lekkich modyfikacji nie maj\u0105cych wp\u0142ywu na funkcjonowanie produktu.<\/span><\/p>\n<hr \/>\n<div class=\"table-responsive\">\n<h3 class=\"text-primary font-weight-bold h4 mb-3\">Dane techniczne<\/h3>\n<div class=\"table-responsive\">\n<table class=\"table\">\n<tbody>\n<tr>\n<td class=\"text-muted pl-0\">D\u0142ugo\u015b\u0107 trzonka<\/td>\n<td class=\"text-right text-primary font-weight-bold pr-0\">80 cm<\/td>\n<\/tr>\n<tr>\n<td class=\"text-muted pl-0\">Masa w\u0142asna<\/td>\n<td class=\"text-right text-primary font-weight-bold pr-0\">3 kg<\/td>\n<\/tr>\n<\/tbody>\n<\/table>\n<\/div>\n<hr \/>\n<\/div>\n<p style=\"text-align: center;\">\n","protected":false},"excerpt":{"rendered":"<p style=\"text-align: center;\"><strong>M\u0142otek brukarski<\/strong> z wymienn\u0105 gum\u0105 z drewnianym trzonkiem o d\u0142ugo\u015bci 80 cm.<\/p>\n<p style=\"text-align: center;\">Ci\u0119\u017car m\u0142otka 3 kg<\/p>\n<p>&nbsp;<\/p>\n","protected":false},"featured_media":4476,"comment_status":"open","ping_status":"closed","template":"","meta":[],"product_cat":[218,381,382],"product_tag":[386,385,294,229,266,383,384,274],"class_list":{"0":"post-4475","1":"product","2":"type-product","3":"status-publish","4":"has-post-thumbnail","6":"product_cat-narzedzia-brukarskie","7":"product_cat-optimas-poznan-ukladarki-do-kostki","8":"product_cat-pozostale-narzedzia-optimas","9":"product_tag-mlotek-brukarski-guma-guma","10":"product_tag-mlotek-brukarski-optimas","11":"product_tag-mlotki-brukarskie-poznan","12":"product_tag-narzedzia-brukarskie","13":"product_tag-narzedzia-brukarskie-poznan","14":"product_tag-optimas","15":"product_tag-optimas-poznan","16":"product_tag-sprzet-brukarski-poznan","17":"product_shipping_class-wysylka-inpost","19":"first","20":"outofstock","21":"taxable","22":"shipping-taxable","23":"purchasable","24":"product-type-simple"},"_links":{"self":[{"href":"https:\/\/kazal.pl\/sklep\/wp-json\/wp\/v2\/product\/4475","targetHints":{"allow":["GET"]}}],"collection":[{"href":"https:\/\/kazal.pl\/sklep\/wp-json\/wp\/v2\/product"}],"about":[{"href":"https:\/\/kazal.pl\/sklep\/wp-json\/wp\/v2\/types\/product"}],"replies":[{"embeddable":true,"href":"https:\/\/kazal.pl\/sklep\/wp-json\/wp\/v2\/comments?post=4475"}],"wp:featuredmedia":[{"embeddable":true,"href":"https:\/\/kazal.pl\/sklep\/wp-json\/wp\/v2\/media\/4476"}],"wp:attachment":[{"href":"https:\/\/kazal.pl\/sklep\/wp-json\/wp\/v2\/media?parent=4475"}],"wp:term":[{"taxonomy":"product_cat","embeddable":true,"href":"https:\/\/kazal.pl\/sklep\/wp-json\/wp\/v2\/product_cat?post=4475"},{"taxonomy":"product_tag","embeddable":true,"href":"https:\/\/kazal.pl\/sklep\/wp-json\/wp\/v2\/product_tag?post=4475"}],"curies":[{"name":"wp","href":"https:\/\/api.w.org\/{rel}","templated":true}]}}