{"id":4511,"date":"2021-07-12T12:49:00","date_gmt":"2021-07-12T12:49:00","guid":{"rendered":"https:\/\/kazal.pl\/sklep\/?post_type=product&#038;p=4511"},"modified":"2024-09-07T09:41:43","modified_gmt":"2024-09-07T09:41:43","slug":"probst-listwa-zgarniajaca-26-m-lata-profilujaca-uchwyty-hg-tp-teleplan-tp-150-260","status":"publish","type":"product","link":"https:\/\/kazal.pl\/sklep\/product\/probst-listwa-zgarniajaca-26-m-lata-profilujaca-uchwyty-hg-tp-teleplan-tp-150-260\/","title":{"rendered":"PROBST Listwa zgarniaj\u0105ca 2,6 m (\u0142ata profiluj\u0105ca) + uchwyty HG-TP TELEPLAN TP-150\/260"},"content":{"rendered":"<table style=\"width: 100%; border-collapse: collapse; background-color: #cccccc;\">\n<tbody>\n<tr>\n<td style=\"width: 100%;\"><span style=\"font-size: 20px;\"><strong>PROBST Listwa zgarniaj\u0105ca 2,6 m (\u0142ata profiluj\u0105ca) + uchwyty HG-TP TELEPLAN TP-150\/260<\/strong><\/span><\/td>\n<\/tr>\n<\/tbody>\n<\/table>\n<table style=\"border-collapse: collapse; width: 100%;\">\n<tbody>\n<tr>\n<td style=\"width: 50%;\">\n<h5>Listwa\u00a0<b>TELEPLAN TP-150\/260<\/b>\u00a0marki\u00a0<b>PROBST<\/b> posiada sierpowaty kszta\u0142t, dzi\u0119ki kt\u00f3remu wcina si\u0119 w nawierzchni\u0119, zapobiegaj\u0105c powstawaniu nier\u00f3wno\u015bci. Nie trzeba dociska\u0107 \u0142aty do pod\u0142o\u017ca.<\/h5>\n<\/td>\n<\/tr>\n<\/tbody>\n<\/table>\n<table style=\"width: 100%; border-collapse: collapse; background-color: #cccccc;\">\n<tbody>\n<tr>\n<td style=\"width: 100%;\"><span style=\"font-size: 20px;\"><strong>Charakterystyka:<\/strong><\/span><\/td>\n<\/tr>\n<\/tbody>\n<\/table>\n<table style=\"border-collapse: collapse; width: 100%;\">\n<tbody>\n<tr>\n<td style=\"width: 50%;\">\n<div class=\"m-containerseemore__container\">\n<div class=\"m-containerseemore__content\">\n<div class=\"m-containerseemore__coloumn\">\n<div class=\"m-containerseemore__coloumn\">\n<h4 class=\"e-headline e-headline--h4 \">Funkcje:<\/h4>\n<ul class=\"e-list--ul \">\n<li class=\"e-list__item\">Tele-Plan sprawdza si\u0119 w\u00a0szczeg\u00f3lno\u015bci przy\u00a0wyr\u00f3wnywaniu twardego, ubitego piachu lub\u00a0w sytuacji, gdy po\u00a0bokach \u015bcie\u017cki roboczej znajduj\u0105 si\u0119 przeszkody np. kraw\u0119\u017cniki. Mo\u017cliwe jest poszerzanie \u015bcie\u017cki roboczej dzi\u0119ki teleskopowemu \u0142\u0105czeniu dw\u00f3ch \u0142at. Prowadnice boczne z\u00a0mo\u017cliwo\u015bci\u0105 regulacji wysoko\u015bci po\u0142o\u017cenia ogranicznik\u00f3w. Wbudowany w\u00a0profil aluminiowy wska\u017anik poziomu.<\/li>\n<\/ul>\n<\/div>\n<div class=\"m-containerseemore__coloumn\">\n<h4 class=\"e-headline e-headline--h4 \">Opcje dodatkowe:<\/h4>\n<ul class=\"e-list--ul \">\n<li class=\"e-list__item\">Oferta dotyczy\u00a0<b>listwy zgarniaj\u0105cej + oryginalne uchwyty HG-TP\u00a0<\/b><\/li>\n<li class=\"e-list__item\"><b>Opis wariantu:<\/b> Szeroko\u015b\u0107 robocza 150 &#8211; 260 cm, ci\u0119\u017car 6,0 kg, model z uchwytami.<\/li>\n<\/ul>\n<\/div>\n<\/div>\n<\/div>\n<\/div>\n<div class=\"m-containerseemore__link\"><\/div>\n<\/td>\n<td style=\"width: 50%;\">\n<div class=\"m-containerexpander__head\">\n<div class=\"m-containerexpander__head\">\n<div class=\"mceTemp\"><\/div>\n<\/div>\n<\/div>\n<p><a href=\"https:\/\/kazal.pl\/sklep\/product-category\/narzedzia-brukarskie\/probst-narzedzia-brukarskie\/\"><img loading=\"lazy\" decoding=\"async\" class=\"wp-image-4324 size-full alignnone\" style=\"margin-top: 0.857143rem; margin-bottom: 0.857143rem;\" src=\"https:\/\/kazal.pl\/sklep\/wp-content\/uploads\/2021\/05\/PROBST-Poznan-narzedzia-brukarskie-poznan-probst-chwytaki-do-kraweznikow-poznan-ukladarki-do-kostki-poznan-probst-dystrybutor.jpg\" alt=\"PROBST-Poznan-narzedzia-brukarskie-poznan-probst-chwytaki-do-kraweznikow-poznan-ukladarki-do-kostki-poznan-probst-dystrybutor\" width=\"200\" height=\"200\" srcset=\"https:\/\/kazal.pl\/sklep\/wp-content\/uploads\/2021\/05\/PROBST-Poznan-narzedzia-brukarskie-poznan-probst-chwytaki-do-kraweznikow-poznan-ukladarki-do-kostki-poznan-probst-dystrybutor.jpg 200w, https:\/\/kazal.pl\/sklep\/wp-content\/uploads\/2021\/05\/PROBST-Poznan-narzedzia-brukarskie-poznan-probst-chwytaki-do-kraweznikow-poznan-ukladarki-do-kostki-poznan-probst-dystrybutor-150x150.jpg 150w, https:\/\/kazal.pl\/sklep\/wp-content\/uploads\/2021\/05\/PROBST-Poznan-narzedzia-brukarskie-poznan-probst-chwytaki-do-kraweznikow-poznan-ukladarki-do-kostki-poznan-probst-dystrybutor-90x90.jpg 90w\" sizes=\"auto, (max-width: 200px) 100vw, 200px\" \/><\/a><\/p>\n<div class=\"m-containerexpander__head\">\n<h4 class=\"e-headline e-headline--h3 m-containerexpander__headline\"><a href=\"https:\/\/kazal.pl\/sklep\/product-category\/narzedzia-brukarskie\/probst-narzedzia-brukarskie\/\">PROBST GmbH<\/a><\/h4>\n<div class=\"m-containerexpander__collapseicon\"><\/div>\n<\/div>\n<div class=\"m-containerexpander__content\">\n<div class=\"m-containerexpander__innercontent\">\n<div class=\"m-textparagraph m-textparagraph--types c-richtext\">\n<p>Narz\u0119dzia brukarskie PROBST Pozna\u0144. Firma Probst oferuje najszersz\u0105 na \u015bwiecie gam\u0119 urz\u0105dze\u0144 i maszyn przeznaczonych do transportu i uk\u0142adania ka\u017cdego rodzaju prefabrykat\u00f3w betonowych wykorzystywanych w budownictwie.<\/p>\n<p style=\"text-align: center;\"><iframe loading=\"lazy\" src=\"\/\/www.youtube.com\/embed\/J3r-UAuVMFg\" width=\"560\" height=\"314\" allowfullscreen=\"allowfullscreen\"><\/iframe><\/p>\n<\/div>\n<\/div>\n<\/div>\n<\/td>\n<\/tr>\n<\/tbody>\n<\/table>\n<table style=\"width: 100%; border-collapse: collapse; background-color: #cccccc;\">\n<tbody>\n<tr>\n<td style=\"width: 100%;\"><span style=\"font-size: 20px;\"><strong>Parametry techniczne:<\/strong><\/span><\/td>\n<\/tr>\n<\/tbody>\n<\/table>\n<table style=\"width: 100%; height: 114px;\">\n<tbody>\n<tr style=\"height: 114px;\">\n<td style=\"width: 31.68%; height: 114px;\"><strong>PRODUCENT<\/strong><br \/>\n<strong>KOD PRODUKTU<\/strong><br \/>\n<strong>SZEROKO\u015a\u0106 ROBOCZA<\/strong><br \/>\n<strong>MASA W\u0141ASNA<\/strong><\/td>\n<td style=\"width: 68.16%; height: 114px;\"><strong>PROBST<\/strong><br \/>\n51010002 + 51010005<br \/>\n150 &#8211; 260 CM<br \/>\n6,0 KG<\/td>\n<\/tr>\n<\/tbody>\n<\/table>\n<table style=\"width: 100%; border-collapse: collapse; background-color: #cccccc;\">\n<tbody>\n<tr>\n<td style=\"width: 100%;\"><span style=\"font-size: 20px;\"><strong>Zdj\u0119cia produktu:<\/strong><\/span><\/td>\n<\/tr>\n<\/tbody>\n<\/table>\n<div class=\"mceTemp\"><\/div>\n<table style=\"border-collapse: collapse; width: 100%;\">\n<tbody>\n<tr>\n<td style=\"width: 50%;\"><img loading=\"lazy\" decoding=\"async\" class=\"aligncenter wp-image-4512\" src=\"https:\/\/kazal.pl\/sklep\/wp-content\/uploads\/2021\/07\/LATA-BRUKARSKA-Listwa-1-6m-UCHWYTY-Probst-Szerokosc-robocza-1000-mm-300x231.jpg\" alt=\"\" width=\"550\" height=\"423\" srcset=\"https:\/\/kazal.pl\/sklep\/wp-content\/uploads\/2021\/07\/LATA-BRUKARSKA-Listwa-1-6m-UCHWYTY-Probst-Szerokosc-robocza-1000-mm-300x231.jpg 300w, https:\/\/kazal.pl\/sklep\/wp-content\/uploads\/2021\/07\/LATA-BRUKARSKA-Listwa-1-6m-UCHWYTY-Probst-Szerokosc-robocza-1000-mm-600x461.jpg 600w, https:\/\/kazal.pl\/sklep\/wp-content\/uploads\/2021\/07\/LATA-BRUKARSKA-Listwa-1-6m-UCHWYTY-Probst-Szerokosc-robocza-1000-mm.jpg 769w\" sizes=\"auto, (max-width: 550px) 100vw, 550px\" \/><\/td>\n<td style=\"width: 50%;\">\n<div id=\"attachment_4513\" style=\"width: 560px\" class=\"wp-caption aligncenter\"><img loading=\"lazy\" decoding=\"async\" aria-describedby=\"caption-attachment-4513\" class=\"wp-image-4513\" src=\"https:\/\/kazal.pl\/sklep\/wp-content\/uploads\/2021\/07\/PROBST-Poznan-Lata-zgarniajaca-16M-PROBST-TELEPLAN-TP-100-165-uchwyty-narzedzia-brukarskie-Poznan-chwytaki-do-kostki-Poznan-FHU-KAZAL-Poznan-MIMAL-PROBST-BELLE-Poznan--228x300.jpg\" alt=\"PROBST-Poznan-\u0141ata-zgarniaj\u0105ca-1,6M-PROBST-TELEPLAN-TP-100-165-uchwyty-narzedzia-brukarskie-Poznan-chwytaki-do-kostki-Poznan-FHU-KAZAL-Poznan-MIMAL-PROBST-BELLE-Poznan---\" width=\"550\" height=\"723\" srcset=\"https:\/\/kazal.pl\/sklep\/wp-content\/uploads\/2021\/07\/PROBST-Poznan-Lata-zgarniajaca-16M-PROBST-TELEPLAN-TP-100-165-uchwyty-narzedzia-brukarskie-Poznan-chwytaki-do-kostki-Poznan-FHU-KAZAL-Poznan-MIMAL-PROBST-BELLE-Poznan--228x300.jpg 228w, https:\/\/kazal.pl\/sklep\/wp-content\/uploads\/2021\/07\/PROBST-Poznan-Lata-zgarniajaca-16M-PROBST-TELEPLAN-TP-100-165-uchwyty-narzedzia-brukarskie-Poznan-chwytaki-do-kostki-Poznan-FHU-KAZAL-Poznan-MIMAL-PROBST-BELLE-Poznan-.jpg 600w\" sizes=\"auto, (max-width: 550px) 100vw, 550px\" \/><p id=\"caption-attachment-4513\" class=\"wp-caption-text\"><span style=\"color: #ffffff;\">PROBST-Poznan-\u0141ata-zgarniaj\u0105ca-1,6M-PROBST-TELEPLAN-TP-100-165-uchwyty-narzedzia-brukarskie-Poznan-chwytaki-do-kostki-Poznan-FHU-KAZAL-Poznan-MIMAL-PROBST-BELLE-Poznan&#8212;<\/span><\/p><\/div><\/td>\n<\/tr>\n<\/tbody>\n<\/table>\n<p>&nbsp;<\/p>\n<table style=\"width: 100%; border-collapse: collapse; background-color: #cccccc;\">\n<tbody>\n<tr>\n<td style=\"width: 100%;\"><span style=\"font-size: 20px;\"><strong>PROBST Narz\u0119dzia brukarskie &#8211; WIDEO:<\/strong><\/span><\/td>\n<\/tr>\n<\/tbody>\n<\/table>\n<table style=\"border-collapse: collapse; width: 100%;\">\n<tbody>\n<tr>\n<td style=\"width: 30%; text-align: center;\">&nbsp;<\/p>\n<table style=\"border-collapse: collapse; width: 100%; height: 347px;\">\n<tbody>\n<tr style=\"height: 24px;\">\n<td style=\"width: 50%; height: 24px;\"><iframe loading=\"lazy\" src=\"\/\/www.youtube.com\/embed\/KuXieTsuCaQ\" width=\"560\" height=\"314\" allowfullscreen=\"allowfullscreen\"><\/iframe><\/td>\n<\/tr>\n<tr style=\"height: 323px;\">\n<td style=\"width: 50%; height: 323px;\"><iframe loading=\"lazy\" src=\"\/\/www.youtube.com\/embed\/HRfgdsjxsZQ\" width=\"560\" height=\"314\" allowfullscreen=\"allowfullscreen\"><\/iframe><\/td>\n<\/tr>\n<\/tbody>\n<\/table>\n<\/td>\n<\/tr>\n<\/tbody>\n<\/table>\n<table style=\"width: 100%; border-collapse: collapse; background-color: #cccccc;\">\n<tbody>\n<tr>\n<td style=\"width: 100%;\"><span style=\"font-size: 20px;\"><strong>Karty techniczne:<\/strong><\/span><\/td>\n<\/tr>\n<\/tbody>\n<\/table>\n<table style=\"border-collapse: collapse; width: 100%;\">\n<tbody>\n<tr>\n<td style=\"width: 50%; text-align: center;\">\n<div id=\"attachment_4507\" style=\"width: 560px\" class=\"wp-caption aligncenter\"><img loading=\"lazy\" decoding=\"async\" aria-describedby=\"caption-attachment-4507\" class=\"wp-image-4507 size-full\" src=\"https:\/\/kazal.pl\/sklep\/wp-content\/uploads\/2021\/07\/Katalog-Site-equipment-Urzadzenia-budowlane-PL-2020_Strona_001-1.png\" alt=\"Narz\u0119dzia brukarskie PROBST Pozna\u0144 FHU KAZAL\" width=\"550\" height=\"778\" srcset=\"https:\/\/kazal.pl\/sklep\/wp-content\/uploads\/2021\/07\/Katalog-Site-equipment-Urzadzenia-budowlane-PL-2020_Strona_001-1.png 550w, https:\/\/kazal.pl\/sklep\/wp-content\/uploads\/2021\/07\/Katalog-Site-equipment-Urzadzenia-budowlane-PL-2020_Strona_001-1-212x300.png 212w\" sizes=\"auto, (max-width: 550px) 100vw, 550px\" \/><p id=\"caption-attachment-4507\" class=\"wp-caption-text\">Narz\u0119dzia brukarskie PROBST Pozna\u0144 FHU KAZAL<\/p><\/div><\/td>\n<td style=\"width: 50%; text-align: center;\">\n<div id=\"attachment_4508\" style=\"width: 560px\" class=\"wp-caption aligncenter\"><img loading=\"lazy\" decoding=\"async\" aria-describedby=\"caption-attachment-4508\" class=\"wp-image-4508 size-full\" src=\"https:\/\/kazal.pl\/sklep\/wp-content\/uploads\/2021\/07\/Katalog-Site-equipment-Urzadzenia-budowlane-PL-2020_Strona_027.png\" alt=\"Narz\u0119dzia brukarskie PROBST Pozna\u0144 FHU KAZAL\" width=\"550\" height=\"778\" srcset=\"https:\/\/kazal.pl\/sklep\/wp-content\/uploads\/2021\/07\/Katalog-Site-equipment-Urzadzenia-budowlane-PL-2020_Strona_027.png 550w, https:\/\/kazal.pl\/sklep\/wp-content\/uploads\/2021\/07\/Katalog-Site-equipment-Urzadzenia-budowlane-PL-2020_Strona_027-212x300.png 212w\" sizes=\"auto, (max-width: 550px) 100vw, 550px\" \/><p id=\"caption-attachment-4508\" class=\"wp-caption-text\">Narz\u0119dzia brukarskie PROBST Pozna\u0144 FHU KAZAL<\/p><\/div><\/td>\n<\/tr>\n<\/tbody>\n<\/table>\n","protected":false},"excerpt":{"rendered":"<table style=\"border-collapse: collapse; width: 100%;\">\n<tbody>\n<tr>\n<td style=\"width: 100%;\">\n<h5 class=\"e-headline e-headline--h2 e-headline--product\">Listwa <b>TELEPLAN TP-150\/260<\/b>\u00a0marki\u00a0<b>PROBST<\/b> posiada sierpowaty kszta\u0142t, dzi\u0119ki kt\u00f3remu wcina si\u0119 w nawierzchni\u0119, zapobiegaj\u0105c powstawaniu nier\u00f3wno\u015bci. Nie trzeba dociska\u0107 \u0142aty do pod\u0142o\u017ca.<\/h5>\n<\/td>\n<\/tr>\n<\/tbody>\n<\/table>\n<table style=\"border-collapse: collapse; width: 100%;\">\n<tbody>\n<tr>\n<td style=\"width: 65.36%;\">Tele-Plan sprawdza si\u0119 w szczeg\u00f3lno\u015bci przy wyr\u00f3wnywaniu twardego, ubitego piachu lub w sytuacji, gdy po bokach \u015bcie\u017cki roboczej znajduj\u0105 si\u0119 przeszkody np. kraw\u0119\u017cniki.<\/td>\n<td style=\"width: 34.64%;\"><a href=\"https:\/\/kazal.pl\/sklep\/product-category\/narzedzia-brukarskie\/probst-narzedzia-brukarskie\/\"><img loading=\"lazy\" decoding=\"async\" class=\"aligncenter wp-image-4324 size-thumbnail\" style=\"margin-top: 0.857143rem; margin-bottom: 0.857143rem;\" src=\"https:\/\/kazal.pl\/sklep\/wp-content\/uploads\/2021\/05\/PROBST-Poznan-narzedzia-brukarskie-poznan-probst-chwytaki-do-kraweznikow-poznan-ukladarki-do-kostki-poznan-probst-dystrybutor-150x150.jpg\" alt=\"PROBST-Poznan-narzedzia-brukarskie-poznan-probst-chwytaki-do-kraweznikow-poznan-ukladarki-do-kostki-poznan-probst-dystrybutor\" width=\"150\" height=\"150\" srcset=\"https:\/\/kazal.pl\/sklep\/wp-content\/uploads\/2021\/05\/PROBST-Poznan-narzedzia-brukarskie-poznan-probst-chwytaki-do-kraweznikow-poznan-ukladarki-do-kostki-poznan-probst-dystrybutor-150x150.jpg 150w, https:\/\/kazal.pl\/sklep\/wp-content\/uploads\/2021\/05\/PROBST-Poznan-narzedzia-brukarskie-poznan-probst-chwytaki-do-kraweznikow-poznan-ukladarki-do-kostki-poznan-probst-dystrybutor-90x90.jpg 90w, https:\/\/kazal.pl\/sklep\/wp-content\/uploads\/2021\/05\/PROBST-Poznan-narzedzia-brukarskie-poznan-probst-chwytaki-do-kraweznikow-poznan-ukladarki-do-kostki-poznan-probst-dystrybutor.jpg 200w\" sizes=\"auto, (max-width: 150px) 100vw, 150px\" \/><\/a><\/td>\n<\/tr>\n<\/tbody>\n<\/table>\n<table style=\"border-collapse: collapse; width: 100%;\">\n<tbody>\n<tr>\n<td style=\"width: 100%;\">\n<h6><span style=\"text-decoration: underline;\"><strong><span style=\"color: #ff0000; text-decoration: underline;\">NOWY<\/span><\/strong><\/span><span style=\"color: #ff0000;\"> &#8211; <span style=\"text-decoration: underline;\"><strong>Dost\u0119pny od r\u0119ki<\/strong> <\/span><\/span>&#8211; w sklepie stacjonarnym lub wysy\u0142ka.<\/h6>\n<\/td>\n<\/tr>\n<\/tbody>\n<\/table>\n","protected":false},"featured_media":4517,"comment_status":"open","ping_status":"closed","template":"","meta":[],"product_cat":[396,218,311,312,355],"product_tag":[408,398,399,229,266,397,321,319,403,400,401,402],"class_list":{"0":"post-4511","1":"product","2":"type-product","3":"status-publish","4":"has-post-thumbnail","6":"product_cat-listwy-zgarniajace-probst","7":"product_cat-narzedzia-brukarskie","8":"product_cat-probst","9":"product_cat-probst-narzedzia-brukarskie","10":"product_cat-zestawy-promocyjne","11":"product_tag-hg-tp","12":"product_tag-listwy-zgarniajace","13":"product_tag-listwy-zgarniajace-probst","14":"product_tag-narzedzia-brukarskie","15":"product_tag-narzedzia-brukarskie-poznan","16":"product_tag-narzedzia-brukarskie-probst","17":"product_tag-poznan-narzedzia-brukarskie-probst-poznan","18":"product_tag-probst-poznan","19":"product_tag-probst-teleplan-tp","20":"product_tag-teleplan","21":"product_tag-teleplan-poznan","22":"product_tag-teleplan-tp","23":"product_shipping_class-kurier-probst-teleplan","25":"first","26":"instock","27":"featured","28":"taxable","29":"shipping-taxable","30":"purchasable","31":"product-type-simple"},"_links":{"self":[{"href":"https:\/\/kazal.pl\/sklep\/wp-json\/wp\/v2\/product\/4511","targetHints":{"allow":["GET"]}}],"collection":[{"href":"https:\/\/kazal.pl\/sklep\/wp-json\/wp\/v2\/product"}],"about":[{"href":"https:\/\/kazal.pl\/sklep\/wp-json\/wp\/v2\/types\/product"}],"replies":[{"embeddable":true,"href":"https:\/\/kazal.pl\/sklep\/wp-json\/wp\/v2\/comments?post=4511"}],"wp:featuredmedia":[{"embeddable":true,"href":"https:\/\/kazal.pl\/sklep\/wp-json\/wp\/v2\/media\/4517"}],"wp:attachment":[{"href":"https:\/\/kazal.pl\/sklep\/wp-json\/wp\/v2\/media?parent=4511"}],"wp:term":[{"taxonomy":"product_cat","embeddable":true,"href":"https:\/\/kazal.pl\/sklep\/wp-json\/wp\/v2\/product_cat?post=4511"},{"taxonomy":"product_tag","embeddable":true,"href":"https:\/\/kazal.pl\/sklep\/wp-json\/wp\/v2\/product_tag?post=4511"}],"curies":[{"name":"wp","href":"https:\/\/api.w.org\/{rel}","templated":true}]}}