{"id":4541,"date":"2021-07-26T07:38:44","date_gmt":"2021-07-26T07:38:44","guid":{"rendered":"https:\/\/kazal.pl\/sklep\/?post_type=product&#038;p=4541"},"modified":"2022-10-11T10:10:27","modified_gmt":"2022-10-11T10:10:27","slug":"simplex-obuch-plastik-do-mlotka-brukarskiego-60mm-80mm","status":"publish","type":"product","link":"https:\/\/kazal.pl\/sklep\/product\/simplex-obuch-plastik-do-mlotka-brukarskiego-60mm-80mm\/","title":{"rendered":"SIMPLEX Obuch \/ Plastik do m\u0142otka brukarskiego 60mm | 80mm"},"content":{"rendered":"<table style=\"width: 100%; border-collapse: collapse; background-color: #cccccc;\">\n<tbody>\n<tr>\n<td style=\"width: 100%;\"><span style=\"font-size: 20px;\"><strong>SIMPLEX Obuch \/ Plastik do m\u0142otka brukarskiego 60mm | 80mm<\/strong><\/span><\/td>\n<\/tr>\n<\/tbody>\n<\/table>\n<table style=\"border-collapse: collapse; width: 100%;\">\n<tbody>\n<tr>\n<td style=\"width: 50%;\">\n<h5>HALDER SIMPLEX &#8211; Oryginalny plastik \/ obuch \/ ko\u0144c\u00f3wka do m\u0142otka 60mm | 80mm firmy HALDER SIMPLEX producenta profesjonalnych m\u0142otk\u00f3w dla brukarzy.<\/h5>\n<\/td>\n<\/tr>\n<\/tbody>\n<\/table>\n<table style=\"width: 100%; border-collapse: collapse; background-color: #cccccc;\">\n<tbody>\n<tr>\n<td style=\"width: 100%;\"><span style=\"font-size: 20px;\"><strong>Charakterystyka:<\/strong><\/span><\/td>\n<\/tr>\n<\/tbody>\n<\/table>\n<table style=\"border-collapse: collapse; width: 100%;\">\n<tbody>\n<tr>\n<td style=\"width: 51.7931%;\">\n<div class=\"m-containerseemore__container\">\n<div class=\"m-containerseemore__content\">\n<div class=\"m-containerseemore__coloumn\">\n<div class=\"m-containerseemore__coloumn\">\n<h4 class=\"e-headline e-headline--h4 \">Funkcje:<\/h4>\n<ul class=\"e-list--ul \">\n<li>Prace brukarskie,<\/li>\n<li>uk\u0142adanie kamieni bloczkowych,<\/li>\n<li>ogr\u00f3d \/ kszta\u0142towanie terenu,<\/li>\n<li>uk\u0142adanie cegie\u0142 \/ schod\u00f3w,<\/li>\n<li>budowa ogrodze\u0144,<\/li>\n<li>budowa rusztowa\u0144 \/ namiot\u00f3w,<\/li>\n<li>monta\u017c gotowych dom\u00f3w,<\/li>\n<li>prace ciesielskie,<\/li>\n<li>naprawa \/ konserwacja maszyn<\/li>\n<\/ul>\n<\/div>\n<div class=\"m-containerseemore__coloumn\">\n<h4 class=\"e-headline e-headline--h4 \">Opcje dodatkowe:<\/h4>\n<ul class=\"e-list--ul \">\n<li class=\"e-list__item\"><b>Opis wariantu:<\/b> Do wyboru ko\u0144c\u00f3wka 60mm i 80mm.<\/li>\n<\/ul>\n<\/div>\n<\/div>\n<\/div>\n<\/div>\n<div class=\"m-containerseemore__link\"><\/div>\n<\/td>\n<td style=\"width: 48.2069%;\">\n<div class=\"m-containerexpander__head\">\n<div class=\"m-containerexpander__head\">\n<div class=\"mceTemp\"><\/div>\n<\/div>\n<\/div>\n<p><a href=\"https:\/\/kazal.pl\/sklep\/product-category\/narzedzia-brukarskie\/simplex-mlotki-brukarskie\/\"><img loading=\"lazy\" decoding=\"async\" class=\"aligncenter wp-image-4520\" style=\"margin-top: 0.857143rem; margin-bottom: 0.857143rem;\" src=\"https:\/\/kazal.pl\/sklep\/wp-content\/uploads\/2021\/07\/Halder-300x103.png\" alt=\"HALDER SIMPLEX Dystrybutor m\u0142otk\u00f3w brukarskich Pozna\u0144 FHU KAZAL\" width=\"200\" height=\"69\" srcset=\"https:\/\/kazal.pl\/sklep\/wp-content\/uploads\/2021\/07\/Halder-300x103.png 300w, https:\/\/kazal.pl\/sklep\/wp-content\/uploads\/2021\/07\/Halder-1024x353.png 1024w, https:\/\/kazal.pl\/sklep\/wp-content\/uploads\/2021\/07\/Halder-768x265.png 768w, https:\/\/kazal.pl\/sklep\/wp-content\/uploads\/2021\/07\/Halder-1536x529.png 1536w, https:\/\/kazal.pl\/sklep\/wp-content\/uploads\/2021\/07\/Halder-1170x403.png 1170w, https:\/\/kazal.pl\/sklep\/wp-content\/uploads\/2021\/07\/Halder-600x207.png 600w, https:\/\/kazal.pl\/sklep\/wp-content\/uploads\/2021\/07\/Halder.png 2000w\" sizes=\"auto, (max-width: 200px) 100vw, 200px\" \/><\/a><\/p>\n<div class=\"m-containerexpander__head\">\n<h4 class=\"e-headline e-headline--h3 m-containerexpander__headline\"><a href=\"https:\/\/kazal.pl\/sklep\/product-category\/narzedzia-brukarskie\/simplex-mlotki-brukarskie\/\">HALDER SIMPLEX<\/a><\/h4>\n<div class=\"m-containerexpander__collapseicon\"><\/div>\n<\/div>\n<div class=\"m-containerexpander__content\">\n<div class=\"m-containerexpander__innercontent\">\n<div class=\"m-textparagraph m-textparagraph--types c-richtext\">\n<p>Narz\u0119dzia brukarskie HALDER SIMPLEX Pozna\u0144. Firma Halder oferuje najszersz\u0105 na \u015bwiecie gam\u0119 narz\u0119dzi przeznaczonych do uk\u0142adania ka\u017cdego rodzaju prefabrykat\u00f3w betonowych wykorzystywanych w budownictwie. Erwin Halder KG jest producentem narz\u0119dzi r\u0119cznych dla profesjonalist\u00f3w. Od blisko 80 lat m\u0142otki i narz\u0119dzia do przemys\u0142u drzewnego Halder s\u0105 synonimem ciekawych rozwi\u0105za\u0144 i wysokiej jako\u015bci materia\u0142\u00f3w &#8211; \u00a0 Made in Germany.<\/p>\n<p>Narz\u0119dzia r\u0119czne &#8211; M\u0142otki z mi\u0119kkim bijakiem\/ M\u0142oty brukarskie\/ M\u0142otki brukarskie\/ M\u0142otki kombinowane\/ Narz\u0119dzia Le\u015bne<\/p>\n<p style=\"text-align: center;\"><iframe loading=\"lazy\" src=\"\/\/www.youtube.com\/embed\/KJ3wa5btgnA?t=1s\" width=\"560\" height=\"314\" allowfullscreen=\"allowfullscreen\"><\/iframe><\/p>\n<\/div>\n<\/div>\n<\/div>\n<\/td>\n<\/tr>\n<\/tbody>\n<\/table>\n<table style=\"width: 100%; border-collapse: collapse; background-color: #cccccc;\">\n<tbody>\n<tr>\n<td style=\"width: 100%;\"><span style=\"font-size: 20px;\"><strong>Parametry techniczne:<\/strong><\/span><\/td>\n<\/tr>\n<\/tbody>\n<\/table>\n<table style=\"width: 100%; height: 114px;\">\n<tbody>\n<tr style=\"height: 114px;\">\n<td style=\"width: 31.68%; height: 114px;\"><strong>PRODUCENT<\/strong><br \/>\n<strong>KOD PRODUKTU<\/strong><br \/>\n<strong>SZEROKO\u015a\u0106 ROBOCZA<\/strong><br \/>\n<strong>MASA W\u0141ASNA<\/strong><\/td>\n<td style=\"width: 68.16%; height: 114px;\"><strong>HALDER SIMPLEX<\/strong><br \/>\n3207.060, 3207.080<br \/>\n60mm, 80mm<br \/>\n160 G, 325 G<\/td>\n<\/tr>\n<\/tbody>\n<\/table>\n<table style=\"width: 100%; border-collapse: collapse; background-color: #cccccc;\">\n<tbody>\n<tr>\n<td style=\"width: 100%;\"><span style=\"font-size: 20px;\"><strong>Zdj\u0119cia produktu:<\/strong><\/span><\/td>\n<\/tr>\n<\/tbody>\n<\/table>\n<div class=\"mceTemp\"><\/div>\n<table style=\"border-collapse: collapse; width: 100%;\">\n<tbody>\n<tr>\n<td style=\"width: 50%;\">\n<div id=\"attachment_4554\" style=\"width: 410px\" class=\"wp-caption aligncenter\"><img loading=\"lazy\" decoding=\"async\" aria-describedby=\"caption-attachment-4554\" class=\"wp-image-4554\" src=\"https:\/\/kazal.pl\/sklep\/wp-content\/uploads\/2021\/07\/Plastik-obuch-wkladka-do-Mlotek-brukarski-HALDER-SIMPLEX-60mm-80mm-guma-plastik-Poznan-FHU-KAZAL-Dystrybutor-narzedzi-brukarskich-300x300.jpg\" alt=\"Plastik obuch wk\u0142adka do M\u0142otek brukarski HALDER SIMPLEX 60mm 80mm guma-plastik Pozna\u0144 FHU KAZAL Dystrybutor narz\u0119dzi brukarskich\" width=\"400\" height=\"400\" srcset=\"https:\/\/kazal.pl\/sklep\/wp-content\/uploads\/2021\/07\/Plastik-obuch-wkladka-do-Mlotek-brukarski-HALDER-SIMPLEX-60mm-80mm-guma-plastik-Poznan-FHU-KAZAL-Dystrybutor-narzedzi-brukarskich-300x300.jpg 300w, https:\/\/kazal.pl\/sklep\/wp-content\/uploads\/2021\/07\/Plastik-obuch-wkladka-do-Mlotek-brukarski-HALDER-SIMPLEX-60mm-80mm-guma-plastik-Poznan-FHU-KAZAL-Dystrybutor-narzedzi-brukarskich-150x150.jpg 150w, https:\/\/kazal.pl\/sklep\/wp-content\/uploads\/2021\/07\/Plastik-obuch-wkladka-do-Mlotek-brukarski-HALDER-SIMPLEX-60mm-80mm-guma-plastik-Poznan-FHU-KAZAL-Dystrybutor-narzedzi-brukarskich-768x768.jpg 768w, https:\/\/kazal.pl\/sklep\/wp-content\/uploads\/2021\/07\/Plastik-obuch-wkladka-do-Mlotek-brukarski-HALDER-SIMPLEX-60mm-80mm-guma-plastik-Poznan-FHU-KAZAL-Dystrybutor-narzedzi-brukarskich-600x600.jpg 600w, https:\/\/kazal.pl\/sklep\/wp-content\/uploads\/2021\/07\/Plastik-obuch-wkladka-do-Mlotek-brukarski-HALDER-SIMPLEX-60mm-80mm-guma-plastik-Poznan-FHU-KAZAL-Dystrybutor-narzedzi-brukarskich-90x90.jpg 90w, https:\/\/kazal.pl\/sklep\/wp-content\/uploads\/2021\/07\/Plastik-obuch-wkladka-do-Mlotek-brukarski-HALDER-SIMPLEX-60mm-80mm-guma-plastik-Poznan-FHU-KAZAL-Dystrybutor-narzedzi-brukarskich.jpg 1000w\" sizes=\"auto, (max-width: 400px) 100vw, 400px\" \/><p id=\"caption-attachment-4554\" class=\"wp-caption-text\"><span style=\"color: #ffffff;\">Plastik obuch wk\u0142adka do M\u0142otek brukarski HALDER SIMPLEX 60mm 80mm guma-plastik Pozna\u0144 FHU KAZAL Dystrybutor narz\u0119dzi brukarskich<\/span><\/p><\/div><\/td>\n<td style=\"width: 50%;\">\n<div id=\"attachment_4551\" style=\"width: 410px\" class=\"wp-caption aligncenter\"><img loading=\"lazy\" decoding=\"async\" aria-describedby=\"caption-attachment-4551\" class=\"wp-image-4551\" src=\"https:\/\/kazal.pl\/sklep\/wp-content\/uploads\/2021\/07\/Mlotek-brukarski-HALDER-SIMPLEX-60mm-80mm-guma-plastik-Poznan-FHU-KAZAL-Dystrybutor-narzedzi-brukarskich-300x300.jpg\" alt=\"M\u0142otek brukarski HALDER SIMPLEX 60mm 80mm guma-plastik Pozna\u0144 FHU KAZAL Dystrybutor narz\u0119dzi brukarskich\" width=\"400\" height=\"400\" srcset=\"https:\/\/kazal.pl\/sklep\/wp-content\/uploads\/2021\/07\/Mlotek-brukarski-HALDER-SIMPLEX-60mm-80mm-guma-plastik-Poznan-FHU-KAZAL-Dystrybutor-narzedzi-brukarskich-300x300.jpg 300w, https:\/\/kazal.pl\/sklep\/wp-content\/uploads\/2021\/07\/Mlotek-brukarski-HALDER-SIMPLEX-60mm-80mm-guma-plastik-Poznan-FHU-KAZAL-Dystrybutor-narzedzi-brukarskich-150x150.jpg 150w, https:\/\/kazal.pl\/sklep\/wp-content\/uploads\/2021\/07\/Mlotek-brukarski-HALDER-SIMPLEX-60mm-80mm-guma-plastik-Poznan-FHU-KAZAL-Dystrybutor-narzedzi-brukarskich-768x768.jpg 768w, https:\/\/kazal.pl\/sklep\/wp-content\/uploads\/2021\/07\/Mlotek-brukarski-HALDER-SIMPLEX-60mm-80mm-guma-plastik-Poznan-FHU-KAZAL-Dystrybutor-narzedzi-brukarskich-600x600.jpg 600w, https:\/\/kazal.pl\/sklep\/wp-content\/uploads\/2021\/07\/Mlotek-brukarski-HALDER-SIMPLEX-60mm-80mm-guma-plastik-Poznan-FHU-KAZAL-Dystrybutor-narzedzi-brukarskich-90x90.jpg 90w, https:\/\/kazal.pl\/sklep\/wp-content\/uploads\/2021\/07\/Mlotek-brukarski-HALDER-SIMPLEX-60mm-80mm-guma-plastik-Poznan-FHU-KAZAL-Dystrybutor-narzedzi-brukarskich.jpg 1000w\" sizes=\"auto, (max-width: 400px) 100vw, 400px\" \/><p id=\"caption-attachment-4551\" class=\"wp-caption-text\">Gumy, plastiki s\u0105 sprzedawane pojedynczo. Zdj\u0119cie przedstawia produkty z oferty sklepu. M\u0142otek brukarski HALDER SIMPLEX 60mm 80mm guma-plastik Pozna\u0144 FHU KAZAL Dystrybutor narz\u0119dzi brukarskich<\/p><\/div><\/td>\n<\/tr>\n<\/tbody>\n<\/table>\n<table style=\"border-collapse: collapse; width: 100%;\">\n<tbody>\n<tr>\n<td style=\"width: 100%; text-align: center;\"><iframe loading=\"lazy\" src=\"\/\/www.youtube.com\/embed\/hof0f4KqunY\" width=\"560\" height=\"314\" allowfullscreen=\"allowfullscreen\"><\/iframe><\/td>\n<\/tr>\n<\/tbody>\n<\/table>\n<table style=\"width: 100%; border-collapse: collapse; background-color: #cccccc;\">\n<tbody>\n<tr>\n<td style=\"width: 100%;\"><span style=\"font-size: 20px;\"><strong>HALDER SIMPLEX Narz\u0119dzia brukarskie &#8211; WIDEO:<\/strong><\/span><\/td>\n<\/tr>\n<\/tbody>\n<\/table>\n<table style=\"border-collapse: collapse; width: 100%;\">\n<tbody>\n<tr>\n<td style=\"width: 30%; text-align: center;\">&nbsp;<\/p>\n<table style=\"border-collapse: collapse; width: 100%; height: 347px;\">\n<tbody>\n<tr style=\"height: 24px;\">\n<td style=\"width: 50%; height: 24px;\"><iframe loading=\"lazy\" src=\"\/\/www.youtube.com\/embed\/AMTu3VuIiVI\" width=\"560\" height=\"314\" allowfullscreen=\"allowfullscreen\"><\/iframe><\/td>\n<\/tr>\n<tr style=\"height: 323px;\">\n<td style=\"width: 50%; height: 323px;\"><iframe loading=\"lazy\" src=\"\/\/www.youtube.com\/embed\/Xn-ri03DpUQ\" width=\"560\" height=\"314\" allowfullscreen=\"allowfullscreen\"><\/iframe><\/td>\n<\/tr>\n<\/tbody>\n<\/table>\n<\/td>\n<\/tr>\n<\/tbody>\n<\/table>\n<table style=\"width: 100%; border-collapse: collapse; background-color: #cccccc;\">\n<tbody>\n<tr>\n<td style=\"width: 100%;\"><span style=\"font-size: 20px;\"><strong>Karty techniczne:<\/strong><\/span><\/td>\n<\/tr>\n<\/tbody>\n<\/table>\n<table style=\"border-collapse: collapse; width: 100%;\">\n<tbody>\n<tr>\n<td style=\"width: 50%; text-align: center;\"><\/td>\n<td style=\"width: 50%; text-align: center;\"><\/td>\n<\/tr>\n<\/tbody>\n<\/table>\n","protected":false},"excerpt":{"rendered":"<table style=\"border-collapse: collapse; width: 100%;\">\n<tbody>\n<tr>\n<td style=\"width: 100%;\">\n<h5>HALDER SIMPLEX &#8211; Oryginalny plastik \/ obuch \/ ko\u0144c\u00f3wka do m\u0142otka 60mm | 80mm firmy HALDER SIMPLEX producenta profesjonalnych m\u0142otk\u00f3w dla brukarzy.<\/h5>\n<\/td>\n<\/tr>\n<\/tbody>\n<\/table>\n<table style=\"border-collapse: collapse; width: 100%;\">\n<tbody>\n<tr>\n<td style=\"width: 65.36%;\">Erwin Halder KG jest producentem narz\u0119dzi r\u0119cznych dla profesjonalist\u00f3w. Od blisko 80 lat m\u0142otki i narz\u0119dzia do przemys\u0142u drzewnego Halder s\u0105 synonimem ciekawych rozwi\u0105za\u0144 i wysokiej jako\u015bci materia\u0142\u00f3w &#8211; \u00a0 Made in Germany.<\/td>\n<td style=\"width: 34.64%;\"><a href=\"https:\/\/kazal.pl\/sklep\/product-category\/narzedzia-brukarskie\/simplex-mlotki-brukarskie\/\"><img loading=\"lazy\" decoding=\"async\" class=\"aligncenter wp-image-4520\" style=\"margin-top: 0.857143rem; margin-bottom: 0.857143rem;\" src=\"https:\/\/kazal.pl\/sklep\/wp-content\/uploads\/2021\/07\/Halder-300x103.png\" alt=\"HALDER SIMPLEX Dystrybutor m\u0142otk\u00f3w brukarskich Pozna\u0144 FHU KAZAL\" width=\"150\" height=\"52\" srcset=\"https:\/\/kazal.pl\/sklep\/wp-content\/uploads\/2021\/07\/Halder-300x103.png 300w, https:\/\/kazal.pl\/sklep\/wp-content\/uploads\/2021\/07\/Halder-1024x353.png 1024w, https:\/\/kazal.pl\/sklep\/wp-content\/uploads\/2021\/07\/Halder-768x265.png 768w, https:\/\/kazal.pl\/sklep\/wp-content\/uploads\/2021\/07\/Halder-1536x529.png 1536w, https:\/\/kazal.pl\/sklep\/wp-content\/uploads\/2021\/07\/Halder-1170x403.png 1170w, https:\/\/kazal.pl\/sklep\/wp-content\/uploads\/2021\/07\/Halder-600x207.png 600w, https:\/\/kazal.pl\/sklep\/wp-content\/uploads\/2021\/07\/Halder.png 2000w\" sizes=\"auto, (max-width: 150px) 100vw, 150px\" \/><\/a><\/td>\n<\/tr>\n<\/tbody>\n<\/table>\n<table style=\"border-collapse: collapse; width: 100%;\">\n<tbody>\n<tr>\n<td style=\"width: 100%;\">\n<h6><span style=\"text-decoration: underline;\"><strong><span style=\"color: #ff0000; text-decoration: underline;\">NOWY<\/span><\/strong><\/span><span style=\"color: #ff0000;\"> &#8211; <span style=\"text-decoration: underline;\"><strong>Dost\u0119pny od r\u0119ki<\/strong> <\/span><\/span>&#8211; w sklepie stacjonarnym lub wysy\u0142ka.<\/h6>\n<\/td>\n<\/tr>\n<\/tbody>\n<\/table>\n","protected":false},"featured_media":4554,"comment_status":"open","ping_status":"closed","template":"","meta":[],"product_cat":[411,218,387,409],"product_tag":[415,414,386,294,390,391,229,266,389],"class_list":{"0":"post-4541","1":"product","2":"type-product","3":"status-publish","4":"has-post-thumbnail","6":"product_cat-simplex-poznan-guma-obuch-koncowka-trzonek-zestawy","7":"product_cat-narzedzia-brukarskie","8":"product_cat-simplex","9":"product_cat-simplex-mlotki-brukarskie","10":"product_tag-guma-do-mlotka-simplex","11":"product_tag-guma-obuch-koncowka-wkladka","12":"product_tag-mlotek-brukarski-guma-guma","13":"product_tag-mlotki-brukarskie-poznan","14":"product_tag-mlotki-brukarskie-simplex","15":"product_tag-mlotki-brukarskie-simplex-poznan","16":"product_tag-narzedzia-brukarskie","17":"product_tag-narzedzia-brukarskie-poznan","18":"product_tag-simplex","19":"product_shipping_class-wysylka-inpost","21":"first","22":"instock","23":"featured","24":"taxable","25":"shipping-taxable","26":"purchasable","27":"product-type-variable"},"_links":{"self":[{"href":"https:\/\/kazal.pl\/sklep\/wp-json\/wp\/v2\/product\/4541","targetHints":{"allow":["GET"]}}],"collection":[{"href":"https:\/\/kazal.pl\/sklep\/wp-json\/wp\/v2\/product"}],"about":[{"href":"https:\/\/kazal.pl\/sklep\/wp-json\/wp\/v2\/types\/product"}],"replies":[{"embeddable":true,"href":"https:\/\/kazal.pl\/sklep\/wp-json\/wp\/v2\/comments?post=4541"}],"wp:featuredmedia":[{"embeddable":true,"href":"https:\/\/kazal.pl\/sklep\/wp-json\/wp\/v2\/media\/4554"}],"wp:attachment":[{"href":"https:\/\/kazal.pl\/sklep\/wp-json\/wp\/v2\/media?parent=4541"}],"wp:term":[{"taxonomy":"product_cat","embeddable":true,"href":"https:\/\/kazal.pl\/sklep\/wp-json\/wp\/v2\/product_cat?post=4541"},{"taxonomy":"product_tag","embeddable":true,"href":"https:\/\/kazal.pl\/sklep\/wp-json\/wp\/v2\/product_tag?post=4541"}],"curies":[{"name":"wp","href":"https:\/\/api.w.org\/{rel}","templated":true}]}}