{"id":4583,"date":"2021-09-10T11:23:45","date_gmt":"2021-09-10T11:23:45","guid":{"rendered":"https:\/\/kazal.pl\/sklep\/?post_type=product&#038;p=4583"},"modified":"2024-10-17T16:24:11","modified_gmt":"2024-10-17T16:24:11","slug":"jazon-ostrze-do-imaka-lomu-wywazaka-brukarskiego-waskie-oww","status":"publish","type":"product","link":"https:\/\/kazal.pl\/sklep\/product\/jazon-ostrze-do-imaka-lomu-wywazaka-brukarskiego-waskie-oww\/","title":{"rendered":"JAZON Ostrze do imaka \u0142omu wywa\u017caka brukarskiego w\u0105skie OWW"},"content":{"rendered":"<div class=\"table-responsive\"><\/div>\n<table style=\"width: 100%; border-collapse: collapse; background-color: #cccccc;\">\n<tbody>\n<tr>\n<td style=\"width: 100%;\"><span style=\"font-size: 20px;\"><strong>JAZON Ostrze do imaka \u0142omu wywa\u017caka brukarskiego w\u0105skie OWW<\/strong><\/span><\/td>\n<\/tr>\n<\/tbody>\n<\/table>\n<table style=\"border-collapse: collapse; width: 100%;\">\n<tbody>\n<tr>\n<td style=\"width: 50%;\">\n<h5>Ostrze wymienne &#8211; oryginalne, produkcji JAZON do imaka, \u0142omu, wywa\u017caka &#8211; OWW<\/h5>\n<\/td>\n<\/tr>\n<\/tbody>\n<\/table>\n<table style=\"width: 100%; border-collapse: collapse; background-color: #cccccc;\">\n<tbody>\n<tr>\n<td style=\"width: 100%;\"><span style=\"font-size: 20px;\"><strong>Charakterystyka:<\/strong><\/span><\/td>\n<\/tr>\n<\/tbody>\n<\/table>\n<table style=\"border-collapse: collapse; width: 100%;\">\n<tbody>\n<tr>\n<td style=\"width: 50%;\">\n<div class=\"m-containerseemore__container\">\n<div class=\"m-containerseemore__content\">\n<div class=\"m-containerseemore__coloumn\">\n<div class=\"m-containerseemore__coloumn\">\n<h4 class=\"e-headline e-headline--h4 \">Funkcje:<\/h4>\n<ul class=\"e-list--ul \">\n<li class=\"e-list__item\">Wymienne ostrze z zastosowaniem do imak\u00f3w, \u0142om\u00f3w, wywa\u017cak\u00f3w JAZON<\/li>\n<li>Produkt oryginalny od producenta JAZON<\/li>\n<\/ul>\n<\/div>\n<div class=\"m-containerseemore__coloumn\">\n<h4 class=\"e-headline e-headline--h4 \">Opcje dodatkowe:<\/h4>\n<ul class=\"e-list--ul \">\n<li class=\"e-list__item\">Stan nowy.<\/li>\n<li>Cena za 1 szt.<\/li>\n<\/ul>\n<\/div>\n<\/div>\n<\/div>\n<\/div>\n<div class=\"m-containerseemore__link\"><\/div>\n<\/td>\n<td style=\"width: 50%;\">\n<div class=\"m-containerexpander__head\">\n<div class=\"m-containerexpander__head\">\n<div class=\"mceTemp\"><\/div>\n<\/div>\n<\/div>\n<p><a href=\"https:\/\/kazal.pl\/sklep\/product-category\/narzedzia-brukarskie\/jazon-narzedzia-brukarskie\/\"><img loading=\"lazy\" decoding=\"async\" class=\"alignnone wp-image-4325 size-full\" style=\"margin-top: 0.857143rem; margin-bottom: 0.857143rem;\" src=\"https:\/\/kazal.pl\/sklep\/wp-content\/uploads\/2021\/05\/JAZON-Poznan-wozek-brukarski-krab-1200-narzedzia-brukarskie-Poznan-chwytaki-do-kostki-Poznan-FHU-KAZAL-Poznan-02-MIMAL-PROBST-BELLE-Poznan-MGK-MGD-IB25-WB1-CHP1-CHJZ2-CHW-CHPJ-CHU_.jpg\" alt=\"JAZON-Poznan-wozek-brukarski-narzedzia-brukarskie-Poznan-chwytaki-do-kostki-Poznan-FHU-KAZAL-Poznan-02-MIMAL-PROBST-BELLE-Poznan-MGK-MGD-IB25-WB1-CHP1-CHJZ2-CHW-CHPJ-CHU_\" width=\"200\" height=\"200\" srcset=\"https:\/\/kazal.pl\/sklep\/wp-content\/uploads\/2021\/05\/JAZON-Poznan-wozek-brukarski-krab-1200-narzedzia-brukarskie-Poznan-chwytaki-do-kostki-Poznan-FHU-KAZAL-Poznan-02-MIMAL-PROBST-BELLE-Poznan-MGK-MGD-IB25-WB1-CHP1-CHJZ2-CHW-CHPJ-CHU_.jpg 200w, https:\/\/kazal.pl\/sklep\/wp-content\/uploads\/2021\/05\/JAZON-Poznan-wozek-brukarski-krab-1200-narzedzia-brukarskie-Poznan-chwytaki-do-kostki-Poznan-FHU-KAZAL-Poznan-02-MIMAL-PROBST-BELLE-Poznan-MGK-MGD-IB25-WB1-CHP1-CHJZ2-CHW-CHPJ-CHU_-150x150.jpg 150w, https:\/\/kazal.pl\/sklep\/wp-content\/uploads\/2021\/05\/JAZON-Poznan-wozek-brukarski-krab-1200-narzedzia-brukarskie-Poznan-chwytaki-do-kostki-Poznan-FHU-KAZAL-Poznan-02-MIMAL-PROBST-BELLE-Poznan-MGK-MGD-IB25-WB1-CHP1-CHJZ2-CHW-CHPJ-CHU_-90x90.jpg 90w\" sizes=\"auto, (max-width: 200px) 100vw, 200px\" \/><\/a><\/p>\n<div class=\"m-containerexpander__head\">\n<div class=\"mceTemp\"><\/div>\n<h4 class=\"e-headline e-headline--h3 m-containerexpander__headline\"><a href=\"https:\/\/kazal.pl\/sklep\/product-category\/narzedzia-brukarskie\/jazon-narzedzia-brukarskie\/\">JAZON Sp. z o.o.<\/a><\/h4>\n<div class=\"m-containerexpander__collapseicon\"><\/div>\n<\/div>\n<div class=\"m-containerexpander__content\">\n<div class=\"m-containerexpander__innercontent\">\n<div class=\"m-textparagraph m-textparagraph--types c-richtext\">\n<p>Narz\u0119dzia brukarskie JAZON Pozna\u0144. JAZON jest producentem profesjonalnych narz\u0119dzi oraz maszyn do prac drogowych i brukarskich. Gwarantuje wysok\u0105 jako\u015b\u0107 oraz dost\u0119pno\u015b\u0107 cz\u0119\u015bci zamiennych i akcesori\u00f3w. Wszystkie produkty posiadaj\u0105 niezb\u0119dne atesty i certyfikaty.<\/p>\n<p style=\"text-align: center;\"><iframe loading=\"lazy\" src=\"\/\/www.youtube.com\/embed\/OSxj_Sv2ro8\" width=\"400\" height=\"224\" allowfullscreen=\"allowfullscreen\" data-mce-fragment=\"1\"><\/iframe><\/p>\n<\/div>\n<\/div>\n<\/div>\n<\/td>\n<\/tr>\n<\/tbody>\n<\/table>\n<table style=\"width: 100%; border-collapse: collapse; background-color: #cccccc;\">\n<tbody>\n<tr>\n<td style=\"width: 100%;\"><span style=\"font-size: 20px;\"><strong>Parametry techniczne:<\/strong><\/span><\/td>\n<\/tr>\n<\/tbody>\n<\/table>\n<table style=\"width: 100%; height: 114px;\">\n<tbody>\n<tr style=\"height: 114px;\">\n<td style=\"width: 31.68%; height: 114px;\"><strong>PRODUCENT<\/strong><br \/>\n<strong>KOD PRODUKTU<\/strong><br \/>\n<strong>MASA W\u0141ASNA<\/strong><\/td>\n<td style=\"width: 68.16%; height: 114px;\"><strong>JAZON<\/strong><br \/>\nOWW<br \/>\n0,1 KG<\/td>\n<\/tr>\n<\/tbody>\n<\/table>\n<table style=\"width: 100%; border-collapse: collapse; background-color: #cccccc;\">\n<tbody>\n<tr>\n<td style=\"width: 100%;\"><span style=\"font-size: 20px;\"><strong>Zdj\u0119cia produktu:<\/strong><\/span><\/td>\n<\/tr>\n<\/tbody>\n<\/table>\n<div class=\"mceTemp\"><\/div>\n<table style=\"border-collapse: collapse; width: 98.9573%;\">\n<tbody>\n<tr>\n<td style=\"width: 50%;\">\n<div id=\"attachment_4584\" style=\"width: 1034px\" class=\"wp-caption aligncenter\"><img loading=\"lazy\" decoding=\"async\" aria-describedby=\"caption-attachment-4584\" class=\"wp-image-4584 size-large\" src=\"https:\/\/kazal.pl\/sklep\/wp-content\/uploads\/2021\/09\/Ostrze-do-imaka-lomu-JAZON-FHU-KAZAL-Dystrybutor-JAZON-Poznan-Narzedzia-brukarskie-Jazon-Mimal-Belle-Simplex-Optimas-Probst-1024x683.jpg\" alt=\"Ostrze-do-imaka-lomu-JAZON-FHU-KAZAL-Dystrybutor-JAZON-Poznan-Narzedzia-brukarskie-Jazon-Mimal-Belle-Simplex-Optimas-Probst\" width=\"1024\" height=\"683\" srcset=\"https:\/\/kazal.pl\/sklep\/wp-content\/uploads\/2021\/09\/Ostrze-do-imaka-lomu-JAZON-FHU-KAZAL-Dystrybutor-JAZON-Poznan-Narzedzia-brukarskie-Jazon-Mimal-Belle-Simplex-Optimas-Probst-1024x683.jpg 1024w, https:\/\/kazal.pl\/sklep\/wp-content\/uploads\/2021\/09\/Ostrze-do-imaka-lomu-JAZON-FHU-KAZAL-Dystrybutor-JAZON-Poznan-Narzedzia-brukarskie-Jazon-Mimal-Belle-Simplex-Optimas-Probst-300x200.jpg 300w, https:\/\/kazal.pl\/sklep\/wp-content\/uploads\/2021\/09\/Ostrze-do-imaka-lomu-JAZON-FHU-KAZAL-Dystrybutor-JAZON-Poznan-Narzedzia-brukarskie-Jazon-Mimal-Belle-Simplex-Optimas-Probst-768x512.jpg 768w, https:\/\/kazal.pl\/sklep\/wp-content\/uploads\/2021\/09\/Ostrze-do-imaka-lomu-JAZON-FHU-KAZAL-Dystrybutor-JAZON-Poznan-Narzedzia-brukarskie-Jazon-Mimal-Belle-Simplex-Optimas-Probst-1170x780.jpg 1170w, https:\/\/kazal.pl\/sklep\/wp-content\/uploads\/2021\/09\/Ostrze-do-imaka-lomu-JAZON-FHU-KAZAL-Dystrybutor-JAZON-Poznan-Narzedzia-brukarskie-Jazon-Mimal-Belle-Simplex-Optimas-Probst-600x400.jpg 600w, https:\/\/kazal.pl\/sklep\/wp-content\/uploads\/2021\/09\/Ostrze-do-imaka-lomu-JAZON-FHU-KAZAL-Dystrybutor-JAZON-Poznan-Narzedzia-brukarskie-Jazon-Mimal-Belle-Simplex-Optimas-Probst.jpg 1500w\" sizes=\"auto, (max-width: 1024px) 100vw, 1024px\" \/><p id=\"caption-attachment-4584\" class=\"wp-caption-text\"><span style=\"color: #ffffff;\">Ostrze-do-imaka-lomu-JAZON-FHU-KAZAL-Dystrybutor-JAZON-Poznan-Narzedzia-brukarskie-Jazon-Mimal-Belle-Simplex-Optimas-Probst<\/span><\/p><\/div><\/td>\n<\/tr>\n<\/tbody>\n<\/table>\n<p>&nbsp;<\/p>\n<table style=\"width: 100%; border-collapse: collapse; background-color: #cccccc;\">\n<tbody>\n<tr>\n<td style=\"width: 100%;\"><span style=\"font-size: 20px;\"><strong>JAZON Narz\u0119dzia brukarskie &#8211; WIDEO:<\/strong><\/span><\/td>\n<\/tr>\n<\/tbody>\n<\/table>\n<table style=\"border-collapse: collapse; width: 100%;\">\n<tbody>\n<tr>\n<td style=\"width: 30%; text-align: center;\">&nbsp;<\/p>\n<table style=\"border-collapse: collapse; width: 100%; height: 347px;\">\n<tbody>\n<tr style=\"height: 24px;\">\n<td style=\"width: 50%; height: 24px;\"><iframe loading=\"lazy\" src=\"\/\/www.youtube.com\/embed\/dfx3YOj2Ehw\" width=\"400\" height=\"224\" allowfullscreen=\"allowfullscreen\" data-mce-fragment=\"1\"><\/iframe><\/td>\n<td style=\"width: 50%; height: 24px;\"><iframe loading=\"lazy\" src=\"\/\/www.youtube.com\/embed\/I3FtaWQwdVg\" width=\"400\" height=\"224\" allowfullscreen=\"allowfullscreen\" data-mce-fragment=\"1\"><\/iframe><\/td>\n<\/tr>\n<tr style=\"height: 323px;\">\n<td style=\"width: 50%; height: 323px;\"><iframe loading=\"lazy\" src=\"\/\/www.youtube.com\/embed\/SR9O3__rJIg\" width=\"400\" height=\"224\" allowfullscreen=\"allowfullscreen\" data-mce-fragment=\"1\"><\/iframe><\/td>\n<td style=\"width: 50%; height: 323px;\"><iframe loading=\"lazy\" src=\"\/\/www.youtube.com\/embed\/dIuuKldcQSY\" width=\"400\" height=\"224\" allowfullscreen=\"allowfullscreen\" data-mce-fragment=\"1\"><\/iframe><\/td>\n<\/tr>\n<\/tbody>\n<\/table>\n<\/td>\n<\/tr>\n<\/tbody>\n<\/table>\n<table style=\"width: 100%; border-collapse: collapse; background-color: #cccccc;\">\n<tbody>\n<tr>\n<td style=\"width: 100%;\"><span style=\"font-size: 20px;\"><strong>Karty techniczne:<\/strong><\/span><\/td>\n<\/tr>\n<\/tbody>\n<\/table>\n<p><img loading=\"lazy\" decoding=\"async\" class=\"aligncenter wp-image-4373\" src=\"https:\/\/kazal.pl\/sklep\/wp-content\/uploads\/2021\/06\/JAZON-Katalog-narzedzi-i-urzadzen_Strona_01-730x1024.jpg\" alt=\"\" width=\"450\" height=\"631\" srcset=\"https:\/\/kazal.pl\/sklep\/wp-content\/uploads\/2021\/06\/JAZON-Katalog-narzedzi-i-urzadzen_Strona_01-730x1024.jpg 730w, https:\/\/kazal.pl\/sklep\/wp-content\/uploads\/2021\/06\/JAZON-Katalog-narzedzi-i-urzadzen_Strona_01-214x300.jpg 214w, https:\/\/kazal.pl\/sklep\/wp-content\/uploads\/2021\/06\/JAZON-Katalog-narzedzi-i-urzadzen_Strona_01-768x1077.jpg 768w, https:\/\/kazal.pl\/sklep\/wp-content\/uploads\/2021\/06\/JAZON-Katalog-narzedzi-i-urzadzen_Strona_01-600x841.jpg 600w, https:\/\/kazal.pl\/sklep\/wp-content\/uploads\/2021\/06\/JAZON-Katalog-narzedzi-i-urzadzen_Strona_01.jpg 910w\" sizes=\"auto, (max-width: 450px) 100vw, 450px\" \/><\/p>\n","protected":false},"excerpt":{"rendered":"<p>&nbsp;<\/p>\n<table style=\"border-collapse: collapse; width: 100%;\">\n<tbody>\n<tr>\n<td style=\"width: 100%;\">\n<h5>Ostrze wymienne &#8211; oryginalne, produkcji JAZON do imaka, \u0142omu, wywa\u017caka &#8211; OWW.<\/h5>\n<\/td>\n<\/tr>\n<\/tbody>\n<\/table>\n<table style=\"border-collapse: collapse; width: 100%;\">\n<tbody>\n<tr>\n<td style=\"width: 65.36%;\"><span style=\"font-family: inherit; font-size: inherit;\">Produkt bezpo\u015brednio od producenta &#8211; JAZON Bia\u0142ystok.<\/span><\/td>\n<td style=\"width: 34.64%;\"><a href=\"https:\/\/kazal.pl\/sklep\/product-category\/narzedzia-brukarskie\/jazon-narzedzia-brukarskie\/\"><img loading=\"lazy\" decoding=\"async\" class=\"aligncenter wp-image-4325\" style=\"margin-top: 0.857143rem; margin-bottom: 0.857143rem;\" src=\"https:\/\/kazal.pl\/sklep\/wp-content\/uploads\/2021\/05\/JAZON-Poznan-wozek-brukarski-krab-1200-narzedzia-brukarskie-Poznan-chwytaki-do-kostki-Poznan-FHU-KAZAL-Poznan-02-MIMAL-PROBST-BELLE-Poznan-MGK-MGD-IB25-WB1-CHP1-CHJZ2-CHW-CHPJ-CHU_.jpg\" alt=\"JAZON-Poznan-wozek-brukarski-narzedzia-brukarskie-Poznan-chwytaki-do-kostki-Poznan-FHU-KAZAL-Poznan-02-MIMAL-PROBST-BELLE-Poznan-MGK-MGD-IB25-WB1-CHP1-CHJZ2-CHW-CHPJ-CHU_\" width=\"100\" height=\"100\" srcset=\"https:\/\/kazal.pl\/sklep\/wp-content\/uploads\/2021\/05\/JAZON-Poznan-wozek-brukarski-krab-1200-narzedzia-brukarskie-Poznan-chwytaki-do-kostki-Poznan-FHU-KAZAL-Poznan-02-MIMAL-PROBST-BELLE-Poznan-MGK-MGD-IB25-WB1-CHP1-CHJZ2-CHW-CHPJ-CHU_.jpg 200w, https:\/\/kazal.pl\/sklep\/wp-content\/uploads\/2021\/05\/JAZON-Poznan-wozek-brukarski-krab-1200-narzedzia-brukarskie-Poznan-chwytaki-do-kostki-Poznan-FHU-KAZAL-Poznan-02-MIMAL-PROBST-BELLE-Poznan-MGK-MGD-IB25-WB1-CHP1-CHJZ2-CHW-CHPJ-CHU_-150x150.jpg 150w, https:\/\/kazal.pl\/sklep\/wp-content\/uploads\/2021\/05\/JAZON-Poznan-wozek-brukarski-krab-1200-narzedzia-brukarskie-Poznan-chwytaki-do-kostki-Poznan-FHU-KAZAL-Poznan-02-MIMAL-PROBST-BELLE-Poznan-MGK-MGD-IB25-WB1-CHP1-CHJZ2-CHW-CHPJ-CHU_-90x90.jpg 90w\" sizes=\"auto, (max-width: 100px) 100vw, 100px\" \/><\/a><\/td>\n<\/tr>\n<\/tbody>\n<\/table>\n<table style=\"border-collapse: collapse; width: 100%;\">\n<tbody>\n<tr>\n<td style=\"width: 100%;\">\n<h6><span style=\"text-decoration: underline;\"><strong><span style=\"color: #ff0000; text-decoration: underline;\">NOWY<\/span><\/strong><\/span><span style=\"color: #ff0000;\"> &#8211; <span style=\"text-decoration: underline;\"><strong>Dost\u0119pny od r\u0119ki<\/strong> <\/span><\/span>&#8211; w sklepie stacjonarnym lub wysy\u0142ka.<\/h6>\n<\/td>\n<\/tr>\n<\/tbody>\n<\/table>\n<p>&nbsp;<\/p>\n","protected":false},"featured_media":4584,"comment_status":"open","ping_status":"closed","template":"","meta":[],"product_cat":[240,327,217,218,144],"product_tag":[436,437,223,229,298,299,444,447,446,445,300],"class_list":{"0":"post-4583","1":"product","2":"type-product","3":"status-publish","4":"has-post-thumbnail","6":"product_cat-imaki-i-wywazaki","7":"product_cat-jazon","8":"product_cat-jazon-narzedzia-brukarskie","9":"product_cat-narzedzia-brukarskie","10":"product_cat-promocja","11":"product_tag-dystrybutor-narzedzi-brukarskich","12":"product_tag-dystrybutor-narzedzi-brukarskich-poznan","13":"product_tag-jazon","14":"product_tag-narzedzia-brukarskie","15":"product_tag-narzedzia-brukarskie-jazon","16":"product_tag-narzedzia-brukarskie-jazon-poznan","17":"product_tag-ostrze-do-imaka","18":"product_tag-ostrze-do-lomu","19":"product_tag-ostrze-do-wywazaka","20":"product_tag-oww","21":"product_tag-poznan-narzedzia-brukarskie-jazon","22":"product_shipping_class-wysylka-inpost","24":"first","25":"instock","26":"featured","27":"taxable","28":"shipping-taxable","29":"purchasable","30":"product-type-simple"},"_links":{"self":[{"href":"https:\/\/kazal.pl\/sklep\/wp-json\/wp\/v2\/product\/4583","targetHints":{"allow":["GET"]}}],"collection":[{"href":"https:\/\/kazal.pl\/sklep\/wp-json\/wp\/v2\/product"}],"about":[{"href":"https:\/\/kazal.pl\/sklep\/wp-json\/wp\/v2\/types\/product"}],"replies":[{"embeddable":true,"href":"https:\/\/kazal.pl\/sklep\/wp-json\/wp\/v2\/comments?post=4583"}],"wp:featuredmedia":[{"embeddable":true,"href":"https:\/\/kazal.pl\/sklep\/wp-json\/wp\/v2\/media\/4584"}],"wp:attachment":[{"href":"https:\/\/kazal.pl\/sklep\/wp-json\/wp\/v2\/media?parent=4583"}],"wp:term":[{"taxonomy":"product_cat","embeddable":true,"href":"https:\/\/kazal.pl\/sklep\/wp-json\/wp\/v2\/product_cat?post=4583"},{"taxonomy":"product_tag","embeddable":true,"href":"https:\/\/kazal.pl\/sklep\/wp-json\/wp\/v2\/product_tag?post=4583"}],"curies":[{"name":"wp","href":"https:\/\/api.w.org\/{rel}","templated":true}]}}