{"id":4615,"date":"2021-09-27T12:57:50","date_gmt":"2021-09-27T12:57:50","guid":{"rendered":"https:\/\/kazal.pl\/sklep\/?post_type=product&#038;p=4615"},"modified":"2023-01-03T10:39:40","modified_gmt":"2023-01-03T10:39:40","slug":"probst-katownik-kostki-brukowej-aw-60","status":"publish","type":"product","link":"https:\/\/kazal.pl\/sklep\/product\/probst-katownik-kostki-brukowej-aw-60\/","title":{"rendered":"PROBST K\u0105townik kostki brukowej AW-60"},"content":{"rendered":"<table style=\"width: 100%; border-collapse: collapse; background-color: #cccccc;\">\n<tbody>\n<tr>\n<td style=\"width: 100%;\"><span style=\"font-size: 20px;\"><strong>PROBST K\u0105townik kostki brukowej AW-60<\/strong><\/span><\/td>\n<\/tr>\n<\/tbody>\n<\/table>\n<table style=\"border-collapse: collapse; width: 100%;\">\n<tbody>\n<tr>\n<td style=\"width: 50%;\">\n<h5>Kompaktowych rozmiar\u00f3w k\u0105townik kostki brukowej PROBST AW-60 o wymiarach bok\u00f3w 0.6m x 0.6m (60cm x 60cm). Urz\u0105dzenie w \u0142atwy spos\u00f3b sk\u0142adamy, dzi\u0119ki czemu transportowanie nie zajmuje du\u017co miejsca.<\/h5>\n<\/td>\n<\/tr>\n<\/tbody>\n<\/table>\n<table style=\"width: 100%; border-collapse: collapse; background-color: #cccccc;\">\n<tbody>\n<tr>\n<td style=\"width: 100%;\"><span style=\"font-size: 20px;\"><strong>Charakterystyka:<\/strong><\/span><\/td>\n<\/tr>\n<\/tbody>\n<\/table>\n<table style=\"border-collapse: collapse; width: 100%;\">\n<tbody>\n<tr>\n<td style=\"width: 50%;\">\n<div class=\"m-containerseemore__container\">\n<div class=\"m-containerseemore__content\">\n<div class=\"m-containerseemore__coloumn\">\n<div class=\"m-containerseemore__coloumn\">\n<h4 class=\"e-headline e-headline--h4 \">Opis:<\/h4>\n<ul class=\"e-list--ul \">\n<li class=\"e-list__item\">Narz\u0119dzie jest regulowane w\u00a0zakresie\u00a0<strong>45<\/strong>\u00b0 i\u00a0<strong>90<\/strong>\u00b0, a d\u0142ugo\u015b\u0107 jego bok\u00f3w wynosi <strong>0.6<\/strong> x <strong>0.6\u00a0m<\/strong>.<\/li>\n<li class=\"e-list__item\">Narz\u0119dzie jest\u00a0<strong>wytrzyma\u0142e<\/strong>\u00a0i\u00a0<strong>odporne<\/strong>\u00a0na\u00a0korozj\u0119, dzi\u0119ki\u00a0<strong>galwanizowanej<\/strong>\u00a0powierzchni.<\/li>\n<\/ul>\n<\/div>\n<div class=\"m-containerseemore__coloumn\">\n<h4 class=\"e-headline e-headline--h4 \">Szczeg\u00f3\u0142y:<\/h4>\n<ul class=\"e-list--ul \">\n<li class=\"e-list__item\"><b>Opis wariantu:<\/b> D\u0142ugo\u015b\u0107 bok\u00f3w <strong>0.6<\/strong><strong> x<\/strong> <strong>0.6 m<\/strong>, ci\u0119\u017car <strong>0.5\u00a0kg<\/strong>, regulacja w\u00a0zakresie <strong>45\u00b0<\/strong> i\u00a0<strong>90\u00b0<\/strong><\/li>\n<\/ul>\n<\/div>\n<\/div>\n<\/div>\n<\/div>\n<div class=\"m-containerseemore__link\"><\/div>\n<\/td>\n<td style=\"width: 50%;\">\n<div class=\"m-containerexpander__head\">\n<div class=\"m-containerexpander__head\">\n<div class=\"mceTemp\"><\/div>\n<\/div>\n<\/div>\n<p><a href=\"https:\/\/kazal.pl\/sklep\/product-category\/narzedzia-brukarskie\/probst-narzedzia-brukarskie\/\"><img loading=\"lazy\" decoding=\"async\" class=\"wp-image-4324 size-full alignnone\" style=\"margin-top: 0.857143rem; margin-bottom: 0.857143rem;\" src=\"https:\/\/kazal.pl\/sklep\/wp-content\/uploads\/2021\/05\/PROBST-Poznan-narzedzia-brukarskie-poznan-probst-chwytaki-do-kraweznikow-poznan-ukladarki-do-kostki-poznan-probst-dystrybutor.jpg\" alt=\"PROBST-Poznan-narzedzia-brukarskie-poznan-probst-chwytaki-do-kraweznikow-poznan-ukladarki-do-kostki-poznan-probst-dystrybutor\" width=\"200\" height=\"200\" srcset=\"https:\/\/kazal.pl\/sklep\/wp-content\/uploads\/2021\/05\/PROBST-Poznan-narzedzia-brukarskie-poznan-probst-chwytaki-do-kraweznikow-poznan-ukladarki-do-kostki-poznan-probst-dystrybutor.jpg 200w, https:\/\/kazal.pl\/sklep\/wp-content\/uploads\/2021\/05\/PROBST-Poznan-narzedzia-brukarskie-poznan-probst-chwytaki-do-kraweznikow-poznan-ukladarki-do-kostki-poznan-probst-dystrybutor-150x150.jpg 150w, https:\/\/kazal.pl\/sklep\/wp-content\/uploads\/2021\/05\/PROBST-Poznan-narzedzia-brukarskie-poznan-probst-chwytaki-do-kraweznikow-poznan-ukladarki-do-kostki-poznan-probst-dystrybutor-90x90.jpg 90w\" sizes=\"auto, (max-width: 200px) 100vw, 200px\" \/><\/a><\/p>\n<div class=\"m-containerexpander__head\">\n<h4 class=\"e-headline e-headline--h3 m-containerexpander__headline\"><a href=\"https:\/\/kazal.pl\/sklep\/product-category\/narzedzia-brukarskie\/probst-narzedzia-brukarskie\/\">PROBST GmbH<\/a><\/h4>\n<div class=\"m-containerexpander__collapseicon\"><\/div>\n<\/div>\n<div class=\"m-containerexpander__content\">\n<div class=\"m-containerexpander__innercontent\">\n<div class=\"m-textparagraph m-textparagraph--types c-richtext\">\n<p>Narz\u0119dzia brukarskie PROBST Pozna\u0144. Firma Probst oferuje najszersz\u0105 na \u015bwiecie gam\u0119 urz\u0105dze\u0144 i maszyn przeznaczonych do transportu i uk\u0142adania ka\u017cdego rodzaju prefabrykat\u00f3w betonowych wykorzystywanych w budownictwie.<\/p>\n<p style=\"text-align: center;\"><iframe loading=\"lazy\" src=\"\/\/www.youtube.com\/embed\/J3r-UAuVMFg\" width=\"560\" height=\"314\" allowfullscreen=\"allowfullscreen\"><\/iframe><\/p>\n<\/div>\n<\/div>\n<\/div>\n<\/td>\n<\/tr>\n<\/tbody>\n<\/table>\n<table style=\"width: 100%; border-collapse: collapse; background-color: #cccccc;\">\n<tbody>\n<tr>\n<td style=\"width: 100%;\"><span style=\"font-size: 20px;\"><strong>Parametry techniczne:<\/strong><\/span><\/td>\n<\/tr>\n<\/tbody>\n<\/table>\n<table style=\"width: 100%; height: 114px;\">\n<tbody>\n<tr style=\"height: 114px;\">\n<td style=\"width: 31.68%; height: 114px;\"><strong>PRODUCENT<\/strong><br \/>\n<strong>KOD PRODUKTU<\/strong><br \/>\n<strong>SZEROKO\u015a\u0106 ROBOCZA<\/strong><br \/>\n<strong>MASA W\u0141ASNA<\/strong><\/td>\n<td style=\"width: 68.16%; height: 114px;\"><strong>PROBST<\/strong><br \/>\n51800052<br \/>\n60 CM \/ 45\u00b0 i 90\u00b0<br \/>\n0.5 KG<\/td>\n<\/tr>\n<\/tbody>\n<\/table>\n<table style=\"width: 100%; border-collapse: collapse; background-color: #cccccc;\">\n<tbody>\n<tr>\n<td style=\"width: 100%;\"><span style=\"font-size: 20px;\"><strong>Zdj\u0119cia produktu:<\/strong><\/span><\/td>\n<\/tr>\n<\/tbody>\n<\/table>\n<div class=\"mceTemp\"><\/div>\n<table style=\"border-collapse: collapse; width: 100%;\">\n<tbody>\n<tr>\n<td style=\"width: 50%;\">\n<div id=\"attachment_4609\" style=\"width: 510px\" class=\"wp-caption aligncenter\"><img loading=\"lazy\" decoding=\"async\" aria-describedby=\"caption-attachment-4609\" class=\"wp-image-4609\" src=\"https:\/\/kazal.pl\/sklep\/wp-content\/uploads\/2021\/07\/PROBST-Poznan-Katownik-kostki-brukowej-Probst-AW-120-narzedzia-brukarskie-Poznan-chwytaki-do-kostki-Poznan-FHU-KAZAL-Poznan-MIMAL-PROBST-BELLE-Poznan--300x300.jpg\" alt=\"PROBST-Poznan-Katownik-kostki-brukowej-Probst-AW-120-narzedzia-brukarskie-Poznan-chwytaki-do-kostki-Poznan-FHU-KAZAL-Poznan-MIMAL-PROBST-BELLE-Poznan--\" width=\"500\" height=\"500\" srcset=\"https:\/\/kazal.pl\/sklep\/wp-content\/uploads\/2021\/07\/PROBST-Poznan-Katownik-kostki-brukowej-Probst-AW-120-narzedzia-brukarskie-Poznan-chwytaki-do-kostki-Poznan-FHU-KAZAL-Poznan-MIMAL-PROBST-BELLE-Poznan--300x300.jpg 300w, https:\/\/kazal.pl\/sklep\/wp-content\/uploads\/2021\/07\/PROBST-Poznan-Katownik-kostki-brukowej-Probst-AW-120-narzedzia-brukarskie-Poznan-chwytaki-do-kostki-Poznan-FHU-KAZAL-Poznan-MIMAL-PROBST-BELLE-Poznan--1024x1024.jpg 1024w, https:\/\/kazal.pl\/sklep\/wp-content\/uploads\/2021\/07\/PROBST-Poznan-Katownik-kostki-brukowej-Probst-AW-120-narzedzia-brukarskie-Poznan-chwytaki-do-kostki-Poznan-FHU-KAZAL-Poznan-MIMAL-PROBST-BELLE-Poznan--150x150.jpg 150w, https:\/\/kazal.pl\/sklep\/wp-content\/uploads\/2021\/07\/PROBST-Poznan-Katownik-kostki-brukowej-Probst-AW-120-narzedzia-brukarskie-Poznan-chwytaki-do-kostki-Poznan-FHU-KAZAL-Poznan-MIMAL-PROBST-BELLE-Poznan--768x768.jpg 768w, https:\/\/kazal.pl\/sklep\/wp-content\/uploads\/2021\/07\/PROBST-Poznan-Katownik-kostki-brukowej-Probst-AW-120-narzedzia-brukarskie-Poznan-chwytaki-do-kostki-Poznan-FHU-KAZAL-Poznan-MIMAL-PROBST-BELLE-Poznan--1170x1170.jpg 1170w, https:\/\/kazal.pl\/sklep\/wp-content\/uploads\/2021\/07\/PROBST-Poznan-Katownik-kostki-brukowej-Probst-AW-120-narzedzia-brukarskie-Poznan-chwytaki-do-kostki-Poznan-FHU-KAZAL-Poznan-MIMAL-PROBST-BELLE-Poznan--600x600.jpg 600w, https:\/\/kazal.pl\/sklep\/wp-content\/uploads\/2021\/07\/PROBST-Poznan-Katownik-kostki-brukowej-Probst-AW-120-narzedzia-brukarskie-Poznan-chwytaki-do-kostki-Poznan-FHU-KAZAL-Poznan-MIMAL-PROBST-BELLE-Poznan--90x90.jpg 90w, https:\/\/kazal.pl\/sklep\/wp-content\/uploads\/2021\/07\/PROBST-Poznan-Katownik-kostki-brukowej-Probst-AW-120-narzedzia-brukarskie-Poznan-chwytaki-do-kostki-Poznan-FHU-KAZAL-Poznan-MIMAL-PROBST-BELLE-Poznan-.jpg 1200w\" sizes=\"auto, (max-width: 500px) 100vw, 500px\" \/><p id=\"caption-attachment-4609\" class=\"wp-caption-text\"><span style=\"color: #ffffff;\">PROBST-Poznan-Katownik-kostki-brukowej-Probst-AW-60-narzedzia-brukarskie-Poznan-chwytaki-do-kostki-Poznan-FHU-KAZAL-Poznan-MIMAL-PROBST-BELLE-Poznan&#8211;<\/span><\/p><\/div><\/td>\n<td style=\"width: 50%;\">\n<div id=\"attachment_4616\" style=\"width: 610px\" class=\"wp-caption aligncenter\"><img loading=\"lazy\" decoding=\"async\" aria-describedby=\"caption-attachment-4616\" class=\"wp-image-4616\" src=\"https:\/\/kazal.pl\/sklep\/wp-content\/uploads\/2021\/09\/PROBST-Poznan-Katownik-kostki-brukowej-Probst-AW-60-narzedzia-brukarskie-Poznan-chwytaki-do-kostki-Poznan-FHU-KAZAL-Poznan-MIMAL-PROBST-BELLE-Poznan_-300x300.jpg\" alt=\"PROBST-Poznan-Katownik-kostki-brukowej-Probst-AW-60-narzedzia-brukarskie-Poznan-chwytaki-do-kostki-Poznan-FHU-KAZAL-Poznan-MIMAL-PROBST-BELLE-Poznan_\" width=\"600\" height=\"600\" srcset=\"https:\/\/kazal.pl\/sklep\/wp-content\/uploads\/2021\/09\/PROBST-Poznan-Katownik-kostki-brukowej-Probst-AW-60-narzedzia-brukarskie-Poznan-chwytaki-do-kostki-Poznan-FHU-KAZAL-Poznan-MIMAL-PROBST-BELLE-Poznan_-300x300.jpg 300w, https:\/\/kazal.pl\/sklep\/wp-content\/uploads\/2021\/09\/PROBST-Poznan-Katownik-kostki-brukowej-Probst-AW-60-narzedzia-brukarskie-Poznan-chwytaki-do-kostki-Poznan-FHU-KAZAL-Poznan-MIMAL-PROBST-BELLE-Poznan_-150x150.jpg 150w, https:\/\/kazal.pl\/sklep\/wp-content\/uploads\/2021\/09\/PROBST-Poznan-Katownik-kostki-brukowej-Probst-AW-60-narzedzia-brukarskie-Poznan-chwytaki-do-kostki-Poznan-FHU-KAZAL-Poznan-MIMAL-PROBST-BELLE-Poznan_-768x768.jpg 768w, https:\/\/kazal.pl\/sklep\/wp-content\/uploads\/2021\/09\/PROBST-Poznan-Katownik-kostki-brukowej-Probst-AW-60-narzedzia-brukarskie-Poznan-chwytaki-do-kostki-Poznan-FHU-KAZAL-Poznan-MIMAL-PROBST-BELLE-Poznan_-600x600.jpg 600w, https:\/\/kazal.pl\/sklep\/wp-content\/uploads\/2021\/09\/PROBST-Poznan-Katownik-kostki-brukowej-Probst-AW-60-narzedzia-brukarskie-Poznan-chwytaki-do-kostki-Poznan-FHU-KAZAL-Poznan-MIMAL-PROBST-BELLE-Poznan_-90x90.jpg 90w, https:\/\/kazal.pl\/sklep\/wp-content\/uploads\/2021\/09\/PROBST-Poznan-Katownik-kostki-brukowej-Probst-AW-60-narzedzia-brukarskie-Poznan-chwytaki-do-kostki-Poznan-FHU-KAZAL-Poznan-MIMAL-PROBST-BELLE-Poznan_.jpg 1000w\" sizes=\"auto, (max-width: 600px) 100vw, 600px\" \/><p id=\"caption-attachment-4616\" class=\"wp-caption-text\"><span style=\"color: #ffffff;\">PROBST-Poznan-Katownik-kostki-brukowej-Probst-AW-60-narzedzia-brukarskie-Poznan-chwytaki-do-kostki-Poznan-FHU-KAZAL-Poznan-MIMAL-PROBST-BELLE-Poznan_<\/span><\/p><\/div><\/td>\n<\/tr>\n<\/tbody>\n<\/table>\n<p>&nbsp;<\/p>\n<table style=\"width: 100%; border-collapse: collapse; background-color: #cccccc;\">\n<tbody>\n<tr>\n<td style=\"width: 100%;\"><span style=\"font-size: 20px;\"><strong>PROBST Narz\u0119dzia brukarskie &#8211; WIDEO:<\/strong><\/span><\/td>\n<\/tr>\n<\/tbody>\n<\/table>\n<table style=\"border-collapse: collapse; width: 100%;\">\n<tbody>\n<tr>\n<td style=\"width: 30%; text-align: center;\">&nbsp;<\/p>\n<table style=\"border-collapse: collapse; width: 100%; height: 347px;\">\n<tbody>\n<tr style=\"height: 24px;\">\n<td style=\"width: 50%; height: 24px;\"><iframe loading=\"lazy\" src=\"\/\/www.youtube.com\/embed\/KuXieTsuCaQ\" width=\"560\" height=\"314\" allowfullscreen=\"allowfullscreen\"><\/iframe><\/td>\n<\/tr>\n<tr style=\"height: 323px;\">\n<td style=\"width: 50%; height: 323px;\"><iframe loading=\"lazy\" src=\"\/\/www.youtube.com\/embed\/HRfgdsjxsZQ\" width=\"560\" height=\"314\" allowfullscreen=\"allowfullscreen\"><\/iframe><\/td>\n<\/tr>\n<\/tbody>\n<\/table>\n<\/td>\n<\/tr>\n<\/tbody>\n<\/table>\n<table style=\"width: 100%; border-collapse: collapse; background-color: #cccccc;\">\n<tbody>\n<tr>\n<td style=\"width: 100%;\"><span style=\"font-size: 20px;\"><strong>Karty techniczne:<\/strong><\/span><\/td>\n<\/tr>\n<\/tbody>\n<\/table>\n<table style=\"border-collapse: collapse; width: 100%;\">\n<tbody>\n<tr>\n<td style=\"width: 50%; text-align: center;\">\n<div id=\"attachment_4507\" style=\"width: 560px\" class=\"wp-caption aligncenter\"><img loading=\"lazy\" decoding=\"async\" aria-describedby=\"caption-attachment-4507\" class=\"wp-image-4507 size-full\" src=\"https:\/\/kazal.pl\/sklep\/wp-content\/uploads\/2021\/07\/Katalog-Site-equipment-Urzadzenia-budowlane-PL-2020_Strona_001-1.png\" alt=\"Narz\u0119dzia brukarskie PROBST Pozna\u0144 FHU KAZAL\" width=\"550\" height=\"778\" srcset=\"https:\/\/kazal.pl\/sklep\/wp-content\/uploads\/2021\/07\/Katalog-Site-equipment-Urzadzenia-budowlane-PL-2020_Strona_001-1.png 550w, https:\/\/kazal.pl\/sklep\/wp-content\/uploads\/2021\/07\/Katalog-Site-equipment-Urzadzenia-budowlane-PL-2020_Strona_001-1-212x300.png 212w\" sizes=\"auto, (max-width: 550px) 100vw, 550px\" \/><p id=\"caption-attachment-4507\" class=\"wp-caption-text\">Narz\u0119dzia brukarskie PROBST Pozna\u0144 FHU KAZAL<\/p><\/div><\/td>\n<td style=\"width: 50%; text-align: center;\">\n<div id=\"attachment_4614\" style=\"width: 560px\" class=\"wp-caption aligncenter\"><img loading=\"lazy\" decoding=\"async\" aria-describedby=\"caption-attachment-4614\" class=\"wp-image-4614\" src=\"https:\/\/kazal.pl\/sklep\/wp-content\/uploads\/2021\/07\/Katalog-Site-equipment-Urzadzenia-budowlane-PL-2020_Strona_037_-212x300.png\" alt=\"PROBST-Poznan-Katownik-kostki-brukowej-Probst-AW-120-narzedzia-brukarskie-Poznan-chwytaki-do-kostki-Poznan-FHU-KAZAL-Poznan-MIMAL-PROBST-BELLE-Poznan_\" width=\"550\" height=\"778\" srcset=\"https:\/\/kazal.pl\/sklep\/wp-content\/uploads\/2021\/07\/Katalog-Site-equipment-Urzadzenia-budowlane-PL-2020_Strona_037_-212x300.png 212w, https:\/\/kazal.pl\/sklep\/wp-content\/uploads\/2021\/07\/Katalog-Site-equipment-Urzadzenia-budowlane-PL-2020_Strona_037_-724x1024.png 724w, https:\/\/kazal.pl\/sklep\/wp-content\/uploads\/2021\/07\/Katalog-Site-equipment-Urzadzenia-budowlane-PL-2020_Strona_037_-768x1086.png 768w, https:\/\/kazal.pl\/sklep\/wp-content\/uploads\/2021\/07\/Katalog-Site-equipment-Urzadzenia-budowlane-PL-2020_Strona_037_-1086x1536.png 1086w, https:\/\/kazal.pl\/sklep\/wp-content\/uploads\/2021\/07\/Katalog-Site-equipment-Urzadzenia-budowlane-PL-2020_Strona_037_-1448x2048.png 1448w, https:\/\/kazal.pl\/sklep\/wp-content\/uploads\/2021\/07\/Katalog-Site-equipment-Urzadzenia-budowlane-PL-2020_Strona_037_-1170x1655.png 1170w, https:\/\/kazal.pl\/sklep\/wp-content\/uploads\/2021\/07\/Katalog-Site-equipment-Urzadzenia-budowlane-PL-2020_Strona_037_-600x849.png 600w\" sizes=\"auto, (max-width: 550px) 100vw, 550px\" \/><p id=\"caption-attachment-4614\" class=\"wp-caption-text\">PROBST Poznan &#8211; Katownik kostki brukowej Probst AW-60 narzedzia brukarskie Poznan chwytaki do kostki Poznan &#8211; FHU KAZAL<\/p><\/div><\/td>\n<\/tr>\n<\/tbody>\n<\/table>\n","protected":false},"excerpt":{"rendered":"<table style=\"border-collapse: collapse; width: 100%;\">\n<tbody>\n<tr>\n<td style=\"width: 100%;\">\n<h5 class=\"e-headline e-headline--h2 e-headline--product\">Kompaktowych rozmiar\u00f3w k\u0105townik kostki brukowej PROBST AW-60 o wymiarach bok\u00f3w 0.6m x 0.6m. Urz\u0105dzenie w \u0142atwy spos\u00f3b sk\u0142adamy, dzi\u0119ki czemu transportowanie nie zajmuje du\u017co miejsca.<\/h5>\n<\/td>\n<\/tr>\n<\/tbody>\n<\/table>\n<table style=\"border-collapse: collapse; width: 100%;\">\n<tbody>\n<tr>\n<td style=\"width: 65.36%;\">K\u0105townik kostki brukowej\u00a0<strong>AW-60<\/strong> jest sk\u0142adany do kompaktowych wymiar\u00f3w. Przed u\u017cyciem k\u0105townika aluminiowego AW, nale\u017cy u\u0142o\u017cy\u0107 i wyr\u00f3wna\u0107 kostk\u0119 pod odpowiednim k\u0105tem do kraw\u0119dzi, by unikn\u0105\u0107 problem\u00f3w podczas dalszej pracy. Narz\u0119dzie jest regulowane w zakresie <strong>45<\/strong>\u00b0 i\u00a0<strong>90<\/strong>\u00b0, a d\u0142ugo\u015b\u0107 jego bok\u00f3w wynosi <strong>0.6<\/strong> x <b>0.6<\/b>\u00a0m.<\/td>\n<td style=\"width: 34.64%;\"><a href=\"https:\/\/kazal.pl\/sklep\/product-category\/narzedzia-brukarskie\/probst-narzedzia-brukarskie\/\"><img loading=\"lazy\" decoding=\"async\" class=\"aligncenter wp-image-4324 size-thumbnail\" style=\"margin-top: 0.857143rem; margin-bottom: 0.857143rem;\" src=\"https:\/\/kazal.pl\/sklep\/wp-content\/uploads\/2021\/05\/PROBST-Poznan-narzedzia-brukarskie-poznan-probst-chwytaki-do-kraweznikow-poznan-ukladarki-do-kostki-poznan-probst-dystrybutor-150x150.jpg\" alt=\"PROBST-Poznan-narzedzia-brukarskie-poznan-probst-chwytaki-do-kraweznikow-poznan-ukladarki-do-kostki-poznan-probst-dystrybutor\" width=\"150\" height=\"150\" srcset=\"https:\/\/kazal.pl\/sklep\/wp-content\/uploads\/2021\/05\/PROBST-Poznan-narzedzia-brukarskie-poznan-probst-chwytaki-do-kraweznikow-poznan-ukladarki-do-kostki-poznan-probst-dystrybutor-150x150.jpg 150w, https:\/\/kazal.pl\/sklep\/wp-content\/uploads\/2021\/05\/PROBST-Poznan-narzedzia-brukarskie-poznan-probst-chwytaki-do-kraweznikow-poznan-ukladarki-do-kostki-poznan-probst-dystrybutor-90x90.jpg 90w, https:\/\/kazal.pl\/sklep\/wp-content\/uploads\/2021\/05\/PROBST-Poznan-narzedzia-brukarskie-poznan-probst-chwytaki-do-kraweznikow-poznan-ukladarki-do-kostki-poznan-probst-dystrybutor.jpg 200w\" sizes=\"auto, (max-width: 150px) 100vw, 150px\" \/><\/a><\/td>\n<\/tr>\n<\/tbody>\n<\/table>\n<table style=\"border-collapse: collapse; width: 100%;\">\n<tbody>\n<tr>\n<td style=\"width: 100%;\">\n<h6><span style=\"text-decoration: underline;\"><strong><span style=\"color: #ff0000; text-decoration: underline;\">NOWY<\/span><\/strong><\/span><span style=\"color: #ff0000;\"> &#8211; <span style=\"text-decoration: underline;\"><strong>Dost\u0119pny od r\u0119ki<\/strong> <\/span><\/span>&#8211; w sklepie stacjonarnym lub wysy\u0142ka.<\/h6>\n<\/td>\n<\/tr>\n<\/tbody>\n<\/table>\n","protected":false},"featured_media":4609,"comment_status":"open","ping_status":"closed","template":"","meta":[],"product_cat":[470,218,311,312,355],"product_tag":[474,472,229,266,397,321,319],"class_list":{"0":"post-4615","1":"product","2":"type-product","3":"status-publish","4":"has-post-thumbnail","6":"product_cat-katowniki-do-kostki-brukowej","7":"product_cat-narzedzia-brukarskie","8":"product_cat-probst","9":"product_cat-probst-narzedzia-brukarskie","10":"product_cat-zestawy-promocyjne","11":"product_tag-aw-60","12":"product_tag-katownik-kostki-brukowej","13":"product_tag-narzedzia-brukarskie","14":"product_tag-narzedzia-brukarskie-poznan","15":"product_tag-narzedzia-brukarskie-probst","16":"product_tag-poznan-narzedzia-brukarskie-probst-poznan","17":"product_tag-probst-poznan","18":"product_shipping_class-wysylka-inpost","20":"first","21":"instock","22":"featured","23":"taxable","24":"shipping-taxable","25":"purchasable","26":"product-type-simple"},"_links":{"self":[{"href":"https:\/\/kazal.pl\/sklep\/wp-json\/wp\/v2\/product\/4615","targetHints":{"allow":["GET"]}}],"collection":[{"href":"https:\/\/kazal.pl\/sklep\/wp-json\/wp\/v2\/product"}],"about":[{"href":"https:\/\/kazal.pl\/sklep\/wp-json\/wp\/v2\/types\/product"}],"replies":[{"embeddable":true,"href":"https:\/\/kazal.pl\/sklep\/wp-json\/wp\/v2\/comments?post=4615"}],"wp:featuredmedia":[{"embeddable":true,"href":"https:\/\/kazal.pl\/sklep\/wp-json\/wp\/v2\/media\/4609"}],"wp:attachment":[{"href":"https:\/\/kazal.pl\/sklep\/wp-json\/wp\/v2\/media?parent=4615"}],"wp:term":[{"taxonomy":"product_cat","embeddable":true,"href":"https:\/\/kazal.pl\/sklep\/wp-json\/wp\/v2\/product_cat?post=4615"},{"taxonomy":"product_tag","embeddable":true,"href":"https:\/\/kazal.pl\/sklep\/wp-json\/wp\/v2\/product_tag?post=4615"}],"curies":[{"name":"wp","href":"https:\/\/api.w.org\/{rel}","templated":true}]}}