{"id":4717,"date":"2022-02-02T11:29:04","date_gmt":"2022-02-02T11:29:04","guid":{"rendered":"https:\/\/kazal.pl\/sklep\/?post_type=product&#038;p=4717"},"modified":"2022-02-02T12:22:16","modified_gmt":"2022-02-02T12:22:16","slug":"jazon-profiler-01-lata-profilujaca-ze-sterowaniem-leica-automatycznym-push-pull-system-2d-lub-3d","status":"publish","type":"product","link":"https:\/\/kazal.pl\/sklep\/product\/jazon-profiler-01-lata-profilujaca-ze-sterowaniem-leica-automatycznym-push-pull-system-2d-lub-3d\/","title":{"rendered":"JAZON PROFILER 01 \u0141ata profiluj\u0105ca ze sterowaniem LEICA automatycznym PUSH PULL system 2D lub 3D"},"content":{"rendered":"<div class=\"table-responsive\"><\/div>\n<table style=\"width: 100%; border-collapse: collapse; background-color: #cccccc;\">\n<tbody>\n<tr>\n<td style=\"width: 100%;\"><span style=\"font-size: 20px;\"><strong>JAZON PROFILER 01 \u0141ata profiluj\u0105ca ze sterowaniem LEICA automatycznym PUSH PULL system 2D lub 3D<\/strong><\/span><\/td>\n<\/tr>\n<\/tbody>\n<\/table>\n<table style=\"border-collapse: collapse; width: 100%;\">\n<tbody>\n<tr>\n<td style=\"width: 50%;\">\n<h5><strong>Profiler 01<\/strong> s\u0142u\u017cy do wydajnego wyr\u00f3wnywania i poziomowania plac\u00f3w, parking\u00f3w, boisk stadion\u00f3w i ulic. Z \u0142atwo\u015bci\u0105 wyr\u00f3wnuje materia\u0142y sypkie i niespoiste takie jak np. piach, \u017cwir czy drobny t\u0142ucze\u0144.<\/h5>\n<\/td>\n<\/tr>\n<\/tbody>\n<\/table>\n<table style=\"width: 100%; border-collapse: collapse; background-color: #cccccc;\">\n<tbody>\n<tr>\n<td style=\"width: 100%;\"><span style=\"font-size: 20px;\"><strong>Charakterystyka:<\/strong><\/span><\/td>\n<\/tr>\n<\/tbody>\n<\/table>\n<table style=\"border-collapse: collapse; width: 100%;\">\n<tbody>\n<tr>\n<td style=\"width: 50%;\">\n<div class=\"m-containerseemore__container\">\n<div class=\"m-containerseemore__content\">\n<div class=\"m-containerseemore__coloumn\">\n<div class=\"m-containerseemore__coloumn\">\n<h4><span style=\"font-size: 20px;\"><strong>PROFILER 01 \u0141ata profiluj\u0105ca ze sterowaniem LEICA automatycznym PUSH PULL system 2D lub 3D<\/strong><\/span><\/h4>\n<h4 class=\"e-headline e-headline--h4 \">Opis przedmiotu:<\/h4>\n<p><strong>Profiler 01\u00a0j<\/strong>est sterowanym cyfrowo, w dw\u00f3ch lub trzech p\u0142aszczyznach, urz\u0105dzeniem mog\u0105cym wsp\u00f3\u0142pracowa\u0107 z maszynami budowlanymi np. \u0142adowarkami, koparko-\u0142adowarkami wyposa\u017conymi w czo\u0142owe zasilanie hydrauliczne. Unikalna, opatentowana konstrukcja umo\u017cliwia dok\u0142adn\u0105 prac\u0119 zar\u00f3wno w je\u017adzie do przodu jak i do ty\u0142u.<br \/>\nZastosowane wysokiej jako\u015bci materia\u0142y, odporne na \u015bcieranie gwarantuj\u0105 wysok\u0105 trwa\u0142o\u015b\u0107 maszyny w trudnych warunkach pracy.<br \/>\nZaletami\u00a0Profilera 01\u00a0s\u0105:<br \/>\n&#8211; wysoka dok\u0142adno\u015b\u0107 wyr\u00f3wnywanego terenu +\/- 5 mm,<br \/>\n&#8211; szybki monta\u017c i demonta\u017c na maszynie roboczej,<br \/>\n&#8211; obs\u0142uga jednoosobowa,<br \/>\n&#8211; mo\u017cliwo\u015b\u0107 pracy na sztywnym i p\u0142ywaj\u0105cym uk\u0142adzie hydraulicznym maszyny roboczej.<br \/>\nPozwala to wykona\u0107 prace zaczynaj\u0105c od wyr\u00f3wnania placu przez r\u00f3wne nak\u0142adanie warstw no\u015bnych a\u017c do warstwy ostatecznej, kt\u00f3ra jest wst\u0119pnie zag\u0119szczona i wyg\u0142adzona pod u\u0142o\u017cenie np. kostki brukowej.<br \/>\nZastosowanie\u00a0Profilera 01\u00a0w procesie budowy nawierzchni oznacza ni\u017csze koszty, wi\u0119ksz\u0105 wydajno\u015b\u0107 oraz konkurencyjno\u015b\u0107.<\/p>\n<\/div>\n<\/div>\n<\/div>\n<\/div>\n<div class=\"m-containerseemore__link\"><\/div>\n<\/td>\n<td style=\"width: 50%;\">\n<div class=\"m-containerexpander__head\">\n<div class=\"m-containerexpander__head\">\n<div class=\"mceTemp\"><\/div>\n<\/div>\n<\/div>\n<p><a href=\"https:\/\/kazal.pl\/sklep\/product-category\/narzedzia-brukarskie\/jazon-narzedzia-brukarskie\/\"><img loading=\"lazy\" decoding=\"async\" class=\"alignnone wp-image-4325 size-full\" style=\"margin-top: 0.857143rem; margin-bottom: 0.857143rem;\" src=\"https:\/\/kazal.pl\/sklep\/wp-content\/uploads\/2021\/05\/JAZON-Poznan-wozek-brukarski-krab-1200-narzedzia-brukarskie-Poznan-chwytaki-do-kostki-Poznan-FHU-KAZAL-Poznan-02-MIMAL-PROBST-BELLE-Poznan-MGK-MGD-IB25-WB1-CHP1-CHJZ2-CHW-CHPJ-CHU_.jpg\" alt=\"JAZON-Poznan-wozek-brukarski-narzedzia-brukarskie-Poznan-chwytaki-do-kostki-Poznan-FHU-KAZAL-Poznan-02-MIMAL-PROBST-BELLE-Poznan-MGK-MGD-IB25-WB1-CHP1-CHJZ2-CHW-CHPJ-CHU_\" width=\"200\" height=\"200\" srcset=\"https:\/\/kazal.pl\/sklep\/wp-content\/uploads\/2021\/05\/JAZON-Poznan-wozek-brukarski-krab-1200-narzedzia-brukarskie-Poznan-chwytaki-do-kostki-Poznan-FHU-KAZAL-Poznan-02-MIMAL-PROBST-BELLE-Poznan-MGK-MGD-IB25-WB1-CHP1-CHJZ2-CHW-CHPJ-CHU_.jpg 200w, https:\/\/kazal.pl\/sklep\/wp-content\/uploads\/2021\/05\/JAZON-Poznan-wozek-brukarski-krab-1200-narzedzia-brukarskie-Poznan-chwytaki-do-kostki-Poznan-FHU-KAZAL-Poznan-02-MIMAL-PROBST-BELLE-Poznan-MGK-MGD-IB25-WB1-CHP1-CHJZ2-CHW-CHPJ-CHU_-150x150.jpg 150w, https:\/\/kazal.pl\/sklep\/wp-content\/uploads\/2021\/05\/JAZON-Poznan-wozek-brukarski-krab-1200-narzedzia-brukarskie-Poznan-chwytaki-do-kostki-Poznan-FHU-KAZAL-Poznan-02-MIMAL-PROBST-BELLE-Poznan-MGK-MGD-IB25-WB1-CHP1-CHJZ2-CHW-CHPJ-CHU_-90x90.jpg 90w\" sizes=\"auto, (max-width: 200px) 100vw, 200px\" \/><\/a><\/p>\n<div class=\"m-containerexpander__head\">\n<div class=\"mceTemp\"><\/div>\n<h4 class=\"e-headline e-headline--h3 m-containerexpander__headline\"><a href=\"https:\/\/kazal.pl\/sklep\/product-category\/narzedzia-brukarskie\/jazon-narzedzia-brukarskie\/\">JAZON Sp. z o.o.<\/a><\/h4>\n<div class=\"m-containerexpander__collapseicon\"><\/div>\n<\/div>\n<div class=\"m-containerexpander__content\">\n<div class=\"m-containerexpander__innercontent\">\n<div class=\"m-textparagraph m-textparagraph--types c-richtext\">\n<p>Narz\u0119dzia brukarskie JAZON Pozna\u0144. JAZON jest producentem profesjonalnych narz\u0119dzi oraz maszyn do prac drogowych i brukarskich. Gwarantuje wysok\u0105 jako\u015b\u0107 oraz dost\u0119pno\u015b\u0107 cz\u0119\u015bci zamiennych i akcesori\u00f3w. Wszystkie produkty posiadaj\u0105 niezb\u0119dne atesty i certyfikaty.<\/p>\n<p style=\"text-align: center;\"><iframe loading=\"lazy\" src=\"\/\/www.youtube.com\/embed\/OSxj_Sv2ro8\" width=\"400\" height=\"224\" allowfullscreen=\"allowfullscreen\" data-mce-fragment=\"1\"><\/iframe><\/p>\n<\/div>\n<\/div>\n<\/div>\n<\/td>\n<\/tr>\n<\/tbody>\n<\/table>\n<table style=\"width: 100%; border-collapse: collapse; background-color: #cccccc;\">\n<tbody>\n<tr>\n<td style=\"width: 100%;\"><span style=\"font-size: 20px;\"><strong>Parametry techniczne:<\/strong><\/span><\/td>\n<\/tr>\n<\/tbody>\n<\/table>\n<table style=\"width: 100%; height: 114px;\">\n<tbody>\n<tr style=\"height: 114px;\">\n<td style=\"width: 68.16%; height: 114px;\">\n<div class=\"productParams__item flex_row bg_color\">\n<div class=\"productParams__paramName grow\">\n<table style=\"border-collapse: collapse; width: 100%; height: 264px;\">\n<tbody>\n<tr style=\"height: 48px;\">\n<td class=\"text-muted pl-0\" style=\"width: 50%; height: 48px;\"><strong>Szeroko\u015b\u0107 robocza<\/strong><\/td>\n<td class=\"text-right text-primary font-weight-bold pr-0\" style=\"width: 15.0082%; height: 48px;\">200\/220\/240 cm + 50 klapy boczne<\/td>\n<\/tr>\n<tr style=\"height: 24px;\">\n<td class=\"text-muted pl-0\" style=\"width: 50%; height: 24px;\"><strong>K\u0105t wychylenia lemieszy<\/strong><\/td>\n<td class=\"text-right text-primary font-weight-bold pr-0\" style=\"width: 15.0082%; height: 24px;\">max. +\/- 5\u00b0<\/td>\n<\/tr>\n<tr style=\"height: 24px;\">\n<td class=\"text-muted pl-0\" style=\"width: 50%; height: 24px;\"><strong>Wysoko\u015b\u0107 lemieszy<\/strong><\/td>\n<td class=\"text-right text-primary font-weight-bold pr-0\" style=\"width: 15.0082%; height: 24px;\">50 cm<\/td>\n<\/tr>\n<tr style=\"height: 48px;\">\n<td class=\"text-muted pl-0\" style=\"width: 50%; height: 48px;\"><strong>Maszyna no\u015bna<\/strong><\/td>\n<td class=\"text-right text-primary font-weight-bold pr-0\" style=\"width: 15.0082%; height: 48px;\">ZALECANE PARAMETRY<\/td>\n<\/tr>\n<tr style=\"height: 24px;\">\n<td class=\"text-muted pl-0\" style=\"width: 50%; height: 24px;\"><strong>Ci\u015bnienie uk\u0142adu hydraulicznego<\/strong><\/td>\n<td class=\"text-right text-primary font-weight-bold pr-0\" style=\"width: 15.0082%; height: 24px;\">200 bar<\/td>\n<\/tr>\n<tr style=\"height: 24px;\">\n<td class=\"text-muted pl-0\" style=\"width: 50%; height: 24px;\"><strong>Min. wydajno\u015b\u0107 uk\u0142adu hydraulicznego<\/strong><\/td>\n<td class=\"text-right text-primary font-weight-bold pr-0\" style=\"width: 15.0082%; height: 24px;\">40 l\/min<\/td>\n<\/tr>\n<tr style=\"height: 24px;\">\n<td class=\"text-muted pl-0\" style=\"width: 50%; height: 24px;\"><strong>Ud\u017awig<\/strong><\/td>\n<td class=\"text-right text-primary font-weight-bold pr-0\" style=\"width: 15.0082%; height: 24px;\">1300 kg<\/td>\n<\/tr>\n<tr style=\"height: 24px;\">\n<td class=\"text-muted pl-0\" style=\"width: 50%; height: 24px;\"><strong>Min. ci\u0119\u017car<\/strong><\/td>\n<td class=\"text-right text-primary font-weight-bold pr-0\" style=\"width: 15.0082%; height: 24px;\">5000 kg<\/td>\n<\/tr>\n<tr style=\"height: 24px;\">\n<td class=\"text-muted pl-0\" style=\"width: 50%; height: 24px;\"><strong>Masa w\u0142asna<\/strong><\/td>\n<td class=\"text-right text-primary font-weight-bold pr-0\" style=\"width: 15.0082%; height: 24px;\">1200\/1290\/138 kg<\/td>\n<\/tr>\n<\/tbody>\n<\/table>\n<\/div>\n<\/div>\n<\/td>\n<\/tr>\n<\/tbody>\n<\/table>\n<table style=\"width: 100%; border-collapse: collapse; background-color: #cccccc;\">\n<tbody>\n<tr>\n<td style=\"width: 100%;\"><span style=\"font-size: 20px;\"><strong>Zdj\u0119cia produktu:<\/strong><\/span><\/td>\n<\/tr>\n<\/tbody>\n<\/table>\n<div class=\"mceTemp\"><\/div>\n<table style=\"border-collapse: collapse; width: 98.9573%;\">\n<tbody>\n<tr>\n<td style=\"width: 50%;\">\n<table style=\"border-collapse: collapse; width: 100%;\">\n<tbody>\n<tr>\n<td style=\"width: 100%;\"><iframe loading=\"lazy\" src=\"\/\/www.youtube.com\/embed\/MTKPyfhcoDs\" width=\"560\" height=\"314\" allowfullscreen=\"allowfullscreen\"><\/iframe><\/td>\n<\/tr>\n<tr>\n<td style=\"width: 100%;\"><\/td>\n<\/tr>\n<\/tbody>\n<\/table>\n<table style=\"border-collapse: collapse; width: 100%;\">\n<tbody>\n<tr>\n<td style=\"width: 100%; text-align: center;\">\n<div id=\"attachment_4213\" style=\"width: 510px\" class=\"wp-caption aligncenter\"><img loading=\"lazy\" decoding=\"async\" aria-describedby=\"caption-attachment-4213\" class=\"wp-image-4213 size-full\" src=\"https:\/\/kazal.pl\/sklep\/wp-content\/uploads\/2021\/05\/Profiler-3D-Leica-JAZON-Poznan-lata-profilujaca-ze-sterowaniem-automatycznym-push-pull-narzedzia-brukarskie-poznan-fhu-kazal-1-1.jpg\" alt=\"Profiler-3D-Leica-JAZON-Poznan-lata-profilujaca-ze-sterowaniem-automatycznym-push-pull-narzedzia-brukarskie-poznan-fhu-kazal\" width=\"500\" height=\"500\" srcset=\"https:\/\/kazal.pl\/sklep\/wp-content\/uploads\/2021\/05\/Profiler-3D-Leica-JAZON-Poznan-lata-profilujaca-ze-sterowaniem-automatycznym-push-pull-narzedzia-brukarskie-poznan-fhu-kazal-1-1.jpg 500w, https:\/\/kazal.pl\/sklep\/wp-content\/uploads\/2021\/05\/Profiler-3D-Leica-JAZON-Poznan-lata-profilujaca-ze-sterowaniem-automatycznym-push-pull-narzedzia-brukarskie-poznan-fhu-kazal-1-1-300x300.jpg 300w, https:\/\/kazal.pl\/sklep\/wp-content\/uploads\/2021\/05\/Profiler-3D-Leica-JAZON-Poznan-lata-profilujaca-ze-sterowaniem-automatycznym-push-pull-narzedzia-brukarskie-poznan-fhu-kazal-1-1-150x150.jpg 150w, https:\/\/kazal.pl\/sklep\/wp-content\/uploads\/2021\/05\/Profiler-3D-Leica-JAZON-Poznan-lata-profilujaca-ze-sterowaniem-automatycznym-push-pull-narzedzia-brukarskie-poznan-fhu-kazal-1-1-90x90.jpg 90w\" sizes=\"auto, (max-width: 500px) 100vw, 500px\" \/><p id=\"caption-attachment-4213\" class=\"wp-caption-text\">Profiler-3D-Leica-JAZON-Poznan-lata-profilujaca-ze-sterowaniem-automatycznym-push-pull-narzedzia-brukarskie-poznan-fhu-kazal<\/p><\/div><\/td>\n<\/tr>\n<tr>\n<td style=\"width: 100%;\">\n<div id=\"attachment_4211\" style=\"width: 510px\" class=\"wp-caption aligncenter\"><img loading=\"lazy\" decoding=\"async\" aria-describedby=\"caption-attachment-4211\" class=\"wp-image-4211 size-full\" src=\"https:\/\/kazal.pl\/sklep\/wp-content\/uploads\/2021\/05\/Profiler-3D-Leica-JAZON-Poznan-lata-profilujaca-ze-sterowaniem-automatycznym-push-pull-narzedzia-brukarskie-poznan-fhu-kazal.jpg\" alt=\"Profiler-3D-Leica-JAZON-Poznan-lata-profilujaca-ze-sterowaniem-automatycznym-push-pull-narzedzia-brukarskie-poznan-fhu-kazal\" width=\"500\" height=\"500\" srcset=\"https:\/\/kazal.pl\/sklep\/wp-content\/uploads\/2021\/05\/Profiler-3D-Leica-JAZON-Poznan-lata-profilujaca-ze-sterowaniem-automatycznym-push-pull-narzedzia-brukarskie-poznan-fhu-kazal.jpg 500w, https:\/\/kazal.pl\/sklep\/wp-content\/uploads\/2021\/05\/Profiler-3D-Leica-JAZON-Poznan-lata-profilujaca-ze-sterowaniem-automatycznym-push-pull-narzedzia-brukarskie-poznan-fhu-kazal-300x300.jpg 300w, https:\/\/kazal.pl\/sklep\/wp-content\/uploads\/2021\/05\/Profiler-3D-Leica-JAZON-Poznan-lata-profilujaca-ze-sterowaniem-automatycznym-push-pull-narzedzia-brukarskie-poznan-fhu-kazal-150x150.jpg 150w, https:\/\/kazal.pl\/sklep\/wp-content\/uploads\/2021\/05\/Profiler-3D-Leica-JAZON-Poznan-lata-profilujaca-ze-sterowaniem-automatycznym-push-pull-narzedzia-brukarskie-poznan-fhu-kazal-90x90.jpg 90w\" sizes=\"auto, (max-width: 500px) 100vw, 500px\" \/><p id=\"caption-attachment-4211\" class=\"wp-caption-text\">Profiler-3D-Leica-JAZON-Poznan-lata-profilujaca-ze-sterowaniem-automatycznym-push-pull-narzedzia-brukarskie-poznan-fhu-kazal<\/p><\/div><\/td>\n<\/tr>\n<\/tbody>\n<\/table>\n<\/td>\n<\/tr>\n<\/tbody>\n<\/table>\n<p>&nbsp;<\/p>\n<table style=\"width: 100%; border-collapse: collapse; background-color: #cccccc;\">\n<tbody>\n<tr>\n<td style=\"width: 100%;\"><span style=\"font-size: 20px;\"><strong>JAZON Narz\u0119dzia brukarskie &#8211; WIDEO:<\/strong><\/span><\/td>\n<\/tr>\n<\/tbody>\n<\/table>\n<table style=\"border-collapse: collapse; width: 100%;\">\n<tbody>\n<tr>\n<td style=\"width: 30%; text-align: center;\">&nbsp;<\/p>\n<table style=\"border-collapse: collapse; width: 100%; height: 347px;\">\n<tbody>\n<tr style=\"height: 24px;\">\n<td style=\"width: 50%; height: 24px;\"><iframe loading=\"lazy\" src=\"\/\/www.youtube.com\/embed\/dfx3YOj2Ehw\" width=\"400\" height=\"224\" allowfullscreen=\"allowfullscreen\" data-mce-fragment=\"1\"><\/iframe><\/td>\n<td style=\"width: 50%; height: 24px;\"><iframe loading=\"lazy\" src=\"\/\/www.youtube.com\/embed\/I3FtaWQwdVg\" width=\"400\" height=\"224\" allowfullscreen=\"allowfullscreen\" data-mce-fragment=\"1\"><\/iframe><\/td>\n<\/tr>\n<tr style=\"height: 323px;\">\n<td style=\"width: 50%; height: 323px;\"><iframe loading=\"lazy\" src=\"\/\/www.youtube.com\/embed\/SR9O3__rJIg\" width=\"400\" height=\"224\" allowfullscreen=\"allowfullscreen\" data-mce-fragment=\"1\"><\/iframe><\/td>\n<td style=\"width: 50%; height: 323px;\"><iframe loading=\"lazy\" src=\"\/\/www.youtube.com\/embed\/dIuuKldcQSY\" width=\"400\" height=\"224\" allowfullscreen=\"allowfullscreen\" data-mce-fragment=\"1\"><\/iframe><\/td>\n<\/tr>\n<\/tbody>\n<\/table>\n<\/td>\n<\/tr>\n<\/tbody>\n<\/table>\n<table style=\"width: 100%; border-collapse: collapse; background-color: #cccccc;\">\n<tbody>\n<tr>\n<td style=\"width: 100%;\"><span style=\"font-size: 20px;\"><strong>Karty techniczne:<\/strong><\/span><\/td>\n<\/tr>\n<\/tbody>\n<\/table>\n<p><img loading=\"lazy\" decoding=\"async\" class=\"aligncenter wp-image-4373\" src=\"https:\/\/kazal.pl\/sklep\/wp-content\/uploads\/2021\/06\/JAZON-Katalog-narzedzi-i-urzadzen_Strona_01-730x1024.jpg\" alt=\"\" width=\"450\" height=\"631\" srcset=\"https:\/\/kazal.pl\/sklep\/wp-content\/uploads\/2021\/06\/JAZON-Katalog-narzedzi-i-urzadzen_Strona_01-730x1024.jpg 730w, https:\/\/kazal.pl\/sklep\/wp-content\/uploads\/2021\/06\/JAZON-Katalog-narzedzi-i-urzadzen_Strona_01-214x300.jpg 214w, https:\/\/kazal.pl\/sklep\/wp-content\/uploads\/2021\/06\/JAZON-Katalog-narzedzi-i-urzadzen_Strona_01-768x1077.jpg 768w, https:\/\/kazal.pl\/sklep\/wp-content\/uploads\/2021\/06\/JAZON-Katalog-narzedzi-i-urzadzen_Strona_01-600x841.jpg 600w, https:\/\/kazal.pl\/sklep\/wp-content\/uploads\/2021\/06\/JAZON-Katalog-narzedzi-i-urzadzen_Strona_01.jpg 910w\" sizes=\"auto, (max-width: 450px) 100vw, 450px\" \/><\/p>\n","protected":false},"excerpt":{"rendered":"<p>&nbsp;<\/p>\n<table style=\"border-collapse: collapse; width: 100%;\">\n<tbody>\n<tr>\n<td style=\"width: 100%;\">\n<h5><strong>Profiler 01<\/strong> s\u0142u\u017cy do wydajnego wyr\u00f3wnywania i poziomowania plac\u00f3w, parking\u00f3w, boisk stadion\u00f3w i ulic. Z \u0142atwo\u015bci\u0105 wyr\u00f3wnuje materia\u0142y sypkie i niespoiste takie jak np. piach, \u017cwir czy drobny t\u0142ucze\u0144.<\/h5>\n<\/td>\n<\/tr>\n<\/tbody>\n<\/table>\n<table style=\"border-collapse: collapse; width: 100%;\">\n<tbody>\n<tr>\n<td style=\"width: 65.36%;\"><strong>Profiler 01\u00a0j<\/strong>est sterowanym cyfrowo, w dw\u00f3ch lub trzech p\u0142aszczyznach, urz\u0105dzeniem mog\u0105cym wsp\u00f3\u0142pracowa\u0107 z maszynami budowlanymi np. \u0142adowarkami, koparko-\u0142adowarkami wyposa\u017conymi w czo\u0142owe zasilanie hydrauliczne.<\/td>\n<td style=\"width: 34.64%;\"><a href=\"https:\/\/kazal.pl\/sklep\/product-category\/narzedzia-brukarskie\/jazon-narzedzia-brukarskie\/\"><img loading=\"lazy\" decoding=\"async\" class=\"aligncenter wp-image-4325\" style=\"margin-top: 0.857143rem; margin-bottom: 0.857143rem;\" src=\"https:\/\/kazal.pl\/sklep\/wp-content\/uploads\/2021\/05\/JAZON-Poznan-wozek-brukarski-krab-1200-narzedzia-brukarskie-Poznan-chwytaki-do-kostki-Poznan-FHU-KAZAL-Poznan-02-MIMAL-PROBST-BELLE-Poznan-MGK-MGD-IB25-WB1-CHP1-CHJZ2-CHW-CHPJ-CHU_.jpg\" alt=\"JAZON-Poznan-wozek-brukarski-narzedzia-brukarskie-Poznan-chwytaki-do-kostki-Poznan-FHU-KAZAL-Poznan-02-MIMAL-PROBST-BELLE-Poznan-MGK-MGD-IB25-WB1-CHP1-CHJZ2-CHW-CHPJ-CHU_\" width=\"100\" height=\"100\" srcset=\"https:\/\/kazal.pl\/sklep\/wp-content\/uploads\/2021\/05\/JAZON-Poznan-wozek-brukarski-krab-1200-narzedzia-brukarskie-Poznan-chwytaki-do-kostki-Poznan-FHU-KAZAL-Poznan-02-MIMAL-PROBST-BELLE-Poznan-MGK-MGD-IB25-WB1-CHP1-CHJZ2-CHW-CHPJ-CHU_.jpg 200w, https:\/\/kazal.pl\/sklep\/wp-content\/uploads\/2021\/05\/JAZON-Poznan-wozek-brukarski-krab-1200-narzedzia-brukarskie-Poznan-chwytaki-do-kostki-Poznan-FHU-KAZAL-Poznan-02-MIMAL-PROBST-BELLE-Poznan-MGK-MGD-IB25-WB1-CHP1-CHJZ2-CHW-CHPJ-CHU_-150x150.jpg 150w, https:\/\/kazal.pl\/sklep\/wp-content\/uploads\/2021\/05\/JAZON-Poznan-wozek-brukarski-krab-1200-narzedzia-brukarskie-Poznan-chwytaki-do-kostki-Poznan-FHU-KAZAL-Poznan-02-MIMAL-PROBST-BELLE-Poznan-MGK-MGD-IB25-WB1-CHP1-CHJZ2-CHW-CHPJ-CHU_-90x90.jpg 90w\" sizes=\"auto, (max-width: 100px) 100vw, 100px\" \/><\/a><\/td>\n<\/tr>\n<\/tbody>\n<\/table>\n<table style=\"border-collapse: collapse; width: 100%;\">\n<tbody>\n<tr>\n<td style=\"width: 100%;\">\n<h6><span style=\"text-decoration: underline;\"><strong><span style=\"color: #ff0000; text-decoration: underline;\">NOWY<\/span><\/strong><\/span><span style=\"color: #ff0000;\"> &#8211; WY\u0141\u0104CZNIE POD ZAM\u00d3WIENIE<\/span>&#8211; prosimy o z\u0142o\u017cenie zapytania przez formularz <span style=\"color: #ff0000;\">&#8216;Zapytanie o produkt&#8217;<\/span>.<\/h6>\n<\/td>\n<\/tr>\n<\/tbody>\n<\/table>\n<p>&nbsp;<\/p>\n","protected":false},"featured_media":4212,"comment_status":"open","ping_status":"closed","template":"","meta":[],"product_cat":[327,217,218,579],"product_tag":[436,437,223,582,580,229,298,299,300,581],"class_list":{"0":"post-4717","1":"product","2":"type-product","3":"status-publish","4":"has-post-thumbnail","6":"product_cat-jazon","7":"product_cat-jazon-narzedzia-brukarskie","8":"product_cat-narzedzia-brukarskie","9":"product_cat-profilowanie-podloza","10":"product_tag-dystrybutor-narzedzi-brukarskich","11":"product_tag-dystrybutor-narzedzi-brukarskich-poznan","12":"product_tag-jazon","13":"product_tag-leica","14":"product_tag-lata-profilujaca-2d-3d","15":"product_tag-narzedzia-brukarskie","16":"product_tag-narzedzia-brukarskie-jazon","17":"product_tag-narzedzia-brukarskie-jazon-poznan","18":"product_tag-poznan-narzedzia-brukarskie-jazon","19":"product_tag-profiler-01-jazon-leica","21":"first","22":"onbackorder","23":"featured","24":"taxable","25":"shipping-taxable","26":"product-type-simple"},"_links":{"self":[{"href":"https:\/\/kazal.pl\/sklep\/wp-json\/wp\/v2\/product\/4717","targetHints":{"allow":["GET"]}}],"collection":[{"href":"https:\/\/kazal.pl\/sklep\/wp-json\/wp\/v2\/product"}],"about":[{"href":"https:\/\/kazal.pl\/sklep\/wp-json\/wp\/v2\/types\/product"}],"replies":[{"embeddable":true,"href":"https:\/\/kazal.pl\/sklep\/wp-json\/wp\/v2\/comments?post=4717"}],"wp:featuredmedia":[{"embeddable":true,"href":"https:\/\/kazal.pl\/sklep\/wp-json\/wp\/v2\/media\/4212"}],"wp:attachment":[{"href":"https:\/\/kazal.pl\/sklep\/wp-json\/wp\/v2\/media?parent=4717"}],"wp:term":[{"taxonomy":"product_cat","embeddable":true,"href":"https:\/\/kazal.pl\/sklep\/wp-json\/wp\/v2\/product_cat?post=4717"},{"taxonomy":"product_tag","embeddable":true,"href":"https:\/\/kazal.pl\/sklep\/wp-json\/wp\/v2\/product_tag?post=4717"}],"curies":[{"name":"wp","href":"https:\/\/api.w.org\/{rel}","templated":true}]}}