{"id":4741,"date":"2022-02-03T09:53:56","date_gmt":"2022-02-03T09:53:56","guid":{"rendered":"https:\/\/kazal.pl\/sklep\/?post_type=product&#038;p=4741"},"modified":"2022-02-03T10:20:11","modified_gmt":"2022-02-03T10:20:11","slug":"jazon-ukladarka-zawieszana-juz01-do-kraweznikow-i-plyt","status":"publish","type":"product","link":"https:\/\/kazal.pl\/sklep\/product\/jazon-ukladarka-zawieszana-juz01-do-kraweznikow-i-plyt\/","title":{"rendered":"JAZON Uk\u0142adarka zawieszana JUZ01 do kraw\u0119\u017cnik\u00f3w i p\u0142yt"},"content":{"rendered":"<div class=\"table-responsive\"><\/div>\n<table style=\"width: 100%; border-collapse: collapse; background-color: #cccccc;\">\n<tbody>\n<tr>\n<td style=\"width: 100%;\"><span style=\"font-size: 20px;\"><strong>JAZON Uk\u0142adarka zawieszana JUZ01 do kraw\u0119\u017cnik\u00f3w i p\u0142yt<\/strong><\/span><\/td>\n<\/tr>\n<\/tbody>\n<\/table>\n<table style=\"border-collapse: collapse; width: 100%;\">\n<tbody>\n<tr>\n<td style=\"width: 50%;\">\n<h5>Idealne rozwi\u0105zanie do przewo\u017cenia i uk\u0142adania materia\u0142\u00f3w bezpo\u015brednio z palet. Uk\u0142adarka dostosowana do zaczepiania czo\u0142owego na \u0142adowarkach i koparko-\u0142adowarkach.<\/h5>\n<\/td>\n<\/tr>\n<\/tbody>\n<\/table>\n<table style=\"width: 100%; border-collapse: collapse; background-color: #cccccc;\">\n<tbody>\n<tr>\n<td style=\"width: 100%;\"><span style=\"font-size: 20px;\"><strong>Charakterystyka:<\/strong><\/span><\/td>\n<\/tr>\n<\/tbody>\n<\/table>\n<table style=\"border-collapse: collapse; width: 100%;\">\n<tbody>\n<tr>\n<td style=\"width: 50%;\">\n<div class=\"m-containerseemore__container\">\n<div class=\"m-containerseemore__content\">\n<div class=\"m-containerseemore__coloumn\">\n<div class=\"m-containerseemore__coloumn\">\n<h4><span style=\"font-size: 20px;\"><strong>JAZON Uk\u0142adarka zawieszana JUZ01 do kraw\u0119\u017cnik\u00f3w i p\u0142yt<\/strong><\/span><\/h4>\n<h4 class=\"e-headline e-headline--h4 \">Opis przedmiotu:<\/h4>\n<p><strong>Uk\u0142adarka JUZ 01<\/strong> wyposa\u017cona jest w hydrauliczny mechanizm podnoszenia ze sterowaniem przy uchwycie operatora. Idealne rozwi\u0105zanie do przewo\u017cenia i uk\u0142adania materia\u0142\u00f3w bezpo\u015brednio z palet.<br \/>\nDodatkowym wyposa\u017ceniem s\u0105 chwytaki grawitacyjne do kraw\u0119\u017cnik\u00f3w, p\u0142yt a\u017curowych itp.<\/p>\n<\/div>\n<\/div>\n<\/div>\n<\/div>\n<div class=\"m-containerseemore__link\"><\/div>\n<\/td>\n<td style=\"width: 50%;\">\n<div class=\"m-containerexpander__head\">\n<div class=\"m-containerexpander__head\">\n<div class=\"mceTemp\"><\/div>\n<\/div>\n<\/div>\n<p><a href=\"https:\/\/kazal.pl\/sklep\/product-category\/narzedzia-brukarskie\/jazon-narzedzia-brukarskie\/\"><img loading=\"lazy\" decoding=\"async\" class=\"alignnone wp-image-4325 size-full\" style=\"margin-top: 0.857143rem; margin-bottom: 0.857143rem;\" src=\"https:\/\/kazal.pl\/sklep\/wp-content\/uploads\/2021\/05\/JAZON-Poznan-wozek-brukarski-krab-1200-narzedzia-brukarskie-Poznan-chwytaki-do-kostki-Poznan-FHU-KAZAL-Poznan-02-MIMAL-PROBST-BELLE-Poznan-MGK-MGD-IB25-WB1-CHP1-CHJZ2-CHW-CHPJ-CHU_.jpg\" alt=\"JAZON-Poznan-wozek-brukarski-narzedzia-brukarskie-Poznan-chwytaki-do-kostki-Poznan-FHU-KAZAL-Poznan-02-MIMAL-PROBST-BELLE-Poznan-MGK-MGD-IB25-WB1-CHP1-CHJZ2-CHW-CHPJ-CHU_\" width=\"200\" height=\"200\" srcset=\"https:\/\/kazal.pl\/sklep\/wp-content\/uploads\/2021\/05\/JAZON-Poznan-wozek-brukarski-krab-1200-narzedzia-brukarskie-Poznan-chwytaki-do-kostki-Poznan-FHU-KAZAL-Poznan-02-MIMAL-PROBST-BELLE-Poznan-MGK-MGD-IB25-WB1-CHP1-CHJZ2-CHW-CHPJ-CHU_.jpg 200w, https:\/\/kazal.pl\/sklep\/wp-content\/uploads\/2021\/05\/JAZON-Poznan-wozek-brukarski-krab-1200-narzedzia-brukarskie-Poznan-chwytaki-do-kostki-Poznan-FHU-KAZAL-Poznan-02-MIMAL-PROBST-BELLE-Poznan-MGK-MGD-IB25-WB1-CHP1-CHJZ2-CHW-CHPJ-CHU_-150x150.jpg 150w, https:\/\/kazal.pl\/sklep\/wp-content\/uploads\/2021\/05\/JAZON-Poznan-wozek-brukarski-krab-1200-narzedzia-brukarskie-Poznan-chwytaki-do-kostki-Poznan-FHU-KAZAL-Poznan-02-MIMAL-PROBST-BELLE-Poznan-MGK-MGD-IB25-WB1-CHP1-CHJZ2-CHW-CHPJ-CHU_-90x90.jpg 90w\" sizes=\"auto, (max-width: 200px) 100vw, 200px\" \/><\/a><\/p>\n<div class=\"m-containerexpander__head\">\n<div class=\"mceTemp\"><\/div>\n<h4 class=\"e-headline e-headline--h3 m-containerexpander__headline\"><a href=\"https:\/\/kazal.pl\/sklep\/product-category\/narzedzia-brukarskie\/jazon-narzedzia-brukarskie\/\">JAZON Sp. z o.o.<\/a><\/h4>\n<div class=\"m-containerexpander__collapseicon\"><\/div>\n<\/div>\n<div class=\"m-containerexpander__content\">\n<div class=\"m-containerexpander__innercontent\">\n<div class=\"m-textparagraph m-textparagraph--types c-richtext\">\n<p>Narz\u0119dzia brukarskie JAZON Pozna\u0144. JAZON jest producentem profesjonalnych narz\u0119dzi oraz maszyn do prac drogowych i brukarskich. Gwarantuje wysok\u0105 jako\u015b\u0107 oraz dost\u0119pno\u015b\u0107 cz\u0119\u015bci zamiennych i akcesori\u00f3w. Wszystkie produkty posiadaj\u0105 niezb\u0119dne atesty i certyfikaty.<\/p>\n<p style=\"text-align: center;\"><iframe loading=\"lazy\" src=\"\/\/www.youtube.com\/embed\/OSxj_Sv2ro8\" width=\"400\" height=\"224\" allowfullscreen=\"allowfullscreen\" data-mce-fragment=\"1\"><\/iframe><\/p>\n<\/div>\n<\/div>\n<\/div>\n<\/td>\n<\/tr>\n<\/tbody>\n<\/table>\n<table style=\"width: 100%; border-collapse: collapse; background-color: #cccccc;\">\n<tbody>\n<tr>\n<td style=\"width: 100%;\"><span style=\"font-size: 20px;\"><strong>Parametry techniczne:<\/strong><\/span><\/td>\n<\/tr>\n<\/tbody>\n<\/table>\n<table style=\"width: 100%; height: 114px;\">\n<tbody>\n<tr style=\"height: 114px;\">\n<td style=\"width: 68.16%; height: 114px;\">\n<div class=\"productParams__item flex_row bg_color\">\n<div class=\"productParams__paramName grow\">\n<table style=\"border-collapse: collapse; width: 100%; height: 195px;\">\n<tbody>\n<tr style=\"height: 39px;\">\n<td class=\"text-muted pl-0\" style=\"width: 76.6721%; height: 39px;\"><strong>Max. ud\u017awig ramienia<\/strong><\/td>\n<td class=\"text-right text-primary font-weight-bold pr-0\" style=\"width: 23.1648%; height: 39px;\">200 kg<\/td>\n<\/tr>\n<tr style=\"height: 39px;\">\n<td class=\"text-muted pl-0\" style=\"width: 76.6721%; height: 39px;\"><strong>Zasi\u0119g ramienia<\/strong><\/td>\n<td class=\"text-right text-primary font-weight-bold pr-0\" style=\"width: 23.1648%; height: 39px;\">350 cm<\/td>\n<\/tr>\n<tr style=\"height: 39px;\">\n<td class=\"text-muted pl-0\" style=\"width: 76.6721%; height: 39px;\"><strong>Max. wysoko\u015b\u0107 podnoszenia<\/strong><\/td>\n<td class=\"text-right text-primary font-weight-bold pr-0\" style=\"width: 23.1648%; height: 39px;\">200 cm<\/td>\n<\/tr>\n<tr style=\"height: 39px;\">\n<td class=\"text-muted pl-0\" style=\"width: 76.6721%; height: 39px;\"><strong>K\u0105t obrotu ramienia<\/strong><\/td>\n<td class=\"text-right text-primary font-weight-bold pr-0\" style=\"width: 23.1648%; height: 39px;\">270 \u00b0<\/td>\n<\/tr>\n<tr style=\"height: 39px;\">\n<td class=\"text-muted pl-0\" style=\"width: 76.6721%; height: 39px;\"><strong>Max. ci\u0119\u017car palety<\/strong><\/td>\n<td class=\"text-right text-primary font-weight-bold pr-0\" style=\"width: 23.1648%; height: 39px;\">1600 kg<\/td>\n<\/tr>\n<\/tbody>\n<\/table>\n<\/div>\n<\/div>\n<\/td>\n<\/tr>\n<\/tbody>\n<\/table>\n<table style=\"width: 100%; border-collapse: collapse; background-color: #cccccc;\">\n<tbody>\n<tr>\n<td style=\"width: 100%;\"><span style=\"font-size: 20px;\"><strong>Zdj\u0119cia produktu:<\/strong><\/span><\/td>\n<\/tr>\n<\/tbody>\n<\/table>\n<div class=\"mceTemp\"><\/div>\n<table style=\"border-collapse: collapse; width: 98.9573%;\">\n<tbody>\n<tr>\n<td style=\"width: 50%;\">\n<table style=\"border-collapse: collapse; width: 100%;\">\n<tbody>\n<tr>\n<td style=\"width: 100%; text-align: center;\">\n<div id=\"attachment_4744\" style=\"width: 1034px\" class=\"wp-caption aligncenter\"><img loading=\"lazy\" decoding=\"async\" aria-describedby=\"caption-attachment-4744\" class=\"wp-image-4744 size-large\" src=\"https:\/\/kazal.pl\/sklep\/wp-content\/uploads\/2022\/02\/Ukladarka-kraweznikow-zawieszana-JUZ01-JAZON-Poznan-dystrybutor-narzedzia-brukarskie-FHU-KAZAL-chwytaki-kleszcze-Poznan-ATLAS-COPCO-PROBST-MIMAL-HUNKLINGER-1024x683.jpg\" alt=\"Ukladarka-kraweznikow-zawieszana-JUZ01-JAZON-Poznan-dystrybutor-narzedzia-brukarskie-FHU-KAZAL-chwytaki-kleszcze-Poznan-ATLAS-COPCO-PROBST-MIMAL-HUNKLINGER\" width=\"1024\" height=\"683\" srcset=\"https:\/\/kazal.pl\/sklep\/wp-content\/uploads\/2022\/02\/Ukladarka-kraweznikow-zawieszana-JUZ01-JAZON-Poznan-dystrybutor-narzedzia-brukarskie-FHU-KAZAL-chwytaki-kleszcze-Poznan-ATLAS-COPCO-PROBST-MIMAL-HUNKLINGER-1024x683.jpg 1024w, https:\/\/kazal.pl\/sklep\/wp-content\/uploads\/2022\/02\/Ukladarka-kraweznikow-zawieszana-JUZ01-JAZON-Poznan-dystrybutor-narzedzia-brukarskie-FHU-KAZAL-chwytaki-kleszcze-Poznan-ATLAS-COPCO-PROBST-MIMAL-HUNKLINGER-300x200.jpg 300w, https:\/\/kazal.pl\/sklep\/wp-content\/uploads\/2022\/02\/Ukladarka-kraweznikow-zawieszana-JUZ01-JAZON-Poznan-dystrybutor-narzedzia-brukarskie-FHU-KAZAL-chwytaki-kleszcze-Poznan-ATLAS-COPCO-PROBST-MIMAL-HUNKLINGER-768x512.jpg 768w, https:\/\/kazal.pl\/sklep\/wp-content\/uploads\/2022\/02\/Ukladarka-kraweznikow-zawieszana-JUZ01-JAZON-Poznan-dystrybutor-narzedzia-brukarskie-FHU-KAZAL-chwytaki-kleszcze-Poznan-ATLAS-COPCO-PROBST-MIMAL-HUNKLINGER-1170x780.jpg 1170w, https:\/\/kazal.pl\/sklep\/wp-content\/uploads\/2022\/02\/Ukladarka-kraweznikow-zawieszana-JUZ01-JAZON-Poznan-dystrybutor-narzedzia-brukarskie-FHU-KAZAL-chwytaki-kleszcze-Poznan-ATLAS-COPCO-PROBST-MIMAL-HUNKLINGER-600x400.jpg 600w, https:\/\/kazal.pl\/sklep\/wp-content\/uploads\/2022\/02\/Ukladarka-kraweznikow-zawieszana-JUZ01-JAZON-Poznan-dystrybutor-narzedzia-brukarskie-FHU-KAZAL-chwytaki-kleszcze-Poznan-ATLAS-COPCO-PROBST-MIMAL-HUNKLINGER.jpg 1500w\" sizes=\"auto, (max-width: 1024px) 100vw, 1024px\" \/><p id=\"caption-attachment-4744\" class=\"wp-caption-text\">Ukladarka-kraweznikow-zawieszana-JUZ01-JAZON-Poznan-dystrybutor-narzedzia-brukarskie-FHU-KAZAL-chwytaki-kleszcze-Poznan-ATLAS-COPCO-PROBST-MIMAL-HUNKLINGER<\/p><\/div><\/td>\n<\/tr>\n<tr>\n<td style=\"width: 100%;\"><img loading=\"lazy\" decoding=\"async\" class=\"aligncenter wp-image-4743 size-full\" src=\"https:\/\/kazal.pl\/sklep\/wp-content\/uploads\/2022\/02\/ukladarka-zawieszana-juz-01-1.jpg\" alt=\"\" width=\"500\" height=\"500\" srcset=\"https:\/\/kazal.pl\/sklep\/wp-content\/uploads\/2022\/02\/ukladarka-zawieszana-juz-01-1.jpg 500w, https:\/\/kazal.pl\/sklep\/wp-content\/uploads\/2022\/02\/ukladarka-zawieszana-juz-01-1-300x300.jpg 300w, https:\/\/kazal.pl\/sklep\/wp-content\/uploads\/2022\/02\/ukladarka-zawieszana-juz-01-1-150x150.jpg 150w, https:\/\/kazal.pl\/sklep\/wp-content\/uploads\/2022\/02\/ukladarka-zawieszana-juz-01-1-90x90.jpg 90w\" sizes=\"auto, (max-width: 500px) 100vw, 500px\" \/><\/td>\n<\/tr>\n<\/tbody>\n<\/table>\n<\/td>\n<\/tr>\n<\/tbody>\n<\/table>\n<p>&nbsp;<\/p>\n<table style=\"width: 100%; border-collapse: collapse; background-color: #cccccc;\">\n<tbody>\n<tr>\n<td style=\"width: 100%;\"><span style=\"font-size: 20px;\"><strong>JAZON Narz\u0119dzia brukarskie &#8211; WIDEO:<\/strong><\/span><\/td>\n<\/tr>\n<\/tbody>\n<\/table>\n<table style=\"border-collapse: collapse; width: 100%;\">\n<tbody>\n<tr>\n<td style=\"width: 30%; text-align: center;\">&nbsp;<\/p>\n<table style=\"border-collapse: collapse; width: 100%; height: 347px;\">\n<tbody>\n<tr style=\"height: 24px;\">\n<td style=\"width: 50%; height: 24px;\"><iframe loading=\"lazy\" src=\"\/\/www.youtube.com\/embed\/dfx3YOj2Ehw\" width=\"400\" height=\"224\" allowfullscreen=\"allowfullscreen\" data-mce-fragment=\"1\"><\/iframe><\/td>\n<td style=\"width: 50%; height: 24px;\"><iframe loading=\"lazy\" src=\"\/\/www.youtube.com\/embed\/I3FtaWQwdVg\" width=\"400\" height=\"224\" allowfullscreen=\"allowfullscreen\" data-mce-fragment=\"1\"><\/iframe><\/td>\n<\/tr>\n<tr style=\"height: 323px;\">\n<td style=\"width: 50%; height: 323px;\"><iframe loading=\"lazy\" src=\"\/\/www.youtube.com\/embed\/SR9O3__rJIg\" width=\"400\" height=\"224\" allowfullscreen=\"allowfullscreen\" data-mce-fragment=\"1\"><\/iframe><\/td>\n<td style=\"width: 50%; height: 323px;\"><iframe loading=\"lazy\" src=\"\/\/www.youtube.com\/embed\/dIuuKldcQSY\" width=\"400\" height=\"224\" allowfullscreen=\"allowfullscreen\" data-mce-fragment=\"1\"><\/iframe><\/td>\n<\/tr>\n<\/tbody>\n<\/table>\n<\/td>\n<\/tr>\n<\/tbody>\n<\/table>\n<table style=\"width: 100%; border-collapse: collapse; background-color: #cccccc;\">\n<tbody>\n<tr>\n<td style=\"width: 100%;\"><span style=\"font-size: 20px;\"><strong>Karty techniczne:<\/strong><\/span><\/td>\n<\/tr>\n<\/tbody>\n<\/table>\n<p><img loading=\"lazy\" decoding=\"async\" class=\"aligncenter wp-image-4373\" src=\"https:\/\/kazal.pl\/sklep\/wp-content\/uploads\/2021\/06\/JAZON-Katalog-narzedzi-i-urzadzen_Strona_01-730x1024.jpg\" alt=\"\" width=\"450\" height=\"631\" srcset=\"https:\/\/kazal.pl\/sklep\/wp-content\/uploads\/2021\/06\/JAZON-Katalog-narzedzi-i-urzadzen_Strona_01-730x1024.jpg 730w, https:\/\/kazal.pl\/sklep\/wp-content\/uploads\/2021\/06\/JAZON-Katalog-narzedzi-i-urzadzen_Strona_01-214x300.jpg 214w, https:\/\/kazal.pl\/sklep\/wp-content\/uploads\/2021\/06\/JAZON-Katalog-narzedzi-i-urzadzen_Strona_01-768x1077.jpg 768w, https:\/\/kazal.pl\/sklep\/wp-content\/uploads\/2021\/06\/JAZON-Katalog-narzedzi-i-urzadzen_Strona_01-600x841.jpg 600w, https:\/\/kazal.pl\/sklep\/wp-content\/uploads\/2021\/06\/JAZON-Katalog-narzedzi-i-urzadzen_Strona_01.jpg 910w\" sizes=\"auto, (max-width: 450px) 100vw, 450px\" \/><\/p>\n","protected":false},"excerpt":{"rendered":"<p>&nbsp;<\/p>\n<table style=\"border-collapse: collapse; width: 100%;\">\n<tbody>\n<tr>\n<td style=\"width: 50%;\">\n<h5>Idealne rozwi\u0105zanie do przewo\u017cenia i uk\u0142adania materia\u0142\u00f3w bezpo\u015brednio z palet. Uk\u0142adarka dostosowana do zaczepiania czo\u0142owego na \u0142adowarkach i koparko-\u0142adowarkach.<\/h5>\n<\/td>\n<\/tr>\n<\/tbody>\n<\/table>\n<table style=\"border-collapse: collapse; width: 100%;\">\n<tbody>\n<tr>\n<td style=\"width: 65.36%;\">Uk\u0142adarka <strong>JUZ 01<\/strong> wyposa\u017cona jest w hydrauliczny mechanizm podnoszenia ze sterowaniem przy uchwycie operatora.<\/td>\n<td style=\"width: 34.64%;\"><a href=\"https:\/\/kazal.pl\/sklep\/product-category\/narzedzia-brukarskie\/jazon-narzedzia-brukarskie\/\"><img loading=\"lazy\" decoding=\"async\" class=\"aligncenter wp-image-4325\" style=\"margin-top: 0.857143rem; margin-bottom: 0.857143rem;\" src=\"https:\/\/kazal.pl\/sklep\/wp-content\/uploads\/2021\/05\/JAZON-Poznan-wozek-brukarski-krab-1200-narzedzia-brukarskie-Poznan-chwytaki-do-kostki-Poznan-FHU-KAZAL-Poznan-02-MIMAL-PROBST-BELLE-Poznan-MGK-MGD-IB25-WB1-CHP1-CHJZ2-CHW-CHPJ-CHU_.jpg\" alt=\"JAZON-Poznan-wozek-brukarski-narzedzia-brukarskie-Poznan-chwytaki-do-kostki-Poznan-FHU-KAZAL-Poznan-02-MIMAL-PROBST-BELLE-Poznan-MGK-MGD-IB25-WB1-CHP1-CHJZ2-CHW-CHPJ-CHU_\" width=\"100\" height=\"100\" srcset=\"https:\/\/kazal.pl\/sklep\/wp-content\/uploads\/2021\/05\/JAZON-Poznan-wozek-brukarski-krab-1200-narzedzia-brukarskie-Poznan-chwytaki-do-kostki-Poznan-FHU-KAZAL-Poznan-02-MIMAL-PROBST-BELLE-Poznan-MGK-MGD-IB25-WB1-CHP1-CHJZ2-CHW-CHPJ-CHU_.jpg 200w, https:\/\/kazal.pl\/sklep\/wp-content\/uploads\/2021\/05\/JAZON-Poznan-wozek-brukarski-krab-1200-narzedzia-brukarskie-Poznan-chwytaki-do-kostki-Poznan-FHU-KAZAL-Poznan-02-MIMAL-PROBST-BELLE-Poznan-MGK-MGD-IB25-WB1-CHP1-CHJZ2-CHW-CHPJ-CHU_-150x150.jpg 150w, https:\/\/kazal.pl\/sklep\/wp-content\/uploads\/2021\/05\/JAZON-Poznan-wozek-brukarski-krab-1200-narzedzia-brukarskie-Poznan-chwytaki-do-kostki-Poznan-FHU-KAZAL-Poznan-02-MIMAL-PROBST-BELLE-Poznan-MGK-MGD-IB25-WB1-CHP1-CHJZ2-CHW-CHPJ-CHU_-90x90.jpg 90w\" sizes=\"auto, (max-width: 100px) 100vw, 100px\" \/><\/a><\/td>\n<\/tr>\n<\/tbody>\n<\/table>\n<table style=\"border-collapse: collapse; width: 100%;\">\n<tbody>\n<tr>\n<td style=\"width: 100%;\">\n<h6><span style=\"text-decoration: underline;\"><strong><span style=\"color: #ff0000; text-decoration: underline;\">NOWY<\/span><\/strong><\/span><span style=\"color: #ff0000;\"> &#8211; WY\u0141\u0104CZNIE POD ZAM\u00d3WIENIE<\/span>&#8211; prosimy o z\u0142o\u017cenie zapytania przez formularz <span style=\"color: #ff0000;\">&#8216;Zapytanie o produkt&#8217;<\/span>.<\/h6>\n<\/td>\n<\/tr>\n<\/tbody>\n<\/table>\n<p>&nbsp;<\/p>\n","protected":false},"featured_media":4742,"comment_status":"open","ping_status":"closed","template":"","meta":[],"product_cat":[327,217,218,614],"product_tag":[436,437,223,618,229,298,299,300,617,619,616,615],"class_list":{"0":"post-4741","1":"product","2":"type-product","3":"status-publish","4":"has-post-thumbnail","6":"product_cat-jazon","7":"product_cat-jazon-narzedzia-brukarskie","8":"product_cat-narzedzia-brukarskie","9":"product_cat-ukladarki-kostki-kraweznikow","10":"product_tag-dystrybutor-narzedzi-brukarskich","11":"product_tag-dystrybutor-narzedzi-brukarskich-poznan","12":"product_tag-jazon","13":"product_tag-juz01","14":"product_tag-narzedzia-brukarskie","15":"product_tag-narzedzia-brukarskie-jazon","16":"product_tag-narzedzia-brukarskie-jazon-poznan","17":"product_tag-poznan-narzedzia-brukarskie-jazon","18":"product_tag-ukladarka-do-kostki-plyt","19":"product_tag-ukladarka-juz01","20":"product_tag-ukladarka-kraweznikow","21":"product_tag-ukladarka-zawieszana","23":"first","24":"onbackorder","25":"featured","26":"taxable","27":"shipping-taxable","28":"product-type-simple"},"_links":{"self":[{"href":"https:\/\/kazal.pl\/sklep\/wp-json\/wp\/v2\/product\/4741","targetHints":{"allow":["GET"]}}],"collection":[{"href":"https:\/\/kazal.pl\/sklep\/wp-json\/wp\/v2\/product"}],"about":[{"href":"https:\/\/kazal.pl\/sklep\/wp-json\/wp\/v2\/types\/product"}],"replies":[{"embeddable":true,"href":"https:\/\/kazal.pl\/sklep\/wp-json\/wp\/v2\/comments?post=4741"}],"wp:featuredmedia":[{"embeddable":true,"href":"https:\/\/kazal.pl\/sklep\/wp-json\/wp\/v2\/media\/4742"}],"wp:attachment":[{"href":"https:\/\/kazal.pl\/sklep\/wp-json\/wp\/v2\/media?parent=4741"}],"wp:term":[{"taxonomy":"product_cat","embeddable":true,"href":"https:\/\/kazal.pl\/sklep\/wp-json\/wp\/v2\/product_cat?post=4741"},{"taxonomy":"product_tag","embeddable":true,"href":"https:\/\/kazal.pl\/sklep\/wp-json\/wp\/v2\/product_tag?post=4741"}],"curies":[{"name":"wp","href":"https:\/\/api.w.org\/{rel}","templated":true}]}}