{"id":4796,"date":"2022-03-14T10:30:24","date_gmt":"2022-03-14T10:30:24","guid":{"rendered":"https:\/\/kazal.pl\/sklep\/?post_type=product&#038;p=4796"},"modified":"2023-01-03T10:41:56","modified_gmt":"2023-01-03T10:41:56","slug":"probst-imak-brukarski-sah-do-wyciagania-kostki-brukowej-51800050","status":"publish","type":"product","link":"https:\/\/kazal.pl\/sklep\/product\/probst-imak-brukarski-sah-do-wyciagania-kostki-brukowej-51800050\/","title":{"rendered":"PROBST Imak brukarski SAH do wyci\u0105gania kostki brukowej [51800050]"},"content":{"rendered":"<table style=\"width: 100%; border-collapse: collapse; background-color: #cccccc;\">\n<tbody>\n<tr>\n<td style=\"width: 100%;\"><span style=\"font-size: 20px;\"><strong>PROBST Imak brukarski SAH do wyci\u0105gania kostki brukowej<\/strong><\/span><\/td>\n<\/tr>\n<\/tbody>\n<\/table>\n<table style=\"border-collapse: collapse; width: 100%;\">\n<tbody>\n<tr>\n<td style=\"width: 50%;\">\n<h5>Oszcz\u0119dno\u015b\u0107 czasu i koszt\u00f3w: Swobodne i \u0142atwe uk\u0142adanie, wyr\u00f3wnywanie i naprawa kostki brukowej<\/h5>\n<p>Chwytak do kostki SAH <b>jest niezb\u0119dnym narz\u0119dziem<\/b>\u00a0dla os\u00f3b, kt\u00f3re zajmuj\u0105 si\u0119\u00a0<b>uk\u0142adaniem nawierzchni z kostki brukowej, a tak\u017ce jej napraw\u0105.\u00a0<\/b><\/p>\n<p><b>Dopasowuje si\u0119 do kostki o r\u00f3\u017cnych kszta\u0142tach i rozmiarach!<\/b><\/td>\n<\/tr>\n<\/tbody>\n<\/table>\n<table style=\"width: 100%; border-collapse: collapse; background-color: #cccccc;\">\n<tbody>\n<tr>\n<td style=\"width: 100%;\"><span style=\"font-size: 20px;\"><strong>Charakterystyka:<\/strong><\/span><\/td>\n<\/tr>\n<\/tbody>\n<\/table>\n<table style=\"border-collapse: collapse; width: 100%;\">\n<tbody>\n<tr>\n<td style=\"width: 50%;\">\n<div class=\"m-containerseemore__container\">\n<div class=\"m-containerseemore__content\">\n<div class=\"m-containerseemore__coloumn\">\n<div class=\"m-containerseemore__coloumn\">\n<h4 class=\"e-headline e-headline--h4 \">Funkcje:<\/h4>\n<ul class=\"e-list--ul \">\n<li>Ostro wyprofilowane i hartowane ostrza ze stali spr\u0119\u017cynowej.<\/li>\n<li><b>Cynkowana powierzchnia, kt\u00f3ra zapewnia\u00a0trwa\u0142a ochron\u0119.<\/b><\/li>\n<li>Regulacja szeroko\u015bci chwytania bez konieczno\u015bci u\u017cycia narz\u0119dzi.<\/li>\n<li><b>Mo\u017ce by\u0107 wykorzystany r\u00f3wnie\u017c do\u00a0kostki napiaszczonej.<\/b><\/li>\n<li>Ostrza mo\u017cna \u0142atwo wbija\u0107 m\u0142otkiem w spoiny nawierzchni.<\/li>\n<li><b>Narz\u0119dzie jest wytrzyma\u0142e i odporne na korozj\u0119, dzi\u0119ki galwanizowanej powierzchni.<\/b><\/li>\n<li>Dzi\u0119ki innowacyjnej konstrukcji d\u017awigni i blokadzie, kleszcze nie musz\u0105 by\u0107 stale \u015bciskane podczas wydobywania kostki.<\/li>\n<\/ul>\n<\/div>\n<div class=\"m-containerseemore__coloumn\">\n<h4 class=\"e-headline e-headline--h4 \">Opcje dodatkowe:<\/h4>\n<p>&nbsp;<\/p>\n<\/div>\n<\/div>\n<\/div>\n<\/div>\n<div class=\"m-containerseemore__link\"><\/div>\n<\/td>\n<td style=\"width: 50%;\">\n<div class=\"m-containerexpander__head\">\n<div class=\"m-containerexpander__head\">\n<div class=\"mceTemp\"><\/div>\n<\/div>\n<\/div>\n<p><a href=\"https:\/\/kazal.pl\/sklep\/product-category\/narzedzia-brukarskie\/probst-narzedzia-brukarskie\/\"><img loading=\"lazy\" decoding=\"async\" class=\"wp-image-4324 size-full alignnone\" style=\"margin-top: 0.857143rem; margin-bottom: 0.857143rem;\" src=\"https:\/\/kazal.pl\/sklep\/wp-content\/uploads\/2021\/05\/PROBST-Poznan-narzedzia-brukarskie-poznan-probst-chwytaki-do-kraweznikow-poznan-ukladarki-do-kostki-poznan-probst-dystrybutor.jpg\" alt=\"PROBST-Poznan-narzedzia-brukarskie-poznan-probst-chwytaki-do-kraweznikow-poznan-ukladarki-do-kostki-poznan-probst-dystrybutor\" width=\"200\" height=\"200\" srcset=\"https:\/\/kazal.pl\/sklep\/wp-content\/uploads\/2021\/05\/PROBST-Poznan-narzedzia-brukarskie-poznan-probst-chwytaki-do-kraweznikow-poznan-ukladarki-do-kostki-poznan-probst-dystrybutor.jpg 200w, https:\/\/kazal.pl\/sklep\/wp-content\/uploads\/2021\/05\/PROBST-Poznan-narzedzia-brukarskie-poznan-probst-chwytaki-do-kraweznikow-poznan-ukladarki-do-kostki-poznan-probst-dystrybutor-150x150.jpg 150w, https:\/\/kazal.pl\/sklep\/wp-content\/uploads\/2021\/05\/PROBST-Poznan-narzedzia-brukarskie-poznan-probst-chwytaki-do-kraweznikow-poznan-ukladarki-do-kostki-poznan-probst-dystrybutor-90x90.jpg 90w\" sizes=\"auto, (max-width: 200px) 100vw, 200px\" \/><\/a><\/p>\n<div class=\"m-containerexpander__head\">\n<h4 class=\"e-headline e-headline--h3 m-containerexpander__headline\"><a href=\"https:\/\/kazal.pl\/sklep\/product-category\/narzedzia-brukarskie\/probst-narzedzia-brukarskie\/\">PROBST GmbH<\/a><\/h4>\n<div class=\"m-containerexpander__collapseicon\"><\/div>\n<\/div>\n<div class=\"m-containerexpander__content\">\n<div class=\"m-containerexpander__innercontent\">\n<div class=\"m-textparagraph m-textparagraph--types c-richtext\">\n<p>Narz\u0119dzia brukarskie PROBST Pozna\u0144. Firma Probst oferuje najszersz\u0105 na \u015bwiecie gam\u0119 urz\u0105dze\u0144 i maszyn przeznaczonych do transportu i uk\u0142adania ka\u017cdego rodzaju prefabrykat\u00f3w betonowych wykorzystywanych w budownictwie.<\/p>\n<p style=\"text-align: center;\"><iframe loading=\"lazy\" src=\"\/\/www.youtube.com\/embed\/J3r-UAuVMFg\" width=\"560\" height=\"314\" allowfullscreen=\"allowfullscreen\"><\/iframe><\/p>\n<\/div>\n<\/div>\n<\/div>\n<\/td>\n<\/tr>\n<\/tbody>\n<\/table>\n<table style=\"width: 100%; border-collapse: collapse; background-color: #cccccc;\">\n<tbody>\n<tr>\n<td style=\"width: 100%;\"><span style=\"font-size: 20px;\"><strong>Parametry techniczne:<\/strong><\/span><\/td>\n<\/tr>\n<\/tbody>\n<\/table>\n<table style=\"width: 100%; height: 114px;\">\n<tbody>\n<tr style=\"height: 114px;\">\n<td style=\"width: 31.68%; height: 114px;\"><strong>PRODUCENT<\/strong><br \/>\n<strong>KOD PRODUKTU<\/strong><br \/>\n<strong>SZEROKO\u015a\u0106 ROBOCZA<\/strong><br \/>\n<strong>MASA W\u0141ASNA<\/strong><\/td>\n<td style=\"width: 68.16%; height: 114px;\"><strong>PROBST<\/strong><br \/>\n51800050<br \/>\n90 &#8211; 400 MM<br \/>\n4,9 KG<\/td>\n<\/tr>\n<\/tbody>\n<\/table>\n<table style=\"width: 100%; border-collapse: collapse; background-color: #cccccc;\">\n<tbody>\n<tr>\n<td style=\"width: 100%;\"><span style=\"font-size: 20px;\"><strong>Zdj\u0119cia produktu:<\/strong><\/span><\/td>\n<\/tr>\n<\/tbody>\n<\/table>\n<div class=\"mceTemp\"><\/div>\n<table style=\"border-collapse: collapse; width: 100%;\">\n<tbody>\n<tr>\n<td style=\"width: 50%;\">\n<div id=\"attachment_4800\" style=\"width: 560px\" class=\"wp-caption aligncenter\"><img loading=\"lazy\" decoding=\"async\" aria-describedby=\"caption-attachment-4800\" class=\"wp-image-4800\" src=\"https:\/\/kazal.pl\/sklep\/wp-content\/uploads\/2022\/03\/csm_4-actionimages_149_3_SAH_9655-001_silber_cf28762bad-150x150.jpg\" alt=\"PROBST-Poznan-Imak-brukarski-SAH-do-wyciagania-kostki-brukowej-dystrybutor-narzedzi-brukarskich-fhu-kazal-poznan-jazon-probst-mimal-belle\" width=\"550\" height=\"367\" srcset=\"https:\/\/kazal.pl\/sklep\/wp-content\/uploads\/2022\/03\/csm_4-actionimages_149_3_SAH_9655-001_silber_cf28762bad-300x200.jpg 300w, https:\/\/kazal.pl\/sklep\/wp-content\/uploads\/2022\/03\/csm_4-actionimages_149_3_SAH_9655-001_silber_cf28762bad-1024x683.jpg 1024w, https:\/\/kazal.pl\/sklep\/wp-content\/uploads\/2022\/03\/csm_4-actionimages_149_3_SAH_9655-001_silber_cf28762bad-768x512.jpg 768w, https:\/\/kazal.pl\/sklep\/wp-content\/uploads\/2022\/03\/csm_4-actionimages_149_3_SAH_9655-001_silber_cf28762bad-1170x781.jpg 1170w, https:\/\/kazal.pl\/sklep\/wp-content\/uploads\/2022\/03\/csm_4-actionimages_149_3_SAH_9655-001_silber_cf28762bad-600x400.jpg 600w, https:\/\/kazal.pl\/sklep\/wp-content\/uploads\/2022\/03\/csm_4-actionimages_149_3_SAH_9655-001_silber_cf28762bad.jpg 1220w\" sizes=\"auto, (max-width: 550px) 100vw, 550px\" \/><p id=\"caption-attachment-4800\" class=\"wp-caption-text\"><span style=\"color: #ffffff;\">PROBST-Poznan-Imak-brukarski-SAH-do-wyciagania-kostki-brukowej-dystrybutor-narzedzi-brukarskich-fhu-kazal-poznan-jazon-probst-mimal-belle<\/span><\/p><\/div><\/td>\n<td style=\"width: 50%;\">\n<div id=\"attachment_4799\" style=\"width: 560px\" class=\"wp-caption aligncenter\"><img loading=\"lazy\" decoding=\"async\" aria-describedby=\"caption-attachment-4799\" class=\"wp-image-4799\" src=\"https:\/\/kazal.pl\/sklep\/wp-content\/uploads\/2022\/03\/csm_4-actionimages_149_5_Paver-Lifter-SAH_1920px_168a137b02-150x150.jpg\" alt=\"PROBST-Poznan-Imak-brukarski-SAH-do-wyciagania-kostki-brukowej-dystrybutor-narzedzi-brukarskich-fhu-kazal-poznan-jazon-probst-mimal-belle\" width=\"550\" height=\"367\" srcset=\"https:\/\/kazal.pl\/sklep\/wp-content\/uploads\/2022\/03\/csm_4-actionimages_149_5_Paver-Lifter-SAH_1920px_168a137b02-300x200.jpg 300w, https:\/\/kazal.pl\/sklep\/wp-content\/uploads\/2022\/03\/csm_4-actionimages_149_5_Paver-Lifter-SAH_1920px_168a137b02-1024x683.jpg 1024w, https:\/\/kazal.pl\/sklep\/wp-content\/uploads\/2022\/03\/csm_4-actionimages_149_5_Paver-Lifter-SAH_1920px_168a137b02-768x512.jpg 768w, https:\/\/kazal.pl\/sklep\/wp-content\/uploads\/2022\/03\/csm_4-actionimages_149_5_Paver-Lifter-SAH_1920px_168a137b02-1170x781.jpg 1170w, https:\/\/kazal.pl\/sklep\/wp-content\/uploads\/2022\/03\/csm_4-actionimages_149_5_Paver-Lifter-SAH_1920px_168a137b02-600x400.jpg 600w, https:\/\/kazal.pl\/sklep\/wp-content\/uploads\/2022\/03\/csm_4-actionimages_149_5_Paver-Lifter-SAH_1920px_168a137b02.jpg 1220w\" sizes=\"auto, (max-width: 550px) 100vw, 550px\" \/><p id=\"caption-attachment-4799\" class=\"wp-caption-text\"><span style=\"color: #ffffff;\">PROBST-Poznan-Imak-brukarski-SAH-do-wyciagania-kostki-brukowej-dystrybutor-narzedzi-brukarskich-fhu-kazal-poznan-jazon-probst-mimal-belle<\/span><\/p><\/div><\/td>\n<\/tr>\n<\/tbody>\n<\/table>\n<p>&nbsp;<\/p>\n<table style=\"width: 100%; border-collapse: collapse; background-color: #cccccc;\">\n<tbody>\n<tr>\n<td style=\"width: 100%;\"><span style=\"font-size: 20px;\"><strong>PROBST Narz\u0119dzia brukarskie &#8211; WIDEO:<\/strong><\/span><\/td>\n<\/tr>\n<\/tbody>\n<\/table>\n<table style=\"border-collapse: collapse; width: 100%;\">\n<tbody>\n<tr>\n<td style=\"width: 30%; text-align: center;\">&nbsp;<\/p>\n<table style=\"border-collapse: collapse; width: 100%; height: 347px;\">\n<tbody>\n<tr style=\"height: 24px;\">\n<td style=\"width: 50%; height: 24px;\"><iframe loading=\"lazy\" src=\"\/\/www.youtube.com\/embed\/KuXieTsuCaQ\" width=\"560\" height=\"314\" allowfullscreen=\"allowfullscreen\"><\/iframe><\/td>\n<\/tr>\n<tr style=\"height: 323px;\">\n<td style=\"width: 50%; height: 323px;\"><iframe loading=\"lazy\" src=\"\/\/www.youtube.com\/embed\/HRfgdsjxsZQ\" width=\"560\" height=\"314\" allowfullscreen=\"allowfullscreen\"><\/iframe><\/td>\n<\/tr>\n<\/tbody>\n<\/table>\n<\/td>\n<\/tr>\n<\/tbody>\n<\/table>\n<table style=\"width: 100%; border-collapse: collapse; background-color: #cccccc;\">\n<tbody>\n<tr>\n<td style=\"width: 100%;\"><span style=\"font-size: 20px;\"><strong>Karty techniczne:<\/strong><\/span><\/td>\n<\/tr>\n<\/tbody>\n<\/table>\n<table style=\"border-collapse: collapse; width: 100%;\">\n<tbody>\n<tr>\n<td style=\"width: 50%; text-align: center;\">\n<div id=\"attachment_4507\" style=\"width: 560px\" class=\"wp-caption aligncenter\"><img loading=\"lazy\" decoding=\"async\" aria-describedby=\"caption-attachment-4507\" class=\"wp-image-4507 size-full\" src=\"https:\/\/kazal.pl\/sklep\/wp-content\/uploads\/2021\/07\/Katalog-Site-equipment-Urzadzenia-budowlane-PL-2020_Strona_001-1.png\" alt=\"Narz\u0119dzia brukarskie PROBST Pozna\u0144 FHU KAZAL\" width=\"550\" height=\"778\" srcset=\"https:\/\/kazal.pl\/sklep\/wp-content\/uploads\/2021\/07\/Katalog-Site-equipment-Urzadzenia-budowlane-PL-2020_Strona_001-1.png 550w, https:\/\/kazal.pl\/sklep\/wp-content\/uploads\/2021\/07\/Katalog-Site-equipment-Urzadzenia-budowlane-PL-2020_Strona_001-1-212x300.png 212w\" sizes=\"auto, (max-width: 550px) 100vw, 550px\" \/><p id=\"caption-attachment-4507\" class=\"wp-caption-text\">Narz\u0119dzia brukarskie PROBST Pozna\u0144 FHU KAZAL<\/p><\/div><\/td>\n<td style=\"width: 50%; text-align: center;\">\n<div id=\"attachment_4797\" style=\"width: 560px\" class=\"wp-caption aligncenter\"><img loading=\"lazy\" decoding=\"async\" aria-describedby=\"caption-attachment-4797\" class=\"wp-image-4797\" src=\"https:\/\/kazal.pl\/sklep\/wp-content\/uploads\/2022\/03\/Katalog-Site-equipment-Urzadzenia-budowlane-PL-2020_Strona_032-150x150.png\" alt=\"PROBST-Poznan-Imak-brukarski-SAH-do-wyciagania-kostki-brukowej-dystrybutor-narzedzi-brukarskich-fhu-kazal-poznan-jazon-probst-mimal-belle\" width=\"550\" height=\"778\" srcset=\"https:\/\/kazal.pl\/sklep\/wp-content\/uploads\/2022\/03\/Katalog-Site-equipment-Urzadzenia-budowlane-PL-2020_Strona_032-212x300.png 212w, https:\/\/kazal.pl\/sklep\/wp-content\/uploads\/2022\/03\/Katalog-Site-equipment-Urzadzenia-budowlane-PL-2020_Strona_032-724x1024.png 724w, https:\/\/kazal.pl\/sklep\/wp-content\/uploads\/2022\/03\/Katalog-Site-equipment-Urzadzenia-budowlane-PL-2020_Strona_032-768x1086.png 768w, https:\/\/kazal.pl\/sklep\/wp-content\/uploads\/2022\/03\/Katalog-Site-equipment-Urzadzenia-budowlane-PL-2020_Strona_032-1086x1536.png 1086w, https:\/\/kazal.pl\/sklep\/wp-content\/uploads\/2022\/03\/Katalog-Site-equipment-Urzadzenia-budowlane-PL-2020_Strona_032-1448x2048.png 1448w, https:\/\/kazal.pl\/sklep\/wp-content\/uploads\/2022\/03\/Katalog-Site-equipment-Urzadzenia-budowlane-PL-2020_Strona_032-1170x1655.png 1170w, https:\/\/kazal.pl\/sklep\/wp-content\/uploads\/2022\/03\/Katalog-Site-equipment-Urzadzenia-budowlane-PL-2020_Strona_032-600x849.png 600w\" sizes=\"auto, (max-width: 550px) 100vw, 550px\" \/><p id=\"caption-attachment-4797\" class=\"wp-caption-text\">PROBST-Poznan-Imak-brukarski-SAH-do-wyciagania-kostki-brukowej-dystrybutor-narzedzi-brukarskich-fhu-kazal-poznan-jazon-probst-mimal-belle<\/p><\/div><\/td>\n<\/tr>\n<\/tbody>\n<\/table>\n","protected":false},"excerpt":{"rendered":"<table style=\"border-collapse: collapse; width: 100%;\">\n<tbody>\n<tr>\n<td style=\"width: 100%;\">Chwytak do kostki SAH <b>jest niezb\u0119dnym narz\u0119dziem<\/b>\u00a0dla os\u00f3b, kt\u00f3re zajmuj\u0105 si\u0119\u00a0<b>uk\u0142adaniem nawierzchni z kostki brukowej, a tak\u017ce jej napraw\u0105.\u00a0<\/b><\/p>\n<p><b>Dopasowuje si\u0119 do kostki o r\u00f3\u017cnych kszta\u0142tach i rozmiarach!<\/b><\/td>\n<\/tr>\n<\/tbody>\n<\/table>\n<table style=\"border-collapse: collapse; width: 100%;\">\n<tbody>\n<tr>\n<td style=\"width: 65.36%;\">Oszcz\u0119dno\u015b\u0107 czasu i koszt\u00f3w: Swobodne i \u0142atwe uk\u0142adanie, wyr\u00f3wnywanie i naprawa kostki brukowej<\/p>\n<h5>Chwytak do kostki SAH<\/h5>\n<\/td>\n<td style=\"width: 34.64%;\"><a href=\"https:\/\/kazal.pl\/sklep\/product-category\/narzedzia-brukarskie\/probst-narzedzia-brukarskie\/\"><img loading=\"lazy\" decoding=\"async\" class=\"aligncenter wp-image-4324 size-thumbnail\" style=\"margin-top: 0.857143rem; margin-bottom: 0.857143rem;\" src=\"https:\/\/kazal.pl\/sklep\/wp-content\/uploads\/2021\/05\/PROBST-Poznan-narzedzia-brukarskie-poznan-probst-chwytaki-do-kraweznikow-poznan-ukladarki-do-kostki-poznan-probst-dystrybutor-150x150.jpg\" alt=\"PROBST-Poznan-narzedzia-brukarskie-poznan-probst-chwytaki-do-kraweznikow-poznan-ukladarki-do-kostki-poznan-probst-dystrybutor\" width=\"150\" height=\"150\" srcset=\"https:\/\/kazal.pl\/sklep\/wp-content\/uploads\/2021\/05\/PROBST-Poznan-narzedzia-brukarskie-poznan-probst-chwytaki-do-kraweznikow-poznan-ukladarki-do-kostki-poznan-probst-dystrybutor-150x150.jpg 150w, https:\/\/kazal.pl\/sklep\/wp-content\/uploads\/2021\/05\/PROBST-Poznan-narzedzia-brukarskie-poznan-probst-chwytaki-do-kraweznikow-poznan-ukladarki-do-kostki-poznan-probst-dystrybutor-90x90.jpg 90w, https:\/\/kazal.pl\/sklep\/wp-content\/uploads\/2021\/05\/PROBST-Poznan-narzedzia-brukarskie-poznan-probst-chwytaki-do-kraweznikow-poznan-ukladarki-do-kostki-poznan-probst-dystrybutor.jpg 200w\" sizes=\"auto, (max-width: 150px) 100vw, 150px\" \/><\/a><\/td>\n<\/tr>\n<\/tbody>\n<\/table>\n<table style=\"border-collapse: collapse; width: 100%;\">\n<tbody>\n<tr>\n<td style=\"width: 100%;\">\n<h6><span style=\"text-decoration: underline;\"><strong><span style=\"color: #ff0000; text-decoration: underline;\">NOWY<\/span><\/strong><\/span><span style=\"color: #ff0000;\"> &#8211; <span style=\"text-decoration: underline;\"><strong>Dost\u0119pny od r\u0119ki<\/strong> <\/span><\/span>&#8211; w sklepie stacjonarnym lub wysy\u0142ka.<\/h6>\n<\/td>\n<\/tr>\n<\/tbody>\n<\/table>\n","protected":false},"featured_media":4800,"comment_status":"open","ping_status":"closed","template":"","meta":[],"product_cat":[438,218,311,312],"product_tag":[441,683,249,442,229,266,397,321,319,684],"class_list":{"0":"post-4796","1":"product","2":"type-product","3":"status-publish","4":"has-post-thumbnail","6":"product_cat-imaki-i-wywazaki-probst","7":"product_cat-narzedzia-brukarskie","8":"product_cat-probst","9":"product_cat-probst-narzedzia-brukarskie","10":"product_tag-imak-probst","11":"product_tag-imak-sah","12":"product_tag-imaki-brukarskie","13":"product_tag-imaki-poznan","14":"product_tag-narzedzia-brukarskie","15":"product_tag-narzedzia-brukarskie-poznan","16":"product_tag-narzedzia-brukarskie-probst","17":"product_tag-poznan-narzedzia-brukarskie-probst-poznan","18":"product_tag-probst-poznan","19":"product_tag-probst-sah","20":"product_shipping_class-wysylka-inpost","22":"first","23":"instock","24":"featured","25":"taxable","26":"shipping-taxable","27":"purchasable","28":"product-type-simple"},"_links":{"self":[{"href":"https:\/\/kazal.pl\/sklep\/wp-json\/wp\/v2\/product\/4796","targetHints":{"allow":["GET"]}}],"collection":[{"href":"https:\/\/kazal.pl\/sklep\/wp-json\/wp\/v2\/product"}],"about":[{"href":"https:\/\/kazal.pl\/sklep\/wp-json\/wp\/v2\/types\/product"}],"replies":[{"embeddable":true,"href":"https:\/\/kazal.pl\/sklep\/wp-json\/wp\/v2\/comments?post=4796"}],"wp:featuredmedia":[{"embeddable":true,"href":"https:\/\/kazal.pl\/sklep\/wp-json\/wp\/v2\/media\/4800"}],"wp:attachment":[{"href":"https:\/\/kazal.pl\/sklep\/wp-json\/wp\/v2\/media?parent=4796"}],"wp:term":[{"taxonomy":"product_cat","embeddable":true,"href":"https:\/\/kazal.pl\/sklep\/wp-json\/wp\/v2\/product_cat?post=4796"},{"taxonomy":"product_tag","embeddable":true,"href":"https:\/\/kazal.pl\/sklep\/wp-json\/wp\/v2\/product_tag?post=4796"}],"curies":[{"name":"wp","href":"https:\/\/api.w.org\/{rel}","templated":true}]}}