{"id":4822,"date":"2022-05-11T10:51:01","date_gmt":"2022-05-11T10:51:01","guid":{"rendered":"https:\/\/kazal.pl\/sklep\/?post_type=product&#038;p=4822"},"modified":"2023-01-03T10:31:51","modified_gmt":"2023-01-03T10:31:51","slug":"probst-marker-brukarski-kreda-pavermarker-pm-51800069","status":"publish","type":"product","link":"https:\/\/kazal.pl\/sklep\/product\/probst-marker-brukarski-kreda-pavermarker-pm-51800069\/","title":{"rendered":"PROBST MARKER Brukarski (KREDA) PAVERMARKER PM [51800069]"},"content":{"rendered":"<table style=\"width: 100%; border-collapse: collapse; background-color: #cccccc;\">\n<tbody>\n<tr>\n<td style=\"width: 100%;\"><span style=\"font-size: 20px;\"><strong>PROBST MARKER Brukarski (KREDA) PAVERMARKER PM<\/strong><\/span><\/td>\n<\/tr>\n<\/tbody>\n<\/table>\n<table style=\"border-collapse: collapse; width: 100%;\">\n<tbody>\n<tr>\n<td style=\"width: 50%;\">\n<h3 class=\" product__desc--scope\">Inteligentny marker dla brukarstwa i kszta\u0142towania krajobrazu, w dok\u0142adnym tego s\u0142owa znaczenia.<\/h3>\n<\/td>\n<\/tr>\n<\/tbody>\n<\/table>\n<table style=\"width: 100%; border-collapse: collapse; background-color: #cccccc;\">\n<tbody>\n<tr>\n<td style=\"width: 100%;\"><span style=\"font-size: 20px;\"><strong>Charakterystyka:<\/strong><\/span><\/td>\n<\/tr>\n<\/tbody>\n<\/table>\n<table style=\"border-collapse: collapse; width: 100%;\">\n<tbody>\n<tr>\n<td style=\"width: 50%;\">\n<div class=\"m-containerseemore__container\">\n<div class=\"m-containerseemore__content\">\n<div class=\"m-containerseemore__coloumn\">\n<div class=\"m-containerseemore__coloumn\">\n<h4 class=\"e-headline e-headline--h4 \">Funkcje:<\/h4>\n<ul class=\"e-list--ul \">\n<li>Znakuje prawie wszystkie produkty betonowe o sta\u0142ej grubo\u015bci linii, a nast\u0119pnie mo\u017cna je idealnie przyci\u0105\u0107.<\/li>\n<li>Nadaje si\u0119 do stosowania na suchych i mokrych powierzchniach, nie pozostawia trwa\u0142ych \u015blad\u00f3w, po kr\u00f3tkim czasie samoczynnie si\u0119 schnie.<\/li>\n<li>Nie\u0142amliwa, kredka jest wzmocniona wbudowanymi w\u0142\u00f3knami szklanymi.<\/li>\n<li>Odporna na \u015bcieranie, jedna PM oznakowuje tysi\u0105ce kostek brukowych.<\/li>\n<li><\/li>\n<\/ul>\n<\/div>\n<div class=\"m-containerseemore__coloumn\">\n<h4 class=\"e-headline e-headline--h4 \">Opcje dodatkowe:<\/h4>\n<p>&nbsp;<\/p>\n<\/div>\n<\/div>\n<\/div>\n<\/div>\n<div class=\"m-containerseemore__link\"><\/div>\n<\/td>\n<td style=\"width: 50%;\">\n<div class=\"m-containerexpander__head\">\n<div class=\"m-containerexpander__head\">\n<div class=\"mceTemp\"><\/div>\n<\/div>\n<\/div>\n<p><a href=\"https:\/\/kazal.pl\/sklep\/product-category\/narzedzia-brukarskie\/probst-narzedzia-brukarskie\/\"><img loading=\"lazy\" decoding=\"async\" class=\"wp-image-4324 size-full alignnone\" style=\"margin-top: 0.857143rem; margin-bottom: 0.857143rem;\" src=\"https:\/\/kazal.pl\/sklep\/wp-content\/uploads\/2021\/05\/PROBST-Poznan-narzedzia-brukarskie-poznan-probst-chwytaki-do-kraweznikow-poznan-ukladarki-do-kostki-poznan-probst-dystrybutor.jpg\" alt=\"PROBST-Poznan-narzedzia-brukarskie-poznan-probst-chwytaki-do-kraweznikow-poznan-ukladarki-do-kostki-poznan-probst-dystrybutor\" width=\"200\" height=\"200\" srcset=\"https:\/\/kazal.pl\/sklep\/wp-content\/uploads\/2021\/05\/PROBST-Poznan-narzedzia-brukarskie-poznan-probst-chwytaki-do-kraweznikow-poznan-ukladarki-do-kostki-poznan-probst-dystrybutor.jpg 200w, https:\/\/kazal.pl\/sklep\/wp-content\/uploads\/2021\/05\/PROBST-Poznan-narzedzia-brukarskie-poznan-probst-chwytaki-do-kraweznikow-poznan-ukladarki-do-kostki-poznan-probst-dystrybutor-150x150.jpg 150w, https:\/\/kazal.pl\/sklep\/wp-content\/uploads\/2021\/05\/PROBST-Poznan-narzedzia-brukarskie-poznan-probst-chwytaki-do-kraweznikow-poznan-ukladarki-do-kostki-poznan-probst-dystrybutor-90x90.jpg 90w\" sizes=\"auto, (max-width: 200px) 100vw, 200px\" \/><\/a><\/p>\n<div class=\"m-containerexpander__head\">\n<h4 class=\"e-headline e-headline--h3 m-containerexpander__headline\"><a href=\"https:\/\/kazal.pl\/sklep\/product-category\/narzedzia-brukarskie\/probst-narzedzia-brukarskie\/\">PROBST GmbH<\/a><\/h4>\n<div class=\"m-containerexpander__collapseicon\"><\/div>\n<\/div>\n<div class=\"m-containerexpander__content\">\n<div class=\"m-containerexpander__innercontent\">\n<div class=\"m-textparagraph m-textparagraph--types c-richtext\">\n<p>Narz\u0119dzia brukarskie PROBST Pozna\u0144. Firma Probst oferuje najszersz\u0105 na \u015bwiecie gam\u0119 urz\u0105dze\u0144 i maszyn przeznaczonych do transportu i uk\u0142adania ka\u017cdego rodzaju prefabrykat\u00f3w betonowych wykorzystywanych w budownictwie.<\/p>\n<p style=\"text-align: center;\"><iframe loading=\"lazy\" src=\"\/\/www.youtube.com\/embed\/J3r-UAuVMFg\" width=\"560\" height=\"314\" allowfullscreen=\"allowfullscreen\"><\/iframe><\/p>\n<\/div>\n<\/div>\n<\/div>\n<\/td>\n<\/tr>\n<\/tbody>\n<\/table>\n<table style=\"width: 100%; border-collapse: collapse; background-color: #cccccc;\">\n<tbody>\n<tr>\n<td style=\"width: 100%;\"><span style=\"font-size: 20px;\"><strong>Parametry techniczne:<\/strong><\/span><\/td>\n<\/tr>\n<\/tbody>\n<\/table>\n<table style=\"width: 100%; height: 114px;\">\n<tbody>\n<tr style=\"height: 114px;\">\n<td style=\"width: 31.68%; height: 114px;\"><strong>PRODUCENT<\/strong><br \/>\n<strong>KOD PRODUKTU<\/strong><br \/>\n<strong>ILO\u015a\u0106 KRED W OPAKOWANIU<\/strong><\/td>\n<td style=\"width: 68.16%; height: 114px;\"><strong>PROBST<\/strong><br \/>\n51800069<br \/>\n5 SZT.<\/td>\n<\/tr>\n<\/tbody>\n<\/table>\n<table style=\"width: 100%; border-collapse: collapse; background-color: #cccccc;\">\n<tbody>\n<tr>\n<td style=\"width: 100%;\"><span style=\"font-size: 20px;\"><strong>Zdj\u0119cia produktu:<\/strong><\/span><\/td>\n<\/tr>\n<\/tbody>\n<\/table>\n<div class=\"mceTemp\"><\/div>\n<table style=\"border-collapse: collapse; width: 100%;\">\n<tbody>\n<tr>\n<td style=\"width: 50%;\">\n<div id=\"attachment_4824\" style=\"width: 560px\" class=\"wp-caption aligncenter\"><img loading=\"lazy\" decoding=\"async\" aria-describedby=\"caption-attachment-4824\" class=\"wp-image-4824\" src=\"https:\/\/kazal.pl\/sklep\/wp-content\/uploads\/2022\/05\/MARKER-BRUKARSKI-KREDA-PROBST-PAVERMARKER-PM-150x150.jpg\" alt=\"MARKER BRUKARSKI (KREDA) PROBST PAVERMARKER PM\" width=\"550\" height=\"367\" srcset=\"https:\/\/kazal.pl\/sklep\/wp-content\/uploads\/2022\/05\/MARKER-BRUKARSKI-KREDA-PROBST-PAVERMARKER-PM-300x200.jpg 300w, https:\/\/kazal.pl\/sklep\/wp-content\/uploads\/2022\/05\/MARKER-BRUKARSKI-KREDA-PROBST-PAVERMARKER-PM-1024x683.jpg 1024w, https:\/\/kazal.pl\/sklep\/wp-content\/uploads\/2022\/05\/MARKER-BRUKARSKI-KREDA-PROBST-PAVERMARKER-PM-768x512.jpg 768w, https:\/\/kazal.pl\/sklep\/wp-content\/uploads\/2022\/05\/MARKER-BRUKARSKI-KREDA-PROBST-PAVERMARKER-PM-1170x781.jpg 1170w, https:\/\/kazal.pl\/sklep\/wp-content\/uploads\/2022\/05\/MARKER-BRUKARSKI-KREDA-PROBST-PAVERMARKER-PM-600x400.jpg 600w, https:\/\/kazal.pl\/sklep\/wp-content\/uploads\/2022\/05\/MARKER-BRUKARSKI-KREDA-PROBST-PAVERMARKER-PM.jpg 1220w\" sizes=\"auto, (max-width: 550px) 100vw, 550px\" \/><p id=\"caption-attachment-4824\" class=\"wp-caption-text\">MARKER BRUKARSKI (KREDA) PROBST PAVERMARKER PM<\/p><\/div><\/td>\n<td style=\"width: 50%;\">\n<div id=\"attachment_4823\" style=\"width: 560px\" class=\"wp-caption aligncenter\"><img loading=\"lazy\" decoding=\"async\" aria-describedby=\"caption-attachment-4823\" class=\"wp-image-4823\" src=\"https:\/\/kazal.pl\/sklep\/wp-content\/uploads\/2022\/05\/MARKER-BRUKARSKI-KREDA-PROBST-PAVERMARKER-PM-3-150x150.jpg\" alt=\"MARKER BRUKARSKI (KREDA) PROBST PAVERMARKER PM 3\" width=\"550\" height=\"514\" srcset=\"https:\/\/kazal.pl\/sklep\/wp-content\/uploads\/2022\/05\/MARKER-BRUKARSKI-KREDA-PROBST-PAVERMARKER-PM-3-300x280.jpg 300w, https:\/\/kazal.pl\/sklep\/wp-content\/uploads\/2022\/05\/MARKER-BRUKARSKI-KREDA-PROBST-PAVERMARKER-PM-3-768x718.jpg 768w, https:\/\/kazal.pl\/sklep\/wp-content\/uploads\/2022\/05\/MARKER-BRUKARSKI-KREDA-PROBST-PAVERMARKER-PM-3-600x561.jpg 600w, https:\/\/kazal.pl\/sklep\/wp-content\/uploads\/2022\/05\/MARKER-BRUKARSKI-KREDA-PROBST-PAVERMARKER-PM-3.jpg 1024w\" sizes=\"auto, (max-width: 550px) 100vw, 550px\" \/><p id=\"caption-attachment-4823\" class=\"wp-caption-text\">MARKER BRUKARSKI (KREDA) PROBST PAVERMARKER PM<\/p><\/div><\/td>\n<\/tr>\n<\/tbody>\n<\/table>\n<table style=\"border-collapse: collapse; width: 100%;\">\n<tbody>\n<tr>\n<td style=\"width: 100%; text-align: center;\"><div style=\"width: 1280px;\" class=\"wp-video\"><video class=\"wp-video-shortcode\" id=\"video-4822-1\" width=\"1280\" height=\"720\" preload=\"metadata\" controls=\"controls\"><source type=\"video\/mp4\" src=\"https:\/\/kazal.pl\/sklep\/wp-content\/uploads\/2022\/05\/ProbstHandlingEquipment_356897422238962.mp4?_=1\" \/><a href=\"https:\/\/kazal.pl\/sklep\/wp-content\/uploads\/2022\/05\/ProbstHandlingEquipment_356897422238962.mp4\">https:\/\/kazal.pl\/sklep\/wp-content\/uploads\/2022\/05\/ProbstHandlingEquipment_356897422238962.mp4<\/a><\/video><\/div><\/td>\n<\/tr>\n<\/tbody>\n<\/table>\n<table style=\"width: 100%; border-collapse: collapse; background-color: #cccccc;\">\n<tbody>\n<tr>\n<td style=\"width: 100%;\"><span style=\"font-size: 20px;\"><strong>PROBST Narz\u0119dzia brukarskie &#8211; WIDEO:<\/strong><\/span><\/td>\n<\/tr>\n<\/tbody>\n<\/table>\n<table style=\"border-collapse: collapse; width: 100%;\">\n<tbody>\n<tr>\n<td style=\"width: 30%; text-align: center;\">&nbsp;<\/p>\n<table style=\"border-collapse: collapse; width: 100%; height: 347px;\">\n<tbody>\n<tr style=\"height: 24px;\">\n<td style=\"width: 50%; height: 24px;\"><iframe loading=\"lazy\" src=\"\/\/www.youtube.com\/embed\/KuXieTsuCaQ\" width=\"560\" height=\"314\" allowfullscreen=\"allowfullscreen\"><\/iframe><\/td>\n<\/tr>\n<tr style=\"height: 323px;\">\n<td style=\"width: 50%; height: 323px;\"><iframe loading=\"lazy\" src=\"\/\/www.youtube.com\/embed\/HRfgdsjxsZQ\" width=\"560\" height=\"314\" allowfullscreen=\"allowfullscreen\"><\/iframe><\/td>\n<\/tr>\n<\/tbody>\n<\/table>\n<\/td>\n<\/tr>\n<\/tbody>\n<\/table>\n<table style=\"width: 100%; border-collapse: collapse; background-color: #cccccc;\">\n<tbody>\n<tr>\n<td style=\"width: 100%;\"><span style=\"font-size: 20px;\"><strong>Karty techniczne:<\/strong><\/span><\/td>\n<\/tr>\n<\/tbody>\n<\/table>\n<table style=\"border-collapse: collapse; width: 100%;\">\n<tbody>\n<tr>\n<td style=\"width: 50%; text-align: center;\">\n<div id=\"attachment_4507\" style=\"width: 560px\" class=\"wp-caption aligncenter\"><img loading=\"lazy\" decoding=\"async\" aria-describedby=\"caption-attachment-4507\" class=\"wp-image-4507 size-full\" src=\"https:\/\/kazal.pl\/sklep\/wp-content\/uploads\/2021\/07\/Katalog-Site-equipment-Urzadzenia-budowlane-PL-2020_Strona_001-1.png\" alt=\"Narz\u0119dzia brukarskie PROBST Pozna\u0144 FHU KAZAL\" width=\"550\" height=\"778\" srcset=\"https:\/\/kazal.pl\/sklep\/wp-content\/uploads\/2021\/07\/Katalog-Site-equipment-Urzadzenia-budowlane-PL-2020_Strona_001-1.png 550w, https:\/\/kazal.pl\/sklep\/wp-content\/uploads\/2021\/07\/Katalog-Site-equipment-Urzadzenia-budowlane-PL-2020_Strona_001-1-212x300.png 212w\" sizes=\"auto, (max-width: 550px) 100vw, 550px\" \/><p id=\"caption-attachment-4507\" class=\"wp-caption-text\">Narz\u0119dzia brukarskie PROBST Pozna\u0144 FHU KAZAL<\/p><\/div><\/td>\n<td style=\"width: 50%; text-align: center;\"><\/td>\n<\/tr>\n<\/tbody>\n<\/table>\n","protected":false},"excerpt":{"rendered":"<table style=\"border-collapse: collapse; width: 100%;\">\n<tbody>\n<tr>\n<td style=\"width: 100%;\">\n<ul>\n<li>Znakuje prawie wszystkie produkty betonowe o sta\u0142ej grubo\u015bci linii, a nast\u0119pnie mo\u017cna je idealnie przyci\u0105\u0107.<\/li>\n<li>Nadaje si\u0119 do stosowania na suchych i mokrych powierzchniach, nie pozostawia trwa\u0142ych \u015blad\u00f3w, po kr\u00f3tkim czasie samoczynnie si\u0119 schnie.<\/li>\n<li>Nie\u0142amliwa, kredka jest wzmocniona wbudowanymi w\u0142\u00f3knami szklanymi.<\/li>\n<li>Odporna na \u015bcieranie, jedna PM oznakowuje tysi\u0105ce kostek brukowych.<\/li>\n<\/ul>\n<\/td>\n<\/tr>\n<\/tbody>\n<\/table>\n<table style=\"border-collapse: collapse; width: 100%;\">\n<tbody>\n<tr>\n<td style=\"width: 65.36%;\">Oszcz\u0119dno\u015b\u0107 czasu i koszt\u00f3w.<\/td>\n<td style=\"width: 34.64%;\"><a href=\"https:\/\/kazal.pl\/sklep\/product-category\/narzedzia-brukarskie\/probst-narzedzia-brukarskie\/\"><img loading=\"lazy\" decoding=\"async\" class=\"aligncenter wp-image-4324 size-thumbnail\" style=\"margin-top: 0.857143rem; margin-bottom: 0.857143rem;\" src=\"https:\/\/kazal.pl\/sklep\/wp-content\/uploads\/2021\/05\/PROBST-Poznan-narzedzia-brukarskie-poznan-probst-chwytaki-do-kraweznikow-poznan-ukladarki-do-kostki-poznan-probst-dystrybutor-150x150.jpg\" alt=\"PROBST-Poznan-narzedzia-brukarskie-poznan-probst-chwytaki-do-kraweznikow-poznan-ukladarki-do-kostki-poznan-probst-dystrybutor\" width=\"150\" height=\"150\" srcset=\"https:\/\/kazal.pl\/sklep\/wp-content\/uploads\/2021\/05\/PROBST-Poznan-narzedzia-brukarskie-poznan-probst-chwytaki-do-kraweznikow-poznan-ukladarki-do-kostki-poznan-probst-dystrybutor-150x150.jpg 150w, https:\/\/kazal.pl\/sklep\/wp-content\/uploads\/2021\/05\/PROBST-Poznan-narzedzia-brukarskie-poznan-probst-chwytaki-do-kraweznikow-poznan-ukladarki-do-kostki-poznan-probst-dystrybutor-90x90.jpg 90w, https:\/\/kazal.pl\/sklep\/wp-content\/uploads\/2021\/05\/PROBST-Poznan-narzedzia-brukarskie-poznan-probst-chwytaki-do-kraweznikow-poznan-ukladarki-do-kostki-poznan-probst-dystrybutor.jpg 200w\" sizes=\"auto, (max-width: 150px) 100vw, 150px\" \/><\/a><\/td>\n<\/tr>\n<\/tbody>\n<\/table>\n<table style=\"border-collapse: collapse; width: 100%;\">\n<tbody>\n<tr>\n<td style=\"width: 100%;\">\n<h6><span style=\"text-decoration: underline;\"><strong><span style=\"color: #ff0000; text-decoration: underline;\">NOWY<\/span><\/strong><\/span><span style=\"color: #ff0000;\"> &#8211; <span style=\"text-decoration: underline;\"><strong>Dost\u0119pny od r\u0119ki<\/strong> <\/span><\/span>&#8211; w sklepie stacjonarnym lub wysy\u0142ka.<\/h6>\n<\/td>\n<\/tr>\n<\/tbody>\n<\/table>\n","protected":false},"featured_media":4823,"comment_status":"open","ping_status":"closed","template":"","meta":[],"product_cat":[218,484,312,311],"product_tag":[229,266,397,697,321,696,695,698,694,319],"class_list":{"0":"post-4822","1":"product","2":"type-product","3":"status-publish","4":"has-post-thumbnail","6":"product_cat-narzedzia-brukarskie","7":"product_cat-pozostale-narzedzia-brukarskie-probst","8":"product_cat-probst-narzedzia-brukarskie","9":"product_cat-probst","10":"product_tag-narzedzia-brukarskie","11":"product_tag-narzedzia-brukarskie-poznan","12":"product_tag-narzedzia-brukarskie-probst","13":"product_tag-pavermarker-pm","14":"product_tag-poznan-narzedzia-brukarskie-probst-poznan","15":"product_tag-probst-kreda","16":"product_tag-probst-marker","17":"product_tag-probst-pavermarker-pm","18":"product_tag-probst-pm","19":"product_tag-probst-poznan","20":"product_shipping_class-wysylka-inpost","22":"first","23":"instock","24":"featured","25":"taxable","26":"shipping-taxable","27":"purchasable","28":"product-type-simple"},"_links":{"self":[{"href":"https:\/\/kazal.pl\/sklep\/wp-json\/wp\/v2\/product\/4822","targetHints":{"allow":["GET"]}}],"collection":[{"href":"https:\/\/kazal.pl\/sklep\/wp-json\/wp\/v2\/product"}],"about":[{"href":"https:\/\/kazal.pl\/sklep\/wp-json\/wp\/v2\/types\/product"}],"replies":[{"embeddable":true,"href":"https:\/\/kazal.pl\/sklep\/wp-json\/wp\/v2\/comments?post=4822"}],"wp:featuredmedia":[{"embeddable":true,"href":"https:\/\/kazal.pl\/sklep\/wp-json\/wp\/v2\/media\/4823"}],"wp:attachment":[{"href":"https:\/\/kazal.pl\/sklep\/wp-json\/wp\/v2\/media?parent=4822"}],"wp:term":[{"taxonomy":"product_cat","embeddable":true,"href":"https:\/\/kazal.pl\/sklep\/wp-json\/wp\/v2\/product_cat?post=4822"},{"taxonomy":"product_tag","embeddable":true,"href":"https:\/\/kazal.pl\/sklep\/wp-json\/wp\/v2\/product_tag?post=4822"}],"curies":[{"name":"wp","href":"https:\/\/api.w.org\/{rel}","templated":true}]}}