{"id":4836,"date":"2022-07-26T09:34:24","date_gmt":"2022-07-26T09:34:24","guid":{"rendered":"https:\/\/kazal.pl\/sklep\/?post_type=product&#038;p=4836"},"modified":"2024-10-17T16:21:17","modified_gmt":"2024-10-17T16:21:17","slug":"jazon-lata-profilujaca-reczna-aluminiowa-87cm-267cm-lr2m","status":"publish","type":"product","link":"https:\/\/kazal.pl\/sklep\/product\/jazon-lata-profilujaca-reczna-aluminiowa-87cm-267cm-lr2m\/","title":{"rendered":"JAZON \u0141ata profiluj\u0105ca r\u0119czna aluminiowa 87cm-267cm LR2M"},"content":{"rendered":"<div class=\"table-responsive\"><\/div>\n<table style=\"width: 100%; border-collapse: collapse; background-color: #cccccc;\">\n<tbody>\n<tr>\n<td style=\"width: 100%;\"><span style=\"font-size: 20px;\"><strong>JAZON \u0141ata profiluj\u0105ca r\u0119czna aluminiowa 87cm-267cm LR2M<\/strong><\/span><\/td>\n<\/tr>\n<\/tbody>\n<\/table>\n<table style=\"border-collapse: collapse; width: 100%;\">\n<tbody>\n<tr>\n<td style=\"width: 50%;\">\n<h5>NOWO\u015a\u0106! Narz\u0119dzie do wyr\u00f3wnywania podbudowy o zmiennym zakresie szeroko\u015bci od 87cm do 2,67m.<\/h5>\n<\/td>\n<\/tr>\n<\/tbody>\n<\/table>\n<table style=\"width: 100%; border-collapse: collapse; background-color: #cccccc;\">\n<tbody>\n<tr>\n<td style=\"width: 100%;\"><span style=\"font-size: 20px;\"><strong>Charakterystyka:<\/strong><\/span><\/td>\n<\/tr>\n<\/tbody>\n<\/table>\n<table style=\"border-collapse: collapse; width: 100%;\">\n<tbody>\n<tr>\n<td style=\"width: 50%;\">\n<div class=\"m-containerseemore__container\">\n<div class=\"m-containerseemore__content\">\n<div class=\"m-containerseemore__coloumn\">\n<div class=\"m-containerseemore__coloumn\">\n<h4><span style=\"font-size: 20px;\"><strong>JAZON \u0141ata profiluj\u0105ca r\u0119czna aluminiowa 87cm-267cm LR2M<\/strong><\/span><\/h4>\n<h4 class=\"e-headline e-headline--h4 \">Opis przedmiotu:<\/h4>\n<p><strong>Aluminiowa \u0142ata r\u0119czna<\/strong>\u00a0profiluj\u0105ca o\u00a0d\u0142ugo\u015bci\u00a0<strong>2 metr\u00f3w<\/strong>. Przeznaczona jest do wyr\u00f3wnywania powierzchni pod u\u0142o\u017cenie kostki brukowej, chodnik\u00f3w, \u015bcie\u017cek rowerowych lub\u00a0spacerowych.<\/p>\n<p>Profile wykonane z\u00a0aluminium sprawiaj\u0105, \u017ce\u00a0<strong>\u0142ata zgarniaj\u0105ca Jazon<\/strong>\u00a0wyr\u00f3\u017cni\u0105 si\u0119 du\u017c\u0105 lekko\u015bci\u0105. Mo\u017cliwa jest jednoosobowa obs\u0142uga oraz\u00a0mo\u017cliwo\u015b\u0107 pracy samymi profilami lub\u00a0z bocznymi rolkami prowadz\u0105cymi.<\/p>\n<p>Obs\u0142uga jednoosobowa.<\/p>\n<p><strong>Opis wariantu:<\/strong> Brak.<\/p>\n<\/div>\n<\/div>\n<\/div>\n<\/div>\n<div class=\"m-containerseemore__link\"><\/div>\n<\/td>\n<td style=\"width: 50%;\">\n<div class=\"m-containerexpander__head\">\n<div class=\"m-containerexpander__head\">\n<div class=\"mceTemp\"><\/div>\n<\/div>\n<\/div>\n<p><a href=\"https:\/\/kazal.pl\/sklep\/product-category\/narzedzia-brukarskie\/jazon-narzedzia-brukarskie\/\"><img loading=\"lazy\" decoding=\"async\" class=\"alignnone wp-image-4325 size-full\" style=\"margin-top: 0.857143rem; margin-bottom: 0.857143rem;\" src=\"https:\/\/kazal.pl\/sklep\/wp-content\/uploads\/2021\/05\/JAZON-Poznan-wozek-brukarski-krab-1200-narzedzia-brukarskie-Poznan-chwytaki-do-kostki-Poznan-FHU-KAZAL-Poznan-02-MIMAL-PROBST-BELLE-Poznan-MGK-MGD-IB25-WB1-CHP1-CHJZ2-CHW-CHPJ-CHU_.jpg\" alt=\"JAZON-Poznan-wozek-brukarski-narzedzia-brukarskie-Poznan-chwytaki-do-kostki-Poznan-FHU-KAZAL-Poznan-02-MIMAL-PROBST-BELLE-Poznan-MGK-MGD-IB25-WB1-CHP1-CHJZ2-CHW-CHPJ-CHU_\" width=\"200\" height=\"200\" srcset=\"https:\/\/kazal.pl\/sklep\/wp-content\/uploads\/2021\/05\/JAZON-Poznan-wozek-brukarski-krab-1200-narzedzia-brukarskie-Poznan-chwytaki-do-kostki-Poznan-FHU-KAZAL-Poznan-02-MIMAL-PROBST-BELLE-Poznan-MGK-MGD-IB25-WB1-CHP1-CHJZ2-CHW-CHPJ-CHU_.jpg 200w, https:\/\/kazal.pl\/sklep\/wp-content\/uploads\/2021\/05\/JAZON-Poznan-wozek-brukarski-krab-1200-narzedzia-brukarskie-Poznan-chwytaki-do-kostki-Poznan-FHU-KAZAL-Poznan-02-MIMAL-PROBST-BELLE-Poznan-MGK-MGD-IB25-WB1-CHP1-CHJZ2-CHW-CHPJ-CHU_-150x150.jpg 150w, https:\/\/kazal.pl\/sklep\/wp-content\/uploads\/2021\/05\/JAZON-Poznan-wozek-brukarski-krab-1200-narzedzia-brukarskie-Poznan-chwytaki-do-kostki-Poznan-FHU-KAZAL-Poznan-02-MIMAL-PROBST-BELLE-Poznan-MGK-MGD-IB25-WB1-CHP1-CHJZ2-CHW-CHPJ-CHU_-90x90.jpg 90w\" sizes=\"auto, (max-width: 200px) 100vw, 200px\" \/><\/a><\/p>\n<div class=\"m-containerexpander__head\">\n<div class=\"mceTemp\"><\/div>\n<h4 class=\"e-headline e-headline--h3 m-containerexpander__headline\"><a href=\"https:\/\/kazal.pl\/sklep\/product-category\/narzedzia-brukarskie\/jazon-narzedzia-brukarskie\/\">JAZON Sp. z o.o.<\/a><\/h4>\n<div class=\"m-containerexpander__collapseicon\"><\/div>\n<\/div>\n<div class=\"m-containerexpander__content\">\n<div class=\"m-containerexpander__innercontent\">\n<div class=\"m-textparagraph m-textparagraph--types c-richtext\">\n<p>Narz\u0119dzia brukarskie JAZON Pozna\u0144. JAZON jest producentem profesjonalnych narz\u0119dzi oraz maszyn do prac drogowych i brukarskich. Gwarantuje wysok\u0105 jako\u015b\u0107 oraz dost\u0119pno\u015b\u0107 cz\u0119\u015bci zamiennych i akcesori\u00f3w. Wszystkie produkty posiadaj\u0105 niezb\u0119dne atesty i certyfikaty.<\/p>\n<p style=\"text-align: center;\"><iframe loading=\"lazy\" src=\"\/\/www.youtube.com\/embed\/OSxj_Sv2ro8\" width=\"400\" height=\"224\" allowfullscreen=\"allowfullscreen\" data-mce-fragment=\"1\"><\/iframe><\/p>\n<\/div>\n<\/div>\n<\/div>\n<\/td>\n<\/tr>\n<\/tbody>\n<\/table>\n<table style=\"width: 100%; border-collapse: collapse; background-color: #cccccc;\">\n<tbody>\n<tr>\n<td style=\"width: 100%;\"><span style=\"font-size: 20px;\"><strong>Parametry techniczne:<\/strong><\/span><\/td>\n<\/tr>\n<\/tbody>\n<\/table>\n<table style=\"width: 100%; height: 114px;\">\n<tbody>\n<tr style=\"height: 114px;\">\n<td style=\"width: 68.16%; height: 114px;\">\n<div class=\"productParams__item flex_row bg_color\">\n<div class=\"productParams__paramName grow\">\n<table style=\"border-collapse: collapse; width: 100%; height: 96px;\">\n<tbody>\n<tr style=\"height: 24px;\">\n<td class=\"text-muted pl-0\" style=\"width: 69.168%; height: 24px;\"><strong>Szeroko\u015b\u0107 robocza &#8211; regulowana<\/strong><\/td>\n<td class=\"text-right text-primary font-weight-bold pr-0\" style=\"width: 30.6688%; height: 24px;\">87 &#8211; 267 cm<\/td>\n<\/tr>\n<tr style=\"height: 24px;\">\n<td class=\"text-muted pl-0\" style=\"width: 69.168%; height: 24px;\"><strong>D\u0142ugo\u015b\u0107 transportowa<\/strong><\/td>\n<td class=\"text-right text-primary font-weight-bold pr-0\" style=\"width: 30.6688%; height: 24px;\">\u00a0180 cm<\/td>\n<\/tr>\n<tr style=\"height: 24px;\">\n<td class=\"text-muted pl-0\" style=\"width: 69.168%; height: 24px;\"><strong>Masa w\u0142asna<\/strong><\/td>\n<td class=\"text-right text-primary font-weight-bold pr-0\" style=\"width: 30.6688%; height: 24px;\">7,5 -10 kg<\/td>\n<\/tr>\n<\/tbody>\n<\/table>\n<\/div>\n<\/div>\n<\/td>\n<\/tr>\n<\/tbody>\n<\/table>\n<table style=\"width: 100%; border-collapse: collapse; background-color: #cccccc;\">\n<tbody>\n<tr>\n<td style=\"width: 100%;\"><span style=\"font-size: 20px;\"><strong>Zdj\u0119cia produktu:<\/strong><\/span><\/td>\n<\/tr>\n<\/tbody>\n<\/table>\n<div class=\"mceTemp\"><\/div>\n<table style=\"border-collapse: collapse; width: 100%;\">\n<tbody>\n<tr>\n<td style=\"width: 100%; text-align: center;\"><span style=\"font-size: 20px;\"><strong>Monta\u017c listwy<\/strong><\/span><\/p>\n<p><iframe loading=\"lazy\" src=\"\/\/www.youtube.com\/embed\/V9WVCIuKexQ\" width=\"800\" height=\"449\" allowfullscreen=\"allowfullscreen\"><\/iframe><\/td>\n<\/tr>\n<\/tbody>\n<\/table>\n<table style=\"border-collapse: collapse; width: 100%;\">\n<tbody>\n<tr>\n<td style=\"width: 100%; text-align: center;\">\n<div id=\"attachment_4838\" style=\"width: 1210px\" class=\"wp-caption aligncenter\"><img loading=\"lazy\" decoding=\"async\" aria-describedby=\"caption-attachment-4838\" class=\"wp-image-4838 size-full\" src=\"https:\/\/kazal.pl\/sklep\/wp-content\/uploads\/2022\/07\/Lata-profilujaca-reczna-aluminiowa-87cm-267cm-LR2M-JAZON-FHU-KAZAL-Poznan.jpg\" alt=\"Lata-profilujaca-reczna-aluminiowa-87cm-267cm-LR2M-JAZON-FHU-KAZAL-Poznan\" width=\"1200\" height=\"1200\" srcset=\"https:\/\/kazal.pl\/sklep\/wp-content\/uploads\/2022\/07\/Lata-profilujaca-reczna-aluminiowa-87cm-267cm-LR2M-JAZON-FHU-KAZAL-Poznan.jpg 1200w, https:\/\/kazal.pl\/sklep\/wp-content\/uploads\/2022\/07\/Lata-profilujaca-reczna-aluminiowa-87cm-267cm-LR2M-JAZON-FHU-KAZAL-Poznan-300x300.jpg 300w, https:\/\/kazal.pl\/sklep\/wp-content\/uploads\/2022\/07\/Lata-profilujaca-reczna-aluminiowa-87cm-267cm-LR2M-JAZON-FHU-KAZAL-Poznan-1024x1024.jpg 1024w, https:\/\/kazal.pl\/sklep\/wp-content\/uploads\/2022\/07\/Lata-profilujaca-reczna-aluminiowa-87cm-267cm-LR2M-JAZON-FHU-KAZAL-Poznan-150x150.jpg 150w, https:\/\/kazal.pl\/sklep\/wp-content\/uploads\/2022\/07\/Lata-profilujaca-reczna-aluminiowa-87cm-267cm-LR2M-JAZON-FHU-KAZAL-Poznan-768x768.jpg 768w, https:\/\/kazal.pl\/sklep\/wp-content\/uploads\/2022\/07\/Lata-profilujaca-reczna-aluminiowa-87cm-267cm-LR2M-JAZON-FHU-KAZAL-Poznan-1170x1170.jpg 1170w, https:\/\/kazal.pl\/sklep\/wp-content\/uploads\/2022\/07\/Lata-profilujaca-reczna-aluminiowa-87cm-267cm-LR2M-JAZON-FHU-KAZAL-Poznan-600x600.jpg 600w, https:\/\/kazal.pl\/sklep\/wp-content\/uploads\/2022\/07\/Lata-profilujaca-reczna-aluminiowa-87cm-267cm-LR2M-JAZON-FHU-KAZAL-Poznan-90x90.jpg 90w\" sizes=\"auto, (max-width: 1200px) 100vw, 1200px\" \/><p id=\"caption-attachment-4838\" class=\"wp-caption-text\"><strong>\u0141ata r\u0119czna aluminiowa<\/strong> do profilowania pod\u0142o\u017ca zakres pracy 87cm-267cm LR2M JAZON-<strong>FHU KAZAL Pozna\u0144<\/strong><\/p><\/div><\/td>\n<\/tr>\n<\/tbody>\n<\/table>\n<table style=\"border-collapse: collapse; width: 100%;\">\n<tbody>\n<tr>\n<td style=\"width: 50%;\">\n<div id=\"attachment_4837\" style=\"width: 1210px\" class=\"wp-caption aligncenter\"><img loading=\"lazy\" decoding=\"async\" aria-describedby=\"caption-attachment-4837\" class=\"wp-image-4837 size-full\" src=\"https:\/\/kazal.pl\/sklep\/wp-content\/uploads\/2022\/07\/Lata-profilujaca-reczna-aluminiowa-87cm-267cm-LR2M-JAZON-FHU-KAZAL-Poznan-.jpg\" alt=\"Lata-profilujaca-reczna-aluminiowa-87cm-267cm-LR2M-JAZON-FHU-KAZAL-Poznan\" width=\"1200\" height=\"1200\" srcset=\"https:\/\/kazal.pl\/sklep\/wp-content\/uploads\/2022\/07\/Lata-profilujaca-reczna-aluminiowa-87cm-267cm-LR2M-JAZON-FHU-KAZAL-Poznan-.jpg 1200w, https:\/\/kazal.pl\/sklep\/wp-content\/uploads\/2022\/07\/Lata-profilujaca-reczna-aluminiowa-87cm-267cm-LR2M-JAZON-FHU-KAZAL-Poznan--300x300.jpg 300w, https:\/\/kazal.pl\/sklep\/wp-content\/uploads\/2022\/07\/Lata-profilujaca-reczna-aluminiowa-87cm-267cm-LR2M-JAZON-FHU-KAZAL-Poznan--1024x1024.jpg 1024w, https:\/\/kazal.pl\/sklep\/wp-content\/uploads\/2022\/07\/Lata-profilujaca-reczna-aluminiowa-87cm-267cm-LR2M-JAZON-FHU-KAZAL-Poznan--150x150.jpg 150w, https:\/\/kazal.pl\/sklep\/wp-content\/uploads\/2022\/07\/Lata-profilujaca-reczna-aluminiowa-87cm-267cm-LR2M-JAZON-FHU-KAZAL-Poznan--768x768.jpg 768w, https:\/\/kazal.pl\/sklep\/wp-content\/uploads\/2022\/07\/Lata-profilujaca-reczna-aluminiowa-87cm-267cm-LR2M-JAZON-FHU-KAZAL-Poznan--1170x1170.jpg 1170w, https:\/\/kazal.pl\/sklep\/wp-content\/uploads\/2022\/07\/Lata-profilujaca-reczna-aluminiowa-87cm-267cm-LR2M-JAZON-FHU-KAZAL-Poznan--600x600.jpg 600w, https:\/\/kazal.pl\/sklep\/wp-content\/uploads\/2022\/07\/Lata-profilujaca-reczna-aluminiowa-87cm-267cm-LR2M-JAZON-FHU-KAZAL-Poznan--90x90.jpg 90w\" sizes=\"auto, (max-width: 1200px) 100vw, 1200px\" \/><p id=\"caption-attachment-4837\" class=\"wp-caption-text\"><strong>\u0141ata r\u0119czna aluminiowa<\/strong> do profilowania pod\u0142o\u017ca zakres pracy 87cm-267cm LR2M JAZON-<strong>FHU KAZAL Pozna\u0144<\/strong><\/p><\/div><\/td>\n<\/tr>\n<\/tbody>\n<\/table>\n<table style=\"width: 100%; border-collapse: collapse; background-color: #cccccc;\">\n<tbody>\n<tr>\n<td style=\"width: 100%;\"><span style=\"font-size: 20px;\"><strong>JAZON Narz\u0119dzia brukarskie &#8211; WIDEO:<\/strong><\/span><\/td>\n<\/tr>\n<\/tbody>\n<\/table>\n<table style=\"border-collapse: collapse; width: 100%;\">\n<tbody>\n<tr>\n<td style=\"width: 30%; text-align: center;\">&nbsp;<\/p>\n<table style=\"border-collapse: collapse; width: 100%; height: 347px;\">\n<tbody>\n<tr style=\"height: 24px;\">\n<td style=\"width: 50%; height: 24px;\"><iframe loading=\"lazy\" src=\"\/\/www.youtube.com\/embed\/dfx3YOj2Ehw\" width=\"400\" height=\"224\" allowfullscreen=\"allowfullscreen\" data-mce-fragment=\"1\"><\/iframe><\/td>\n<td style=\"width: 50%; height: 24px;\"><iframe loading=\"lazy\" src=\"\/\/www.youtube.com\/embed\/I3FtaWQwdVg\" width=\"400\" height=\"224\" allowfullscreen=\"allowfullscreen\" data-mce-fragment=\"1\"><\/iframe><\/td>\n<\/tr>\n<tr style=\"height: 323px;\">\n<td style=\"width: 50%; height: 323px;\"><iframe loading=\"lazy\" src=\"\/\/www.youtube.com\/embed\/SR9O3__rJIg\" width=\"400\" height=\"224\" allowfullscreen=\"allowfullscreen\" data-mce-fragment=\"1\"><\/iframe><\/td>\n<td style=\"width: 50%; height: 323px;\"><iframe loading=\"lazy\" src=\"\/\/www.youtube.com\/embed\/dIuuKldcQSY\" width=\"400\" height=\"224\" allowfullscreen=\"allowfullscreen\" data-mce-fragment=\"1\"><\/iframe><\/td>\n<\/tr>\n<\/tbody>\n<\/table>\n<\/td>\n<\/tr>\n<\/tbody>\n<\/table>\n<table style=\"width: 100%; border-collapse: collapse; background-color: #cccccc;\">\n<tbody>\n<tr>\n<td style=\"width: 100%;\"><span style=\"font-size: 20px;\"><strong>Karty techniczne:<\/strong><\/span><\/td>\n<\/tr>\n<\/tbody>\n<\/table>\n","protected":false},"excerpt":{"rendered":"<p>&nbsp;<\/p>\n<table style=\"border-collapse: collapse; width: 100%;\">\n<tbody>\n<tr>\n<td style=\"width: 50%;\">\n<h5>NOWO\u015a\u0106! Narz\u0119dzie do wyr\u00f3wnywania podbudowy o zmiennym zakresie szeroko\u015bci od 87cm do 2,67m.<\/h5>\n<\/td>\n<\/tr>\n<\/tbody>\n<\/table>\n<table style=\"border-collapse: collapse; width: 100%;\">\n<tbody>\n<tr>\n<td style=\"width: 65.36%;\"><strong>Aluminiowa \u0142ata r\u0119czna<\/strong>\u00a0profiluj\u0105ca o\u00a0d\u0142ugo\u015bci\u00a0<strong>2 metr\u00f3w<\/strong><\/td>\n<td style=\"width: 34.64%;\"><a href=\"https:\/\/kazal.pl\/sklep\/product-category\/narzedzia-brukarskie\/jazon-narzedzia-brukarskie\/\"><img loading=\"lazy\" decoding=\"async\" class=\"aligncenter wp-image-4325\" style=\"margin-top: 0.857143rem; margin-bottom: 0.857143rem;\" src=\"https:\/\/kazal.pl\/sklep\/wp-content\/uploads\/2021\/05\/JAZON-Poznan-wozek-brukarski-krab-1200-narzedzia-brukarskie-Poznan-chwytaki-do-kostki-Poznan-FHU-KAZAL-Poznan-02-MIMAL-PROBST-BELLE-Poznan-MGK-MGD-IB25-WB1-CHP1-CHJZ2-CHW-CHPJ-CHU_.jpg\" alt=\"JAZON-Poznan-wozek-brukarski-narzedzia-brukarskie-Poznan-chwytaki-do-kostki-Poznan-FHU-KAZAL-Poznan-02-MIMAL-PROBST-BELLE-Poznan-MGK-MGD-IB25-WB1-CHP1-CHJZ2-CHW-CHPJ-CHU_\" width=\"100\" height=\"100\" srcset=\"https:\/\/kazal.pl\/sklep\/wp-content\/uploads\/2021\/05\/JAZON-Poznan-wozek-brukarski-krab-1200-narzedzia-brukarskie-Poznan-chwytaki-do-kostki-Poznan-FHU-KAZAL-Poznan-02-MIMAL-PROBST-BELLE-Poznan-MGK-MGD-IB25-WB1-CHP1-CHJZ2-CHW-CHPJ-CHU_.jpg 200w, https:\/\/kazal.pl\/sklep\/wp-content\/uploads\/2021\/05\/JAZON-Poznan-wozek-brukarski-krab-1200-narzedzia-brukarskie-Poznan-chwytaki-do-kostki-Poznan-FHU-KAZAL-Poznan-02-MIMAL-PROBST-BELLE-Poznan-MGK-MGD-IB25-WB1-CHP1-CHJZ2-CHW-CHPJ-CHU_-150x150.jpg 150w, https:\/\/kazal.pl\/sklep\/wp-content\/uploads\/2021\/05\/JAZON-Poznan-wozek-brukarski-krab-1200-narzedzia-brukarskie-Poznan-chwytaki-do-kostki-Poznan-FHU-KAZAL-Poznan-02-MIMAL-PROBST-BELLE-Poznan-MGK-MGD-IB25-WB1-CHP1-CHJZ2-CHW-CHPJ-CHU_-90x90.jpg 90w\" sizes=\"auto, (max-width: 100px) 100vw, 100px\" \/><\/a><\/td>\n<\/tr>\n<\/tbody>\n<\/table>\n<table style=\"border-collapse: collapse; width: 100%;\">\n<tbody>\n<tr>\n<td style=\"width: 100%;\">\n<h6><span style=\"text-decoration: underline;\"><strong><span style=\"color: #ff0000; text-decoration: underline;\">NOWY<\/span><\/strong><\/span><span style=\"color: #ff0000;\"> &#8211; <span style=\"text-decoration: underline;\"><strong>Dost\u0119pny<\/strong>\u00a0<\/span><\/span>&#8211; w sklepie stacjonarnym lub wysy\u0142ka.<\/h6>\n<\/td>\n<\/tr>\n<\/tbody>\n<\/table>\n<p>&nbsp;<\/p>\n","protected":false},"featured_media":4838,"comment_status":"open","ping_status":"closed","template":"","meta":[],"product_cat":[327,217,218,579],"product_tag":[436,437,223,709,708,590,229,298,299,300,702],"class_list":{"0":"post-4836","1":"product","2":"type-product","3":"status-publish","4":"has-post-thumbnail","6":"product_cat-jazon","7":"product_cat-jazon-narzedzia-brukarskie","8":"product_cat-narzedzia-brukarskie","9":"product_cat-profilowanie-podloza","10":"product_tag-dystrybutor-narzedzi-brukarskich","11":"product_tag-dystrybutor-narzedzi-brukarskich-poznan","12":"product_tag-jazon","13":"product_tag-lata-aluminiowa-jazon","14":"product_tag-lata-lr2m","15":"product_tag-lata-profilujaca","16":"product_tag-narzedzia-brukarskie","17":"product_tag-narzedzia-brukarskie-jazon","18":"product_tag-narzedzia-brukarskie-jazon-poznan","19":"product_tag-poznan-narzedzia-brukarskie-jazon","20":"product_tag-sciagacz-podbudowy-jazon","21":"product_shipping_class-kurier-probst-teleplan","23":"first","24":"instock","25":"featured","26":"taxable","27":"shipping-taxable","28":"purchasable","29":"product-type-simple"},"_links":{"self":[{"href":"https:\/\/kazal.pl\/sklep\/wp-json\/wp\/v2\/product\/4836","targetHints":{"allow":["GET"]}}],"collection":[{"href":"https:\/\/kazal.pl\/sklep\/wp-json\/wp\/v2\/product"}],"about":[{"href":"https:\/\/kazal.pl\/sklep\/wp-json\/wp\/v2\/types\/product"}],"replies":[{"embeddable":true,"href":"https:\/\/kazal.pl\/sklep\/wp-json\/wp\/v2\/comments?post=4836"}],"wp:featuredmedia":[{"embeddable":true,"href":"https:\/\/kazal.pl\/sklep\/wp-json\/wp\/v2\/media\/4838"}],"wp:attachment":[{"href":"https:\/\/kazal.pl\/sklep\/wp-json\/wp\/v2\/media?parent=4836"}],"wp:term":[{"taxonomy":"product_cat","embeddable":true,"href":"https:\/\/kazal.pl\/sklep\/wp-json\/wp\/v2\/product_cat?post=4836"},{"taxonomy":"product_tag","embeddable":true,"href":"https:\/\/kazal.pl\/sklep\/wp-json\/wp\/v2\/product_tag?post=4836"}],"curies":[{"name":"wp","href":"https:\/\/api.w.org\/{rel}","templated":true}]}}