{"id":4854,"date":"2023-01-09T12:09:27","date_gmt":"2023-01-09T12:09:27","guid":{"rendered":"https:\/\/kazal.pl\/sklep\/?post_type=product&#038;p=4854"},"modified":"2025-09-14T19:03:35","modified_gmt":"2025-09-14T19:03:35","slug":"probst-listwa-lata-przykraweznikowa-zgarniajaca-lh-levelhandy","status":"publish","type":"product","link":"https:\/\/kazal.pl\/sklep\/product\/probst-listwa-lata-przykraweznikowa-zgarniajaca-lh-levelhandy\/","title":{"rendered":"PROBST Listwa \u0142ata przykraw\u0119\u017cnikowa zgarniaj\u0105ca LH Levelhandy"},"content":{"rendered":"<table style=\"width: 100%; border-collapse: collapse; background-color: #cccccc;\">\n<tbody>\n<tr>\n<td style=\"width: 100%;\"><span style=\"font-size: 20px;\"><strong>PROBST Listwa \u0142ata przykraw\u0119\u017cnikowa zgarniaj\u0105ca LH Levelhandy<\/strong><\/span><\/td>\n<\/tr>\n<\/tbody>\n<\/table>\n<table style=\"border-collapse: collapse; width: 100%;\">\n<tbody>\n<tr>\n<td style=\"width: 50%;\">\n<h4 class=\" product__desc--scope\">Proste narz\u0119dzie niwelacyjne zapewnia czyste po\u0142\u0105czenie z u\u0142o\u017conymi ju\u017c kostkami brukowymi lub kraw\u0119\u017cnikami.<\/h4>\n<\/td>\n<\/tr>\n<\/tbody>\n<\/table>\n<table style=\"width: 100%; border-collapse: collapse; background-color: #cccccc;\">\n<tbody>\n<tr>\n<td style=\"width: 100%;\"><span style=\"font-size: 20px;\"><strong>Charakterystyka:<\/strong><\/span><\/td>\n<\/tr>\n<\/tbody>\n<\/table>\n<table style=\"border-collapse: collapse; width: 100%;\">\n<tbody>\n<tr>\n<td style=\"width: 50%;\">\n<div class=\"m-containerseemore__container\">\n<div class=\"m-containerseemore__content\">\n<div class=\"m-containerseemore__coloumn\">\n<div class=\"m-containerseemore__coloumn\">\n<h5>Wystarczy umie\u015bci\u0107 LH na istniej\u0105cym poziomie zniwelowania.<br \/>\nUstawi\u0107 podpor\u0119 z regulacj\u0105 wysoko\u015bci poprzez dokr\u0119cenie nakr\u0119tki motylkowej na odpowiedni\u0105 wysoko\u015b\u0107 w kierunku kraw\u0119\u017cnika lub istniej\u0105cego chodnika.<br \/>\nZa pomoc\u0105 tego praktycznego narz\u0119dzia mo\u017cna teraz \u0142atwo i precyzyjnie regulowa\u0107 powierzchni\u0119 niwelowania.<\/h5>\n<h5><\/h5>\n<\/div>\n<div class=\"m-containerseemore__coloumn\">\n<h5 class=\"e-headline e-headline--h4 \"><\/h5>\n<p>&nbsp;<\/p>\n<\/div>\n<\/div>\n<\/div>\n<\/div>\n<div class=\"m-containerseemore__link\"><\/div>\n<\/td>\n<td style=\"width: 50%;\">\n<div class=\"m-containerexpander__head\">\n<div class=\"m-containerexpander__head\">\n<div class=\"mceTemp\"><\/div>\n<\/div>\n<\/div>\n<p><a href=\"https:\/\/kazal.pl\/sklep\/product-category\/narzedzia-brukarskie\/probst-narzedzia-brukarskie\/\"><img loading=\"lazy\" decoding=\"async\" class=\"wp-image-4324 size-full alignnone\" style=\"margin-top: 0.857143rem; margin-bottom: 0.857143rem;\" src=\"https:\/\/kazal.pl\/sklep\/wp-content\/uploads\/2021\/05\/PROBST-Poznan-narzedzia-brukarskie-poznan-probst-chwytaki-do-kraweznikow-poznan-ukladarki-do-kostki-poznan-probst-dystrybutor.jpg\" alt=\"PROBST-Poznan-narzedzia-brukarskie-poznan-probst-chwytaki-do-kraweznikow-poznan-ukladarki-do-kostki-poznan-probst-dystrybutor\" width=\"200\" height=\"200\" srcset=\"https:\/\/kazal.pl\/sklep\/wp-content\/uploads\/2021\/05\/PROBST-Poznan-narzedzia-brukarskie-poznan-probst-chwytaki-do-kraweznikow-poznan-ukladarki-do-kostki-poznan-probst-dystrybutor.jpg 200w, https:\/\/kazal.pl\/sklep\/wp-content\/uploads\/2021\/05\/PROBST-Poznan-narzedzia-brukarskie-poznan-probst-chwytaki-do-kraweznikow-poznan-ukladarki-do-kostki-poznan-probst-dystrybutor-150x150.jpg 150w, https:\/\/kazal.pl\/sklep\/wp-content\/uploads\/2021\/05\/PROBST-Poznan-narzedzia-brukarskie-poznan-probst-chwytaki-do-kraweznikow-poznan-ukladarki-do-kostki-poznan-probst-dystrybutor-90x90.jpg 90w\" sizes=\"auto, (max-width: 200px) 100vw, 200px\" \/><\/a><\/p>\n<div class=\"m-containerexpander__head\">\n<h4 class=\"e-headline e-headline--h3 m-containerexpander__headline\"><a href=\"https:\/\/kazal.pl\/sklep\/product-category\/narzedzia-brukarskie\/probst-narzedzia-brukarskie\/\">PROBST GmbH<\/a><\/h4>\n<div class=\"m-containerexpander__collapseicon\"><\/div>\n<\/div>\n<div class=\"m-containerexpander__content\">\n<div class=\"m-containerexpander__innercontent\">\n<div class=\"m-textparagraph m-textparagraph--types c-richtext\">\n<p>Narz\u0119dzia brukarskie PROBST Pozna\u0144. Firma Probst oferuje najszersz\u0105 na \u015bwiecie gam\u0119 urz\u0105dze\u0144 i maszyn przeznaczonych do transportu i uk\u0142adania ka\u017cdego rodzaju prefabrykat\u00f3w betonowych wykorzystywanych w budownictwie.<\/p>\n<p style=\"text-align: center;\"><iframe loading=\"lazy\" src=\"\/\/www.youtube.com\/embed\/J3r-UAuVMFg\" width=\"560\" height=\"314\" allowfullscreen=\"allowfullscreen\"><\/iframe><\/p>\n<\/div>\n<\/div>\n<\/div>\n<\/td>\n<\/tr>\n<\/tbody>\n<\/table>\n<table style=\"width: 100%; border-collapse: collapse; background-color: #cccccc;\">\n<tbody>\n<tr>\n<td style=\"width: 100%;\"><span style=\"font-size: 20px;\"><strong>Parametry techniczne:<\/strong><\/span><\/td>\n<\/tr>\n<\/tbody>\n<\/table>\n<table style=\"width: 100%; height: 114px;\">\n<tbody>\n<tr style=\"height: 114px;\">\n<td style=\"width: 31.68%; height: 114px;\"><strong>PRODUCENT<\/strong><br \/>\n<strong>KOD PRODUKTU<\/strong><br \/>\n<strong>SZEROKO\u015a\u0106 ROBOCZA<\/strong><br \/>\n<strong>MASA W\u0141ASNA<\/strong><\/td>\n<td style=\"width: 68.16%; height: 114px;\"><strong>PROBST<\/strong><br \/>\n51000088<br \/>\n300 MM<br \/>\n1,8 KG<\/td>\n<\/tr>\n<\/tbody>\n<\/table>\n<table style=\"width: 100%; border-collapse: collapse; background-color: #cccccc;\">\n<tbody>\n<tr>\n<td style=\"width: 100%;\"><span style=\"font-size: 20px;\"><strong>Zdj\u0119cia produktu:<\/strong><\/span><\/td>\n<\/tr>\n<\/tbody>\n<\/table>\n<div class=\"mceTemp\"><\/div>\n<table style=\"border-collapse: collapse; width: 100%;\">\n<tbody>\n<tr>\n<td style=\"width: 50%;\">\n<div id=\"attachment_4858\" style=\"width: 560px\" class=\"wp-caption aligncenter\"><img loading=\"lazy\" decoding=\"async\" aria-describedby=\"caption-attachment-4858\" class=\"wp-image-4858\" src=\"https:\/\/kazal.pl\/sklep\/wp-content\/uploads\/2023\/01\/Levelhandy-LH-listwa-przykraweznikowa-lata-podbudowy-1024x683.jpg\" alt=\"Levelhandy-LH-listwa-przykraweznikowa-lata-podbudowy\" width=\"550\" height=\"367\" srcset=\"https:\/\/kazal.pl\/sklep\/wp-content\/uploads\/2023\/01\/Levelhandy-LH-listwa-przykraweznikowa-lata-podbudowy-1024x683.jpg 1024w, https:\/\/kazal.pl\/sklep\/wp-content\/uploads\/2023\/01\/Levelhandy-LH-listwa-przykraweznikowa-lata-podbudowy-300x200.jpg 300w, https:\/\/kazal.pl\/sklep\/wp-content\/uploads\/2023\/01\/Levelhandy-LH-listwa-przykraweznikowa-lata-podbudowy-768x512.jpg 768w, https:\/\/kazal.pl\/sklep\/wp-content\/uploads\/2023\/01\/Levelhandy-LH-listwa-przykraweznikowa-lata-podbudowy-1170x781.jpg 1170w, https:\/\/kazal.pl\/sklep\/wp-content\/uploads\/2023\/01\/Levelhandy-LH-listwa-przykraweznikowa-lata-podbudowy-600x400.jpg 600w, https:\/\/kazal.pl\/sklep\/wp-content\/uploads\/2023\/01\/Levelhandy-LH-listwa-przykraweznikowa-lata-podbudowy.jpg 1220w\" sizes=\"auto, (max-width: 550px) 100vw, 550px\" \/><p id=\"caption-attachment-4858\" class=\"wp-caption-text\">Levelhandy-LH-listwa-przykraweznikowa-lata-podbudowy<\/p><\/div><\/td>\n<td style=\"width: 50%;\"><img loading=\"lazy\" decoding=\"async\" class=\"aligncenter wp-image-4857\" src=\"https:\/\/kazal.pl\/sklep\/wp-content\/uploads\/2023\/01\/Levelhandy-LH-listwa-przykraweznikowa-lata-podbudowy--150x150.jpg\" alt=\"\" width=\"550\" height=\"465\" srcset=\"https:\/\/kazal.pl\/sklep\/wp-content\/uploads\/2023\/01\/Levelhandy-LH-listwa-przykraweznikowa-lata-podbudowy--300x254.jpg 300w, https:\/\/kazal.pl\/sklep\/wp-content\/uploads\/2023\/01\/Levelhandy-LH-listwa-przykraweznikowa-lata-podbudowy--1024x865.jpg 1024w, https:\/\/kazal.pl\/sklep\/wp-content\/uploads\/2023\/01\/Levelhandy-LH-listwa-przykraweznikowa-lata-podbudowy--768x649.jpg 768w, https:\/\/kazal.pl\/sklep\/wp-content\/uploads\/2023\/01\/Levelhandy-LH-listwa-przykraweznikowa-lata-podbudowy--1170x989.jpg 1170w, https:\/\/kazal.pl\/sklep\/wp-content\/uploads\/2023\/01\/Levelhandy-LH-listwa-przykraweznikowa-lata-podbudowy--600x507.jpg 600w, https:\/\/kazal.pl\/sklep\/wp-content\/uploads\/2023\/01\/Levelhandy-LH-listwa-przykraweznikowa-lata-podbudowy-.jpg 1220w\" sizes=\"auto, (max-width: 550px) 100vw, 550px\" \/><\/td>\n<\/tr>\n<\/tbody>\n<\/table>\n<p>&nbsp;<\/p>\n<table style=\"width: 100%; border-collapse: collapse; background-color: #cccccc;\">\n<tbody>\n<tr>\n<td style=\"width: 100%;\"><span style=\"font-size: 20px;\"><strong>PROBST Narz\u0119dzia brukarskie &#8211; WIDEO:<\/strong><\/span><\/td>\n<\/tr>\n<\/tbody>\n<\/table>\n<table style=\"border-collapse: collapse; width: 100%;\">\n<tbody>\n<tr>\n<td style=\"width: 30%; text-align: center;\">&nbsp;<\/p>\n<table style=\"border-collapse: collapse; width: 100%; height: 347px;\">\n<tbody>\n<tr style=\"height: 24px;\">\n<td style=\"width: 50%; height: 24px;\"><iframe loading=\"lazy\" src=\"\/\/www.youtube.com\/embed\/KuXieTsuCaQ\" width=\"560\" height=\"314\" allowfullscreen=\"allowfullscreen\"><\/iframe><\/td>\n<\/tr>\n<tr style=\"height: 323px;\">\n<td style=\"width: 50%; height: 323px;\"><iframe loading=\"lazy\" src=\"\/\/www.youtube.com\/embed\/HRfgdsjxsZQ\" width=\"560\" height=\"314\" allowfullscreen=\"allowfullscreen\"><\/iframe><\/td>\n<\/tr>\n<\/tbody>\n<\/table>\n<\/td>\n<\/tr>\n<\/tbody>\n<\/table>\n<table style=\"width: 100%; border-collapse: collapse; background-color: #cccccc;\">\n<tbody>\n<tr>\n<td style=\"width: 100%;\"><span style=\"font-size: 20px;\"><strong>Karty techniczne:<\/strong><\/span><\/td>\n<\/tr>\n<\/tbody>\n<\/table>\n<table style=\"border-collapse: collapse; width: 100%;\">\n<tbody>\n<tr>\n<td style=\"width: 50%; text-align: center;\">\n<div id=\"attachment_4507\" style=\"width: 560px\" class=\"wp-caption aligncenter\"><img loading=\"lazy\" decoding=\"async\" aria-describedby=\"caption-attachment-4507\" class=\"wp-image-4507 size-full\" src=\"https:\/\/kazal.pl\/sklep\/wp-content\/uploads\/2021\/07\/Katalog-Site-equipment-Urzadzenia-budowlane-PL-2020_Strona_001-1.png\" alt=\"Narz\u0119dzia brukarskie PROBST Pozna\u0144 FHU KAZAL\" width=\"550\" height=\"778\" srcset=\"https:\/\/kazal.pl\/sklep\/wp-content\/uploads\/2021\/07\/Katalog-Site-equipment-Urzadzenia-budowlane-PL-2020_Strona_001-1.png 550w, https:\/\/kazal.pl\/sklep\/wp-content\/uploads\/2021\/07\/Katalog-Site-equipment-Urzadzenia-budowlane-PL-2020_Strona_001-1-212x300.png 212w\" sizes=\"auto, (max-width: 550px) 100vw, 550px\" \/><p id=\"caption-attachment-4507\" class=\"wp-caption-text\">Narz\u0119dzia brukarskie PROBST Pozna\u0144 FHU KAZAL<\/p><\/div><\/td>\n<td style=\"width: 50%; text-align: center;\">\n<div id=\"attachment_4797\" style=\"width: 560px\" class=\"wp-caption aligncenter\"><img loading=\"lazy\" decoding=\"async\" aria-describedby=\"caption-attachment-4797\" class=\"wp-image-4797\" src=\"https:\/\/kazal.pl\/sklep\/wp-content\/uploads\/2022\/03\/Katalog-Site-equipment-Urzadzenia-budowlane-PL-2020_Strona_032-150x150.png\" alt=\"PROBST-Poznan-Imak-brukarski-SAH-do-wyciagania-kostki-brukowej-dystrybutor-narzedzi-brukarskich-fhu-kazal-poznan-jazon-probst-mimal-belle\" width=\"550\" height=\"778\" srcset=\"https:\/\/kazal.pl\/sklep\/wp-content\/uploads\/2022\/03\/Katalog-Site-equipment-Urzadzenia-budowlane-PL-2020_Strona_032-212x300.png 212w, https:\/\/kazal.pl\/sklep\/wp-content\/uploads\/2022\/03\/Katalog-Site-equipment-Urzadzenia-budowlane-PL-2020_Strona_032-724x1024.png 724w, https:\/\/kazal.pl\/sklep\/wp-content\/uploads\/2022\/03\/Katalog-Site-equipment-Urzadzenia-budowlane-PL-2020_Strona_032-768x1086.png 768w, https:\/\/kazal.pl\/sklep\/wp-content\/uploads\/2022\/03\/Katalog-Site-equipment-Urzadzenia-budowlane-PL-2020_Strona_032-1086x1536.png 1086w, https:\/\/kazal.pl\/sklep\/wp-content\/uploads\/2022\/03\/Katalog-Site-equipment-Urzadzenia-budowlane-PL-2020_Strona_032-1448x2048.png 1448w, https:\/\/kazal.pl\/sklep\/wp-content\/uploads\/2022\/03\/Katalog-Site-equipment-Urzadzenia-budowlane-PL-2020_Strona_032-1170x1655.png 1170w, https:\/\/kazal.pl\/sklep\/wp-content\/uploads\/2022\/03\/Katalog-Site-equipment-Urzadzenia-budowlane-PL-2020_Strona_032-600x849.png 600w\" sizes=\"auto, (max-width: 550px) 100vw, 550px\" \/><p id=\"caption-attachment-4797\" class=\"wp-caption-text\">PROBST-Poznan-Imak-brukarski-SAH-do-wyciagania-kostki-brukowej-dystrybutor-narzedzi-brukarskich-fhu-kazal-poznan-jazon-probst-mimal-belle<\/p><\/div><\/td>\n<\/tr>\n<\/tbody>\n<\/table>\n","protected":false},"excerpt":{"rendered":"<table style=\"border-collapse: collapse; width: 100%;\">\n<tbody>\n<tr>\n<td style=\"width: 100%;\">\n<h4 class=\" product__desc--scope\">Proste narz\u0119dzie niwelacyjne zapewnia czyste po\u0142\u0105czenie z u\u0142o\u017conymi ju\u017c kostkami brukowymi lub kraw\u0119\u017cnikami.<\/h4>\n<\/td>\n<\/tr>\n<\/tbody>\n<\/table>\n<table style=\"border-collapse: collapse; width: 100%;\">\n<tbody>\n<tr>\n<td style=\"width: 65.36%;\"><\/td>\n<td style=\"width: 34.64%;\"><a href=\"https:\/\/kazal.pl\/sklep\/product-category\/narzedzia-brukarskie\/probst-narzedzia-brukarskie\/\"><img loading=\"lazy\" decoding=\"async\" class=\"aligncenter wp-image-4324 size-thumbnail\" style=\"margin-top: 0.857143rem; margin-bottom: 0.857143rem;\" src=\"https:\/\/kazal.pl\/sklep\/wp-content\/uploads\/2021\/05\/PROBST-Poznan-narzedzia-brukarskie-poznan-probst-chwytaki-do-kraweznikow-poznan-ukladarki-do-kostki-poznan-probst-dystrybutor-150x150.jpg\" alt=\"PROBST-Poznan-narzedzia-brukarskie-poznan-probst-chwytaki-do-kraweznikow-poznan-ukladarki-do-kostki-poznan-probst-dystrybutor\" width=\"150\" height=\"150\" srcset=\"https:\/\/kazal.pl\/sklep\/wp-content\/uploads\/2021\/05\/PROBST-Poznan-narzedzia-brukarskie-poznan-probst-chwytaki-do-kraweznikow-poznan-ukladarki-do-kostki-poznan-probst-dystrybutor-150x150.jpg 150w, https:\/\/kazal.pl\/sklep\/wp-content\/uploads\/2021\/05\/PROBST-Poznan-narzedzia-brukarskie-poznan-probst-chwytaki-do-kraweznikow-poznan-ukladarki-do-kostki-poznan-probst-dystrybutor-90x90.jpg 90w, https:\/\/kazal.pl\/sklep\/wp-content\/uploads\/2021\/05\/PROBST-Poznan-narzedzia-brukarskie-poznan-probst-chwytaki-do-kraweznikow-poznan-ukladarki-do-kostki-poznan-probst-dystrybutor.jpg 200w\" sizes=\"auto, (max-width: 150px) 100vw, 150px\" \/><\/a><\/td>\n<\/tr>\n<\/tbody>\n<\/table>\n<table style=\"border-collapse: collapse; width: 100%;\">\n<tbody>\n<tr>\n<td style=\"width: 100%;\">\n<h6><span style=\"text-decoration: underline;\"><strong><span style=\"color: #ff0000; text-decoration: underline;\">NOWY<\/span><\/strong><\/span><span style=\"color: #ff0000;\"> &#8211; <span style=\"text-decoration: underline;\"><strong>Dost\u0119pny od r\u0119ki<\/strong> <\/span><\/span>&#8211; w sklepie stacjonarnym lub wysy\u0142ka.<\/h6>\n<\/td>\n<\/tr>\n<\/tbody>\n<\/table>\n","protected":false},"featured_media":4856,"comment_status":"open","ping_status":"closed","template":"","meta":[],"product_cat":[396,218,311,312],"product_tag":[734,737,735,229,266,397,321,319,736],"class_list":{"0":"post-4854","1":"product","2":"type-product","3":"status-publish","4":"has-post-thumbnail","6":"product_cat-listwy-zgarniajace-probst","7":"product_cat-narzedzia-brukarskie","8":"product_cat-probst","9":"product_cat-probst-narzedzia-brukarskie","10":"product_tag-lh","11":"product_tag-lh-levelhandy","12":"product_tag-listwa-przykraweznikowa-lh","13":"product_tag-narzedzia-brukarskie","14":"product_tag-narzedzia-brukarskie-poznan","15":"product_tag-narzedzia-brukarskie-probst","16":"product_tag-poznan-narzedzia-brukarskie-probst-poznan","17":"product_tag-probst-poznan","18":"product_tag-sciagacz-podbudowy","19":"product_shipping_class-wysylka-inpost","21":"first","22":"instock","23":"featured","24":"taxable","25":"shipping-taxable","26":"purchasable","27":"product-type-simple"},"_links":{"self":[{"href":"https:\/\/kazal.pl\/sklep\/wp-json\/wp\/v2\/product\/4854","targetHints":{"allow":["GET"]}}],"collection":[{"href":"https:\/\/kazal.pl\/sklep\/wp-json\/wp\/v2\/product"}],"about":[{"href":"https:\/\/kazal.pl\/sklep\/wp-json\/wp\/v2\/types\/product"}],"replies":[{"embeddable":true,"href":"https:\/\/kazal.pl\/sklep\/wp-json\/wp\/v2\/comments?post=4854"}],"wp:featuredmedia":[{"embeddable":true,"href":"https:\/\/kazal.pl\/sklep\/wp-json\/wp\/v2\/media\/4856"}],"wp:attachment":[{"href":"https:\/\/kazal.pl\/sklep\/wp-json\/wp\/v2\/media?parent=4854"}],"wp:term":[{"taxonomy":"product_cat","embeddable":true,"href":"https:\/\/kazal.pl\/sklep\/wp-json\/wp\/v2\/product_cat?post=4854"},{"taxonomy":"product_tag","embeddable":true,"href":"https:\/\/kazal.pl\/sklep\/wp-json\/wp\/v2\/product_tag?post=4854"}],"curies":[{"name":"wp","href":"https:\/\/api.w.org\/{rel}","templated":true}]}}