{"id":4859,"date":"2023-01-09T13:07:17","date_gmt":"2023-01-09T13:07:17","guid":{"rendered":"https:\/\/kazal.pl\/sklep\/?post_type=product&#038;p=4859"},"modified":"2024-10-17T16:19:33","modified_gmt":"2024-10-17T16:19:33","slug":"jazon-wozek-brukarski-do-ukladania-plyt-i-kraweznikow-wbk","status":"publish","type":"product","link":"https:\/\/kazal.pl\/sklep\/product\/jazon-wozek-brukarski-do-ukladania-plyt-i-kraweznikow-wbk\/","title":{"rendered":"JAZON W\u00f3zek brukarski do uk\u0142adania p\u0142yt i kraw\u0119\u017cnik\u00f3w WBK"},"content":{"rendered":"<div class=\"table-responsive\"><\/div>\n<table style=\"width: 100%; border-collapse: collapse; background-color: #cccccc;\">\n<tbody>\n<tr>\n<td style=\"width: 100%;\"><span style=\"font-size: 20px;\"><strong>JAZON W\u00f3zek brukarski do uk\u0142adania p\u0142yt i kraw\u0119\u017cnik\u00f3w WBK<\/strong><\/span><\/td>\n<\/tr>\n<\/tbody>\n<\/table>\n<table style=\"border-collapse: collapse; width: 100%;\">\n<tbody>\n<tr>\n<td style=\"width: 50%;\">\n<h5>NOWO\u015a\u0106! W\u00f3zek brukarski WBK DO P\u0141YT CHODNIKOWYCH I KRAW\u0118\u017bNOK\u00d3W<\/h5>\n<\/td>\n<\/tr>\n<\/tbody>\n<\/table>\n<table style=\"width: 100%; border-collapse: collapse; background-color: #cccccc;\">\n<tbody>\n<tr>\n<td style=\"width: 100%;\"><span style=\"font-size: 20px;\"><strong>Charakterystyka:<\/strong><\/span><\/td>\n<\/tr>\n<\/tbody>\n<\/table>\n<table style=\"border-collapse: collapse; width: 100%;\">\n<tbody>\n<tr>\n<td style=\"width: 50%;\">\n<div class=\"m-containerseemore__container\">\n<div class=\"m-containerseemore__content\">\n<div class=\"m-containerseemore__coloumn\">\n<div class=\"m-containerseemore__coloumn\">\n<h4><span style=\"font-size: 20px;\"><strong>JAZON W\u00f3zek brukarski do uk\u0142adania p\u0142yt i kraw\u0119\u017cnik\u00f3w WBK<\/strong><\/span><\/h4>\n<h4 class=\"e-headline e-headline--h4 \">Opis przedmiotu:<\/h4>\n<p style=\"font-weight: 400;\">W\u00f3zek brukarski WBK DO P\u0141YT CHODNIKOWYCH I KRAW\u0118\u017bNOK\u00d3W nale\u017cy o sprz\u0119tu pomocniczego stosowanego przy wykonywaniu r\u0119cznych prac transportowych. Przeznaczony jest do przewozu kraw\u0119\u017cnik\u00f3w oraz p\u0142yt chodnikowych bezpo\u015brednio do miejsca ich uk\u0142adania.<\/p>\n<p style=\"font-weight: 400;\">W\u00f3zek WBK jest lekki oraz prosty w obs\u0142udze.<\/p>\n<p style=\"font-weight: 400;\">Oprzyrz\u0105dowanie standardowe: w\u00f3zek z chwytakiem do p\u0142yt chodnikowych.<\/p>\n<p style=\"font-weight: 400;\">Oprzyrz\u0105dowanie dodatkowe :<\/p>\n<p>Chwytak do kraw\u0119\u017cnik\u00f3w.<\/p>\n<p>Obs\u0142uga jednoosobowa.<\/p>\n<p><strong>Opis wariantu:<\/strong>\u00a0 Chwytak do kraw\u0119\u017cnik\u00f3w.<\/p>\n<\/div>\n<\/div>\n<\/div>\n<\/div>\n<div class=\"m-containerseemore__link\"><\/div>\n<\/td>\n<td style=\"width: 50%;\">\n<div class=\"m-containerexpander__head\">\n<div class=\"m-containerexpander__head\">\n<div class=\"mceTemp\"><\/div>\n<\/div>\n<\/div>\n<p><a href=\"https:\/\/kazal.pl\/sklep\/product-category\/narzedzia-brukarskie\/jazon-narzedzia-brukarskie\/\"><img loading=\"lazy\" decoding=\"async\" class=\"alignnone wp-image-4325 size-full\" style=\"margin-top: 0.857143rem; margin-bottom: 0.857143rem;\" src=\"https:\/\/kazal.pl\/sklep\/wp-content\/uploads\/2021\/05\/JAZON-Poznan-wozek-brukarski-krab-1200-narzedzia-brukarskie-Poznan-chwytaki-do-kostki-Poznan-FHU-KAZAL-Poznan-02-MIMAL-PROBST-BELLE-Poznan-MGK-MGD-IB25-WB1-CHP1-CHJZ2-CHW-CHPJ-CHU_.jpg\" alt=\"JAZON-Poznan-wozek-brukarski-narzedzia-brukarskie-Poznan-chwytaki-do-kostki-Poznan-FHU-KAZAL-Poznan-02-MIMAL-PROBST-BELLE-Poznan-MGK-MGD-IB25-WB1-CHP1-CHJZ2-CHW-CHPJ-CHU_\" width=\"200\" height=\"200\" srcset=\"https:\/\/kazal.pl\/sklep\/wp-content\/uploads\/2021\/05\/JAZON-Poznan-wozek-brukarski-krab-1200-narzedzia-brukarskie-Poznan-chwytaki-do-kostki-Poznan-FHU-KAZAL-Poznan-02-MIMAL-PROBST-BELLE-Poznan-MGK-MGD-IB25-WB1-CHP1-CHJZ2-CHW-CHPJ-CHU_.jpg 200w, https:\/\/kazal.pl\/sklep\/wp-content\/uploads\/2021\/05\/JAZON-Poznan-wozek-brukarski-krab-1200-narzedzia-brukarskie-Poznan-chwytaki-do-kostki-Poznan-FHU-KAZAL-Poznan-02-MIMAL-PROBST-BELLE-Poznan-MGK-MGD-IB25-WB1-CHP1-CHJZ2-CHW-CHPJ-CHU_-150x150.jpg 150w, https:\/\/kazal.pl\/sklep\/wp-content\/uploads\/2021\/05\/JAZON-Poznan-wozek-brukarski-krab-1200-narzedzia-brukarskie-Poznan-chwytaki-do-kostki-Poznan-FHU-KAZAL-Poznan-02-MIMAL-PROBST-BELLE-Poznan-MGK-MGD-IB25-WB1-CHP1-CHJZ2-CHW-CHPJ-CHU_-90x90.jpg 90w\" sizes=\"auto, (max-width: 200px) 100vw, 200px\" \/><\/a><\/p>\n<div class=\"m-containerexpander__head\">\n<div class=\"mceTemp\"><\/div>\n<h4 class=\"e-headline e-headline--h3 m-containerexpander__headline\"><a href=\"https:\/\/kazal.pl\/sklep\/product-category\/narzedzia-brukarskie\/jazon-narzedzia-brukarskie\/\">JAZON Sp. z o.o.<\/a><\/h4>\n<div class=\"m-containerexpander__collapseicon\"><\/div>\n<\/div>\n<div class=\"m-containerexpander__content\">\n<div class=\"m-containerexpander__innercontent\">\n<div class=\"m-textparagraph m-textparagraph--types c-richtext\">\n<p>Narz\u0119dzia brukarskie JAZON Pozna\u0144. JAZON jest producentem profesjonalnych narz\u0119dzi oraz maszyn do prac drogowych i brukarskich. Gwarantuje wysok\u0105 jako\u015b\u0107 oraz dost\u0119pno\u015b\u0107 cz\u0119\u015bci zamiennych i akcesori\u00f3w. Wszystkie produkty posiadaj\u0105 niezb\u0119dne atesty i certyfikaty.<\/p>\n<p style=\"text-align: center;\"><iframe loading=\"lazy\" src=\"\/\/www.youtube.com\/embed\/OSxj_Sv2ro8\" width=\"400\" height=\"224\" allowfullscreen=\"allowfullscreen\" data-mce-fragment=\"1\"><\/iframe><\/p>\n<\/div>\n<\/div>\n<\/div>\n<\/td>\n<\/tr>\n<\/tbody>\n<\/table>\n<table style=\"width: 100%; border-collapse: collapse; background-color: #cccccc;\">\n<tbody>\n<tr>\n<td style=\"width: 100%;\"><span style=\"font-size: 20px;\"><strong>Parametry techniczne:<\/strong><\/span><\/td>\n<\/tr>\n<\/tbody>\n<\/table>\n<table style=\"width: 100%; height: 114px;\">\n<tbody>\n<tr style=\"height: 114px;\">\n<td style=\"width: 68.16%; height: 114px;\">\n<div class=\"productParams__item flex_row bg_color\">\n<div class=\"productParams__paramName grow\">\n<table style=\"border-collapse: collapse; width: 100%; height: 96px;\">\n<tbody>\n<tr style=\"height: 24px;\">\n<td class=\"text-muted pl-0\" style=\"width: 69.168%; height: 24px;\"><strong>Szeroko\u015b\u0107 robocza &#8211; regulowana<\/strong><\/td>\n<td class=\"text-right text-primary font-weight-bold pr-0\" style=\"width: 30.6688%; height: 24px;\">30 &#8211; 50 cm \/ Kraw\u0119\u017cnik 100 CM<\/td>\n<\/tr>\n<tr style=\"height: 24px;\">\n<td class=\"text-muted pl-0\" style=\"width: 69.168%; height: 24px;\"><strong>D\u0142ugo\u015b\u0107 transportowa<\/strong><\/td>\n<td class=\"text-right text-primary font-weight-bold pr-0\" style=\"width: 30.6688%; height: 24px;\">\u00a0180 cm<\/td>\n<\/tr>\n<tr style=\"height: 24px;\">\n<td class=\"text-muted pl-0\" style=\"width: 69.168%; height: 24px;\"><strong>Masa w\u0142asna<\/strong><\/td>\n<td class=\"text-right text-primary font-weight-bold pr-0\" style=\"width: 30.6688%; height: 24px;\">7,5 -10 kg<\/td>\n<\/tr>\n<\/tbody>\n<\/table>\n<\/div>\n<\/div>\n<\/td>\n<\/tr>\n<\/tbody>\n<\/table>\n<table style=\"width: 100%; border-collapse: collapse; background-color: #cccccc;\">\n<tbody>\n<tr>\n<td style=\"width: 100%;\"><span style=\"font-size: 20px;\"><strong>Zdj\u0119cia produktu:<\/strong><\/span><\/td>\n<\/tr>\n<\/tbody>\n<\/table>\n<div class=\"mceTemp\"><\/div>\n<table style=\"border-collapse: collapse; width: 100%;\">\n<tbody>\n<tr>\n<td style=\"width: 100%; text-align: center;\"><span style=\"font-size: 20px;\"><strong>Prezentacja:<\/strong><\/span><\/p>\n<p><iframe loading=\"lazy\" src=\"\/\/www.youtube.com\/embed\/C2iTSrdUSUU?t=5s\" width=\"560\" height=\"314\" allowfullscreen=\"allowfullscreen\"><\/iframe><\/td>\n<\/tr>\n<\/tbody>\n<\/table>\n<table style=\"border-collapse: collapse; width: 100%;\">\n<tbody>\n<tr>\n<td style=\"width: 100%; text-align: center;\"><img loading=\"lazy\" decoding=\"async\" class=\"aligncenter wp-image-4862 size-full\" src=\"https:\/\/kazal.pl\/sklep\/wp-content\/uploads\/2023\/01\/wozek-brukarski-do-plyt-i-kraweznikow.jpg\" alt=\"\" width=\"500\" height=\"500\" srcset=\"https:\/\/kazal.pl\/sklep\/wp-content\/uploads\/2023\/01\/wozek-brukarski-do-plyt-i-kraweznikow.jpg 500w, https:\/\/kazal.pl\/sklep\/wp-content\/uploads\/2023\/01\/wozek-brukarski-do-plyt-i-kraweznikow-300x300.jpg 300w, https:\/\/kazal.pl\/sklep\/wp-content\/uploads\/2023\/01\/wozek-brukarski-do-plyt-i-kraweznikow-150x150.jpg 150w, https:\/\/kazal.pl\/sklep\/wp-content\/uploads\/2023\/01\/wozek-brukarski-do-plyt-i-kraweznikow-90x90.jpg 90w\" sizes=\"auto, (max-width: 500px) 100vw, 500px\" \/><\/td>\n<\/tr>\n<\/tbody>\n<\/table>\n<table style=\"border-collapse: collapse; width: 100%;\">\n<tbody>\n<tr>\n<td style=\"width: 50%;\"><img loading=\"lazy\" decoding=\"async\" class=\"aligncenter wp-image-4861 size-full\" src=\"https:\/\/kazal.pl\/sklep\/wp-content\/uploads\/2023\/01\/wozek-brukarski-do-plyt-i-kraweznikow-.jpg\" alt=\"\" width=\"500\" height=\"500\" srcset=\"https:\/\/kazal.pl\/sklep\/wp-content\/uploads\/2023\/01\/wozek-brukarski-do-plyt-i-kraweznikow-.jpg 500w, https:\/\/kazal.pl\/sklep\/wp-content\/uploads\/2023\/01\/wozek-brukarski-do-plyt-i-kraweznikow--300x300.jpg 300w, https:\/\/kazal.pl\/sklep\/wp-content\/uploads\/2023\/01\/wozek-brukarski-do-plyt-i-kraweznikow--150x150.jpg 150w, https:\/\/kazal.pl\/sklep\/wp-content\/uploads\/2023\/01\/wozek-brukarski-do-plyt-i-kraweznikow--90x90.jpg 90w\" sizes=\"auto, (max-width: 500px) 100vw, 500px\" \/><\/p>\n<p><img loading=\"lazy\" decoding=\"async\" class=\"aligncenter wp-image-4863 size-full\" src=\"https:\/\/kazal.pl\/sklep\/wp-content\/uploads\/2023\/01\/wozek-brukarski-do-plyt-i-kraweznikow-1-1.jpg\" alt=\"\" width=\"500\" height=\"500\" srcset=\"https:\/\/kazal.pl\/sklep\/wp-content\/uploads\/2023\/01\/wozek-brukarski-do-plyt-i-kraweznikow-1-1.jpg 500w, https:\/\/kazal.pl\/sklep\/wp-content\/uploads\/2023\/01\/wozek-brukarski-do-plyt-i-kraweznikow-1-1-300x300.jpg 300w, https:\/\/kazal.pl\/sklep\/wp-content\/uploads\/2023\/01\/wozek-brukarski-do-plyt-i-kraweznikow-1-1-150x150.jpg 150w, https:\/\/kazal.pl\/sklep\/wp-content\/uploads\/2023\/01\/wozek-brukarski-do-plyt-i-kraweznikow-1-1-90x90.jpg 90w\" sizes=\"auto, (max-width: 500px) 100vw, 500px\" \/><\/td>\n<\/tr>\n<\/tbody>\n<\/table>\n<p>&nbsp;<\/p>\n<table style=\"width: 100%; border-collapse: collapse; background-color: #cccccc;\">\n<tbody>\n<tr>\n<td style=\"width: 100%;\"><span style=\"font-size: 20px;\"><strong>JAZON Narz\u0119dzia brukarskie &#8211; WIDEO:<\/strong><\/span><\/td>\n<\/tr>\n<\/tbody>\n<\/table>\n<table style=\"border-collapse: collapse; width: 100%;\">\n<tbody>\n<tr>\n<td style=\"width: 30%; text-align: center;\">&nbsp;<\/p>\n<table style=\"border-collapse: collapse; width: 100%; height: 347px;\">\n<tbody>\n<tr style=\"height: 24px;\">\n<td style=\"width: 50%; height: 24px;\"><iframe loading=\"lazy\" src=\"\/\/www.youtube.com\/embed\/dfx3YOj2Ehw\" width=\"400\" height=\"224\" allowfullscreen=\"allowfullscreen\" data-mce-fragment=\"1\"><\/iframe><\/td>\n<td style=\"width: 50%; height: 24px;\"><iframe loading=\"lazy\" src=\"\/\/www.youtube.com\/embed\/I3FtaWQwdVg\" width=\"400\" height=\"224\" allowfullscreen=\"allowfullscreen\" data-mce-fragment=\"1\"><\/iframe><\/td>\n<\/tr>\n<tr style=\"height: 323px;\">\n<td style=\"width: 50%; height: 323px;\"><iframe loading=\"lazy\" src=\"\/\/www.youtube.com\/embed\/SR9O3__rJIg\" width=\"400\" height=\"224\" allowfullscreen=\"allowfullscreen\" data-mce-fragment=\"1\"><\/iframe><\/td>\n<td style=\"width: 50%; height: 323px;\"><iframe loading=\"lazy\" src=\"\/\/www.youtube.com\/embed\/dIuuKldcQSY\" width=\"400\" height=\"224\" allowfullscreen=\"allowfullscreen\" data-mce-fragment=\"1\"><\/iframe><\/td>\n<\/tr>\n<\/tbody>\n<\/table>\n<\/td>\n<\/tr>\n<\/tbody>\n<\/table>\n<table style=\"width: 100%; border-collapse: collapse; background-color: #cccccc;\">\n<tbody>\n<tr>\n<td style=\"width: 100%;\"><span style=\"font-size: 20px;\"><strong>Karty techniczne:<\/strong><\/span><\/td>\n<\/tr>\n<\/tbody>\n<\/table>\n","protected":false},"excerpt":{"rendered":"<p>&nbsp;<\/p>\n<table style=\"border-collapse: collapse; width: 100%;\">\n<tbody>\n<tr>\n<td style=\"width: 50%;\">\n<h5>NOWO\u015a\u0106! W\u00f3zek brukarski WBK DO P\u0141YT CHODNIKOWYCH I KRAW\u0118\u017bNOK\u00d3W.<\/h5>\n<\/td>\n<\/tr>\n<\/tbody>\n<\/table>\n<table style=\"border-collapse: collapse; width: 100%;\">\n<tbody>\n<tr>\n<td style=\"width: 50%;\">\n<h5>UWAGA! PE\u0141NY ZESTAW &#8211; zestaw zawiera chwytak do kraw\u0119\u017cnik\u00f3w + chwytak do p\u0142yt<\/h5>\n<\/td>\n<td style=\"width: 34.64%;\"><a href=\"https:\/\/kazal.pl\/sklep\/product-category\/narzedzia-brukarskie\/jazon-narzedzia-brukarskie\/\"><img loading=\"lazy\" decoding=\"async\" class=\"aligncenter wp-image-4325\" style=\"margin-top: 0.857143rem; margin-bottom: 0.857143rem;\" src=\"https:\/\/kazal.pl\/sklep\/wp-content\/uploads\/2021\/05\/JAZON-Poznan-wozek-brukarski-krab-1200-narzedzia-brukarskie-Poznan-chwytaki-do-kostki-Poznan-FHU-KAZAL-Poznan-02-MIMAL-PROBST-BELLE-Poznan-MGK-MGD-IB25-WB1-CHP1-CHJZ2-CHW-CHPJ-CHU_.jpg\" alt=\"JAZON-Poznan-wozek-brukarski-narzedzia-brukarskie-Poznan-chwytaki-do-kostki-Poznan-FHU-KAZAL-Poznan-02-MIMAL-PROBST-BELLE-Poznan-MGK-MGD-IB25-WB1-CHP1-CHJZ2-CHW-CHPJ-CHU_\" width=\"100\" height=\"100\" srcset=\"https:\/\/kazal.pl\/sklep\/wp-content\/uploads\/2021\/05\/JAZON-Poznan-wozek-brukarski-krab-1200-narzedzia-brukarskie-Poznan-chwytaki-do-kostki-Poznan-FHU-KAZAL-Poznan-02-MIMAL-PROBST-BELLE-Poznan-MGK-MGD-IB25-WB1-CHP1-CHJZ2-CHW-CHPJ-CHU_.jpg 200w, https:\/\/kazal.pl\/sklep\/wp-content\/uploads\/2021\/05\/JAZON-Poznan-wozek-brukarski-krab-1200-narzedzia-brukarskie-Poznan-chwytaki-do-kostki-Poznan-FHU-KAZAL-Poznan-02-MIMAL-PROBST-BELLE-Poznan-MGK-MGD-IB25-WB1-CHP1-CHJZ2-CHW-CHPJ-CHU_-150x150.jpg 150w, https:\/\/kazal.pl\/sklep\/wp-content\/uploads\/2021\/05\/JAZON-Poznan-wozek-brukarski-krab-1200-narzedzia-brukarskie-Poznan-chwytaki-do-kostki-Poznan-FHU-KAZAL-Poznan-02-MIMAL-PROBST-BELLE-Poznan-MGK-MGD-IB25-WB1-CHP1-CHJZ2-CHW-CHPJ-CHU_-90x90.jpg 90w\" sizes=\"auto, (max-width: 100px) 100vw, 100px\" \/><\/a><\/td>\n<\/tr>\n<\/tbody>\n<\/table>\n<table style=\"border-collapse: collapse; width: 100%;\">\n<tbody>\n<tr>\n<td style=\"width: 100%;\">\n<h6><span style=\"text-decoration: underline;\"><strong><span style=\"color: #ff0000; text-decoration: underline;\">NOWY<\/span><\/strong><\/span><span style=\"color: #ff0000;\"> &#8211; <span style=\"text-decoration: underline;\"><strong>Dost\u0119pny<\/strong>\u00a0<\/span><\/span>&#8211; w sklepie stacjonarnym lub wysy\u0142ka.<\/h6>\n<\/td>\n<\/tr>\n<\/tbody>\n<\/table>\n<p>&nbsp;<\/p>\n","protected":false},"featured_media":4862,"comment_status":"open","ping_status":"closed","template":"","meta":[],"product_cat":[217,327,218,614,263],"product_tag":[436,437,223,709,708,590,229,298,299,300,702],"class_list":{"0":"post-4859","1":"product","2":"type-product","3":"status-publish","4":"has-post-thumbnail","6":"product_cat-jazon-narzedzia-brukarskie","7":"product_cat-jazon","8":"product_cat-narzedzia-brukarskie","9":"product_cat-ukladarki-kostki-kraweznikow","10":"product_cat-wozki-brukarskie-poznan-jazon","11":"product_tag-dystrybutor-narzedzi-brukarskich","12":"product_tag-dystrybutor-narzedzi-brukarskich-poznan","13":"product_tag-jazon","14":"product_tag-lata-aluminiowa-jazon","15":"product_tag-lata-lr2m","16":"product_tag-lata-profilujaca","17":"product_tag-narzedzia-brukarskie","18":"product_tag-narzedzia-brukarskie-jazon","19":"product_tag-narzedzia-brukarskie-jazon-poznan","20":"product_tag-poznan-narzedzia-brukarskie-jazon","21":"product_tag-sciagacz-podbudowy-jazon","22":"product_shipping_class-atlas-copco-agregat-p3000","24":"first","25":"instock","26":"featured","27":"taxable","28":"shipping-taxable","29":"purchasable","30":"product-type-simple"},"_links":{"self":[{"href":"https:\/\/kazal.pl\/sklep\/wp-json\/wp\/v2\/product\/4859","targetHints":{"allow":["GET"]}}],"collection":[{"href":"https:\/\/kazal.pl\/sklep\/wp-json\/wp\/v2\/product"}],"about":[{"href":"https:\/\/kazal.pl\/sklep\/wp-json\/wp\/v2\/types\/product"}],"replies":[{"embeddable":true,"href":"https:\/\/kazal.pl\/sklep\/wp-json\/wp\/v2\/comments?post=4859"}],"wp:featuredmedia":[{"embeddable":true,"href":"https:\/\/kazal.pl\/sklep\/wp-json\/wp\/v2\/media\/4862"}],"wp:attachment":[{"href":"https:\/\/kazal.pl\/sklep\/wp-json\/wp\/v2\/media?parent=4859"}],"wp:term":[{"taxonomy":"product_cat","embeddable":true,"href":"https:\/\/kazal.pl\/sklep\/wp-json\/wp\/v2\/product_cat?post=4859"},{"taxonomy":"product_tag","embeddable":true,"href":"https:\/\/kazal.pl\/sklep\/wp-json\/wp\/v2\/product_tag?post=4859"}],"curies":[{"name":"wp","href":"https:\/\/api.w.org\/{rel}","templated":true}]}}