{"id":870,"date":"2021-02-19T05:56:55","date_gmt":"2021-02-19T05:56:55","guid":{"rendered":"http:\/\/localhost\/Wordpress\/wp_origine\/product\/import-placeholder-for-871\/"},"modified":"2022-04-06T09:47:19","modified_gmt":"2022-04-06T09:47:19","slug":"mesto-opryskiwacz-cisnieniowy-3132-bc","status":"publish","type":"product","link":"https:\/\/kazal.pl\/sklep\/product\/mesto-opryskiwacz-cisnieniowy-3132-bc\/","title":{"rendered":"MESTO Opryskiwacz ci\u015bnieniowy 1,5L pH 7-14 [ME3132BC]"},"content":{"rendered":"<div class=\"tab-header\"><span style=\"font-size: 18px;\"><strong>Opis produktu:<\/strong><\/span><\/div>\n<div><\/div>\n<div class=\"desc-text\">\n<blockquote><p>Opryskiwacz przemys\u0142owy<strong>\u00a0odporny na ciecze na bazie acetonu<\/strong><br \/>\n&#8211; pojemno\u015b\u0107 ca\u0142kowita 2 L<br \/>\n&#8211; pojemno\u015b\u0107 wype\u0142nienia 1,5 L<br \/>\n&#8211; zbiornik wykonany z tworzywa sztucznego<br \/>\n&#8211; ci\u015bnienie robocze 3 bar<br \/>\n&#8211; uszczelki EPDM<br \/>\n&#8211; pH 7-14<\/p><\/blockquote>\n<\/div>\n<p><strong>Zastosowania<\/strong> &#8211; dezynfekcja alkoholem, czyszczenie pojazd\u00f3w.<\/p>\n","protected":false},"excerpt":{"rendered":"<p>Opryskiwacz przemys\u0142owy<strong>\u00a0odporny na ciecze na bazie acetonu<\/strong><\/p>\n","protected":false},"featured_media":3808,"comment_status":"open","ping_status":"closed","template":"","meta":[],"product_cat":[148,179,135,134],"product_tag":[132,305,133,306,304,303],"class_list":{"0":"post-870","1":"product","2":"type-product","3":"status-publish","4":"has-post-thumbnail","6":"product_cat-mesto","7":"product_cat-przemyslowe","8":"product_cat-opryskiwacze","9":"product_cat-opryskiwacze-mesto","10":"product_tag-mesto","11":"product_tag-mesto-opryskiwacze-poznan","12":"product_tag-opryskiwacze","13":"product_tag-opryskiwacze-mesto","14":"product_tag-opryskiwacze-mesto-poznan","15":"product_tag-opryskiwacze-poznan","16":"product_shipping_class-wysylka-inpost","18":"first","19":"onbackorder","20":"taxable","21":"shipping-taxable","22":"purchasable","23":"product-type-simple"},"_links":{"self":[{"href":"https:\/\/kazal.pl\/sklep\/wp-json\/wp\/v2\/product\/870","targetHints":{"allow":["GET"]}}],"collection":[{"href":"https:\/\/kazal.pl\/sklep\/wp-json\/wp\/v2\/product"}],"about":[{"href":"https:\/\/kazal.pl\/sklep\/wp-json\/wp\/v2\/types\/product"}],"replies":[{"embeddable":true,"href":"https:\/\/kazal.pl\/sklep\/wp-json\/wp\/v2\/comments?post=870"}],"wp:featuredmedia":[{"embeddable":true,"href":"https:\/\/kazal.pl\/sklep\/wp-json\/wp\/v2\/media\/3808"}],"wp:attachment":[{"href":"https:\/\/kazal.pl\/sklep\/wp-json\/wp\/v2\/media?parent=870"}],"wp:term":[{"taxonomy":"product_cat","embeddable":true,"href":"https:\/\/kazal.pl\/sklep\/wp-json\/wp\/v2\/product_cat?post=870"},{"taxonomy":"product_tag","embeddable":true,"href":"https:\/\/kazal.pl\/sklep\/wp-json\/wp\/v2\/product_tag?post=870"}],"curies":[{"name":"wp","href":"https:\/\/api.w.org\/{rel}","templated":true}]}}